{"id":5,"date":"2012-01-29T09:04:07","date_gmt":"2012-01-29T09:04:07","guid":{"rendered":"http:\/\/semmelweis-egyetem.hu\/beruhazas\/?page_id=5"},"modified":"2023-10-06T11:25:49","modified_gmt":"2023-10-06T09:25:49","slug":"altalanos-informaciok","status":"publish","type":"page","link":"https:\/\/semmelweis.hu\/letesitmeny\/altalanos-informaciok\/","title":{"rendered":"Az igazgat\u00f3s\u00e1g bemutat\u00e1sa"},"content":{"rendered":"<p>L\u00c9TES\u00cdTM\u00c9NYFEJLESZT\u00c9SI \u00c9S \u00dcZEMELTET\u00c9SI IGAZGAT\u00d3S\u00c1G (LF\u00dcI)<\/p>\n<p style=\"text-align: justify\">Az igazgat\u00f3s\u00e1g ir\u00e1ny\u00edt\u00e1s\u00e1n fel\u00fcl az igazgat\u00f3s\u00e1g vezet\u0151inek feladata a kiemelt fontoss\u00e1g\u00fa projektek \u00e9s az ad-hoc megjelen\u0151 \u00e9s kiemelt figyelmet ig\u00e9nyl\u0151 feladatok tekintet\u00e9ben a kapcsolattart\u00e1s az egyetemi vezet\u00e9ssel (Kancell\u00e1r, Rektor, Strat\u00e9giai Rektorhelyettes, Klinikai K\u00f6zpont Eln\u00f6k, Orvosszakmai F\u0151igazgat\u00f3, M\u0171szaki F\u0151igazgat\u00f3, Gazdas\u00e1gi F\u0151igazgat\u00f3). Feladat az igazgat\u00f3s\u00e1g kezel\u00e9s\u00e9ben l\u00e9v\u0151 p\u00e9nz\u00fcgyi keretek folyamatos p\u00e9nz\u00fcgyi kontrollingja, valamint a v\u00e1ltoz\u00f3 feladatok-hoz a sz\u00fcks\u00e9ges forr\u00e1sok \u00e1tcsoportos\u00edt\u00e1sa, kezel\u00e9se, tov\u00e1bb\u00e1 kieg\u00e9sz\u00edt\u0151 forr\u00e1s be-von\u00e1sa teljes d\u00f6nt\u00e9si jogk\u00f6rrel. Strat\u00e9giai feladat a folyamatos innov\u00e1ci\u00f3 fenntart\u00e1sa az Igazgat\u00f3s\u00e1g feladataiban be\u00e1ll\u00f3 v\u00e1ltoz\u00e1sok, valamint a k\u00fcls\u0151 technol\u00f3giai \u00e9s gazdas\u00e1gi k\u00f6rnyezet \u2013 ide\u00e9rtve a saj\u00e1tos munkaer\u0151piaci szegmenst is \u2013 v\u00e1ltoz\u00e1s\u00e1hoz igazod\u00f3an.<\/p>\n","protected":false},"excerpt":{"rendered":"<p>L\u00c9TES\u00cdTM\u00c9NYFEJLESZT\u00c9SI \u00c9S \u00dcZEMELTET\u00c9SI IGAZGAT\u00d3S\u00c1G (LF\u00dcI) Az igazgat\u00f3s\u00e1g ir\u00e1ny\u00edt\u00e1s\u00e1n fel\u00fcl az igazgat\u00f3s\u00e1g vezet\u0151inek feladata a kiemelt fontoss\u00e1g\u00fa projektek \u00e9s az ad-hoc megjelen\u0151 \u00e9s kiemelt figyelmet ig\u00e9nyl\u0151 feladatok tekintet\u00e9ben a kapcsolattart\u00e1s az egyetemi vezet\u00e9ssel (Kancell\u00e1r, Rektor, Strat\u00e9giai Rektorhelyettes, Klinikai K\u00f6zpont Eln\u00f6k, Orvosszakmai F\u0151igazgat\u00f3, M\u0171szaki F\u0151igazgat\u00f3, Gazdas\u00e1gi F\u0151igazgat\u00f3). Feladat az igazgat\u00f3s\u00e1g kezel\u00e9s\u00e9ben l\u00e9v\u0151 p\u00e9nz\u00fcgyi keretek folyamatos p\u00e9nz\u00fcgyi kontrollingja, &hellip;<\/p>\n","protected":false},"author":8,"featured_media":348,"parent":0,"menu_order":0,"comment_status":"closed","ping_status":"closed","template":"","meta":{"_acf_changed":false,"footnotes":""},"categories":[],"tags":[],"class_list":["post-5","page","type-page","status-publish","has-post-thumbnail","hentry"],"acf":[],"_links":{"self":[{"href":"https:\/\/semmelweis.hu\/letesitmeny\/wp-json\/wp\/v2\/pages\/5","targetHints":{"allow":["GET"]}}],"collection":[{"href":"https:\/\/semmelweis.hu\/letesitmeny\/wp-json\/wp\/v2\/pages"}],"about":[{"href":"https:\/\/semmelweis.hu\/letesitmeny\/wp-json\/wp\/v2\/types\/page"}],"author":[{"embeddable":true,"href":"https:\/\/semmelweis.hu\/letesitmeny\/wp-json\/wp\/v2\/users\/8"}],"replies":[{"embeddable":true,"href":"https:\/\/semmelweis.hu\/letesitmeny\/wp-json\/wp\/v2\/comments?post=5"}],"version-history":[{"count":13,"href":"https:\/\/semmelweis.hu\/letesitmeny\/wp-json\/wp\/v2\/pages\/5\/revisions"}],"predecessor-version":[{"id":495,"href":"https:\/\/semmelweis.hu\/letesitmeny\/wp-json\/wp\/v2\/pages\/5\/revisions\/495"}],"wp:featuredmedia":[{"embeddable":true,"href":"https:\/\/semmelweis.hu\/letesitmeny\/wp-json\/wp\/v2\/media\/348"}],"wp:attachment":[{"href":"https:\/\/semmelweis.hu\/letesitmeny\/wp-json\/wp\/v2\/media?parent=5"}],"wp:term":[{"taxonomy":"category","embeddable":true,"href":"https:\/\/semmelweis.hu\/letesitmeny\/wp-json\/wp\/v2\/categories?post=5"},{"taxonomy":"post_tag","embeddable":true,"href":"https:\/\/semmelweis.hu\/letesitmeny\/wp-json\/wp\/v2\/tags?post=5"}],"curies":[{"name":"wp","href":"https:\/\/api.w.org\/{rel}","templated":true}]}}