{"id":496,"date":"2023-10-06T11:38:43","date_gmt":"2023-10-06T09:38:43","guid":{"rendered":"https:\/\/semmelweis.hu\/letesitmeny\/?page_id=496"},"modified":"2026-04-01T11:27:58","modified_gmt":"2026-04-01T09:27:58","slug":"kozponti-adminisztracio","status":"publish","type":"page","link":"https:\/\/semmelweis.hu\/letesitmeny\/altalanos-informaciok\/kozponti-adminisztracio\/","title":{"rendered":"Back office csoport"},"content":{"rendered":"<p>Back office csoport<\/p>\n<p>A szerte\u00e1gaz\u00f3 igazgat\u00f3s\u00e1gi k\u00f6zponti adminisztr\u00e1ci\u00f3s feladatok magas szint\u0171 ell\u00e1t\u00e1sa, a bels\u0151 szolg\u00e1ltat\u00e1si szint \u00e9s a hat\u00e9konys\u00e1g fenntart\u00e1sa. Klasszikus office-management m\u0171k\u00f6dtet\u00e9se, digitaliz\u00e1ci\u00f3 \u00e9s folyamat- valamint szoftverfejleszt\u00e9s \u00e9s rendszer integr\u00e1ci\u00f3. Beszerz\u00e9si folyamat k\u00f6zpontos\u00edtott m\u0171k\u00f6dtet\u00e9se. Bels\u0151 kommunik\u00e1ci\u00f3s folyamatok ell\u00e1t\u00e1sa. Klasszikus HR tev\u00e9kenys\u00e9gekkel t\u00f6rt\u00e9n\u0151 m\u0171k\u00f6d\u00e9st\u00e1mogat\u00e1s: toborz\u00e1s, kiv\u00e1laszt\u00e1s, beilleszt\u00e9s, k\u00e9pz\u00e9s management, csal\u00e1dba-r\u00e1t-egyetemhez k\u00f6thet\u0151 r\u00e9sztev\u00e9kenys\u00e9gek \u00e9s kommunik\u00e1ci\u00f3. \u00c9rt\u00e9kes eszk\u00f6z k\u00f6lcs\u00f6nz\u00e9s \u00e9s nyilv\u00e1ntart\u00e1s. Igazgat\u00f3s\u00e1gi munkaeszk\u00f6z \u00e9s software gazd\u00e1lkod\u00e1s. Igazgat\u00f3i asszisztencia \u00e9s akt\u00edv eszk\u00f6z, folyamat \u00e9s beszerz\u00e9s kontrolling folyamatok \u00fczemeltet\u00e9se.<\/p>\n","protected":false},"excerpt":{"rendered":"<p>Back office csoport A szerte\u00e1gaz\u00f3 igazgat\u00f3s\u00e1gi k\u00f6zponti adminisztr\u00e1ci\u00f3s feladatok magas szint\u0171 ell\u00e1t\u00e1sa, a bels\u0151 szolg\u00e1ltat\u00e1si szint \u00e9s a hat\u00e9konys\u00e1g fenntart\u00e1sa. Klasszikus office-management m\u0171k\u00f6dtet\u00e9se, digitaliz\u00e1ci\u00f3 \u00e9s folyamat- valamint szoftverfejleszt\u00e9s \u00e9s rendszer integr\u00e1ci\u00f3. Beszerz\u00e9si folyamat k\u00f6zpontos\u00edtott m\u0171k\u00f6dtet\u00e9se. Bels\u0151 kommunik\u00e1ci\u00f3s folyamatok ell\u00e1t\u00e1sa. Klasszikus HR tev\u00e9kenys\u00e9gekkel t\u00f6rt\u00e9n\u0151 m\u0171k\u00f6d\u00e9st\u00e1mogat\u00e1s: toborz\u00e1s, kiv\u00e1laszt\u00e1s, beilleszt\u00e9s, k\u00e9pz\u00e9s management, csal\u00e1dba-r\u00e1t-egyetemhez k\u00f6thet\u0151 r\u00e9sztev\u00e9kenys\u00e9gek \u00e9s kommunik\u00e1ci\u00f3. \u00c9rt\u00e9kes &hellip;<\/p>\n","protected":false},"author":286,"featured_media":0,"parent":5,"menu_order":0,"comment_status":"closed","ping_status":"closed","template":"","meta":{"_acf_changed":false,"footnotes":""},"categories":[],"tags":[],"class_list":["post-496","page","type-page","status-publish","hentry"],"acf":[],"_links":{"self":[{"href":"https:\/\/semmelweis.hu\/letesitmeny\/wp-json\/wp\/v2\/pages\/496","targetHints":{"allow":["GET"]}}],"collection":[{"href":"https:\/\/semmelweis.hu\/letesitmeny\/wp-json\/wp\/v2\/pages"}],"about":[{"href":"https:\/\/semmelweis.hu\/letesitmeny\/wp-json\/wp\/v2\/types\/page"}],"author":[{"embeddable":true,"href":"https:\/\/semmelweis.hu\/letesitmeny\/wp-json\/wp\/v2\/users\/286"}],"replies":[{"embeddable":true,"href":"https:\/\/semmelweis.hu\/letesitmeny\/wp-json\/wp\/v2\/comments?post=496"}],"version-history":[{"count":2,"href":"https:\/\/semmelweis.hu\/letesitmeny\/wp-json\/wp\/v2\/pages\/496\/revisions"}],"predecessor-version":[{"id":618,"href":"https:\/\/semmelweis.hu\/letesitmeny\/wp-json\/wp\/v2\/pages\/496\/revisions\/618"}],"up":[{"embeddable":true,"href":"https:\/\/semmelweis.hu\/letesitmeny\/wp-json\/wp\/v2\/pages\/5"}],"wp:attachment":[{"href":"https:\/\/semmelweis.hu\/letesitmeny\/wp-json\/wp\/v2\/media?parent=496"}],"wp:term":[{"taxonomy":"category","embeddable":true,"href":"https:\/\/semmelweis.hu\/letesitmeny\/wp-json\/wp\/v2\/categories?post=496"},{"taxonomy":"post_tag","embeddable":true,"href":"https:\/\/semmelweis.hu\/letesitmeny\/wp-json\/wp\/v2\/tags?post=496"}],"curies":[{"name":"wp","href":"https:\/\/api.w.org\/{rel}","templated":true}]}}