{"id":388,"date":"2020-11-17T11:56:27","date_gmt":"2020-11-17T10:56:27","guid":{"rendered":"https:\/\/semmelweis.hu\/letesitmeny\/?page_id=388"},"modified":"2023-11-27T15:07:39","modified_gmt":"2023-11-27T14:07:39","slug":"kornyezeti-es-energiahatekonysagi-operativ-program","status":"publish","type":"page","link":"https:\/\/semmelweis.hu\/letesitmeny\/kornyezeti-es-energiahatekonysagi-operativ-program\/","title":{"rendered":"K\u00d6RNYEZETI \u00c9S ENERGIAHAT\u00c9KONYS\u00c1GI OPERAT\u00cdV PROGRAM"},"content":{"rendered":"<h2><a href=\"https:\/\/semmelweis.hu\/letesitmeny\/files\/2023\/11\/infoblokk_kedv_final_felso_cmyk_KA-002.jpg\"><img loading=\"lazy\" decoding=\"async\" class=\"wp-image-504 size-medium alignright\" src=\"https:\/\/semmelweis.hu\/letesitmeny\/files\/2023\/11\/infoblokk_kedv_final_felso_cmyk_KA-002-300x207.jpg\" alt=\"\" width=\"300\" height=\"207\" srcset=\"https:\/\/semmelweis.hu\/letesitmeny\/files\/2023\/11\/infoblokk_kedv_final_felso_cmyk_KA-002-300x207.jpg 300w, https:\/\/semmelweis.hu\/letesitmeny\/files\/2023\/11\/infoblokk_kedv_final_felso_cmyk_KA-002-1024x708.jpg 1024w, https:\/\/semmelweis.hu\/letesitmeny\/files\/2023\/11\/infoblokk_kedv_final_felso_cmyk_KA-002-768x531.jpg 768w, https:\/\/semmelweis.hu\/letesitmeny\/files\/2023\/11\/infoblokk_kedv_final_felso_cmyk_KA-002-175x120.jpg 175w, https:\/\/semmelweis.hu\/letesitmeny\/files\/2023\/11\/infoblokk_kedv_final_felso_cmyk_KA-002-753x520.jpg 753w, https:\/\/semmelweis.hu\/letesitmeny\/files\/2023\/11\/infoblokk_kedv_final_felso_cmyk_KA-002.jpg 1453w\" sizes=\"auto, (max-width: 300px) 100vw, 300px\" \/><\/a><\/h2>\n<h2>K\u00f6rnyezeti \u00e9s Energiahat\u00e9konys\u00e1gi Operat\u00edv Program (KEHOP)<\/h2>\n<p style=\"text-align: right\">\u00a0<\/p>\n<p><strong>KEHOP-5.2.4-15-2016-00004<\/strong>\u00a0 kivitelez\u00e9si fejleszt\u00e9s helysz\u00ednei:<\/p>\n<ul>\n<li><strong>Markusovszky Lajos Koll\u00e9gium,<\/strong>\u00a01089 Budapest, Rezs\u0151 t\u00e9r 16. \u2013\u00a0<em>ut\u00f3lagos h\u0151szigetel\u00e9s (homlokzati h\u0151szigetel\u00e9si \u00e9s j\u00e1rul\u00e9kos k\u00f6lts\u00e9gei, lapostet\u0151 szigetel\u00e9s), k\u00fcls\u0151 ny\u00edl\u00e1sz\u00e1r\u00f3 csere\u00a0\u2013\u00a0<\/em>Munkater\u00fclet \u00e1tad\u00e1s: 2022.05.24.<\/li>\n<li><strong>T\u00f6m\u0151 u. 25-29. sz. alatti \u00e9p\u00fclet<\/strong>, 1083 Budapest, T\u00f6m\u0151 utca 25-29.\u00a0<em>ut\u00f3lagos h\u0151szigetel\u00e9s (homlokzati h\u0151szigetel\u00e9si \u00e9s j\u00e1rul\u00e9kos k\u00f6lts\u00e9gei, lapostet\u0151 szigetel\u00e9s), k\u00fcls\u0151 ny\u00edl\u00e1sz\u00e1r\u00f3 csere.\u00a0\u2013\u00a0<\/em>V\u00e1rhat\u00f3 befejez\u00e9s: 2022. augusztus<\/li>\n<li><strong>II. sz. Gyermekgy\u00f3gy\u00e1szati Klinika<\/strong>, 1094 Budapest, T\u0171zolt\u00f3 utca 7-9. \u201e<em>A\u201d \u00e9p\u00fclet, \u201eB\u201d \u00e9p\u00fclet, \u201eC\u201d \u00e9p\u00fclet, Ambulancia \u00e9p\u00fclet\u00e9nek k\u00fcls\u0151 ny\u00edl\u00e1sz\u00e1r\u00f3 cser\u00e9je, \u201eA\u201d, \u201eB\u201d, \u201eC\u201d, Ambulancia \u00e9p\u00fclet komplett f\u0171t\u00e9si \u00e9s HMV rendszer cser\u00e9je \u00e9s j\u00e1rul\u00e9kos k\u00f6lts\u00e9gei \u2013\u00a0<\/em>MEGVAL\u00d3SULT: 2021.12.16.<\/li>\n<li><strong>Neurol\u00f3giai Klinika<\/strong>, 1083 Budapest, Kor\u00e1nyi S\u00e1ndor utca 2. \u2013\u00a0<em>k\u00fcls\u0151 ny\u00edl\u00e1sz\u00e1r\u00f3 csere \u2013\u00a0<\/em>MEGVAL\u00d3SULT: 2021.10.13.<\/li>\n<li><strong>Balassa J\u00e1nos Koll\u00e9gium<\/strong>, 1083 Budapest, T\u00f6m\u0151 utca 35-37. \u2013\u00a0<em>ut\u00f3lagos h\u0151szigetel\u00e9s (homlokzati h\u0151szigetel\u00e9si \u00e9s j\u00e1rul\u00e9kos k\u00f6lts\u00e9gei, lapostet\u0151 szigetel\u00e9s), k\u00fcls\u0151 ny\u00edl\u00e1sz\u00e1r\u00f3 csere \u2013\u00a0<\/em>MEGVAL\u00d3SULT: 2021.03.25<\/li>\n<li><strong>I. sz. Gyermekgy\u00f3gy\u00e1szati Klinika<\/strong>, 1083 Budapest, B\u00f3kay utca 53-54.\u00a0<em>\u2013\u00a0F\u0151\u00e9p\u00fclet, Hematol\u00f3giai \u00e9p\u00fclet, Vesepavilon \u00e9p\u00fclet, Ambulancia \u00e9p\u00fclet komplett f\u0171t\u00e9si \u00e9s HMV rendszer cser\u00e9je \u00e9s j\u00e1rul\u00e9kos k\u00f6lts\u00e9gei \u2013\u00a0<\/em>MEGVAL\u00d3SULT: 2020.03.18.<\/li>\n<li><strong>Ferenc t\u00e9r 15. sz. alatti \u00e9p\u00fclet<\/strong>\u00a0\u2013\u00a0<em>ut\u00f3lagos h\u0151szigetel\u00e9s (homlokzati h\u0151szigetel\u00e9si \u00e9s j\u00e1rul\u00e9kos k\u00f6lts\u00e9gei, padl\u00e1sf\u00f6d\u00e9m szigetel\u00e9s), k\u00fcls\u0151 ny\u00edl\u00e1sz\u00e1r\u00f3 csere, f\u0171t\u00e9skorszer\u0171s\u00edt\u00e9s (kaz\u00e1ncsere \u00e9s j\u00e1rul\u00e9kos munk\u00e1i) \u2013<\/em>\u00a0MEGVAL\u00d3SULT: 2020.02.28<\/li>\n<li><strong>F\u00fcl-Orr-G\u00e9g\u00e9szeti \u00e9s Fej-Nyak Seb\u00e9szeti Klinika<\/strong>, 1083 Budapest, Kor\u00e1nyi S\u00e1ndor utca 2. \u2013\u00a0<em>k\u00fcls\u0151 ny\u00edl\u00e1sz\u00e1r\u00f3 csere \u2013<\/em>\u00a0MEGVAL\u00d3SULT: 2017.09.19.<\/li>\n<\/ul>\n<p><strong>KEHOP-5.2.2-16-2016-00095<\/strong>\u00a0kivitelez\u00e9si fejleszt\u00e9s helysz\u00edne:<\/p>\n<ul>\n<li><strong>Pet\u0151 Andr\u00e1s Kar<\/strong> (kor\u00e1bbi Pet\u0151 Andr\u00e1s F\u0151iskola), 1125 Budapest K\u00fatv\u00f6lgyi \u00fat 6.<\/li>\n<\/ul>\n<p>\u00a0 \u00a0 \u00a0 \u00a0 Kedvezm\u00e9nyezett: Semmelweis Egyetem Pet\u0151 Andr\u00e1s Kar<br \/>\n\u00a0 \u00a0 \u00a0 \u00a0 C\u00edm: Semmelweis Egyetem Pet\u0151 Andr\u00e1s Kar\u00e1nak energiahat\u00e9konys\u00e1gi fejleszt\u00e9se<br \/>\n\u00a0 \u00a0 \u00a0 \u00a0 T\u00e1mogat\u00e1s \u00f6sszege: <span class=\"avia-single-number __av-single-number\" data-number_format=\" \" data-number=\"756737458\" data-start_from=\"0\">756 737 458 HUF<\/span><br \/>\n\u00a0 \u00a0 \u00a0 \u00a0 T\u00e1mogat\u00e1s m\u00e9rt\u00e9ke: 100%<br \/>\n\u00a0 \u00a0 \u00a0 \u00a0 Projekt tartalma: A Semmelweis Egyetem Pet\u0151 Andr\u00e1s Kar\u00e1nak \u00e9p\u00fcletenergetikai fejleszt\u00e9se keret\u00e9ben megval\u00f3sult az \u00e9p\u00fclet m\u0171anyag \u00e9s alum\u00ednium ny\u00edl\u00e1sz\u00e1r\u00f3inak cser\u00e9je, valamint alum\u00ednium red\u0151nyszekr\u00e9nyek be\u00e9p\u00edt\u00e9se, tov\u00e1bb\u00e1 sor ker\u00fclt kondenz\u00e1ci\u00f3s g\u00e1zkaz\u00e1n \u00e9s HMV t\u00e1rol\u00f3 be\u00e9p\u00edt\u00e9sre, illetve radi\u00e1torok \u00e9s termoszelepek cser\u00e9j\u00e9re. A beruh\u00e1z\u00e1s sor\u00e1n megval\u00f3sult energetikai korszer\u0171s\u00edt\u00e9ssel biztos\u00edthat\u00f3 a 7\/2006. (V. 24.) TNM rendeletnek \u00e9s az egy\u00e9b vonatkoz\u00f3 el\u0151\u00edr\u00e1soknak val\u00f3 megfelel\u00e9s, \u00edgy a j\u00f6v\u0151ben jelent\u0151s energiamegtakar\u00edt\u00e1s \u00e9rhet\u0151 majd el. Ez\u00e1ltal az \u00fczemeltet\u00e9si k\u00f6lts\u00e9gek cs\u00f6kken\u00e9se v\u00e1rhat\u00f3.<br \/>\nA projekt hossz\u00fa t\u00e1v\u00fa c\u00e9lja a fosszilis energiaforr\u00e1sok haszn\u00e1lat\u00e1nak cs\u00f6kkent\u00e9se, a meg\u00fajul\u00f3 energiaforr\u00e1sok felhaszn\u00e1l\u00e1si m\u00e9rt\u00e9k\u00e9nek n\u00f6vel\u00e9se, a k\u00f6rnyezeti terhel\u00e9s cs\u00f6kkent\u00e9se, a k\u00f6rnyezeti szempontok \u00e9rv\u00e9nyes\u00edt\u00e9se, valamint a k\u00f6rnyezeti tudat form\u00e1l\u00e1sa. A k\u00f6rnyezeti tudat form\u00e1l\u00e1sa kiemelt szerepet kap, hisz a fejleszt\u00e9s r\u00e9v\u00e9n az int\u00e9zm\u00e9ny dolgoz\u00f3i, az oda j\u00e1r\u00f3 hallgat\u00f3k \u00e9s rajtuk kereszt\u00fcl a sz\u00fcl\u0151k megismerkedhetnek a meg\u00fajul\u00f3 energiaforr\u00e1sokkal, azon bel\u00fcl is a napenergi\u00e1val, ennek el\u0151nyeivel. Ez\u00e1ltal term\u00e9szetess\u00e9 v\u00e1lik sz\u00e1mukra a meg\u00fajul\u00f3 energiaforr\u00e1sok haszn\u00e1lata.<br \/>\nA fejleszt\u00e9s megval\u00f3sul\u00e1sa t\u00e1mogatja a K\u00f6rnyezeti \u00e9s Energiahat\u00e9konys\u00e1gi Operat\u00edv Programban meghat\u00e1rozott eredm\u00e9nyek el\u00e9r\u00e9s\u00e9t \u00e9s hozz\u00e1j\u00e1rul a k\u00f6rnyezetv\u00e9delmi c\u00e9lkit\u0171z\u00e9sek el\u00e9r\u00e9s\u00e9hez. A megval\u00f3sult energiahat\u00e9konys\u00e1gi beruh\u00e1z\u00e1s a glob\u00e1lis k\u00f6rnyezetterhel\u00e9s \u00e9s az \u00fcvegh\u00e1z-hat\u00e1s\u00fa g\u00e1zok kibocs\u00e1t\u00e1s\u00e1nak m\u00e9rs\u00e9kl\u0151d\u00e9s\u00e9t eredm\u00e9nyezi megfelelve ezzel az Eur\u00f3pai Uni\u00f3 energiahat\u00e9konys\u00e1gr\u00f3l sz\u00f3l\u00f3 ir\u00e1nyelv\u00e9nek, er\u0151s\u00edtve az int\u00e9zm\u00e9ny k\u00f6rnyezettudatos energiafelhaszn\u00e1l\u00e1s\u00e1t.<br \/>\nA projekt k\u00f6zvetlen c\u00e9lja az \u00e9p\u00fcletek energetikai t\u00e9nyez\u0151inek jav\u00edt\u00e1sa, szigetel\u00e9ssel az \u00e9p\u00fclet h\u0151technikai adotts\u00e1gainak jav\u00edt\u00e1sa, az int\u00e9zm\u00e9ny f\u0171t\u00e9si rendszer\u00e9nek korszer\u0171s\u00edt\u00e9se, megfelelve a hazai \u00e9s az EU ir\u00e1nyelvek el\u0151\u00edr\u00e1sainak, elv\u00e1r\u00e1sainak. Tov\u00e1bbi c\u00e9l az energiafelhaszn\u00e1l\u00e1s cs\u00f6kkent\u00e9se a hat\u00e9konyabb energiafelhaszn\u00e1l\u00e1s \u00e1ltal, illetve a m\u0171k\u00f6d\u00e9si k\u00f6lts\u00e9gek cs\u00f6kkent\u00e9se, azaz a fejleszt\u00e9s eredm\u00e9nyek\u00e9nt egy biztons\u00e1gosabb, eg\u00e9szs\u00e9gesebb, korszer\u0171bb, k\u00f6rnyezetbar\u00e1t int\u00e9zm\u00e9ny l\u00e9trehoz\u00e1sa.<br \/>\nA projekt k\u00f6zvetett c\u00e9ljai a gazdas\u00e1gos m\u0171k\u00f6dtet\u00e9s \u00e9s a fenntarthat\u00f3 fejl\u0151d\u00e9s el\u0151seg\u00edt\u00e9se. A projekt abszol\u00fat \u00e9rt\u00e9kben cs\u00f6kkenti haz\u00e1nk \u00fcvegh\u00e1zhat\u00e1s\u00fa g\u00e1z kibocs\u00e1t\u00e1s\u00e1t \u00e9s el\u0151seg\u00edti a szeml\u00e9letv\u00e1lt\u00e1st a fenntarthat\u00f3 fejl\u0151d\u00e9s ter\u00fclet\u00e9n, tov\u00e1bb\u00e1 t\u00e1mogatja az \u00e9ghajlatv\u00e1ltoz\u00e1s m\u00e9rs\u00e9kl\u00e9s\u00e9t \u00e9s az energiaf\u00fcgg\u0151s\u00e9g cs\u00f6kkent\u00e9s\u00e9t.<br \/>\nA projekt \u2013 a 435\/2015. (XII. 28.) Korm. rendeletnek megfelel\u0151en \u2013 az \u00c9p\u00edt\u00e9si \u00e9s K\u00f6zleked\u00e9si Miniszt\u00e9rium (jogel\u0151d: BMSK Sport K\u00f6zhaszn\u00fa Nonprofit Kft.) \u00e1ltal vezetett konzorciumi form\u00e1ban val\u00f3sult meg \u2013 a fejleszt\u00e9ssel \u00e9rintett int\u00e9zm\u00e9ny fenntart\u00f3j\u00e1val szoros egy\u00fcttm\u0171k\u00f6d\u00e9sben.<br \/>\nA KEHOP-5.2.2-16-2016-00095 azonos\u00edt\u00f3 sz\u00e1m\u00fa projekt az Eur\u00f3pai Uni\u00f3 Koh\u00e9zi\u00f3s Alap \u00e9s a Magyar \u00c1llam t\u00e1rsfinansz\u00edroz\u00e1s\u00e1val, az Minisztereln\u00f6ks\u00e9g, K\u00f6zleked\u00e9si, K\u00f6rnyezeti \u00e9s Energiahat\u00e9konys\u00e1gi Fejleszt\u00e9si Programok V\u00e9grehajt\u00e1s\u00e1\u00e9rt Felel\u0151s Helyettes \u00c1llamtitk\u00e1rs\u00e1g t\u00e1mogat\u00e1s\u00e1val val\u00f3sul meg.<br \/>\n\u00a0 \u00a0 \u00a0 \u00a0 MEGVAL\u00d3SULT: 2022.04.08.<br \/>\n\u00a0 \u00a0 \u00a0 \u00a0 Projekt azonos\u00edt\u00f3: 5.2.2-16-2016-00095<\/p>\n<p><em>A projekt megval\u00f3s\u00edt\u00e1s\u00e1ban a projektkezel\u0151i feladatokat\u00a0az\u00a0NFSI Nonprofit Kft. jogut\u00f3dja a BMSK Kft. l\u00e1tja el, melynek mindennem\u0171 el\u0151k\u00e9sz\u00edt\u00e9si, adatszolg\u00e1ltat\u00e1si, helyi koordin\u00e1ci\u00f3s \u00e9s a projektvezet\u0151vel t\u00f6rt\u00e9n\u0151 kapcsolattart\u00e1si feladatait a L\u00e9tes\u00edtm\u00e9nyfejleszt\u00e9si \u00e9s \u00dczemeltet\u00e9si Igazgat\u00f3s\u00e1g l\u00e1tja el.<\/em><\/p>\n<p><strong>KEHOP-5.2.15-21-2021-00011 <\/strong>tervez\u00e9si projekt helysz\u00ednei:<\/p>\n<ul>\n<li><strong>Pet\u0151 Andr\u00e1s Kar _Vill\u00e1nyi \u00fat,<\/strong> 1118 Budapest, Vill\u00e1nyi \u00fat. 67.<\/li>\n<li><strong>Pet\u0151 Andr\u00e1s Kar K\u00fatv\u00f6lgyi \u00fat, <\/strong>1125 Budapest, K\u00fatv\u00f6lgyi \u00fat 8.<\/li>\n<li><strong>Anat\u00f3miai Int\u00e9zet,<\/strong> 1094 Budapest, T\u0171zolt\u00f3 u. 58.<\/li>\n<li><strong>II. sz. Patol\u00f3giai, Igazs\u00e1g\u00fcgyi \u00e9s Biztos\u00edt\u00e1s-orvostani Int\u00e9zet,<\/strong> 1091 Budapest, \u00dcll\u0151i \u00fat 93.<\/li>\n<li><strong>I. sz. Gyermekgy\u00f3gy\u00e1szati Klinika,<\/strong> 1083 Budapest, B\u00f3kay J\u00e1nos utca 53., F\u0151\u00e9p\u00fclet, Ambulancia, Hematol\u00f3gia, Vesepavilon<\/li>\n<li><strong>II. sz. Gyermekgy\u00f3gy\u00e1szati Klinika,<\/strong> 1094 Budapest, T\u0171zolt\u00f3 utca 7-9., A 7 \u00c9p\u00fclet, B8 \u00c9p\u00fclet, C9 \u00c9p\u00fclet, 1094 Budapest, Angyal u. 37-39. AMB \u00c9p\u00fclet<\/li>\n<li><strong>NET \u00e9p\u00fclet,<\/strong> 1089 Budapest VIII. ker. Orczy \u00fat 2 &#8211; 4.<\/li>\n<li><strong>K\u00f6zponti K\u00f6nyvt\u00e1r,<\/strong> 1088 Budapest, Miksz\u00e1th K\u00e1lm\u00e1n t\u00e9r 5.<\/li>\n<li><strong>V\u00e1rosmajori Sz\u00edv- \u00e9s \u00c9rgy\u00f3gy\u00e1szati Klinika,<\/strong> 1122 Budapest, V\u00e1rosmajor u. 68<\/li>\n<li><strong>Neurol\u00f3giai Klinika &#8211; Pszichi\u00e1triai \u00e9s Pszichoter\u00e1pi\u00e1s Klinika \u2013 Urol\u00f3giai Klinika \u2013Szolg\u00e1ltat\u00e1si Igazgat\u00f3s\u00e1g \u00f6sszek\u00f6t\u0151 folyos\u00f3,<\/strong> Semmelweis Egyetem K\u00fcls\u0151 Klinikai T\u00f6mb, 1083 Budapest, Kor\u00e1nyi S\u00e1ndor u. 2.<\/li>\n<li><strong>Igazs\u00e1g\u00fcgyi \u00e9s Biztos\u00edt\u00e1s-Orvostani Int\u00e9zet k\u00e1polna,<\/strong> Budapest, IX. ker\u00fclet Lenhoss\u00e9k utca 42-44.<\/li>\n<li><strong style=\"font-size: 1rem\">T\u00f6m\u0151 utca 25-29. sz. \u00e9p\u00fclet,<\/strong><span style=\"font-size: 1rem\"> 1083 Budapest, T\u00f6m\u0151 utca 25-29.<\/span><\/li>\n<\/ul>\n<p>&nbsp;<\/p>\n<hr \/>\n<h2>Tov\u00e1bbi inform\u00e1ci\u00f3k, h\u00edrek a t\u00e1mogatott KEHOP projektekr\u0151l<\/h2>\n<ul style=\"list-style-type: square\">\n<li><a href=\"https:\/\/semmelweis.hu\/hirek\/2016\/08\/12\/tobb-mint-negy-milliard-forintos-energetikai-korszerusites-a-semmelweis-egyetemen\/\">T\u00f6bb milli\u00e1rd forintos energetikai korszer\u0171s\u00edt\u00e9s<\/a><\/li>\n<li><a href=\"https:\/\/semmelweis.hu\/fulorrgegeszet\/2017\/10\/26\/uj-ablakok-a-ful-orr-gegeszeti-es-fej-nyaksebeszeti-klinikan\/\" target=\"_blank\" rel=\"noopener\">\u00daj ablakok a F\u00fcl-Orr-G\u00e9g\u00e9szeti \u00e9s Fej-Nyakseb\u00e9szeti Klinik\u00e1n<\/a><\/li>\n<li><a href=\"https:\/\/semmelweis.hu\/mfi\/2022\/06\/22\/a-markusovszky-kollegium-kemenyenek-allvanyozasa-miatt-szukseges-kiurites\/\" target=\"_blank\" rel=\"noopener\">Megkezd\u0151d\u00f6tt a Markusovszky Koll\u00e9gium k\u00e9m\u00e9ny\u00e9nek bont\u00e1sa<\/a><\/li>\n<li><a href=\"https:\/\/semmelweis.hu\/mfi\/2022\/06\/24\/energetikai-korszerusitesre-iranyulo-tervezesek-ujabb-12-helyszinen\/\" target=\"_blank\" rel=\"noopener\">Energetikai korszer\u0171s\u00edt\u00e9sre ir\u00e1nyul\u00f3 tervez\u00e9sek \u00fajabb 12 helysz\u00ednen<\/a><\/li>\n<li><a href=\"https:\/\/semmelweis.hu\/mfi\/2022\/07\/28\/peto-andras-kar-energiahatekonysagi-fejlesztese\/\" target=\"_blank\" rel=\"noopener\">Pet\u0151 Andr\u00e1s Kar Energiahat\u00e9konys\u00e1gi Fejleszt\u00e9se<\/a><\/li>\n<\/ul>\n<p>&nbsp;<\/p>\n<h2>Esem\u00e9nyek<\/h2>\n<p><em>Jelenleg nincsenek v\u00e1rhat\u00f3 esem\u00e9nyek<\/em><\/p>\n<p><a href=\"https:\/\/semmelweis.hu\/letesitmeny\/files\/2023\/11\/infoblokk_kedv_final_CMYK_KA.jpg\"><img loading=\"lazy\" decoding=\"async\" class=\"wp-image-506 size-medium alignright\" src=\"https:\/\/semmelweis.hu\/letesitmeny\/files\/2023\/11\/infoblokk_kedv_final_CMYK_KA-300x207.jpg\" alt=\"\" width=\"300\" height=\"207\" srcset=\"https:\/\/semmelweis.hu\/letesitmeny\/files\/2023\/11\/infoblokk_kedv_final_CMYK_KA-300x207.jpg 300w, https:\/\/semmelweis.hu\/letesitmeny\/files\/2023\/11\/infoblokk_kedv_final_CMYK_KA-1024x708.jpg 1024w, https:\/\/semmelweis.hu\/letesitmeny\/files\/2023\/11\/infoblokk_kedv_final_CMYK_KA-768x531.jpg 768w, https:\/\/semmelweis.hu\/letesitmeny\/files\/2023\/11\/infoblokk_kedv_final_CMYK_KA-175x120.jpg 175w, https:\/\/semmelweis.hu\/letesitmeny\/files\/2023\/11\/infoblokk_kedv_final_CMYK_KA-753x520.jpg 753w, https:\/\/semmelweis.hu\/letesitmeny\/files\/2023\/11\/infoblokk_kedv_final_CMYK_KA.jpg 1453w\" sizes=\"auto, (max-width: 300px) 100vw, 300px\" \/><\/a><\/p>\n","protected":false},"excerpt":{"rendered":"<p><a href=\"https:\/\/semmelweis.hu\/letesitmeny\/files\/2023\/11\/infoblokk_kedv_final_felso_cmyk_KA-002.jpg\"><\/a> K\u00f6rnyezeti \u00e9s Energiahat\u00e9konys\u00e1gi Operat\u00edv Program (KEHOP) \u00a0 KEHOP-5.2.4-15-2016-00004\u00a0 kivitelez\u00e9si fejleszt\u00e9s helysz\u00ednei: Markusovszky Lajos Koll\u00e9gium,\u00a01089 Budapest, Rezs\u0151 t\u00e9r 16. \u2013\u00a0ut\u00f3lagos h\u0151szigetel\u00e9s (homlokzati h\u0151szigetel\u00e9si \u00e9s j\u00e1rul\u00e9kos k\u00f6lts\u00e9gei, lapostet\u0151 szigetel\u00e9s), k\u00fcls\u0151 ny\u00edl\u00e1sz\u00e1r\u00f3 csere\u00a0\u2013\u00a0Munkater\u00fclet \u00e1tad\u00e1s: 2022.05.24. T\u00f6m\u0151 u. 25-29. sz. alatti \u00e9p\u00fclet, 1083 Budapest, T\u00f6m\u0151 utca 25-29.\u00a0ut\u00f3lagos h\u0151szigetel\u00e9s (homlokzati h\u0151szigetel\u00e9si \u00e9s j\u00e1rul\u00e9kos k\u00f6lts\u00e9gei, lapostet\u0151 szigetel\u00e9s), k\u00fcls\u0151 ny\u00edl\u00e1sz\u00e1r\u00f3 csere.\u00a0\u2013\u00a0V\u00e1rhat\u00f3 befejez\u00e9s: &hellip;<\/p>\n","protected":false},"author":286,"featured_media":0,"parent":0,"menu_order":0,"comment_status":"closed","ping_status":"closed","template":"","meta":{"_acf_changed":false,"footnotes":""},"categories":[],"tags":[],"class_list":["post-388","page","type-page","status-publish","hentry"],"acf":[],"_links":{"self":[{"href":"https:\/\/semmelweis.hu\/letesitmeny\/wp-json\/wp\/v2\/pages\/388","targetHints":{"allow":["GET"]}}],"collection":[{"href":"https:\/\/semmelweis.hu\/letesitmeny\/wp-json\/wp\/v2\/pages"}],"about":[{"href":"https:\/\/semmelweis.hu\/letesitmeny\/wp-json\/wp\/v2\/types\/page"}],"author":[{"embeddable":true,"href":"https:\/\/semmelweis.hu\/letesitmeny\/wp-json\/wp\/v2\/users\/286"}],"replies":[{"embeddable":true,"href":"https:\/\/semmelweis.hu\/letesitmeny\/wp-json\/wp\/v2\/comments?post=388"}],"version-history":[{"count":10,"href":"https:\/\/semmelweis.hu\/letesitmeny\/wp-json\/wp\/v2\/pages\/388\/revisions"}],"predecessor-version":[{"id":511,"href":"https:\/\/semmelweis.hu\/letesitmeny\/wp-json\/wp\/v2\/pages\/388\/revisions\/511"}],"wp:attachment":[{"href":"https:\/\/semmelweis.hu\/letesitmeny\/wp-json\/wp\/v2\/media?parent=388"}],"wp:term":[{"taxonomy":"category","embeddable":true,"href":"https:\/\/semmelweis.hu\/letesitmeny\/wp-json\/wp\/v2\/categories?post=388"},{"taxonomy":"post_tag","embeddable":true,"href":"https:\/\/semmelweis.hu\/letesitmeny\/wp-json\/wp\/v2\/tags?post=388"}],"curies":[{"name":"wp","href":"https:\/\/api.w.org\/{rel}","templated":true}]}}