{"id":22,"date":"2012-01-29T09:42:17","date_gmt":"2012-01-29T08:42:17","guid":{"rendered":"http:\/\/semmelweis-egyetem.hu\/beruhazas\/?page_id=22"},"modified":"2023-10-06T11:20:05","modified_gmt":"2023-10-06T09:20:05","slug":"beruhazasi-foosztaly","status":"publish","type":"page","link":"https:\/\/semmelweis.hu\/letesitmeny\/altalanos-informaciok\/beruhazasi-foosztaly\/","title":{"rendered":"Beruh\u00e1z\u00e1si F\u0151oszt\u00e1ly"},"content":{"rendered":"<p>Beruh\u00e1z\u00e1si F\u0151oszt\u00e1ly (BFO)<\/p>\n<p>Javaslatt\u00e9tel az Egyetem k\u00f6z\u00e9p- \u00e9s hossz\u00fat\u00e1v\u00fa beruh\u00e1z\u00e1si, fel\u00faj\u00edt\u00e1si strat\u00e9giai terv\u00e9nek tartalm\u00e1ra. Az elfogadott strat\u00e9gia v\u00e9grehajt\u00e1sa, valamint az Egyetem int\u00e9zm\u00e9nyeinek fejleszt\u00e9s\u00e9re ir\u00e1nyul\u00f3 \u00e9ves fel\u00faj\u00edt\u00e1si terv\u00e9nek kidolgoz\u00e1sa, majd az elfogadott tervcsomagra \u00e9p\u00fcl\u0151 projektek, t\u00f6bb egym\u00e1sra korrel\u00e1l\u00f3 projekt eset\u00e9ben program-keret alap\u00edt\u00e1sa. A folyamatosan megjelen\u0151 egyetemi ad-hoc ig\u00e9nyekre projektek alap\u00edt\u00e1sa. A beszerz\u00e9si, tervez\u00e9si, kivitelez\u00e9si folyamatok kapcs\u00e1n \u00e1tfog\u00f3 \u00e9p\u00edt\u00e9si projektmenedzsment szakmai t\u00e1mogat\u00e1s ny\u00fajt\u00e1sa az ig\u00e9nyl\u0151 ter\u00fcletek sz\u00e1m\u00e1ra.<\/p>\n","protected":false},"excerpt":{"rendered":"<p>Beruh\u00e1z\u00e1si F\u0151oszt\u00e1ly (BFO) Javaslatt\u00e9tel az Egyetem k\u00f6z\u00e9p- \u00e9s hossz\u00fat\u00e1v\u00fa beruh\u00e1z\u00e1si, fel\u00faj\u00edt\u00e1si strat\u00e9giai terv\u00e9nek tartalm\u00e1ra. Az elfogadott strat\u00e9gia v\u00e9grehajt\u00e1sa, valamint az Egyetem int\u00e9zm\u00e9nyeinek fejleszt\u00e9s\u00e9re ir\u00e1nyul\u00f3 \u00e9ves fel\u00faj\u00edt\u00e1si terv\u00e9nek kidolgoz\u00e1sa, majd az elfogadott tervcsomagra \u00e9p\u00fcl\u0151 projektek, t\u00f6bb egym\u00e1sra korrel\u00e1l\u00f3 projekt eset\u00e9ben program-keret alap\u00edt\u00e1sa. A folyamatosan megjelen\u0151 egyetemi ad-hoc ig\u00e9nyekre projektek alap\u00edt\u00e1sa. A beszerz\u00e9si, tervez\u00e9si, kivitelez\u00e9si folyamatok kapcs\u00e1n &hellip;<\/p>\n","protected":false},"author":8,"featured_media":0,"parent":5,"menu_order":1,"comment_status":"closed","ping_status":"closed","template":"","meta":{"_acf_changed":false,"footnotes":""},"categories":[],"tags":[],"class_list":["post-22","page","type-page","status-publish","hentry"],"acf":[],"_links":{"self":[{"href":"https:\/\/semmelweis.hu\/letesitmeny\/wp-json\/wp\/v2\/pages\/22","targetHints":{"allow":["GET"]}}],"collection":[{"href":"https:\/\/semmelweis.hu\/letesitmeny\/wp-json\/wp\/v2\/pages"}],"about":[{"href":"https:\/\/semmelweis.hu\/letesitmeny\/wp-json\/wp\/v2\/types\/page"}],"author":[{"embeddable":true,"href":"https:\/\/semmelweis.hu\/letesitmeny\/wp-json\/wp\/v2\/users\/8"}],"replies":[{"embeddable":true,"href":"https:\/\/semmelweis.hu\/letesitmeny\/wp-json\/wp\/v2\/comments?post=22"}],"version-history":[{"count":11,"href":"https:\/\/semmelweis.hu\/letesitmeny\/wp-json\/wp\/v2\/pages\/22\/revisions"}],"predecessor-version":[{"id":490,"href":"https:\/\/semmelweis.hu\/letesitmeny\/wp-json\/wp\/v2\/pages\/22\/revisions\/490"}],"up":[{"embeddable":true,"href":"https:\/\/semmelweis.hu\/letesitmeny\/wp-json\/wp\/v2\/pages\/5"}],"wp:attachment":[{"href":"https:\/\/semmelweis.hu\/letesitmeny\/wp-json\/wp\/v2\/media?parent=22"}],"wp:term":[{"taxonomy":"category","embeddable":true,"href":"https:\/\/semmelweis.hu\/letesitmeny\/wp-json\/wp\/v2\/categories?post=22"},{"taxonomy":"post_tag","embeddable":true,"href":"https:\/\/semmelweis.hu\/letesitmeny\/wp-json\/wp\/v2\/tags?post=22"}],"curies":[{"name":"wp","href":"https:\/\/api.w.org\/{rel}","templated":true}]}}