{"id":20,"date":"2012-01-29T09:39:23","date_gmt":"2012-01-29T08:39:23","guid":{"rendered":"http:\/\/semmelweis-egyetem.hu\/beruhazas\/?page_id=20"},"modified":"2023-10-06T11:23:14","modified_gmt":"2023-10-06T09:23:14","slug":"uzemeltetesi-foosztaly","status":"publish","type":"page","link":"https:\/\/semmelweis.hu\/letesitmeny\/altalanos-informaciok\/uzemeltetesi-foosztaly\/","title":{"rendered":"L\u00e9tes\u00edtm\u00e9ny\u00fczemeltet\u00e9si F\u0151oszt\u00e1ly"},"content":{"rendered":"<p>L\u00e9tes\u00edtm\u00e9ny\u00fczemeltet\u00e9si F\u0151oszt\u00e1ly (L\u00dcFO)<\/p>\n<p>Az igazgat\u00f3s\u00e1g hat\u00e1sk\u00f6r\u00e9be utalt, l\u00e9tes\u00edtm\u00e9nyekhez \u00e9s speci\u00e1lis berendez\u00e9sekhez (t\u0171zg\u00e1tl\u00f3 \u00e9s automata ny\u00edl\u00e1sz\u00e1r\u00f3k, RWA rendszerek, l\u00e9gtechnikai rendszerek, aggreg\u00e1torok, sz\u00fcnetmentes t\u00e1pegys\u00e9gek, f\u00e1zisjav\u00edt\u00f3k, felvon\u00f3k, orvosi g\u00e1z h\u00e1l\u00f3zatok, rept\u00e9r, h\u0151termel\u0151 berendez\u00e9sek \u00e9s h\u0151k\u00f6zpontok) kapcsol\u00f3d\u00f3 napi szint\u0171 \u00fczemeltet\u00e9si, valamint a szervezeti egys\u00e9gek r\u00e9sz\u00e9re \u00fczemeltet\u00e9st t\u00e1mogat\u00f3 feladatok ell\u00e1t\u00e1sa. Az ell\u00e1t\u00e1si ter\u00fclethez \u00e9s berendez\u00e9sek \u00fczemeltet\u00e9s\u00e9hez sz\u00fcks\u00e9ges szolg\u00e1ltat\u00e1sok beszerz\u00e9sekor a beszerz\u00e9si elj\u00e1r\u00e1s lebonyol\u00edt\u00e1s\u00e1ban val\u00f3 r\u00e9sz-v\u00e9tel, annak szakmai fel\u00fcgyelete, eg\u00e9szen a szerz\u0151d\u00e9sk\u00f6t\u00e9sig. A megk\u00f6t\u00f6tt karbantart\u00e1si, hibaelh\u00e1r\u00edt\u00e1si \u00e9s szolg\u00e1ltat\u00e1si szerz\u0151d\u00e9sekben foglalt k\u00f6telezetts\u00e9gek marad\u00e9ktalan betartat\u00e1sa a szerz\u0151d\u00f6tt partnerrel.<\/p>\n<p>&nbsp;<\/p>\n<p>\u00dczemeltet\u00e9st\u00e1mogat\u00e1si Oszt\u00e1ly<\/p>\n<p>A kritikus infrastrukt\u00fara egys\u00e9gein\u00e9l (felvon\u00f3, speci\u00e1lis \u00e9s steril l\u00e9gkezel\u0151k \u00e9s kl\u00edma rendszerek, orvosi g\u00e1z rendszerek, aggreg\u00e1torok, f\u00e1zisjav\u00edt\u00f3k, automata \u00e9s t\u0171z-g\u00e1tl\u00f3 ny\u00edl\u00e1sz\u00e1r\u00f3k) v\u00e1s\u00e1rolt \u00fczemeltet\u00e9si szolg\u00e1ltat\u00e1sok m\u0171k\u00f6dtet\u00e9se. A szolg\u00e1ltat\u00e1sok biztos\u00edt\u00e1s\u00e1hoz sz\u00fcks\u00e9ges k\u00f6zbeszerz\u00e9si elj\u00e1r\u00e1sok el\u0151k\u00e9sz\u00edt\u00e9se \u00e9s a szolg\u00e1ltat\u00e1si rendelkez\u00e9sre \u00e1ll\u00e1s biztos\u00edt\u00e1sa, a szerz\u0151d\u00e9sek menedzsmentje (ellen\u0151rz\u00e9s, teljes\u00edtm\u00e9nyigazol\u00e1s, k\u00f6tb\u00e9r, stb.). \u00dczemeltet\u00e9si \u00e9s karbantart\u00e1si tervek k\u00e9sz\u00edt\u00e9se az SLA fenntart\u00e1sa \u00e9rdek\u00e9ben, tov\u00e1bb\u00e1 a jogszab\u00e1lyi k\u00f6telezetts\u00e9gek, egyetemi standardok kialak\u00edt\u00e1sa \u00e9s betartat\u00e1sa, visszacsatol\u00e1sok gy\u0171jt\u00e9se \u00e9s elemz\u00e9se. A k\u00f6z\u00fczemi sz\u00e1ml\u00e1k, fogyaszt\u00e1sm\u00e9r\u0151k m\u0171szaki kontrollja \u00e9s fejleszt\u00e9se (\u201cokos m\u00e9r\u0151k\u201d), e-K\u00f6zm\u0171 technol\u00f3gia bevezet\u00e9se \u00e9s a szolg\u00e1ltat\u00e1sok fenntart\u00e1sa, hav\u00e1ri\u00e1kra utal\u00f3 fogyaszt\u00e1sok kisz\u0171r\u00e9se. Az Egyetemn\u00e9l zajl\u00f3 m\u0171szaki folyamatok ISO 50001 megfelel\u0151s\u00e9g\u00e9nek fenntart\u00e1sa, a h\u0151termel\u0151 \u00e9s villamos energia v\u00e9telez\u00e9si rend-szerek m\u0171szaki megfelel\u0151s\u00e9g\u00e9nek menedzsel\u00e9se.<\/p>\n<p>M\u0171szaki-h\u00e1l\u00f3zatir\u00e1ny\u00edt\u00e1si Oszt\u00e1ly<\/p>\n<p>Az egyetemi l\u00e9tes\u00edtm\u00e9nyek \u00fczemeltet\u00e9s\u00e9t v\u00e9gz\u0151 t\u00f6mbigazgat\u00f3s\u00e1gok m\u0171szaki szakter\u00fclet\u00e9vel val\u00f3 hat\u00e9kony \u00e9s szoros egy\u00fcttm\u0171k\u00f6d\u00e9s, szakmai &#8211; koordin\u00e1ci\u00f3s t\u00e1mogat\u00e1s biztos\u00edt\u00e1sa. M\u0171szaki-h\u00e1l\u00f3zatir\u00e1ny\u00edt\u00e1si inform\u00e1ci\u00f3s rendszer fenntart\u00e1sa, t\u00f6mb\u00f6k\u00f6n \u00e1t\u00edvel\u0151 feladatok \u00f6sszehangol\u00e1sa, egyenletes allok\u00e1ci\u00f3ja, szakmai \u00e9s strat\u00e9giai t\u00e1mogat\u00e1sa.<\/p>\n<p>Energiamenedzsment Oszt\u00e1ly<\/p>\n<p>Egyetemi szint\u0171 energia megtakar\u00edt\u00e1si, EKR felhaszn\u00e1l\u00e1si lehet\u0151s\u00e9gek vizsg\u00e1lata \u00e9s fejleszt\u00e9se, fel\u00faj\u00edt\u00e1sok \u00e9s beruh\u00e1z\u00e1sok energetikai szempont szerinti kontrollja \u00e9s harmoniz\u00e1ci\u00f3ja teljes egyetemi infrastrukt\u00fara tekintet\u00e9ben. Komplex energia-menedzsment rendszer l\u00e9trehoz\u00e1sa \u00e9s \u00fczemeltet\u00e9se, energetikai korszer\u0171s\u00edt\u00e9sekre, napelemes, vagy egy\u00e9b meg\u00fajul\u00f3 energiarendszerek fejleszt\u00e9s\u00e9re vonatkoz\u00f3 javaslatok, tervek kidolgoz\u00e1sa, \u00e9p\u00fcletfel\u00fcgyeleti rendszerek energetikai c\u00e9l\u00fa megfelel\u0151s\u00e9g\u00e9nek a kontrollja. Energiahat\u00e9konys\u00e1g n\u00f6vel\u0151 kommunik\u00e1ci\u00f3 \u00e9s ismeretb\u0151v\u00edt\u0151 szolg\u00e1ltat\u00e1si folyamatok fenntart\u00e1sa, \u00e9p\u00fcletek energetikai tan\u00fas\u00edt\u00e1si elj\u00e1r\u00e1s\u00e1ban k\u00f6zrem\u0171k\u00f6d\u00e9s.<\/p>\n<p>Gyorsszolg\u00e1lati Oszt\u00e1ly<\/p>\n<p>Az Operat\u00edv Ir\u00e1ny\u00edt\u00f3 K\u00f6zpont (a tov\u00e1bbiakban: OIK) \u00e1ltal m\u0171k\u00f6dtetett diszp\u00e9cser szolg\u00e1lat \u00e9s hibajegy kezel\u0151 rendszer gyorsszolg\u00e1lati, 7\/24 munkarend\u0171 hav\u00e1ria karbantart\u00e1si munk\u00e1latok er\u0151forr\u00e1s\u00e1t jelent\u0151 szolg\u00e1ltat\u00e1sok biztos\u00edt\u00e1sa, \u00e9ves fel\u00fcl-vizsg\u00e1lattal. \u00dczemeltet\u00e9si feladatok megval\u00f3s\u00edt\u00e1sa a KI\u00c9 \u00e9s a K\u00f6zponti K\u00f6nyvt\u00e1r gondnoki munkak\u00f6reinek fenntart\u00e1s\u00e1ban.<\/p>\n","protected":false},"excerpt":{"rendered":"<p>L\u00e9tes\u00edtm\u00e9ny\u00fczemeltet\u00e9si F\u0151oszt\u00e1ly (L\u00dcFO) Az igazgat\u00f3s\u00e1g hat\u00e1sk\u00f6r\u00e9be utalt, l\u00e9tes\u00edtm\u00e9nyekhez \u00e9s speci\u00e1lis berendez\u00e9sekhez (t\u0171zg\u00e1tl\u00f3 \u00e9s automata ny\u00edl\u00e1sz\u00e1r\u00f3k, RWA rendszerek, l\u00e9gtechnikai rendszerek, aggreg\u00e1torok, sz\u00fcnetmentes t\u00e1pegys\u00e9gek, f\u00e1zisjav\u00edt\u00f3k, felvon\u00f3k, orvosi g\u00e1z h\u00e1l\u00f3zatok, rept\u00e9r, h\u0151termel\u0151 berendez\u00e9sek \u00e9s h\u0151k\u00f6zpontok) kapcsol\u00f3d\u00f3 napi szint\u0171 \u00fczemeltet\u00e9si, valamint a szervezeti egys\u00e9gek r\u00e9sz\u00e9re \u00fczemeltet\u00e9st t\u00e1mogat\u00f3 feladatok ell\u00e1t\u00e1sa. Az ell\u00e1t\u00e1si ter\u00fclethez \u00e9s berendez\u00e9sek \u00fczemeltet\u00e9s\u00e9hez sz\u00fcks\u00e9ges szolg\u00e1ltat\u00e1sok beszerz\u00e9sekor a &hellip;<\/p>\n","protected":false},"author":8,"featured_media":0,"parent":5,"menu_order":3,"comment_status":"closed","ping_status":"closed","template":"","meta":{"_acf_changed":false,"footnotes":""},"categories":[],"tags":[],"class_list":["post-20","page","type-page","status-publish","hentry"],"acf":[],"_links":{"self":[{"href":"https:\/\/semmelweis.hu\/letesitmeny\/wp-json\/wp\/v2\/pages\/20","targetHints":{"allow":["GET"]}}],"collection":[{"href":"https:\/\/semmelweis.hu\/letesitmeny\/wp-json\/wp\/v2\/pages"}],"about":[{"href":"https:\/\/semmelweis.hu\/letesitmeny\/wp-json\/wp\/v2\/types\/page"}],"author":[{"embeddable":true,"href":"https:\/\/semmelweis.hu\/letesitmeny\/wp-json\/wp\/v2\/users\/8"}],"replies":[{"embeddable":true,"href":"https:\/\/semmelweis.hu\/letesitmeny\/wp-json\/wp\/v2\/comments?post=20"}],"version-history":[{"count":11,"href":"https:\/\/semmelweis.hu\/letesitmeny\/wp-json\/wp\/v2\/pages\/20\/revisions"}],"predecessor-version":[{"id":492,"href":"https:\/\/semmelweis.hu\/letesitmeny\/wp-json\/wp\/v2\/pages\/20\/revisions\/492"}],"up":[{"embeddable":true,"href":"https:\/\/semmelweis.hu\/letesitmeny\/wp-json\/wp\/v2\/pages\/5"}],"wp:attachment":[{"href":"https:\/\/semmelweis.hu\/letesitmeny\/wp-json\/wp\/v2\/media?parent=20"}],"wp:term":[{"taxonomy":"category","embeddable":true,"href":"https:\/\/semmelweis.hu\/letesitmeny\/wp-json\/wp\/v2\/categories?post=20"},{"taxonomy":"post_tag","embeddable":true,"href":"https:\/\/semmelweis.hu\/letesitmeny\/wp-json\/wp\/v2\/tags?post=20"}],"curies":[{"name":"wp","href":"https:\/\/api.w.org\/{rel}","templated":true}]}}