{"id":71,"date":"2014-03-21T09:10:10","date_gmt":"2014-03-21T08:10:10","guid":{"rendered":"http:\/\/semmelweis.hu\/laboratorium\/?page_id=71"},"modified":"2025-04-02T11:07:08","modified_gmt":"2025-04-02T09:07:08","slug":"intezetrol","status":"publish","type":"page","link":"https:\/\/semmelweis.hu\/laboratorium\/intezetrol\/","title":{"rendered":"A Laborat\u00f3riumi Medicina Int\u00e9zet bemutat\u00e1sa"},"content":{"rendered":"<div class=\"lead\" style=\"text-align: justify\">A Semmelweis Egyetem \u00c1ltal\u00e1nos Orvostudom\u00e1nyi Kar Laborat\u00f3riumi Medicina Int\u00e9zete (SE-\u00c1OK-LMI) 2010-ben alakult meg. Orvosi laborat\u00f3riumi diagnosztikai, oktat\u00f3i \u00e9s tudom\u00e1nyos-kutat\u00f3 munk\u00e1t, valamint az ezekkel \u00f6sszef\u00fcgg\u0151 feladatokat l\u00e1t el.<\/div>\n<p style=\"text-align: justify\">Az <strong>Int\u00e9zet laborat\u00f3riumai<\/strong> a Semmelweis Egyetem K\u00f6zponti Betegell\u00e1t\u00f3 \u00c9p\u00fclet\u00e9ben (K\u00f6zponti laborat\u00f3rium &#8211; Pest, Immunol\u00f3giai laborat\u00f3rium, Mikrobiol\u00f3giai laborat\u00f3rium), a Nagyv\u00e1rad t\u00e9ri Elm\u00e9leti T\u00f6mbben (Klinikai genetikai \u00e9s endokrinol\u00f3giai laborat\u00f3rium, ill. T\u00f6megspektrometriai \u00e9s elv\u00e1laszt\u00e1stechnikai laborat\u00f3rium),\u00a0\u00a0a Transzplant\u00e1ci\u00f3s \u00e9s Seb\u00e9szeti Klinik\u00e1n, a Szent R\u00f3kus Klinikai T\u00f6mbben, a Mer\u00e9nyi Guszt\u00e1v K\u00f3rh\u00e1zban, az Idegseb\u00e9szeti \u00e9s Neurointervenci\u00f3s Klinik\u00e1n, valamint a Reumatol\u00f3giai \u00e9s Immunol\u00f3giai Klinik\u00e1n tal\u00e1lhat\u00f3ak. A laborat\u00f3riumok a klinikai gy\u00f3gy\u00edt\u00f3 munka sz\u00e1m\u00e1ra a legmagasabb progresszivit\u00e1si szinten orvosi laborat\u00f3riumi diagnosztikai munk\u00e1t v\u00e9geznek.<\/p>\n<div class=\"keretes w-100\">\n<p style=\"text-align: justify\">A laborat\u00f3riumaink vizsg\u00e1lati palett\u00e1j\u00e1n t\u00f6bb mint 400 f\u00e9le vizsg\u00e1lat tal\u00e1lhat\u00f3 (pl. klinikai k\u00e9mia, hematol\u00f3gia, hemosztazeol\u00f3gia, v\u00e9rcsoport szerol\u00f3gia, laborat\u00f3riumi immunol\u00f3gia, endokrinol\u00f3gia, gy\u00f3gyszerszint m\u00e9r\u00e9sek, klinikai mikrobiol\u00f3gia), ezekb\u0151l \u00e9ves szinten mintegy 10 milli\u00f3 vizsg\u00e1latot v\u00e9gz\u00fcnk.<\/p>\n<\/div>\n<p style=\"text-align: justify\">Az egyes laborat\u00f3riumokban v\u00e9gzett vizsg\u00e1latokat a honlapon tal\u00e1lhat\u00f3 <strong>vizsg\u00e1lati regiszter<\/strong> r\u00e9szletezi ( <a href=\"https:\/\/semmelweis.hu\/laboratorium\/vizsgalati-regiszter\">https:\/\/semmelweis.hu\/laboratorium\/vizsgalati-regiszter<\/a> ).<\/p>\n<p style=\"text-align: justify\">\u00a0A laborat\u00f3riumok vizsg\u00e1lati anyagokat fogadnak a Semmelweis Egyetem klinik\u00e1ir\u00f3l, egy\u00fcttm\u0171k\u00f6d\u00e9si szerz\u0151d\u00e9s alapj\u00e1n egy\u00e9b eg\u00e9szs\u00e9g\u00fcgyi szolg\u00e1ltat\u00f3kt\u00f3l, kutat\u00f3\/fejleszt\u0151 munkahelyekt\u0151l, min\u0151s\u00e9gellen\u0151rz\u00e9si szervezetekt\u0151l, tov\u00e1bb\u00e1 mag\u00e1nc\u00e9l\u00fa vizsg\u00e1lati ig\u00e9nyek teljes\u00edt\u00e9s\u00e9re is van lehet\u0151s\u00e9g t\u00e9r\u00edt\u00e9si d\u00edj ellen\u00e9ben (r\u00e9szletek itt: <a href=\"https:\/\/semmelweis.hu\/laboratorium\/vizsgalati-regiszter\/\">https:\/\/semmelweis.hu\/laboratorium\/szolgaltatasok<\/a> )<strong>.<\/strong><\/p>\n<p style=\"text-align: justify\">Az Int\u00e9zet <strong>oktat\u00e1si tev\u00e9kenys\u00e9g\u00e9nek<\/strong>\u00a0egyik r\u00e9sze a gradu\u00e1lis k\u00e9pz\u00e9s ter\u00fclet\u00e9n a <em>laborat\u00f3riumi medicina<\/em> tant\u00e1rgy tan\u00edt\u00e1sa az egyetem negyed\u00e9ves orvostanhallgat\u00f3i sz\u00e1m\u00e1ra, mely sor\u00e1n elsaj\u00e1t\u00edtj\u00e1k a megfelel\u0151 vizsg\u00e1latk\u00e9r\u00e9s, az eredm\u00e9nyek ki\u00e9rt\u00e9kel\u00e9s\u00e9nek alapjait, megismerkednek a k\u00fcl\u00f6nb\u00f6z\u0151 laborat\u00f3riumi technik\u00e1k el\u0151nyeivel \u00e9s h\u00e1tr\u00e1nyaival. Ezen k\u00edv\u00fcl r\u00e9szt vesz a posztgradu\u00e1lis k\u00e9pz\u00e9s sor\u00e1n a k\u00fcl\u00f6nb\u00f6z\u0151 diplom\u00e1s laborat\u00f3riumi szakemberek, laborat\u00f3riumi szakorvos-, szakgy\u00f3gyszer\u00e9sz-, klinikai biok\u00e9mikus-, szakasszisztensjel\u00f6ltek k\u00e9pz\u00e9s\u00e9ben \u00e9s tov\u00e1bbk\u00e9pz\u00e9sek szervez\u00e9s\u00e9ben laborat\u00f3riumi dolgoz\u00f3k sz\u00e1m\u00e1ra (<a href=\"https:\/\/semmelweis.hu\/laboratorium\/oktatas\/\">https:\/\/semmelweis.hu\/laboratorium\/oktatas\/<\/a>).<\/p>\n<p style=\"text-align: justify\"><strong>A tudom\u00e1nyos munka ter\u00fclet\u00e9n<\/strong> a PhD-k\u00e9pz\u00e9sben saj\u00e1t programot vezet\u00fcnk. Az Int\u00e9zetben m\u0171k\u00f6dik az MTA \u00e1ltal t\u00e1mogatott \u00d6r\u00f6kletes Daganatok Kutat\u00f3csoport.<br \/>\nAz Int\u00e9zet tudom\u00e1nyos munk\u00e1j\u00e1val a szakter\u00fclet fejleszt\u00e9s\u00e9ben vesz r\u00e9szt, seg\u00edti azokat a kutat\u00e1sokat, melyek v\u00e9gz\u00e9s\u00e9hez olyan klinikai laborat\u00f3riumi vizsg\u00e1latok sz\u00fcks\u00e9gesek, melyek felt\u00e9telei az Int\u00e9zeten adottak, illetve saj\u00e1t vizsg\u00e1latokat is vezet (<a href=\"https:\/\/semmelweis.hu\/laboratorium\/kutatas\/\">https:\/\/semmelweis.hu\/laboratorium\/kutatas\/<\/a>).<\/p>\n<p style=\"text-align: justify\">\u00dcdv\u00f6zlettel:<\/p>\n<p>Dr. V\u00e1s\u00e1rhelyi Barna<br \/>\nInt\u00e9zetigazgat\u00f3, egyetemi tan\u00e1r\u00a0<\/p>\n","protected":false},"excerpt":{"rendered":"<p>A Semmelweis Egyetem \u00c1ltal\u00e1nos Orvostudom\u00e1nyi Kar Laborat\u00f3riumi Medicina Int\u00e9zete  orvosi laborat\u00f3riumi diagnosztikai, oktat\u00f3i \u00e9s tudom\u00e1nyos-kutat\u00f3 munk\u00e1t, valamint az ezekkel \u00f6sszef\u00fcgg\u0151 feladatokat l\u00e1t el. A laborat\u00f3riumok a klinikai gy\u00f3gy\u00edt\u00f3 munka sz\u00e1m\u00e1ra a legmagasabb progresszivit\u00e1si szinten orvosi laborat\u00f3riumi diagnosztikai munk\u00e1t v\u00e9geznek. T\u00f6bb mint 400 f\u00e9le vizsg\u00e1lat tal\u00e1lhat\u00f3 (klinikai k\u00e9mia, hematol\u00f3gia, hemosztazeol\u00f3gia, v\u00e9rcsoport szerol\u00f3gia, laborat\u00f3riumi immunol\u00f3gia, endokrinol\u00f3gia, gy\u00f3gyszerszint m\u00e9r\u00e9sek, klinikai mikrobiol\u00f3gia) a laborat\u00f3riumaink palett\u00e1j\u00e1n, ezekb\u0151l \u00e9ves szinten mintegy 10 milli\u00f3 vizsg\u00e1latot v\u00e9gz\u00fcnk.<\/p>\n","protected":false},"author":275,"featured_media":3554,"parent":0,"menu_order":1,"comment_status":"open","ping_status":"closed","template":"","meta":{"_acf_changed":false,"footnotes":""},"categories":[],"tags":[],"class_list":["post-71","page","type-page","status-publish","has-post-thumbnail","hentry"],"acf":[],"_links":{"self":[{"href":"https:\/\/semmelweis.hu\/laboratorium\/wp-json\/wp\/v2\/pages\/71","targetHints":{"allow":["GET"]}}],"collection":[{"href":"https:\/\/semmelweis.hu\/laboratorium\/wp-json\/wp\/v2\/pages"}],"about":[{"href":"https:\/\/semmelweis.hu\/laboratorium\/wp-json\/wp\/v2\/types\/page"}],"author":[{"embeddable":true,"href":"https:\/\/semmelweis.hu\/laboratorium\/wp-json\/wp\/v2\/users\/275"}],"replies":[{"embeddable":true,"href":"https:\/\/semmelweis.hu\/laboratorium\/wp-json\/wp\/v2\/comments?post=71"}],"version-history":[{"count":10,"href":"https:\/\/semmelweis.hu\/laboratorium\/wp-json\/wp\/v2\/pages\/71\/revisions"}],"predecessor-version":[{"id":4697,"href":"https:\/\/semmelweis.hu\/laboratorium\/wp-json\/wp\/v2\/pages\/71\/revisions\/4697"}],"wp:featuredmedia":[{"embeddable":true,"href":"https:\/\/semmelweis.hu\/laboratorium\/wp-json\/wp\/v2\/media\/3554"}],"wp:attachment":[{"href":"https:\/\/semmelweis.hu\/laboratorium\/wp-json\/wp\/v2\/media?parent=71"}],"wp:term":[{"taxonomy":"category","embeddable":true,"href":"https:\/\/semmelweis.hu\/laboratorium\/wp-json\/wp\/v2\/categories?post=71"},{"taxonomy":"post_tag","embeddable":true,"href":"https:\/\/semmelweis.hu\/laboratorium\/wp-json\/wp\/v2\/tags?post=71"}],"curies":[{"name":"wp","href":"https:\/\/api.w.org\/{rel}","templated":true}]}}