{"id":4908,"date":"2025-06-03T16:20:12","date_gmt":"2025-06-03T14:20:12","guid":{"rendered":"https:\/\/semmelweis.hu\/laboratorium\/?page_id=4908"},"modified":"2025-06-17T08:10:04","modified_gmt":"2025-06-17T06:10:04","slug":"panaszkezeles","status":"publish","type":"page","link":"https:\/\/semmelweis.hu\/laboratorium\/panaszkezeles\/","title":{"rendered":"PANASZKEZEL\u00c9S"},"content":{"rendered":"<p>Tisztelt \u00dcgyfel\u00fcnk!<\/p>\n<p>Az ig\u00e9nybe vett szolg\u00e1ltat\u00e1sokkal kapcsolatos b\u00e1rmilyen visszajelz\u00e9s\u00e9t itt v\u00e1rjuk:<\/p>\n<div class=\"lead\"><a href=\"https:\/\/forms.office.com\/pages\/responsepage.aspx?id=uJCuuvE5TUOrpmTr1YljV7PRn0Ks9O9GvqfnhNR1UklUNUU0TFBFSDRXNzNDTUNOMjhSTzRZWEg5MS4u&amp;route=shorturl\" target=\"_blank\" rel=\"noopener\">\u00dcgyf\u00e9lkapcsolati adatlap<\/a>\u00a0<\/div>\n<div class=\"entry-content\">\n<p>\u00c9szrev\u00e9teleit el\u0151re is k\u00f6sz\u00f6nj\u00fck.<\/p>\n<p>&nbsp;<\/p>\n<p>Felh\u00edvjuk figyelm\u00e9t, hogy az \u00dcgyf\u00e9lkapcsolati Adatlap haszn\u00e1lat\u00e1ra a <a id=\"LPlnkOWA1ca16a63-82a8-2982-2aac-b7fb03591381\" href=\"https:\/\/semmelweis.hu\/jogigfoig\/dokumentumtar\/szabalyzattar\/adatvedelmi-szabalyzat\/\" target=\"_blank\" rel=\"noopener noreferrer\">Semmelweis Egyetem Adatv\u00e9delmi Szab\u00e1lyzata<\/a>\u00a0vonatkozik, melyet itt \u00e9r el:\u00a0<a id=\"LPlnk768600\" href=\"https:\/\/semmelweis.hu\/adatvedelem\/\" target=\"_blank\" rel=\"noopener noreferrer\">https:\/\/semmelweis.hu\/adatvedelem\/<\/a><\/p>\n<\/div>\n<div class=\"entry-content\">\u00a0<\/div>\n","protected":false},"excerpt":{"rendered":"<p>Tisztelt \u00dcgyfel\u00fcnk!<br \/>\nAz ig\u00e9nybe vett szolg\u00e1ltat\u00e1sokkal kapcsolatos b\u00e1rmilyen visszajelz\u00e9s\u00e9t itt v\u00e1rjuk:<br \/>\n<a href=\"https:\/\/forms.office.com\/pages\/responsepage.aspx?id=uJCuuvE5TUOrpmTr1YljV7PRn0Ks9O9GvqfnhNR1UklUNUU0TFBFSDRXNzNDTUNOMjhSTzRZWEg5MS4u&amp;route=shorturl\" target=\"_blank\" rel=\"noopener\">\u00dcgyf\u00e9lkapcsolati adatlap<\/a>\u00a0<\/p>\n<p>\u00c9szrev\u00e9teleit el\u0151re is k\u00f6sz\u00f6nj\u00fck.<br \/>\n&nbsp;<br \/>\nFelh\u00edvjuk figyelm\u00e9t, hogy az \u00dcgyf\u00e9lkapcsolati Adatlap haszn\u00e1lat\u00e1ra a <a id=\"LPlnkOWA1ca16a63-82a8-2982-2aac-b7fb03591381\" href=\"https:\/\/semmelweis.hu\/jogigfoig\/dokumentumtar\/szabalyzattar\/adatvedelmi-szabalyzat\/\" target=\"_blank\" rel=\"noopener noreferrer\">Semmelweis Egyetem Adatv\u00e9delmi Szab\u00e1lyzata<\/a>\u00a0vonatkozik, melyet itt \u00e9r el:\u00a0<a id=\"LPlnk768600\" href=\"https:\/\/semmelweis.hu\/adatvedelem\/\" target=\"_blank\" rel=\"noopener noreferrer\">https:\/\/semmelweis.hu\/adatvedelem\/<\/a><\/p>\n<p>\u00a0<\/p>\n","protected":false},"author":101692,"featured_media":0,"parent":0,"menu_order":9,"comment_status":"closed","ping_status":"closed","template":"","meta":{"_acf_changed":false,"footnotes":""},"categories":[],"tags":[],"class_list":["post-4908","page","type-page","status-publish","hentry"],"acf":[],"_links":{"self":[{"href":"https:\/\/semmelweis.hu\/laboratorium\/wp-json\/wp\/v2\/pages\/4908","targetHints":{"allow":["GET"]}}],"collection":[{"href":"https:\/\/semmelweis.hu\/laboratorium\/wp-json\/wp\/v2\/pages"}],"about":[{"href":"https:\/\/semmelweis.hu\/laboratorium\/wp-json\/wp\/v2\/types\/page"}],"author":[{"embeddable":true,"href":"https:\/\/semmelweis.hu\/laboratorium\/wp-json\/wp\/v2\/users\/101692"}],"replies":[{"embeddable":true,"href":"https:\/\/semmelweis.hu\/laboratorium\/wp-json\/wp\/v2\/comments?post=4908"}],"version-history":[{"count":3,"href":"https:\/\/semmelweis.hu\/laboratorium\/wp-json\/wp\/v2\/pages\/4908\/revisions"}],"predecessor-version":[{"id":5129,"href":"https:\/\/semmelweis.hu\/laboratorium\/wp-json\/wp\/v2\/pages\/4908\/revisions\/5129"}],"wp:attachment":[{"href":"https:\/\/semmelweis.hu\/laboratorium\/wp-json\/wp\/v2\/media?parent=4908"}],"wp:term":[{"taxonomy":"category","embeddable":true,"href":"https:\/\/semmelweis.hu\/laboratorium\/wp-json\/wp\/v2\/categories?post=4908"},{"taxonomy":"post_tag","embeddable":true,"href":"https:\/\/semmelweis.hu\/laboratorium\/wp-json\/wp\/v2\/tags?post=4908"}],"curies":[{"name":"wp","href":"https:\/\/api.w.org\/{rel}","templated":true}]}}