{"id":4688,"date":"2025-04-02T10:40:50","date_gmt":"2025-04-02T08:40:50","guid":{"rendered":"https:\/\/semmelweis.hu\/laboratorium\/?page_id=4688"},"modified":"2025-06-18T12:24:01","modified_gmt":"2025-06-18T10:24:01","slug":"kozponti-laboratorium-reumatologiai-es-immunologiai-klinika","status":"publish","type":"page","link":"https:\/\/semmelweis.hu\/laboratorium\/reszlegek\/kozponti-laboratorium-reumatologiai-es-immunologiai-klinika\/","title":{"rendered":"K\u00f6zponti Laborat\u00f3rium (Reumatol\u00f3giai \u00e9s Immunol\u00f3giai Klinika)"},"content":{"rendered":"<div>\n<div class=\"responsive-tabs\">\n<h2 class=\"tabtitle\">Laborat\u00f3rium<\/h2>\n<div class=\"tabcontent\">\n\n<p style=\"text-align: justify\"><span style=\"text-align: justify;font-size: 1rem\">Laborat\u00f3riumunk a Szent Luk\u00e1cs T\u00f6mbben, a Reumatol\u00f3giai \u00e9s Immunol\u00f3giai Klinika ter\u00fclet\u00e9n tal\u00e1lhat\u00f3, 3 szintes \u00f6n\u00e1ll\u00f3 \u00e9p\u00fcletben.<\/span><\/p>\n<p style=\"text-align: justify\"><span style=\"text-align: justify;font-size: 1rem\">F\u0151 tev\u00e9kenys\u00e9g\u00fcnk a klinika speci\u00e1lis immunol\u00f3giai fekv\u0151- \u00e9s j\u00e1r\u00f3betegeinek rutin \u00e9s s\u00fcrg\u0151ss\u00e9gi laborat\u00f3riumi ell\u00e1t\u00e1sa.<\/span><\/p>\n<p style=\"text-align: justify\"><span style=\"text-align: justify;font-size: 1rem\">Napi rutinban v\u00e9gz\u00fcnk k\u00e9mia, vizelet k\u00e9mia, hematol\u00f3gia, hemosztazeol\u00f3gia, immunk\u00e9mia, elektrofor\u00e9zis, nefelometria \u00e9s immunol\u00f3giai vizsg\u00e1latokat, valamint vizsg\u00e1lati k\u00e9r\u00e9seknek \u00e9s mennyis\u00e9gnek megfelel\u0151en speci\u00e1lis immunol\u00f3giai teszteket. Mozg\u00e1sszervi betegeink speci\u00e1lis vizsg\u00e1lat\u00e1t, a synovi\u00e1lis folyad\u00e9k sejtsz\u00e1m \u00e9s krist\u00e1ly meghat\u00e1roz\u00e1s\u00e1t szint\u00e9n rutinszer\u0171en v\u00e9gezz\u00fck. G\u00e9pparkunk p\u00e1ly\u00e1zatoknak k\u00f6sz\u00f6nhet\u0151en folyamatosan meg\u00fajul \u00e9s alkalmazkodik a leg\u00fajabb nemzetk\u00f6zi standardokhoz.<\/span><\/p>\n<div class=\"keretes w-100\">\n<p><strong style=\"text-align: justify;background-color: #f0f3f6;font-size: 1rem\">El\u00e9rhet\u0151s\u00e9gek<\/strong><\/p>\n<p><strong style=\"text-align: justify;background-color: #f0f3f6;font-size: 1rem\">Telephely:<\/strong><span style=\"text-align: justify;background-color: #f0f3f6;font-size: 1rem\">1023 Budapest, Frankel Le\u00f3 \u00fat 62\/B<\/span><\/p>\n<p><strong style=\"text-align: justify;background-color: #f0f3f6;font-size: 1rem\">Laborvezet\u0151:<\/strong><span style=\"text-align: justify;background-color: #f0f3f6;font-size: 1rem\"> Dr. Szederjesi Attila PhD<\/span><\/p>\n<p><strong style=\"background-color: #f0f3f6;font-size: 1rem\">Email:<\/strong> <span style=\"background-color: #f0f3f6;font-size: 1rem\" data-olk-copy-source=\"MessageBody\">szederjesi.attila@semmelweis.hu<\/span><\/p>\n<p><span style=\"text-align: justify;background-color: #f0f3f6;font-size: 1rem\">A laborat\u00f3rium telefonos el\u00e9rhet\u0151s\u00e9ge: 1\/438-8300 \/ 1527; 1088 mell\u00e9k<\/span><\/p>\n<\/div>\n<\/div>\n<div>\n<p>\n<\/div><h2 class=\"tabtitle\">Munkat\u00e1rsak<\/h2>\n<div class=\"tabcontent\">\n \r\n<div id=\"telefonkonyv\">\r\n  <div class=\"tel-results col-12 px-0\">\r\n      <p class=\"desc mb-1\"><span>Ha hib\u00e1s, vagy hi\u00e1nyz\u00f3 adatot tal\u00e1l, k\u00e9rj\u00fck jelezze szervezeti egys\u00e9g\u00fcnk titk\u00e1rs\u00e1g\u00e1n.<\/span><\/p>\r\n      <p class=\"desc\"><em>A telefonk\u00f6nyvben tal\u00e1lhat\u00f3 adatok nem haszn\u00e1lhat\u00f3k fel az 1995. \u00e9vi CXIX. t\u00f6rv\u00e9ny szerinti kutat\u00e1s \u00e9s k\u00f6zvetlen \u00fczletszerz\u00e9s c\u00e9lj\u00e1ra.<\/em><\/p>\r\n                <div class=\"row mx-0 mt-3 mb-3 subunit-line text-uppercase font-weight-bold \r\n                    status-SZE\">\r\n                    <div class=\"col col-12 col-md-10 pl-2 pr-0\">\r\n                        <span>Laborat\u00f3riumi Medicina Int\u00e9zet<\/span>\r\n                    <\/div>\r\n                <\/div> \r\n                <div class=\"row mx-0 mt-3 mb-3 group-line text-uppercase font-weight-bold\">\r\n                    <div class=\"col col-12 col-md-10 pl-2 pr-0\">\r\n                        <span>K\u00f6zponti Laborat\u00f3rium\u00a0(Reumatol\u00f3giai \u00e9s Immunol\u00f3giai Klinika)<\/span>\r\n                    <\/div>\r\n                <\/div> \r\n          <div class=\"row mx-0 py-2 result-line emp-leader\">\r\n            <div class=\"col col-12 px-0 \"><div class=\"row mx-0 pr-2 result-line-content align-items-center\">\r\n                        <div class=\"col-12 col-md-6 px-0 \">\r\n                            <a class=\"emp-name\" href=\"https:\/\/semmelweis.hu\/telefonkonyv?emp_id=24825\">Dr. Szederjesi Attila <\/a>\r\n                            <br \/><span class=\"emp-phone\">laborat\u00f3rium vezet\u0151<\/span><\/div>\r\n                        <div class=\"col-12 col-md-6 px-0\"><span class=\"emp-phone\"><i class=\"fa fa-phone\" aria-hidden=\"true\"><\/i>20\/3911180, <\/span><span class=\"emp-email\"><i class=\"fa fa-envelope-o\" aria-hidden=\"true\"><\/i>szederjesi.attila<i class=\"fa fa-at m-0 text-body\"><\/i>semmelweis.hu<\/span>\r\n                        <\/div>\r\n                    <\/div>\r\n                \r\n            <\/div>\r\n\r\n                <div class=\"col-12 col-md-6 px-0 d-none\"><span class=\"emp-phone\"><i class=\"fa fa-phone\" aria-hidden=\"true\"><\/i>20\/3911180, <\/span><span class=\"emp-email\"><i class=\"fa fa-envelope-o\" aria-hidden=\"true\"><\/i>szederjesi.attila<i class=\"fa fa-at m-0 text-body\"><\/i>semmelweis.hu<\/span>\r\n                <\/div>\r\n\r\n\r\n        <\/div>\r\n          <div class=\"row mx-0 py-2 result-line \">\r\n            <div class=\"col col-12 px-0 \"><div class=\"row mx-0 pr-2 result-line-content align-items-center\">\r\n                        <div class=\"col-12 col-md-6 px-0 \">\r\n                            <a class=\"emp-name\" href=\"https:\/\/semmelweis.hu\/telefonkonyv?emp_id=24828\"> Genedics-V\u00f6r\u00f6s D\u00f3ra <\/a>\r\n                            <br \/><span class=\"emp-phone\">biol\u00f3gus (jelenleg GYES-en)<\/span><\/div>\r\n                        <div class=\"col-12 col-md-6 px-0\"><span class=\"emp-email\"><i class=\"fa fa-envelope-o\" aria-hidden=\"true\"><\/i>genedics-voros.dora<i class=\"fa fa-at m-0 text-body\"><\/i>semmelweis.hu<\/span>\r\n                        <\/div>\r\n                    <\/div>\r\n                \r\n            <\/div>\r\n\r\n                <div class=\"col-12 col-md-6 px-0 d-none\"><span class=\"emp-email\"><i class=\"fa fa-envelope-o\" aria-hidden=\"true\"><\/i>genedics-voros.dora<i class=\"fa fa-at m-0 text-body\"><\/i>semmelweis.hu<\/span>\r\n                <\/div>\r\n\r\n\r\n        <\/div>\r\n          <div class=\"row mx-0 py-2 result-line \">\r\n            <div class=\"col col-12 px-0 \"><div class=\"row mx-0 pr-2 result-line-content align-items-center\">\r\n                        <div class=\"col-12 col-md-6 px-0 \">\r\n                            <a class=\"emp-name\" href=\"https:\/\/semmelweis.hu\/telefonkonyv?emp_id=26471\"> Horv\u00e1th R\u00f3bert <\/a>\r\n                            <br \/><span class=\"emp-phone\">klinikai kutat\u00f3<\/span><\/div>\r\n                        <div class=\"col-12 col-md-6 px-0\"><span class=\"emp-phone\"><i class=\"fa fa-phone\" aria-hidden=\"true\"><\/i>20\/915-4688, <\/span><span class=\"emp-email\"><i class=\"fa fa-envelope-o\" aria-hidden=\"true\"><\/i>horvath.robert<i class=\"fa fa-at m-0 text-body\"><\/i>semmelweis.hu<\/span>\r\n                        <\/div>\r\n                    <\/div>\r\n                \r\n            <\/div>\r\n\r\n                <div class=\"col-12 col-md-6 px-0 d-none\"><span class=\"emp-phone\"><i class=\"fa fa-phone\" aria-hidden=\"true\"><\/i>20\/915-4688, <\/span><span class=\"emp-email\"><i class=\"fa fa-envelope-o\" aria-hidden=\"true\"><\/i>horvath.robert<i class=\"fa fa-at m-0 text-body\"><\/i>semmelweis.hu<\/span>\r\n                <\/div>\r\n\r\n\r\n        <\/div>\r\n          <div class=\"row mx-0 py-2 result-line \">\r\n            <div class=\"col col-12 px-0 \"><div class=\"row mx-0 pr-2 result-line-content align-items-center\">\r\n                        <div class=\"col-12 col-md-6 px-0 \">\r\n                            <a class=\"emp-name\" href=\"https:\/\/semmelweis.hu\/telefonkonyv?emp_id=26470\"> Kocsis Anik\u00f3 <\/a>\r\n                            <br \/><span class=\"emp-phone\">analitikus<\/span><\/div>\r\n                        <div class=\"col-12 col-md-6 px-0\"><span class=\"emp-phone\"><i class=\"fa fa-phone\" aria-hidden=\"true\"><\/i>70\/558-9085, <\/span><span class=\"emp-email\"><i class=\"fa fa-envelope-o\" aria-hidden=\"true\"><\/i>kocsis.aniko3<i class=\"fa fa-at m-0 text-body\"><\/i>semmelweis.hu<\/span>\r\n                        <\/div>\r\n                    <\/div>\r\n                \r\n            <\/div>\r\n\r\n                <div class=\"col-12 col-md-6 px-0 d-none\"><span class=\"emp-phone\"><i class=\"fa fa-phone\" aria-hidden=\"true\"><\/i>70\/558-9085, <\/span><span class=\"emp-email\"><i class=\"fa fa-envelope-o\" aria-hidden=\"true\"><\/i>kocsis.aniko3<i class=\"fa fa-at m-0 text-body\"><\/i>semmelweis.hu<\/span>\r\n                <\/div>\r\n\r\n\r\n        <\/div>\r\n          <div class=\"row mx-0 py-2 result-line \">\r\n            <div class=\"col col-12 px-0 \"><div class=\"row mx-0 pr-2 result-line-content align-items-center\">\r\n                        <div class=\"col-12 col-md-6 px-0 \">\r\n                            <a class=\"emp-name\" href=\"https:\/\/semmelweis.hu\/telefonkonyv?emp_id=24829\"> Kov\u00e1ts Edit Hajnalka <\/a>\r\n                            <br \/><span class=\"emp-phone\">szakasszisztens<\/span><\/div>\r\n                        <div class=\"col-12 col-md-6 px-0\"><span class=\"emp-phone\"><i class=\"fa fa-phone\" aria-hidden=\"true\"><\/i>70\/3791378, <\/span><span class=\"emp-email\"><i class=\"fa fa-envelope-o\" aria-hidden=\"true\"><\/i>kovats.edit.hajnalka<i class=\"fa fa-at m-0 text-body\"><\/i>semmelweis.hu<\/span>\r\n                        <\/div>\r\n                    <\/div>\r\n                \r\n            <\/div>\r\n\r\n                <div class=\"col-12 col-md-6 px-0 d-none\"><span class=\"emp-phone\"><i class=\"fa fa-phone\" aria-hidden=\"true\"><\/i>70\/3791378, <\/span><span class=\"emp-email\"><i class=\"fa fa-envelope-o\" aria-hidden=\"true\"><\/i>kovats.edit.hajnalka<i class=\"fa fa-at m-0 text-body\"><\/i>semmelweis.hu<\/span>\r\n                <\/div>\r\n\r\n\r\n        <\/div>\r\n          <div class=\"row mx-0 py-2 result-line \">\r\n            <div class=\"col col-12 px-0 \"><div class=\"row mx-0 pr-2 result-line-content align-items-center\">\r\n                        <div class=\"col-12 col-md-6 px-0 \">\r\n                            <a class=\"emp-name\" href=\"https:\/\/semmelweis.hu\/telefonkonyv?emp_id=24826\">Dr. Lelkes G\u00e1bor <\/a>\r\n                            <br \/><span class=\"emp-phone\">szakorvos<\/span><\/div>\r\n                        <div class=\"col-12 col-md-6 px-0\"><span class=\"emp-phone\"><i class=\"fa fa-phone\" aria-hidden=\"true\"><\/i>30\/6906910, <\/span><span class=\"emp-email\"><i class=\"fa fa-envelope-o\" aria-hidden=\"true\"><\/i>lelkes.gabor<i class=\"fa fa-at m-0 text-body\"><\/i>semmelweis.hu<\/span>\r\n                        <\/div>\r\n                    <\/div>\r\n                \r\n            <\/div>\r\n\r\n                <div class=\"col-12 col-md-6 px-0 d-none\"><span class=\"emp-phone\"><i class=\"fa fa-phone\" aria-hidden=\"true\"><\/i>30\/6906910, <\/span><span class=\"emp-email\"><i class=\"fa fa-envelope-o\" aria-hidden=\"true\"><\/i>lelkes.gabor<i class=\"fa fa-at m-0 text-body\"><\/i>semmelweis.hu<\/span>\r\n                <\/div>\r\n\r\n\r\n        <\/div>\r\n          <div class=\"row mx-0 py-2 result-line \">\r\n            <div class=\"col col-12 px-0 \"><div class=\"row mx-0 pr-2 result-line-content align-items-center\">\r\n                        <div class=\"col-12 col-md-6 px-0 \">\r\n                            <a class=\"emp-name\" href=\"https:\/\/semmelweis.hu\/telefonkonyv?emp_id=24831\"> Litv\u00e1nyi Krisztina <\/a>\r\n                            <br \/><span class=\"emp-phone\">szakasszisztens (vezet\u0151)<\/span><\/div>\r\n                        <div class=\"col-12 col-md-6 px-0\"><span class=\"emp-phone\"><i class=\"fa fa-phone\" aria-hidden=\"true\"><\/i>20\/4624319, <\/span><span class=\"emp-email\"><i class=\"fa fa-envelope-o\" aria-hidden=\"true\"><\/i>litvanyi.krisztina<i class=\"fa fa-at m-0 text-body\"><\/i>semmelweis.hu<\/span>\r\n                        <\/div>\r\n                    <\/div>\r\n                \r\n            <\/div>\r\n\r\n                <div class=\"col-12 col-md-6 px-0 d-none\"><span class=\"emp-phone\"><i class=\"fa fa-phone\" aria-hidden=\"true\"><\/i>20\/4624319, <\/span><span class=\"emp-email\"><i class=\"fa fa-envelope-o\" aria-hidden=\"true\"><\/i>litvanyi.krisztina<i class=\"fa fa-at m-0 text-body\"><\/i>semmelweis.hu<\/span>\r\n                <\/div>\r\n\r\n\r\n        <\/div>\r\n          <div class=\"row mx-0 py-2 result-line \">\r\n            <div class=\"col col-12 px-0 \"><div class=\"row mx-0 pr-2 result-line-content align-items-center\">\r\n                        <div class=\"col-12 col-md-6 px-0 \">\r\n                            <a class=\"emp-name\" href=\"https:\/\/semmelweis.hu\/telefonkonyv?emp_id=15990\">Dr. Nagy Eszter <\/a>\r\n                            <br \/><span class=\"emp-phone\">biol\u00f3gus<\/span><\/div>\r\n                        <div class=\"col-12 col-md-6 px-0\"><span class=\"emp-phone\"><i class=\"fa fa-phone\" aria-hidden=\"true\"><\/i>20\/663-2595, 62094<\/span><span class=\"emp-email\"><i class=\"fa fa-envelope-o\" aria-hidden=\"true\"><\/i>nagy.eszter2<i class=\"fa fa-at m-0 text-body\"><\/i>semmelweis.hu<\/span>\r\n                        <\/div>\r\n                    <\/div>\r\n                \r\n            <\/div>\r\n\r\n                <div class=\"col-12 col-md-6 px-0 d-none\"><span class=\"emp-phone\"><i class=\"fa fa-phone\" aria-hidden=\"true\"><\/i>20\/663-2595, 62094<\/span><span class=\"emp-email\"><i class=\"fa fa-envelope-o\" aria-hidden=\"true\"><\/i>nagy.eszter2<i class=\"fa fa-at m-0 text-body\"><\/i>semmelweis.hu<\/span>\r\n                <\/div>\r\n\r\n\r\n        <\/div>\r\n          <div class=\"row mx-0 py-2 result-line \">\r\n            <div class=\"col col-12 px-0 \"><div class=\"row mx-0 pr-2 result-line-content align-items-center\">\r\n                        <div class=\"col-12 col-md-6 px-0 \">\r\n                            <a class=\"emp-name\" href=\"https:\/\/semmelweis.hu\/telefonkonyv?emp_id=24832\"> Ormain\u00e9 Karazsi Szilvia <\/a>\r\n                            <br \/><span class=\"emp-phone\">szakasszisztens<\/span><\/div>\r\n                        <div class=\"col-12 col-md-6 px-0\"><span class=\"emp-phone\"><i class=\"fa fa-phone\" aria-hidden=\"true\"><\/i>20\/2607217, <\/span><span class=\"emp-email\"><i class=\"fa fa-envelope-o\" aria-hidden=\"true\"><\/i>ormaine.karazsi.szilvia<i class=\"fa fa-at m-0 text-body\"><\/i>semmelweis.hu<\/span>\r\n                        <\/div>\r\n                    <\/div>\r\n                \r\n            <\/div>\r\n\r\n                <div class=\"col-12 col-md-6 px-0 d-none\"><span class=\"emp-phone\"><i class=\"fa fa-phone\" aria-hidden=\"true\"><\/i>20\/2607217, <\/span><span class=\"emp-email\"><i class=\"fa fa-envelope-o\" aria-hidden=\"true\"><\/i>ormaine.karazsi.szilvia<i class=\"fa fa-at m-0 text-body\"><\/i>semmelweis.hu<\/span>\r\n                <\/div>\r\n\r\n\r\n        <\/div>\r\n          <div class=\"row mx-0 py-2 result-line \">\r\n            <div class=\"col col-12 px-0 \"><div class=\"row mx-0 pr-2 result-line-content align-items-center\">\r\n                        <div class=\"col-12 col-md-6 px-0 \">\r\n                            <a class=\"emp-name\" href=\"https:\/\/semmelweis.hu\/telefonkonyv?emp_id=26230\">Dr. Papp \u00c9va Katinka <\/a>\r\n                            <br \/><span class=\"emp-phone\">klinikai orvos<\/span><\/div>\r\n                        <div class=\"col-12 col-md-6 px-0\"><span class=\"emp-email\"><i class=\"fa fa-envelope-o\" aria-hidden=\"true\"><\/i>papp.eva.katinka<i class=\"fa fa-at m-0 text-body\"><\/i>semmelweis.hu<\/span>\r\n                        <\/div>\r\n                    <\/div>\r\n                \r\n            <\/div>\r\n\r\n                <div class=\"col-12 col-md-6 px-0 d-none\"><span class=\"emp-email\"><i class=\"fa fa-envelope-o\" aria-hidden=\"true\"><\/i>papp.eva.katinka<i class=\"fa fa-at m-0 text-body\"><\/i>semmelweis.hu<\/span>\r\n                <\/div>\r\n\r\n\r\n        <\/div>\r\n          <div class=\"row mx-0 py-2 result-line \">\r\n            <div class=\"col col-12 px-0 \"><div class=\"row mx-0 pr-2 result-line-content align-items-center\">\r\n                        <div class=\"col-12 col-md-6 px-0 \">\r\n                            <a class=\"emp-name\" href=\"https:\/\/semmelweis.hu\/telefonkonyv?emp_id=24830\"> Szab\u00f3 T\u00edmea <\/a>\r\n                            <br \/><span class=\"emp-phone\">szakasszisztens<\/span><\/div>\r\n                        <div class=\"col-12 col-md-6 px-0\"><span class=\"emp-phone\"><i class=\"fa fa-phone\" aria-hidden=\"true\"><\/i>20\/4529249, <\/span><span class=\"emp-email\"><i class=\"fa fa-envelope-o\" aria-hidden=\"true\"><\/i>lengyelne.szabo.timea<i class=\"fa fa-at m-0 text-body\"><\/i>semmelweis.hu<\/span>\r\n                        <\/div>\r\n                    <\/div>\r\n                \r\n            <\/div>\r\n\r\n                <div class=\"col-12 col-md-6 px-0 d-none\"><span class=\"emp-phone\"><i class=\"fa fa-phone\" aria-hidden=\"true\"><\/i>20\/4529249, <\/span><span class=\"emp-email\"><i class=\"fa fa-envelope-o\" aria-hidden=\"true\"><\/i>lengyelne.szabo.timea<i class=\"fa fa-at m-0 text-body\"><\/i>semmelweis.hu<\/span>\r\n                <\/div>\r\n\r\n\r\n        <\/div>\r\n          <div class=\"row mx-0 py-2 result-line \">\r\n            <div class=\"col col-12 px-0 \"><div class=\"row mx-0 pr-2 result-line-content align-items-center\">\r\n                        <div class=\"col-12 col-md-6 px-0 \">\r\n                            <a class=\"emp-name\" href=\"https:\/\/semmelweis.hu\/telefonkonyv?emp_id=26468\"> Szab\u00f3 Vivien <\/a>\r\n                            <br \/><span class=\"emp-phone\">seg\u00e9dasszisztens<\/span><\/div>\r\n                        <div class=\"col-12 col-md-6 px-0\"><span class=\"emp-phone\"><i class=\"fa fa-phone\" aria-hidden=\"true\"><\/i>30\/594-7061, <\/span><span class=\"emp-email\"><i class=\"fa fa-envelope-o\" aria-hidden=\"true\"><\/i>szabo.vivien2<i class=\"fa fa-at m-0 text-body\"><\/i>semmelweis.hu<\/span>\r\n                        <\/div>\r\n                    <\/div>\r\n                \r\n            <\/div>\r\n\r\n                <div class=\"col-12 col-md-6 px-0 d-none\"><span class=\"emp-phone\"><i class=\"fa fa-phone\" aria-hidden=\"true\"><\/i>30\/594-7061, <\/span><span class=\"emp-email\"><i class=\"fa fa-envelope-o\" aria-hidden=\"true\"><\/i>szabo.vivien2<i class=\"fa fa-at m-0 text-body\"><\/i>semmelweis.hu<\/span>\r\n                <\/div>\r\n\r\n\r\n        <\/div>\r\n          <div class=\"row mx-0 py-2 result-line \">\r\n            <div class=\"col col-12 px-0 \"><div class=\"row mx-0 pr-2 result-line-content align-items-center\">\r\n                        <div class=\"col-12 col-md-6 px-0 \">\r\n                            <a class=\"emp-name\" href=\"https:\/\/semmelweis.hu\/telefonkonyv?emp_id=24833\"> Tajti Gy\u00f6ngyv\u00e9r <\/a>\r\n                            <br \/><span class=\"emp-phone\">vezet\u0151 szakasszisztens<\/span><\/div>\r\n                        <div class=\"col-12 col-md-6 px-0\"><span class=\"emp-phone\"><i class=\"fa fa-phone\" aria-hidden=\"true\"><\/i>20\/2821886, <\/span><span class=\"emp-email\"><i class=\"fa fa-envelope-o\" aria-hidden=\"true\"><\/i>tajti.gyongyver<i class=\"fa fa-at m-0 text-body\"><\/i>semmelweis.hu<\/span>\r\n                        <\/div>\r\n                    <\/div>\r\n                \r\n            <\/div>\r\n\r\n                <div class=\"col-12 col-md-6 px-0 d-none\"><span class=\"emp-phone\"><i class=\"fa fa-phone\" aria-hidden=\"true\"><\/i>20\/2821886, <\/span><span class=\"emp-email\"><i class=\"fa fa-envelope-o\" aria-hidden=\"true\"><\/i>tajti.gyongyver<i class=\"fa fa-at m-0 text-body\"><\/i>semmelweis.hu<\/span>\r\n                <\/div>\r\n\r\n\r\n        <\/div><\/div><\/div><\/p>\n<\/div><\/div>\n<\/div>\n<div class=\"lead\">\u00a0<\/div>\n<div class=\"keretes w-100\">\n<p><a href=\"https:\/\/semmelweis.hu\/laboratorium\/files\/2025\/06\/SE-AOK-LMI-MU-07_Veszforgatokonyv-SE-LMI-RIK-20250618.pdf\" target=\"_blank\" rel=\"noopener\"><strong>V\u00e9szforga<\/strong><strong>t\u00f3k\u00f6nyv labordiagnosztikai szolg\u00e1ltat\u00e1s le\u00e1ll\u00e1sa eset\u00e9re<\/strong><\/a><\/p>\n<\/div>\n","protected":false},"excerpt":{"rendered":"<p>Laborat\u00f3riumunk a Szent Luk\u00e1cs T\u00f6mbben, a Reumatol\u00f3giai \u00e9s Immunol\u00f3giai Klinika ter\u00fclet\u00e9n tal\u00e1lhat\u00f3, 3 szintes \u00f6n\u00e1ll\u00f3 \u00e9p\u00fcletben. F\u0151 tev\u00e9kenys\u00e9g\u00fcnk a klinika speci\u00e1lis immunol\u00f3giai fekv\u0151- \u00e9s j\u00e1r\u00f3betegeinek rutin \u00e9s s\u00fcrg\u0151ss\u00e9gi laborat\u00f3riumi ell\u00e1t\u00e1sa. Napi rutinban v\u00e9gz\u00fcnk k\u00e9mia, vizelet k\u00e9mia, hematol\u00f3gia, hemosztazeol\u00f3gia, immunk\u00e9mia, elektrofor\u00e9zis, nefelometria \u00e9s immunol\u00f3giai vizsg\u00e1latokat, valamint vizsg\u00e1lati k\u00e9r\u00e9seknek \u00e9s mennyis\u00e9gnek megfelel\u0151en speci\u00e1lis immunol\u00f3giai teszteket. Mozg\u00e1sszervi betegeink &hellip;<\/p>\n","protected":false},"author":101692,"featured_media":0,"parent":1466,"menu_order":10,"comment_status":"closed","ping_status":"closed","template":"","meta":{"_acf_changed":false,"footnotes":""},"categories":[],"tags":[],"class_list":["post-4688","page","type-page","status-publish","hentry"],"acf":[],"_links":{"self":[{"href":"https:\/\/semmelweis.hu\/laboratorium\/wp-json\/wp\/v2\/pages\/4688","targetHints":{"allow":["GET"]}}],"collection":[{"href":"https:\/\/semmelweis.hu\/laboratorium\/wp-json\/wp\/v2\/pages"}],"about":[{"href":"https:\/\/semmelweis.hu\/laboratorium\/wp-json\/wp\/v2\/types\/page"}],"author":[{"embeddable":true,"href":"https:\/\/semmelweis.hu\/laboratorium\/wp-json\/wp\/v2\/users\/101692"}],"replies":[{"embeddable":true,"href":"https:\/\/semmelweis.hu\/laboratorium\/wp-json\/wp\/v2\/comments?post=4688"}],"version-history":[{"count":10,"href":"https:\/\/semmelweis.hu\/laboratorium\/wp-json\/wp\/v2\/pages\/4688\/revisions"}],"predecessor-version":[{"id":5155,"href":"https:\/\/semmelweis.hu\/laboratorium\/wp-json\/wp\/v2\/pages\/4688\/revisions\/5155"}],"up":[{"embeddable":true,"href":"https:\/\/semmelweis.hu\/laboratorium\/wp-json\/wp\/v2\/pages\/1466"}],"wp:attachment":[{"href":"https:\/\/semmelweis.hu\/laboratorium\/wp-json\/wp\/v2\/media?parent=4688"}],"wp:term":[{"taxonomy":"category","embeddable":true,"href":"https:\/\/semmelweis.hu\/laboratorium\/wp-json\/wp\/v2\/categories?post=4688"},{"taxonomy":"post_tag","embeddable":true,"href":"https:\/\/semmelweis.hu\/laboratorium\/wp-json\/wp\/v2\/tags?post=4688"}],"curies":[{"name":"wp","href":"https:\/\/api.w.org\/{rel}","templated":true}]}}