{"id":4266,"date":"2024-02-06T09:11:42","date_gmt":"2024-02-06T08:11:42","guid":{"rendered":"https:\/\/semmelweis.hu\/laboratorium\/?page_id=4266"},"modified":"2025-06-04T13:27:30","modified_gmt":"2025-06-04T11:27:30","slug":"szakdolgozat-temak","status":"publish","type":"page","link":"https:\/\/semmelweis.hu\/laboratorium\/oktatas\/gradualis-kepzes-2\/szakdolgozat-temak\/","title":{"rendered":"Szakdolgozat t\u00e9m\u00e1k"},"content":{"rendered":"<div class=\"lead\">Jelenleg a Laborat\u00f3riumi Medicina Int\u00e9zetben vezetett (SE Neptunban regisztr\u00e1lt) szakdolgozati t\u00e9m\u00e1k:<\/div>\n<div>\u00a0<\/div>\n<p><strong>Risk of viral infection transmission from donor to recipient of solid organ transplantation<\/strong><\/p>\n<p style=\"padding-left: 40px\">T\u00e9mavezet\u0151: Dr. Varga Marina<\/p>\n<p style=\"padding-left: 40px\">Szakdolgoz\u00f3: Song Sion<\/p>\n<p><strong>Clinical microbiolgy of Catheter associated\u00a0 urinary tract infecton (CAUTI)<\/strong><\/p>\n<p style=\"padding-left: 40px\">T\u00e9mavezet\u0151: Dr. Krist\u00f3f Katalin<\/p>\n<p style=\"padding-left: 40px\">Szakdolgoz\u00f3: ROSTAMI SOLTANAHMADI Yashar<\/p>\n<p><strong>V\u00e9r\u00e1ramfert\u0151z\u00e9sekb\u0151l izol\u00e1lt k\u00f3rokoz\u00f3k el\u0151fordul\u00e1sa \u00f6t\u00e9ves peri\u00f3dusban (2018-2022)<\/strong><\/p>\n<p style=\"padding-left: 40px\">T\u00e9mavezet\u0151: Dr. Krist\u00f3f Katalin<\/p>\n<p style=\"padding-left: 40px\">Szakdolgoz\u00f3: Balogh Andr\u00e1s<\/p>\n<p>&nbsp;<\/p>\n<div class=\"lead\">2025-ben megv\u00e9dett szakdolgozatok:<\/div>\n<div>\n<p><strong>Microbiology of infections related to implantable cardiac devices<\/strong><\/p>\n<p style=\"padding-left: 40px\">T\u00e9mavezet\u0151: Dr. Krist\u00f3f Katalin<\/p>\n<p style=\"padding-left: 40px\">Szakdolgoz\u00f3: Turkel Cameron Mirkamil<\/p>\n<p>&nbsp;<\/p>\n<\/div>\n<div class=\"lead\">2024-ben megv\u00e9dett szakdolgozatok:<\/div>\n<div>\n<p><strong>The Challenges of Multidrug-Resistant Microorganisms in Surgical Site Infections<\/strong><\/p>\n<p style=\"padding-left: 40px\">T\u00e9mavezet\u0151: Dr. Krist\u00f3f Katalin<\/p>\n<p style=\"padding-left: 40px\">Szakdolgoz\u00f3: Muis Matilde Osaland\u00a0<\/p>\n<\/div>\n<div>\u00a0<\/div>\n<div class=\"lead\">2023-ban megv\u00e9dett szakdolgozatok:<\/div>\n<p><strong>Immunopresszi\u00f3s gy\u00f3gyszerszintek monitoroz\u00e1sa transzplant\u00e1lt betegekben<\/strong><\/p>\n<p style=\"padding-left: 40px\">T\u00e9mavezet\u0151: Dr. S\u00e1rv\u00e1ry Enik\u0151<\/p>\n<p style=\"padding-left: 40px\">Szakdolgoz\u00f3: Lov\u00e1sz Bogl\u00e1rka<\/p>\n<p><strong>Ter\u00e1pi\u00e1s gy\u00f3gyszerszint monitoroz\u00e1s hasznosul\u00e1sa az intenz\u00edv oszt\u00e1lyon (b\u00e9ta-lakt\u00e1mok)<\/strong><\/p>\n<p style=\"padding-left: 40px\">T\u00e9mavezet\u0151: Dr. Karvaly Gell\u00e9rt Bal\u00e1zs<\/p>\n<p style=\"padding-left: 40px\">Szakdolgoz\u00f3: Horv\u00e1th Krist\u00f3f<\/p>\n<p><strong>L\u00e9g\u00fati fert\u0151z\u00e9sek infekci\u00f3 specifikus molekul\u00e1ris vizsg\u00e1lata<\/strong><\/p>\n<p style=\"padding-left: 40px\">T\u00e9mavezet\u0151: Dr. Krist\u00f3f Katalin<\/p>\n<p style=\"padding-left: 40px\">Szakdolgoz\u00f3: Sluch Martina<\/p>\n","protected":false},"excerpt":{"rendered":"<p>Jelenleg a Laborat\u00f3riumi Medicina Int\u00e9zetben vezetett (SE Neptunban regisztr\u00e1lt) szakdolgozati t\u00e9m\u00e1k: \u00a0 Risk of viral infection transmission from donor to recipient of solid organ transplantation T\u00e9mavezet\u0151: Dr. Varga Marina Szakdolgoz\u00f3: Song Sion Clinical microbiolgy of Catheter associated\u00a0 urinary tract infecton (CAUTI) T\u00e9mavezet\u0151: Dr. Krist\u00f3f Katalin Szakdolgoz\u00f3: ROSTAMI SOLTANAHMADI Yashar V\u00e9r\u00e1ramfert\u0151z\u00e9sekb\u0151l izol\u00e1lt k\u00f3rokoz\u00f3k el\u0151fordul\u00e1sa \u00f6t\u00e9ves peri\u00f3dusban &hellip;<\/p>\n","protected":false},"author":101692,"featured_media":0,"parent":2103,"menu_order":3,"comment_status":"closed","ping_status":"closed","template":"","meta":{"_acf_changed":false,"footnotes":""},"categories":[],"tags":[],"class_list":["post-4266","page","type-page","status-publish","hentry"],"acf":[],"_links":{"self":[{"href":"https:\/\/semmelweis.hu\/laboratorium\/wp-json\/wp\/v2\/pages\/4266","targetHints":{"allow":["GET"]}}],"collection":[{"href":"https:\/\/semmelweis.hu\/laboratorium\/wp-json\/wp\/v2\/pages"}],"about":[{"href":"https:\/\/semmelweis.hu\/laboratorium\/wp-json\/wp\/v2\/types\/page"}],"author":[{"embeddable":true,"href":"https:\/\/semmelweis.hu\/laboratorium\/wp-json\/wp\/v2\/users\/101692"}],"replies":[{"embeddable":true,"href":"https:\/\/semmelweis.hu\/laboratorium\/wp-json\/wp\/v2\/comments?post=4266"}],"version-history":[{"count":10,"href":"https:\/\/semmelweis.hu\/laboratorium\/wp-json\/wp\/v2\/pages\/4266\/revisions"}],"predecessor-version":[{"id":5037,"href":"https:\/\/semmelweis.hu\/laboratorium\/wp-json\/wp\/v2\/pages\/4266\/revisions\/5037"}],"up":[{"embeddable":true,"href":"https:\/\/semmelweis.hu\/laboratorium\/wp-json\/wp\/v2\/pages\/2103"}],"wp:attachment":[{"href":"https:\/\/semmelweis.hu\/laboratorium\/wp-json\/wp\/v2\/media?parent=4266"}],"wp:term":[{"taxonomy":"category","embeddable":true,"href":"https:\/\/semmelweis.hu\/laboratorium\/wp-json\/wp\/v2\/categories?post=4266"},{"taxonomy":"post_tag","embeddable":true,"href":"https:\/\/semmelweis.hu\/laboratorium\/wp-json\/wp\/v2\/tags?post=4266"}],"curies":[{"name":"wp","href":"https:\/\/api.w.org\/{rel}","templated":true}]}}