{"id":4208,"date":"2023-12-21T18:19:37","date_gmt":"2023-12-21T17:19:37","guid":{"rendered":"https:\/\/semmelweis.hu\/laboratorium\/?page_id=4208"},"modified":"2025-12-11T22:35:14","modified_gmt":"2025-12-11T21:35:14","slug":"merenyi-laboratorium","status":"publish","type":"page","link":"https:\/\/semmelweis.hu\/laboratorium\/reszlegek\/merenyi-laboratorium\/","title":{"rendered":"K\u00f6zponti Laborat\u00f3rium (Mer\u00e9nyi Klinikai T\u00f6mb)"},"content":{"rendered":"<div style=\"text-align: justify\">\u00a0<\/div>\n<p style=\"text-align: justify\"><div class=\"responsive-tabs\">\n<h2 class=\"tabtitle\">Laborat\u00f3rium<\/h2>\n<div class=\"tabcontent\">\n<\/p>\n<p style=\"text-align: justify\">Laborat\u00f3riumunk a Mer\u00e9nyi klinikai t\u00f6mb ter\u00fclet\u00e9n tal\u00e1lhat\u00f3, orvosi diagnosztikai laborat\u00f3riumk\u00e9nt \u00fczemel. Vizsg\u00e1lataink k\u00f6z\u00f6tt megtal\u00e1lhat\u00f3 a legt\u00f6bb klinikai k\u00e9miai param\u00e9ter, hematol\u00f3giai-, vizelet diagnosztikai-, alap-alvad\u00e1si tesztek, valamint kardiol\u00f3giai markerek. Az orsz\u00e1gban els\u0151k\u00e9nt kezdt\u00fck el alkalmazni a Siemens c\u00e9g \u00fagynevezett kombin\u00e1lt k\u00e9miai-immunk\u00e9miai platformj\u00e1t az Atellica CI automat\u00e1t. A p\u00e1rhuzamos m\u00e9r\u00e9si m\u00f3dszer lehet\u0151v\u00e9 teszi, hogy a mint\u00e1b\u00f3l csaknem egy id\u0151ben adjunk ki k\u00e9miai \u00e9s hormon m\u00e9r\u00e9si eredm\u00e9nyeket, ez\u00e1ltal az egyetem Assziszt\u00e1lt Reprodukci\u00f3s Centruma sz\u00e1m\u00e1ra s\u00fcrg\u0151s nemi hormon m\u00e9r\u00e9si lehet\u0151s\u00e9get k\u00edn\u00e1lhatunk. Laborat\u00f3riumunkban sz\u00e1mos -orsz\u00e1gos szinten is egyed\u00fcl\u00e1ll\u00f3-, ELISA teszt elv\u00e9gz\u00e9se is a napi rutin r\u00e9sz\u00e9t k\u00e9pezi. Ezek a tesztek a biol\u00f3giai ter\u00e1pi\u00e1k gy\u00f3gyszerszint monitoroz\u00e1s\u00e1t (TDM), valamint az Alzheimer-k\u00f3r diagnosztik\u00e1j\u00e1t nagyban seg\u00edtik.<\/p>\n<p style=\"text-align: justify\">Laborat\u00f3riumunk a klinikai laborat\u00f3riumi asszisztens \u00e9s szakasszisztens k\u00e9pz\u00e9s egyik akkredit\u00e1lt k\u00e9pz\u0151helyek\u00e9nt is m\u0171k\u00f6dik.<\/p>\n<div class=\"keretes w-100\">\n<p><strong>Telephely:<\/strong> 1097 Budapest, Gy\u00e1li \u00fat 17-19.<\/p>\n<p><strong>Laborat\u00f3rium vezet\u0151:<\/strong> Kov\u00e1cs Kriszti\u00e1n<\/p>\n<p><strong>Email:<\/strong> kovacs.krisztian1@semmelweis.hu<\/p>\n<p><strong>Telefonsz\u00e1m:<\/strong> <span data-olk-copy-source=\"MessageBody\">1\/459-1500\/61032; 61033<\/span><\/p>\n<\/div>\n<p>\n<\/div><h2 class=\"tabtitle\">Munkat\u00e1rsak<\/h2>\n<div class=\"tabcontent\">\n \r\n<div id=\"telefonkonyv\">\r\n  <div class=\"tel-results col-12 px-0\">\r\n      <p class=\"desc mb-1\"><span>Ha hib\u00e1s, vagy hi\u00e1nyz\u00f3 adatot tal\u00e1l, k\u00e9rj\u00fck jelezze szervezeti egys\u00e9g\u00fcnk titk\u00e1rs\u00e1g\u00e1n.<\/span><\/p>\r\n      <p class=\"desc\"><em>A telefonk\u00f6nyvben tal\u00e1lhat\u00f3 adatok nem haszn\u00e1lhat\u00f3k fel az 1995. \u00e9vi CXIX. t\u00f6rv\u00e9ny szerinti kutat\u00e1s \u00e9s k\u00f6zvetlen \u00fczletszerz\u00e9s c\u00e9lj\u00e1ra.<\/em><\/p>\r\n                <div class=\"row mx-0 mt-3 mb-3 subunit-line text-uppercase font-weight-bold \r\n                    status-SZE\">\r\n                    <div class=\"col col-12 col-md-10 pl-2 pr-0\">\r\n                        <span>Laborat\u00f3riumi Medicina Int\u00e9zet<\/span>\r\n                    <\/div>\r\n                <\/div> \r\n                <div class=\"row mx-0 mt-3 mb-3 group-line text-uppercase font-weight-bold\">\r\n                    <div class=\"col col-12 col-md-10 pl-2 pr-0\">\r\n                        <span>K\u00f6zponti Laborat\u00f3rium (Mer\u00e9nyi Guszt\u00e1v K\u00f3rh\u00e1z)<\/span>\r\n                    <\/div>\r\n                <\/div> \r\n          <div class=\"row mx-0 py-2 result-line emp-leader\">\r\n            <div class=\"col col-12 px-0 \"><div class=\"row mx-0 pr-2 result-line-content align-items-center\">\r\n                        <div class=\"col-12 col-md-6 px-0 \">\r\n                            <a class=\"emp-name\" href=\"https:\/\/semmelweis.hu\/telefonkonyv?emp_id=16019\"> Kov\u00e1cs Kriszti\u00e1n <\/a>\r\n                            <br \/><span class=\"emp-phone\">laborat\u00f3rium vezet\u0151<\/span><\/div>\r\n                        <div class=\"col-12 col-md-6 px-0\"><span class=\"emp-phone\"><i class=\"fa fa-phone\" aria-hidden=\"true\"><\/i>20\/6663756, <\/span><span class=\"emp-email\"><i class=\"fa fa-envelope-o\" aria-hidden=\"true\"><\/i>kovacs.krisztian1<i class=\"fa fa-at m-0 text-body\"><\/i>semmelweis.hu<\/span>\r\n                        <\/div>\r\n                    <\/div>\r\n                \r\n            <\/div>\r\n\r\n                <div class=\"col-12 col-md-6 px-0 d-none\"><span class=\"emp-phone\"><i class=\"fa fa-phone\" aria-hidden=\"true\"><\/i>20\/6663756, <\/span><span class=\"emp-email\"><i class=\"fa fa-envelope-o\" aria-hidden=\"true\"><\/i>kovacs.krisztian1<i class=\"fa fa-at m-0 text-body\"><\/i>semmelweis.hu<\/span>\r\n                <\/div>\r\n\r\n\r\n        <\/div>\r\n          <div class=\"row mx-0 py-2 result-line \">\r\n            <div class=\"col col-12 px-0 \"><div class=\"row mx-0 pr-2 result-line-content align-items-center\">\r\n                        <div class=\"col-12 col-md-6 px-0 \">\r\n                            <a class=\"emp-name\" href=\"https:\/\/semmelweis.hu\/telefonkonyv?emp_id=22421\"> Csendes Ferencn\u00e9 <\/a>\r\n                            <br \/><span class=\"emp-phone\">asszisztens<\/span><\/div>\r\n                        <div class=\"col-12 col-md-6 px-0\"><span class=\"emp-phone\"><i class=\"fa fa-phone\" aria-hidden=\"true\"><\/i>61032, 61033<\/span><span class=\"emp-email\"><i class=\"fa fa-envelope-o\" aria-hidden=\"true\"><\/i>csendes.ferencne<i class=\"fa fa-at m-0 text-body\"><\/i>semmelweis.hu<\/span>\r\n                        <\/div>\r\n                    <\/div>\r\n                \r\n            <\/div>\r\n\r\n                <div class=\"col-12 col-md-6 px-0 d-none\"><span class=\"emp-phone\"><i class=\"fa fa-phone\" aria-hidden=\"true\"><\/i>61032, 61033<\/span><span class=\"emp-email\"><i class=\"fa fa-envelope-o\" aria-hidden=\"true\"><\/i>csendes.ferencne<i class=\"fa fa-at m-0 text-body\"><\/i>semmelweis.hu<\/span>\r\n                <\/div>\r\n\r\n\r\n        <\/div>\r\n          <div class=\"row mx-0 py-2 result-line \">\r\n            <div class=\"col col-12 px-0 \"><div class=\"row mx-0 pr-2 result-line-content align-items-center\">\r\n                        <div class=\"col-12 col-md-6 px-0 \">\r\n                            <a class=\"emp-name\" href=\"https:\/\/semmelweis.hu\/telefonkonyv?emp_id=22423\"> D\u00f3czin\u00e9 Mih\u00e1ly Katalin <\/a>\r\n                            <br \/><span class=\"emp-phone\">asszisztens<\/span><\/div>\r\n                        <div class=\"col-12 col-md-6 px-0\"><span class=\"emp-email\"><i class=\"fa fa-envelope-o\" aria-hidden=\"true\"><\/i>doczine.mihaly.katalin<i class=\"fa fa-at m-0 text-body\"><\/i>semmelweis.hu<\/span>\r\n                        <\/div>\r\n                    <\/div>\r\n                \r\n            <\/div>\r\n\r\n                <div class=\"col-12 col-md-6 px-0 d-none\"><span class=\"emp-email\"><i class=\"fa fa-envelope-o\" aria-hidden=\"true\"><\/i>doczine.mihaly.katalin<i class=\"fa fa-at m-0 text-body\"><\/i>semmelweis.hu<\/span>\r\n                <\/div>\r\n\r\n\r\n        <\/div>\r\n          <div class=\"row mx-0 py-2 result-line \">\r\n            <div class=\"col col-12 px-0 \"><div class=\"row mx-0 pr-2 result-line-content align-items-center\">\r\n                        <div class=\"col-12 col-md-6 px-0 \">\r\n                            <a class=\"emp-name\" href=\"https:\/\/semmelweis.hu\/telefonkonyv?emp_id=22426\"> Lip\u00f3t Andrea <\/a>\r\n                            <br \/><span class=\"emp-phone\">asszisztens<\/span><\/div>\r\n                        <div class=\"col-12 col-md-6 px-0\"><span class=\"emp-email\"><i class=\"fa fa-envelope-o\" aria-hidden=\"true\"><\/i>lipot.andrea<i class=\"fa fa-at m-0 text-body\"><\/i>semmelweis.hu<\/span>\r\n                        <\/div>\r\n                    <\/div>\r\n                \r\n            <\/div>\r\n\r\n                <div class=\"col-12 col-md-6 px-0 d-none\"><span class=\"emp-email\"><i class=\"fa fa-envelope-o\" aria-hidden=\"true\"><\/i>lipot.andrea<i class=\"fa fa-at m-0 text-body\"><\/i>semmelweis.hu<\/span>\r\n                <\/div>\r\n\r\n\r\n        <\/div>\r\n          <div class=\"row mx-0 py-2 result-line \">\r\n            <div class=\"col col-12 px-0 \"><div class=\"row mx-0 pr-2 result-line-content align-items-center\">\r\n                        <div class=\"col-12 col-md-6 px-0 \">\r\n                            <a class=\"emp-name\" href=\"https:\/\/semmelweis.hu\/telefonkonyv?emp_id=26227\"> Nemes Andrea <\/a>\r\n                            <br \/><span class=\"emp-phone\">szakasszisztens<\/span><\/div>\r\n                        <div class=\"col-12 col-md-6 px-0\"><span class=\"emp-phone\"><i class=\"fa fa-phone\" aria-hidden=\"true\"><\/i>61032, 61033<\/span><span class=\"emp-email\"><i class=\"fa fa-envelope-o\" aria-hidden=\"true\"><\/i>nemes.andrea<i class=\"fa fa-at m-0 text-body\"><\/i>semmelweis.hu<\/span>\r\n                        <\/div>\r\n                    <\/div>\r\n                \r\n            <\/div>\r\n\r\n                <div class=\"col-12 col-md-6 px-0 d-none\"><span class=\"emp-phone\"><i class=\"fa fa-phone\" aria-hidden=\"true\"><\/i>61032, 61033<\/span><span class=\"emp-email\"><i class=\"fa fa-envelope-o\" aria-hidden=\"true\"><\/i>nemes.andrea<i class=\"fa fa-at m-0 text-body\"><\/i>semmelweis.hu<\/span>\r\n                <\/div>\r\n\r\n\r\n        <\/div>\r\n          <div class=\"row mx-0 py-2 result-line \">\r\n            <div class=\"col col-12 px-0 \"><div class=\"row mx-0 pr-2 result-line-content align-items-center\">\r\n                        <div class=\"col-12 col-md-6 px-0 \">\r\n                            <a class=\"emp-name\" href=\"https:\/\/semmelweis.hu\/telefonkonyv?emp_id=14761\"> Stachmann Rich\u00e1rd <\/a>\r\n                            <br \/><span class=\"emp-phone\">klinikai laborat\u00f3riumi kutat\u00f3<\/span><\/div>\r\n                        <div class=\"col-12 col-md-6 px-0\"><span class=\"emp-phone\"><i class=\"fa fa-phone\" aria-hidden=\"true\"><\/i>62098, 62099<\/span><span class=\"emp-email\"><i class=\"fa fa-envelope-o\" aria-hidden=\"true\"><\/i>stachmann.richard<i class=\"fa fa-at m-0 text-body\"><\/i>semmelweis.hu<\/span>\r\n                        <\/div>\r\n                    <\/div>\r\n                \r\n            <\/div>\r\n\r\n                <div class=\"col-12 col-md-6 px-0 d-none\"><span class=\"emp-phone\"><i class=\"fa fa-phone\" aria-hidden=\"true\"><\/i>62098, 62099<\/span><span class=\"emp-email\"><i class=\"fa fa-envelope-o\" aria-hidden=\"true\"><\/i>stachmann.richard<i class=\"fa fa-at m-0 text-body\"><\/i>semmelweis.hu<\/span>\r\n                <\/div>\r\n\r\n\r\n        <\/div>\r\n          <div class=\"row mx-0 py-2 result-line \">\r\n            <div class=\"col col-12 px-0 \"><div class=\"row mx-0 pr-2 result-line-content align-items-center\">\r\n                        <div class=\"col-12 col-md-6 px-0 \">\r\n                            <a class=\"emp-name\" href=\"https:\/\/semmelweis.hu\/telefonkonyv?emp_id=17845\"> Sz\u0151k\u00e9n\u00e9 \u0150sz R\u00e9ka <\/a>\r\n                            <br \/><span class=\"emp-phone\">klinikai laborat\u00f3riumi kutat\u00f3<\/span><\/div>\r\n                        <div class=\"col-12 col-md-6 px-0\"><span class=\"emp-email\"><i class=\"fa fa-envelope-o\" aria-hidden=\"true\"><\/i>szokene_osz.reka<i class=\"fa fa-at m-0 text-body\"><\/i>semmelweis.hu<\/span>\r\n                        <\/div>\r\n                    <\/div>\r\n                \r\n            <\/div>\r\n\r\n                <div class=\"col-12 col-md-6 px-0 d-none\"><span class=\"emp-email\"><i class=\"fa fa-envelope-o\" aria-hidden=\"true\"><\/i>szokene_osz.reka<i class=\"fa fa-at m-0 text-body\"><\/i>semmelweis.hu<\/span>\r\n                <\/div>\r\n\r\n\r\n        <\/div><\/div><\/div><\/p>\n<\/div><\/div>\n<div class=\"keretes w-100\">\n<p><a href=\"https:\/\/semmelweis.hu\/laboratorium\/files\/2024\/10\/SE-AOK-LMI-MU-07_Veszforgatokonyv-labordiagnosztikai-szolgaltatas-leallasa-esetere_MELA.pdf\" target=\"_blank\" rel=\"noopener\"><strong>V\u00e9szforga<\/strong><strong>t\u00f3k\u00f6nyv labordiagnosztikai szolg\u00e1ltat\u00e1s le\u00e1ll\u00e1sa eset\u00e9re<\/strong><\/a><\/p>\n<\/div>\n","protected":false},"excerpt":{"rendered":"<p>\u00a0 Laborat\u00f3riumunk a Mer\u00e9nyi klinikai t\u00f6mb ter\u00fclet\u00e9n tal\u00e1lhat\u00f3, orvosi diagnosztikai laborat\u00f3riumk\u00e9nt \u00fczemel. Vizsg\u00e1lataink k\u00f6z\u00f6tt megtal\u00e1lhat\u00f3 a legt\u00f6bb klinikai k\u00e9miai param\u00e9ter, hematol\u00f3giai-, vizelet diagnosztikai-, alap-alvad\u00e1si tesztek, valamint kardiol\u00f3giai markerek. Az orsz\u00e1gban els\u0151k\u00e9nt kezdt\u00fck el alkalmazni a Siemens c\u00e9g \u00fagynevezett kombin\u00e1lt k\u00e9miai-immunk\u00e9miai platformj\u00e1t az Atellica CI automat\u00e1t. A p\u00e1rhuzamos m\u00e9r\u00e9si m\u00f3dszer lehet\u0151v\u00e9 teszi, hogy a mint\u00e1b\u00f3l csaknem &hellip;<\/p>\n","protected":false},"author":101692,"featured_media":0,"parent":1466,"menu_order":8,"comment_status":"closed","ping_status":"closed","template":"","meta":{"_acf_changed":false,"footnotes":""},"categories":[],"tags":[],"class_list":["post-4208","page","type-page","status-publish","hentry"],"acf":[],"_links":{"self":[{"href":"https:\/\/semmelweis.hu\/laboratorium\/wp-json\/wp\/v2\/pages\/4208","targetHints":{"allow":["GET"]}}],"collection":[{"href":"https:\/\/semmelweis.hu\/laboratorium\/wp-json\/wp\/v2\/pages"}],"about":[{"href":"https:\/\/semmelweis.hu\/laboratorium\/wp-json\/wp\/v2\/types\/page"}],"author":[{"embeddable":true,"href":"https:\/\/semmelweis.hu\/laboratorium\/wp-json\/wp\/v2\/users\/101692"}],"replies":[{"embeddable":true,"href":"https:\/\/semmelweis.hu\/laboratorium\/wp-json\/wp\/v2\/comments?post=4208"}],"version-history":[{"count":10,"href":"https:\/\/semmelweis.hu\/laboratorium\/wp-json\/wp\/v2\/pages\/4208\/revisions"}],"predecessor-version":[{"id":5322,"href":"https:\/\/semmelweis.hu\/laboratorium\/wp-json\/wp\/v2\/pages\/4208\/revisions\/5322"}],"up":[{"embeddable":true,"href":"https:\/\/semmelweis.hu\/laboratorium\/wp-json\/wp\/v2\/pages\/1466"}],"wp:attachment":[{"href":"https:\/\/semmelweis.hu\/laboratorium\/wp-json\/wp\/v2\/media?parent=4208"}],"wp:term":[{"taxonomy":"category","embeddable":true,"href":"https:\/\/semmelweis.hu\/laboratorium\/wp-json\/wp\/v2\/categories?post=4208"},{"taxonomy":"post_tag","embeddable":true,"href":"https:\/\/semmelweis.hu\/laboratorium\/wp-json\/wp\/v2\/tags?post=4208"}],"curies":[{"name":"wp","href":"https:\/\/api.w.org\/{rel}","templated":true}]}}