{"id":3651,"date":"2022-07-11T16:08:48","date_gmt":"2022-07-11T14:08:48","guid":{"rendered":"https:\/\/semmelweis.hu\/laboratorium\/?page_id=3651"},"modified":"2026-02-02T09:53:36","modified_gmt":"2026-02-02T08:53:36","slug":"tajekoztato","status":"publish","type":"page","link":"https:\/\/semmelweis.hu\/laboratorium\/tajekoztato\/","title":{"rendered":"T\u00e1j\u00e9koztat\u00f3"},"content":{"rendered":"<p>Tisztelt \u00c9rdekl\u0151d\u0151!<\/p>\n<p style=\"text-align: justify\">T\u00e1j\u00e9koztatjuk, hogy a Laborat\u00f3riumi Medicina Int\u00e9zet Reumatol\u00f3giai \u00e9s Immunol\u00f3giai Klinika laborat\u00f3rium\u00e1ban el\u00e9rhet\u0151 gy\u00f3gyszer specifikus IgE \u00e9s Bazofil aktiv\u00e1ci\u00f3s teszt (BAT) csak \u00e9s kiz\u00e1r\u00f3lag allergol\u00f3gus, b\u0151rgy\u00f3gy\u00e1sz, immunol\u00f3gus szakorvos \u00e1ltal ki\u00e1ll\u00edtott beutal\u00f3val \/ vizsg\u00e1lati k\u00e9r\u0151lappal ig\u00e9nyelhet\u0151 a vizsg\u00e1lat \u00e9s vizsg\u00e1lni k\u00edv\u00e1nt gy\u00f3gyszer(ek)\/allerg\u00e9nek pontos megnevez\u00e9s\u00e9vel.<\/p>\n<p style=\"text-align: justify\">Fontos:<\/p>\n<p style=\"text-align: justify\">A gy\u00f3gyszer specifikus IgE vizsg\u00e1latok palett\u00e1ja korl\u00e1tozott, err\u0151l a vizsg\u00e1lati regiszterben lehet t\u00e1j\u00e9koz\u00f3dni (<a href=\"https:\/\/semmelweis.hu\/laboratorium\/vizsgalati-regiszter\/\">https:\/\/semmelweis.hu\/laboratorium\/vizsgalati-regiszter\/<\/a>).<\/p>\n<p style=\"text-align: justify\">A BAT vizsg\u00e1lathoz el\u0151zetes egyeztet\u00e9s sz\u00fcks\u00e9ges (nagy.eszter2@semmelweis.hu).\u00a0 A vizsg\u00e1lathoz a gy\u00f3gyszert a vizsg\u00e1latk\u00e9r\u0151nek kell biztos\u00edtani. Csak porampull\u00e1k \u00e9s injekci\u00f3k vizsg\u00e1lat\u00e1t v\u00e1llaljuk. Tablett\u00e1k, kapszul\u00e1k, olajos oldatok, szirupok vizsg\u00e1lat\u00e1ra nincs lehet\u0151s\u00e9g. Immunszuppressz\u00edv-, valamint sejtoszt\u00f3d\u00e1st g\u00e1tl\u00f3 szerek szint\u00e9n nem vizsg\u00e1lhat\u00f3k. BAT vizsg\u00e1lathoz a m\u00e9hm\u00e9reg-, dar\u00e1zsm\u00e9reg-, \u00e9s f\u00f6ldimogyor\u00f3 kivonatokat a laborat\u00f3rium biztos\u00edtja.<\/p>\n","protected":false},"excerpt":{"rendered":"<p>Tisztelt \u00c9rdekl\u0151d\u0151! T\u00e1j\u00e9koztatjuk, hogy a Laborat\u00f3riumi Medicina Int\u00e9zet Reumatol\u00f3giai \u00e9s Immunol\u00f3giai Klinika laborat\u00f3rium\u00e1ban el\u00e9rhet\u0151 gy\u00f3gyszer specifikus IgE \u00e9s Bazofil aktiv\u00e1ci\u00f3s teszt (BAT) csak \u00e9s kiz\u00e1r\u00f3lag allergol\u00f3gus, b\u0151rgy\u00f3gy\u00e1sz, immunol\u00f3gus szakorvos \u00e1ltal ki\u00e1ll\u00edtott beutal\u00f3val \/ vizsg\u00e1lati k\u00e9r\u0151lappal ig\u00e9nyelhet\u0151 a vizsg\u00e1lat \u00e9s vizsg\u00e1lni k\u00edv\u00e1nt gy\u00f3gyszer(ek)\/allerg\u00e9nek pontos megnevez\u00e9s\u00e9vel. Fontos: A gy\u00f3gyszer specifikus IgE vizsg\u00e1latok palett\u00e1ja korl\u00e1tozott, err\u0151l a vizsg\u00e1lati &hellip;<\/p>\n","protected":false},"author":101692,"featured_media":0,"parent":0,"menu_order":0,"comment_status":"closed","ping_status":"closed","template":"","meta":{"_acf_changed":false,"footnotes":""},"categories":[],"tags":[],"class_list":["post-3651","page","type-page","status-publish","hentry"],"acf":[],"_links":{"self":[{"href":"https:\/\/semmelweis.hu\/laboratorium\/wp-json\/wp\/v2\/pages\/3651","targetHints":{"allow":["GET"]}}],"collection":[{"href":"https:\/\/semmelweis.hu\/laboratorium\/wp-json\/wp\/v2\/pages"}],"about":[{"href":"https:\/\/semmelweis.hu\/laboratorium\/wp-json\/wp\/v2\/types\/page"}],"author":[{"embeddable":true,"href":"https:\/\/semmelweis.hu\/laboratorium\/wp-json\/wp\/v2\/users\/101692"}],"replies":[{"embeddable":true,"href":"https:\/\/semmelweis.hu\/laboratorium\/wp-json\/wp\/v2\/comments?post=3651"}],"version-history":[{"count":4,"href":"https:\/\/semmelweis.hu\/laboratorium\/wp-json\/wp\/v2\/pages\/3651\/revisions"}],"predecessor-version":[{"id":5361,"href":"https:\/\/semmelweis.hu\/laboratorium\/wp-json\/wp\/v2\/pages\/3651\/revisions\/5361"}],"wp:attachment":[{"href":"https:\/\/semmelweis.hu\/laboratorium\/wp-json\/wp\/v2\/media?parent=3651"}],"wp:term":[{"taxonomy":"category","embeddable":true,"href":"https:\/\/semmelweis.hu\/laboratorium\/wp-json\/wp\/v2\/categories?post=3651"},{"taxonomy":"post_tag","embeddable":true,"href":"https:\/\/semmelweis.hu\/laboratorium\/wp-json\/wp\/v2\/tags?post=3651"}],"curies":[{"name":"wp","href":"https:\/\/api.w.org\/{rel}","templated":true}]}}