{"id":3182,"date":"2022-02-02T14:52:32","date_gmt":"2022-02-02T13:52:32","guid":{"rendered":"https:\/\/semmelweis.hu\/laboratorium\/?page_id=3182"},"modified":"2024-09-10T20:14:19","modified_gmt":"2024-09-10T18:14:19","slug":"oktatas-klinikaknak","status":"publish","type":"page","link":"https:\/\/semmelweis.hu\/laboratorium\/klinikaknak\/oktatas-klinikaknak\/","title":{"rendered":"Oktat\u00e1s Klinik\u00e1knak"},"content":{"rendered":"<p>&nbsp;<\/p>\n<p><strong><span style=\"font-size: 14pt\">A legjobb gyakorlat \u2013 beteg\u00e1gy melletti v\u00e9rcsoport meghat\u00e1roz\u00e1s<\/span><\/strong><\/p>\n<p>Kedves Koll\u00e9g\u00e1k!<\/p>\n<p style=\"text-align: justify\">Az elm\u00falt h\u00f3napok tapasztalata azt mutatja, hogy sz\u00fcks\u00e9g van olyan gyakorlati \u00fatmutat\u00e1sra, amely sor\u00e1n a laborat\u00f3rium munkat\u00e1rsai megmutatj\u00e1k a klinik\u00e1kon dolgoz\u00f3 orvosoknak a klinik\u00e1kon haszn\u00e1lt, v\u00e9rcsoport meghat\u00e1roz\u00e1s\u00e1ra alkalmas k\u00e1rty\u00e1k (Serafol) helyes haszn\u00e1lat\u00e1t.<\/p>\n<p>&nbsp;<\/p>\n<p><strong>Ehhez k\u00e9pz\u00e9si alkalmakat k\u00edn\u00e1ljuk fel a klinik\u00e1k munkat\u00e1rsainak:<\/strong><\/p>\n<table style=\"border-collapse: collapse;width: 100%;height: 132px\">\n<tbody>\n<tr style=\"height: 33px\">\n<td style=\"width: 33.3333%;height: 33px\"><strong>Id\u0151pont<\/strong><\/td>\n<td style=\"width: 33.3333%;height: 33px\"><strong>Helysz\u00edn<\/strong><\/td>\n<td style=\"width: 33.3333%;height: 33px\"><strong>\u00c1llapot<\/strong><\/td>\n<\/tr>\n<tr style=\"height: 33px\">\n<td style=\"width: 33.3333%;height: 33px\">Megbesz\u00e9l\u00e9s szerint<\/td>\n<td style=\"width: 33.3333%;height: 33px\"><a href=\"https:\/\/semmelweis.hu\/laboratorium\/reszlegek\/lmi-oktato-laboratorium\/\" target=\"_blank\" rel=\"noopener\">LMI oktat\u00f3 laborat\u00f3rium<\/a><\/td>\n<td style=\"width: 33.3333%;height: 33px\">V\u00e1rjuk a jelentkez\u0151ket<\/td>\n<\/tr>\n<tr style=\"height: 33px\">\n<td style=\"width: 33.3333%;height: 33px\">\u00a0<\/td>\n<td style=\"width: 33.3333%;height: 33px\">\u00a0<\/td>\n<td style=\"width: 33.3333%;height: 33px\">\u00a0<\/td>\n<\/tr>\n<tr style=\"height: 33px\">\n<td style=\"width: 33.3333%;height: 33px\">\u00a0<\/td>\n<td style=\"width: 33.3333%;height: 33px\">\u00a0<\/td>\n<td style=\"width: 33.3333%;height: 33px\">\u00a0<\/td>\n<\/tr>\n<\/tbody>\n<\/table>\n<p>&nbsp;<\/p>\n<p>LMI oktat\u00f3 laborat\u00f3rium c\u00edme: 1083 Budapest, Ill\u00e9s utca 26.<\/p>\n<p>Egy-egy alkalom 1 \u00f3r\u00e1t vesz ig\u00e9nybe. Minden alkalomra max. 5 f\u0151t v\u00e1runk.<\/p>\n<p>K\u00e9rj\u00fck, hogy az al\u00e1bbi email c\u00edmre k\u00fcldj\u00e9k jelentkez\u00e9s\u00fcket: blaha.bela@med.semmelweis-univ.hu<\/p>\n<p>&nbsp;<\/p>\n<p>\u00dcdv\u00f6zlettel:<\/p>\n<p>Dr. Feh\u00e9r Adrienn<\/p>\n<p>R\u00e9szlegvezet\u0151<br \/>\nLMI hematol\u00f3giai, hemoszt\u00e1zis<br \/>\n\u00e9s v\u00e9rcsoport szerol\u00f3giai r\u00e9szleg<br \/>\nMobil: 20\/663-2976<br \/>\nEmail: feher.adrienne@med.semmelweis-univ.hu<\/p>\n","protected":false},"excerpt":{"rendered":"<p>&nbsp; A legjobb gyakorlat \u2013 beteg\u00e1gy melletti v\u00e9rcsoport meghat\u00e1roz\u00e1s Kedves Koll\u00e9g\u00e1k! Az elm\u00falt h\u00f3napok tapasztalata azt mutatja, hogy sz\u00fcks\u00e9g van olyan gyakorlati \u00fatmutat\u00e1sra, amely sor\u00e1n a laborat\u00f3rium munkat\u00e1rsai megmutatj\u00e1k a klinik\u00e1kon dolgoz\u00f3 orvosoknak a klinik\u00e1kon haszn\u00e1lt, v\u00e9rcsoport meghat\u00e1roz\u00e1s\u00e1ra alkalmas k\u00e1rty\u00e1k (Serafol) helyes haszn\u00e1lat\u00e1t. &nbsp; Ehhez k\u00e9pz\u00e9si alkalmakat k\u00edn\u00e1ljuk fel a klinik\u00e1k munkat\u00e1rsainak: Id\u0151pont Helysz\u00edn \u00c1llapot &hellip;<\/p>\n","protected":false},"author":101692,"featured_media":0,"parent":2091,"menu_order":2,"comment_status":"closed","ping_status":"closed","template":"","meta":{"_acf_changed":false,"footnotes":""},"categories":[],"tags":[],"class_list":["post-3182","page","type-page","status-publish","hentry"],"acf":[],"_links":{"self":[{"href":"https:\/\/semmelweis.hu\/laboratorium\/wp-json\/wp\/v2\/pages\/3182","targetHints":{"allow":["GET"]}}],"collection":[{"href":"https:\/\/semmelweis.hu\/laboratorium\/wp-json\/wp\/v2\/pages"}],"about":[{"href":"https:\/\/semmelweis.hu\/laboratorium\/wp-json\/wp\/v2\/types\/page"}],"author":[{"embeddable":true,"href":"https:\/\/semmelweis.hu\/laboratorium\/wp-json\/wp\/v2\/users\/101692"}],"replies":[{"embeddable":true,"href":"https:\/\/semmelweis.hu\/laboratorium\/wp-json\/wp\/v2\/comments?post=3182"}],"version-history":[{"count":10,"href":"https:\/\/semmelweis.hu\/laboratorium\/wp-json\/wp\/v2\/pages\/3182\/revisions"}],"predecessor-version":[{"id":3184,"href":"https:\/\/semmelweis.hu\/laboratorium\/wp-json\/wp\/v2\/pages\/3182\/revisions\/3184"}],"up":[{"embeddable":true,"href":"https:\/\/semmelweis.hu\/laboratorium\/wp-json\/wp\/v2\/pages\/2091"}],"wp:attachment":[{"href":"https:\/\/semmelweis.hu\/laboratorium\/wp-json\/wp\/v2\/media?parent=3182"}],"wp:term":[{"taxonomy":"category","embeddable":true,"href":"https:\/\/semmelweis.hu\/laboratorium\/wp-json\/wp\/v2\/categories?post=3182"},{"taxonomy":"post_tag","embeddable":true,"href":"https:\/\/semmelweis.hu\/laboratorium\/wp-json\/wp\/v2\/tags?post=3182"}],"curies":[{"name":"wp","href":"https:\/\/api.w.org\/{rel}","templated":true}]}}