{"id":315,"date":"2014-04-14T11:47:36","date_gmt":"2014-04-14T09:47:36","guid":{"rendered":"http:\/\/semmelweis.hu\/laboratorium\/?page_id=315"},"modified":"2022-04-13T19:48:50","modified_gmt":"2022-04-13T17:48:50","slug":"hasznos-holnap-cimek","status":"publish","type":"page","link":"https:\/\/semmelweis.hu\/laboratorium\/oktatas\/hasznos-holnap-cimek\/","title":{"rendered":"Hasznos honlap c\u00edmek"},"content":{"rendered":"<table border=\"0\">\n<tbody>\n<tr align=\"left\" valign=\"middle\">\n<td>Magyar Laborat\u00f3riumi Diagnosztikai T\u00e1rsas\u00e1g:<\/td>\n<td align=\"left\" valign=\"middle\"><a href=\"http:\/\/www.mldt.hu\/\">http:\/\/www.mldt.hu<\/a><\/td>\n<\/tr>\n<tr align=\"left\" valign=\"middle\">\n<td>Lab Tests Online:<\/td>\n<td align=\"left\" valign=\"middle\"><a href=\"http:\/\/www.labtestonline.hu\/\">http:\/\/www.labtestonline.hu<\/a><\/td>\n<\/tr>\n<tr align=\"left\" valign=\"middle\">\n<td>International Federation of Clinical Chemistry and Laboratory Medicine (IFCC):<\/td>\n<td align=\"left\" valign=\"middle\"><a href=\"http:\/\/www.ifcc.org\/\">http:\/\/www.ifcc.org<\/a><\/td>\n<\/tr>\n<tr align=\"left\" valign=\"middle\">\n<td>European Federation of Clinical Chemistry and Laboratory Medicine (EFCC):<\/td>\n<td align=\"left\" valign=\"middle\"><a href=\"http:\/\/www.efcclm.org\/\">http:\/\/www.efcclm.org<\/a><\/td>\n<\/tr>\n<tr align=\"left\" valign=\"middle\">\n<td>P\u00e9csi Tudom\u00e1nyegyetem, \u00c1OK,\u00a0Laborat\u00f3riumi Medicina Int\u00e9zet<\/td>\n<td align=\"left\" valign=\"middle\"><a href=\"http:\/\/aok.pte.hu\/\">http:\/\/aok.pte.hu<\/a><\/td>\n<\/tr>\n<tr align=\"left\" valign=\"middle\">\n<td>Debreceni Egyetem, OEC, Laborat\u00f3riumi Medicina Int\u00e9zet:<\/td>\n<td align=\"left\" valign=\"middle\"><a href=\"http:\/\/kbmpi.deoec.hu\/\">http:\/\/kbmpi.deoec.hu<\/a><\/td>\n<\/tr>\n<tr align=\"left\" valign=\"middle\">\n<td>Szegedi Tudom\u00e1nyegyetem, \u00c1OK, Laborat\u00f3riumi Medicina Int\u00e9zet:<\/td>\n<td align=\"left\" valign=\"middle\"><a href=\"http:\/\/www.szote.u-szeged.hu.\/clab\">http:\/\/www.szote.u-szeged.hu.\/clab<\/a><\/td>\n<\/tr>\n<tr align=\"left\" valign=\"middle\">\n<td>Medical Books Free (let\u00f6lthet\u0151 szakk\u00f6nyvek):<\/td>\n<td align=\"left\" valign=\"middle\"><a href=\"http:\/\/medicalbooksfree.com\/\">http:\/\/medicalbooksfree.com<\/a><\/td>\n<\/tr>\n<\/tbody>\n<\/table>\n","protected":false},"excerpt":{"rendered":"<p>Magyar Laborat\u00f3riumi Diagnosztikai T\u00e1rsas\u00e1g:<br \/>\n<a href=\"http:\/\/www.mldt.hu\/\">http:\/\/www.mldt.hu<\/a><\/p>\n<p>Lab Tests Online:<br \/>\n<a href=\"http:\/\/www.labtestonline.hu\/\">http:\/\/www.labtestonline.hu<\/a><\/p>\n<p>International Federation of Clinical Chemistry and Laboratory Medicine (IFCC):<br \/>\n<a href=\"http:\/\/www.ifcc.org\/\">http:\/\/www.ifcc.org<\/a><\/p>\n<p>European Federation of Clinical Chemistry and Laboratory Medicine (EFCC):<br \/>\n<a href=\"http:\/\/www.efcclm.org\/\">http:\/\/www.efcclm.org<\/a><\/p>\n<p>P\u00e9csi Tudom\u00e1nyegyetem, \u00c1OK,\u00a0Laborat\u00f3riumi Medicina Int\u00e9zet<br \/>\n<a href=\"http:\/\/aok.pte.hu\/\">http:\/\/aok.pte.hu<\/a><\/p>\n<p>Debreceni Egyetem, OEC, Laborat\u00f3riumi Medicina Int\u00e9zet:<br \/>\n<a href=\"http:\/\/kbmpi.deoec.hu\/\">http:\/\/kbmpi.deoec.hu<\/a><\/p>\n<p>Szegedi Tudom\u00e1nyegyetem, \u00c1OK, Laborat\u00f3riumi Medicina Int\u00e9zet:<br \/>\n<a href=\"http:\/\/www.szote.u-szeged.hu.\/clab\">http:\/\/www.szote.u-szeged.hu.\/clab<\/a><\/p>\n<p>Medical Books Free (let\u00f6lthet\u0151 szakk\u00f6nyvek):<br \/>\n<a href=\"http:\/\/medicalbooksfree.com\/\">http:\/\/medicalbooksfree.com<\/a><\/p>\n","protected":false},"author":275,"featured_media":0,"parent":285,"menu_order":5,"comment_status":"open","ping_status":"closed","template":"onecolumn-page.php","meta":{"_acf_changed":false,"footnotes":""},"categories":[],"tags":[],"class_list":["post-315","page","type-page","status-publish","hentry"],"acf":[],"_links":{"self":[{"href":"https:\/\/semmelweis.hu\/laboratorium\/wp-json\/wp\/v2\/pages\/315","targetHints":{"allow":["GET"]}}],"collection":[{"href":"https:\/\/semmelweis.hu\/laboratorium\/wp-json\/wp\/v2\/pages"}],"about":[{"href":"https:\/\/semmelweis.hu\/laboratorium\/wp-json\/wp\/v2\/types\/page"}],"author":[{"embeddable":true,"href":"https:\/\/semmelweis.hu\/laboratorium\/wp-json\/wp\/v2\/users\/275"}],"replies":[{"embeddable":true,"href":"https:\/\/semmelweis.hu\/laboratorium\/wp-json\/wp\/v2\/comments?post=315"}],"version-history":[{"count":6,"href":"https:\/\/semmelweis.hu\/laboratorium\/wp-json\/wp\/v2\/pages\/315\/revisions"}],"predecessor-version":[{"id":1132,"href":"https:\/\/semmelweis.hu\/laboratorium\/wp-json\/wp\/v2\/pages\/315\/revisions\/1132"}],"up":[{"embeddable":true,"href":"https:\/\/semmelweis.hu\/laboratorium\/wp-json\/wp\/v2\/pages\/285"}],"wp:attachment":[{"href":"https:\/\/semmelweis.hu\/laboratorium\/wp-json\/wp\/v2\/media?parent=315"}],"wp:term":[{"taxonomy":"category","embeddable":true,"href":"https:\/\/semmelweis.hu\/laboratorium\/wp-json\/wp\/v2\/categories?post=315"},{"taxonomy":"post_tag","embeddable":true,"href":"https:\/\/semmelweis.hu\/laboratorium\/wp-json\/wp\/v2\/tags?post=315"}],"curies":[{"name":"wp","href":"https:\/\/api.w.org\/{rel}","templated":true}]}}