{"id":285,"date":"2014-04-07T20:48:20","date_gmt":"2014-04-07T18:48:20","guid":{"rendered":"http:\/\/semmelweis.hu\/laboratorium\/?page_id=285"},"modified":"2022-05-23T10:01:53","modified_gmt":"2022-05-23T08:01:53","slug":"oktatas","status":"publish","type":"page","link":"https:\/\/semmelweis.hu\/laboratorium\/oktatas\/","title":{"rendered":"Oktat\u00e1s"},"content":{"rendered":"<p style=\"text-align: justify;\">Az \u00e1ltal\u00e1nos orvosk\u00e9pz\u00e9sen bel\u00fcl a laborat\u00f3riumi medicina tant\u00e1rgy oktat\u00e1s\u00e1nak a c\u00e9lja, hogy a hallgat\u00f3k elsaj\u00e1t\u00edts\u00e1k azt a szeml\u00e9letet, aminek a r\u00e9v\u00e9n a k\u00e9s\u0151bbi gy\u00f3gy\u00edt\u00f3 munka sor\u00e1n a klinikai laborat\u00f3rium fel\u00e9 c\u00e9lzottan j\u00f3l defini\u00e1lt vizsg\u00e1lati k\u00e9rd\u00e9seket tudnak feltenni; a kapott eredm\u00e9nyeket helyesen tudj\u00e1k \u00e9rt\u00e9kelni \u00e9s be\u00e9p\u00edteni a diagnosztikus algoritmusba.<\/p>\n<p style=\"text-align: justify;\">Az oktat\u00e1s kapcs\u00e1n a hallgat\u00f3k inform\u00e1ci\u00f3t kapnak arr\u00f3l, hogy a klinikai \u201erutin\u201d laborat\u00f3riumban milyen munkafolyamat vezet az eredm\u00e9nyk\u00f6zl\u00e9sig, egyes k\u00f3rk\u00e9pek sor\u00e1n milyen laborat\u00f3riumi vizsg\u00e1latok v\u00e9gz\u00e9se indokolt \u00e9s c\u00e9lszer\u0171, a kapott laborat\u00f3riumi eredm\u00e9nyek \u00e9rt\u00e9kel\u00e9se sor\u00e1n milyen szempontokat kell figyelembe venni, megismerkedjenek a mai modern laborat\u00f3riumi elj\u00e1r\u00e1sokkal (hematol\u00f3giai- \u00e9s immunol\u00f3giai automat\u00e1k eredm\u00e9ny k\u00f6zl\u00e9sei, \u00e1raml\u00e1si citometri\u00e1s anal\u00edzisek, t\u00f6megspektrometri\u00e1s vizsg\u00e1latok, ter\u00e1pi\u00e1s gy\u00f3gyszerszint monitoroz\u00e1s, molekul\u00e1ris biol\u00f3giai vizsg\u00e1latok).<\/p>\n<ul>\n<li><strong><a href=\"https:\/\/semmelweis.hu\/laboratorium\/oktatas\/gradualis-kepzes-2\/\">Gradu\u00e1lis k\u00e9pz\u00e9s<\/a><\/strong>\n<ul class=\"children\">\n<li><a href=\"https:\/\/semmelweis.hu\/laboratorium\/oktatas\/gradualis-kepzes-2\/szakdolgozatok\/\">Laborat\u00f3riumi medicina t\u00e1rgy Orvostanhallgat\u00f3k r\u00e9sz\u00e9re<\/a><\/li>\n<li><a href=\"https:\/\/semmelweis.hu\/laboratorium\/oktatas\/gradualis-kepzes-2\/laboratoriumi-medicina-targy-gyogyszereszhallgatok-reszere\/\">Laborat\u00f3riumi medicina t\u00e1rgy Gy\u00f3gyszer\u00e9szhallgat\u00f3k r\u00e9sz\u00e9re<\/a><\/li>\n<\/ul>\n<\/li>\n<li><a href=\"https:\/\/semmelweis.hu\/laboratorium\/oktatas\/posztgradualis-kepzes\/\"><strong>Posztgradu\u00e1lis k\u00e9pz\u00e9s<\/strong><\/a>\n<ul class=\"children\">\n<li><a href=\"https:\/\/semmelweis.hu\/laboratorium\/oktatas\/posztgradualis-kepzes\/szakiranyu-tovabbkepzes\/\">Szakir\u00e1ny\u00fa tov\u00e1bbk\u00e9pz\u00e9s<\/a><\/li>\n<li><a href=\"https:\/\/semmelweis.hu\/laboratorium\/oktatas\/posztgradualis-kepzes\/szakdolgozok-asszisztensek-kepzese\/\">Szakdolgoz\u00f3k, asszisztensek k\u00e9pz\u00e9se<\/a><\/li>\n<li><a href=\"https:\/\/semmelweis.hu\/laboratorium\/oktatas\/posztgradualis-kepzes\/szakiranyu-szakkepzes\/\">Szakir\u00e1ny\u00fa szakk\u00e9pz\u00e9s<\/a><\/li>\n<li><a href=\"https:\/\/semmelweis.hu\/laboratorium\/oktatas\/posztgradualis-kepzes\/belso-tovabbkepzesek\/\">Bels\u0151 tov\u00e1bbk\u00e9pz\u00e9sek<\/a><\/li>\n<\/ul>\n<\/li>\n<li><strong><a href=\"https:\/\/semmelweis.hu\/laboratorium\/oktatas\/hallgatoi-visszajelzes\/\">Hallgat\u00f3i Visszajelz\u00e9s<\/a><\/strong>\n<ul class=\"children\">\n<li><a href=\"https:\/\/semmelweis.hu\/laboratorium\/oktatas\/hallgatoi-visszajelzes\/aok-hallgatoinak-oktatasa\/\">\u00c1OK hallgat\u00f3k oktat\u00e1sa<\/a><\/li>\n<li><a href=\"https:\/\/semmelweis.hu\/laboratorium\/oktatas\/hallgatoi-visszajelzes\/gytk-hallgatoinak-oktatasa\/\">GYTK hallgat\u00f3k oktat\u00e1sa<\/a><\/li>\n<\/ul>\n<\/li>\n<li><strong><a href=\"https:\/\/semmelweis.hu\/laboratorium\/oktatas\/kiegeszito-oktatasi-anyagok\/\">Kieg\u00e9sz\u00edt\u0151 oktat\u00e1si anyagok<\/a><\/strong><\/li>\n<li><strong><a href=\"https:\/\/semmelweis.hu\/laboratorium\/oktatas\/hasznos-holnap-cimek\/\">Hasznos honlap c\u00edmek<\/a><\/strong><\/li>\n<\/ul>\n","protected":false},"excerpt":{"rendered":"<p>Az \u00e1ltal\u00e1nos orvosk\u00e9pz\u00e9sen bel\u00fcl a laborat\u00f3riumi medicina tant\u00e1rgy oktat\u00e1s\u00e1nak a c\u00e9lja, hogy a hallgat\u00f3k elsaj\u00e1t\u00edts\u00e1k azt a szeml\u00e9letet, aminek a r\u00e9v\u00e9n a k\u00e9s\u0151bbi gy\u00f3gy\u00edt\u00f3 munka sor\u00e1n a klinikai laborat\u00f3rium fel\u00e9 c\u00e9lzottan j\u00f3l defini\u00e1lt vizsg\u00e1lati k\u00e9rd\u00e9seket tudnak feltenni; a kapott eredm\u00e9nyeket helyesen tudj\u00e1k \u00e9rt\u00e9kelni \u00e9s be\u00e9p\u00edteni a diagnosztikus algoritmusba. Az oktat\u00e1s kapcs\u00e1n a hallgat\u00f3k inform\u00e1ci\u00f3t kapnak &hellip;<\/p>\n","protected":false},"author":101692,"featured_media":0,"parent":0,"menu_order":4,"comment_status":"closed","ping_status":"closed","template":"","meta":{"_acf_changed":false,"footnotes":""},"categories":[],"tags":[],"class_list":["post-285","page","type-page","status-publish","hentry"],"acf":[],"_links":{"self":[{"href":"https:\/\/semmelweis.hu\/laboratorium\/wp-json\/wp\/v2\/pages\/285","targetHints":{"allow":["GET"]}}],"collection":[{"href":"https:\/\/semmelweis.hu\/laboratorium\/wp-json\/wp\/v2\/pages"}],"about":[{"href":"https:\/\/semmelweis.hu\/laboratorium\/wp-json\/wp\/v2\/types\/page"}],"author":[{"embeddable":true,"href":"https:\/\/semmelweis.hu\/laboratorium\/wp-json\/wp\/v2\/users\/101692"}],"replies":[{"embeddable":true,"href":"https:\/\/semmelweis.hu\/laboratorium\/wp-json\/wp\/v2\/comments?post=285"}],"version-history":[{"count":8,"href":"https:\/\/semmelweis.hu\/laboratorium\/wp-json\/wp\/v2\/pages\/285\/revisions"}],"predecessor-version":[{"id":3592,"href":"https:\/\/semmelweis.hu\/laboratorium\/wp-json\/wp\/v2\/pages\/285\/revisions\/3592"}],"wp:attachment":[{"href":"https:\/\/semmelweis.hu\/laboratorium\/wp-json\/wp\/v2\/media?parent=285"}],"wp:term":[{"taxonomy":"category","embeddable":true,"href":"https:\/\/semmelweis.hu\/laboratorium\/wp-json\/wp\/v2\/categories?post=285"},{"taxonomy":"post_tag","embeddable":true,"href":"https:\/\/semmelweis.hu\/laboratorium\/wp-json\/wp\/v2\/tags?post=285"}],"curies":[{"name":"wp","href":"https:\/\/api.w.org\/{rel}","templated":true}]}}