{"id":2722,"date":"2021-02-05T16:24:00","date_gmt":"2021-02-05T15:24:00","guid":{"rendered":"https:\/\/semmelweis.hu\/laboratorium\/?page_id=2722"},"modified":"2025-12-11T22:39:02","modified_gmt":"2025-12-11T21:39:02","slug":"kutatolaboratorium-bhk","status":"publish","type":"page","link":"https:\/\/semmelweis.hu\/laboratorium\/reszlegek\/kutatolaboratorium-bhk\/","title":{"rendered":"K\u00f6zponti Rakt\u00e1r"},"content":{"rendered":"<p>A K\u00f6zponti rakt\u00e1r a Laborat\u00f3riumi Medicina Int\u00e9zet fogy\u00f3anyagainak kezel\u00e9s\u00e9t int\u00e9zi.<\/p>\n<p>&nbsp;<\/p>\n<div class=\"keretes w-100\">\n<p><strong>El\u00e9rhet\u0151s\u00e9gek<\/strong><\/p>\n<p><strong>Telephely: <\/strong>1083 Budapest, Ill\u00e9s utca 26<\/p>\n<p><strong>Rakt\u00e1ros:<\/strong> Cs\u00e1sz\u00e1r Gerg\u0151<\/p>\n<p><strong>Email:<\/strong> csaszar.gergo@semmelweis.hu<\/p>\n<p>A rakt\u00e1r telefonos el\u00e9rhet\u0151s\u00e9ge: 20\/670-1325<\/p>\n<\/div>\n","protected":false},"excerpt":{"rendered":"<p>A K\u00f6zponti rakt\u00e1r a Laborat\u00f3riumi Medicina Int\u00e9zet fogy\u00f3anyagainak kezel\u00e9s\u00e9t int\u00e9zi.<br \/>\n&nbsp;<\/p>\n<p>El\u00e9rhet\u0151s\u00e9gek<br \/>\nTelephely: 1083 Budapest, Ill\u00e9s utca 26<br \/>\nRakt\u00e1ros: Cs\u00e1sz\u00e1r Gerg\u0151<br \/>\nEmail: csaszar.gergo@semmelweis.hu<br \/>\nA rakt\u00e1r telefonos el\u00e9rhet\u0151s\u00e9ge: 20\/670-1325<\/p>\n","protected":false},"author":101692,"featured_media":0,"parent":1466,"menu_order":13,"comment_status":"closed","ping_status":"closed","template":"","meta":{"_acf_changed":false,"footnotes":""},"categories":[],"tags":[],"class_list":["post-2722","page","type-page","status-publish","hentry"],"acf":[],"_links":{"self":[{"href":"https:\/\/semmelweis.hu\/laboratorium\/wp-json\/wp\/v2\/pages\/2722","targetHints":{"allow":["GET"]}}],"collection":[{"href":"https:\/\/semmelweis.hu\/laboratorium\/wp-json\/wp\/v2\/pages"}],"about":[{"href":"https:\/\/semmelweis.hu\/laboratorium\/wp-json\/wp\/v2\/types\/page"}],"author":[{"embeddable":true,"href":"https:\/\/semmelweis.hu\/laboratorium\/wp-json\/wp\/v2\/users\/101692"}],"replies":[{"embeddable":true,"href":"https:\/\/semmelweis.hu\/laboratorium\/wp-json\/wp\/v2\/comments?post=2722"}],"version-history":[{"count":7,"href":"https:\/\/semmelweis.hu\/laboratorium\/wp-json\/wp\/v2\/pages\/2722\/revisions"}],"predecessor-version":[{"id":4912,"href":"https:\/\/semmelweis.hu\/laboratorium\/wp-json\/wp\/v2\/pages\/2722\/revisions\/4912"}],"up":[{"embeddable":true,"href":"https:\/\/semmelweis.hu\/laboratorium\/wp-json\/wp\/v2\/pages\/1466"}],"wp:attachment":[{"href":"https:\/\/semmelweis.hu\/laboratorium\/wp-json\/wp\/v2\/media?parent=2722"}],"wp:term":[{"taxonomy":"category","embeddable":true,"href":"https:\/\/semmelweis.hu\/laboratorium\/wp-json\/wp\/v2\/categories?post=2722"},{"taxonomy":"post_tag","embeddable":true,"href":"https:\/\/semmelweis.hu\/laboratorium\/wp-json\/wp\/v2\/tags?post=2722"}],"curies":[{"name":"wp","href":"https:\/\/api.w.org\/{rel}","templated":true}]}}