{"id":2221,"date":"2019-12-19T14:27:51","date_gmt":"2019-12-19T13:27:51","guid":{"rendered":"http:\/\/semmelweis.hu\/laboratorium\/?page_id=2221"},"modified":"2024-09-01T14:21:42","modified_gmt":"2024-09-01T12:21:42","slug":"liebe-kolleginnen-und-kollegen","status":"publish","type":"page","link":"https:\/\/semmelweis.hu\/laboratorium\/deustch\/liebe-kolleginnen-und-kollegen\/","title":{"rendered":"Medizinisches Programm"},"content":{"rendered":"<div class=\"lead\" style=\"text-align: justify\">Das Curriculum f\u00fcr Labormedizin basiert auf Kenntnissen, die w\u00e4hrend des Studiums der Pathophysiologie im dritten Jahr erworben wurden. Das Hauptziel besteht darin, einige Ansatz- und Diagnosealgorithmen vorzustellen, die f\u00fcr eine effiziente Testreihenfolge und Auswertung der Labortestergebnisse erforderlich sind. Im Rahmen der Ausbildung erhalten die Studierenden Informationen zu:<\/div>\n<ul style=\"list-style-type: square\">\n<li style=\"text-align: justify\">das Verfahren, mit dem Labortestergebnisse generiert werden (von der Testbestellung bis zu Laborberichten)<\/li>\n<li style=\"text-align: justify\">Laboruntersuchungen zur Diagnosestellung<\/li>\n<li style=\"text-align: justify\">die Hauptaspekte, die die \u00c4rzte bei der Auswertung eines Laborberichts ber\u00fccksichtigen sollten<\/li>\n<li style=\"text-align: justify\">neuartige Techniken, die im allgemeinen Labor angewendet werden (mit ihren Nachteilen und Vorteilen).<\/li>\n<\/ul>\n<p style=\"text-align: justify\">W\u00e4hrend des Trainings besprechen die Studenten und ihre Tutoren reale klinische Patientenbeispiele basierend auf ihrer Innere Medizin Kenntnisse.<\/p>\n<div class=\"fontos_div\">\n<p><a href=\"https:\/\/semmelweis.hu\/laboratorium\/files\/2023\/09\/Tantargyi-kovetelmenyrendszer-Labormedizin_2023_24.pdf\" target=\"_blank\" rel=\"noopener\"><strong>ANFORDERUNGSDATENBLATT<\/strong><\/a><\/p>\n<\/div>\n<p><strong>Wenn Sie mehr \u00fcber die Arbeit am Institut f\u00fcr Labormedizin erfahren m\u00f6chten:<\/strong><\/p>\n<ul style=\"list-style-type: square\">\n<li><a href=\"https:\/\/www.youtube.com\/watch?v=IJtCOVSfrSI\" target=\"_blank\" rel=\"noopener noreferrer\">Presentation of the Laboratory I.<\/a><\/li>\n<li><a href=\"https:\/\/www.youtube.com\/watch?v=O6-XlkBBqOk&amp;feature=youtu.be\" target=\"_blank\" rel=\"noopener noreferrer\">Presentation of the Laboratory II.<\/a><\/li>\n<li><a href=\"https:\/\/semmelweis.hu\/laboratorium\/files\/2020\/05\/Praktikum-Labormedizin-2020.pdf\" target=\"_blank\" rel=\"noopener noreferrer\">Praktikum Labormedizin<\/a><\/li>\n<\/ul>\n<div class=\"keretes w-100\">\n<p style=\"text-align: justify\"><strong>Wenn Sie Fragen im Zusammenhang mit dem Unterricht haben schreiben Sie bitte uns:<\/strong><\/p>\n<p>Dr. Mikl\u00f3s Moln\u00e1r (<a href=\"mailto:molnar.miklos_g@med.semmelweis-univ.hu\">molnar.miklos_g@semmelweis.hu<\/a>), oder<br \/>\nDr. T\u00fcnde Kriston (<a href=\"mailto:kriston.tunde@med.semmelweis-univ.hu\">kriston.tunde@semmelweis.hu<\/a>)<\/p>\n<\/div>\n","protected":false},"excerpt":{"rendered":"<p>Das Curriculum f\u00fcr Labormedizin basiert auf Kenntnissen, die w\u00e4hrend des Studiums der Pathophysiologie im dritten Jahr erworben wurden. Das Hauptziel besteht darin, einige Ansatz- und Diagnosealgorithmen vorzustellen, die f\u00fcr eine effiziente Testreihenfolge und Auswertung der Labortestergebnisse erforderlich sind. Im Rahmen der Ausbildung erhalten die Studierenden Informationen zu: das Verfahren, mit dem Labortestergebnisse generiert werden (von &hellip;<\/p>\n","protected":false},"author":101692,"featured_media":0,"parent":99,"menu_order":1,"comment_status":"closed","ping_status":"closed","template":"","meta":{"_acf_changed":false,"footnotes":""},"categories":[],"tags":[],"class_list":["post-2221","page","type-page","status-publish","hentry"],"acf":[],"_links":{"self":[{"href":"https:\/\/semmelweis.hu\/laboratorium\/wp-json\/wp\/v2\/pages\/2221","targetHints":{"allow":["GET"]}}],"collection":[{"href":"https:\/\/semmelweis.hu\/laboratorium\/wp-json\/wp\/v2\/pages"}],"about":[{"href":"https:\/\/semmelweis.hu\/laboratorium\/wp-json\/wp\/v2\/types\/page"}],"author":[{"embeddable":true,"href":"https:\/\/semmelweis.hu\/laboratorium\/wp-json\/wp\/v2\/users\/101692"}],"replies":[{"embeddable":true,"href":"https:\/\/semmelweis.hu\/laboratorium\/wp-json\/wp\/v2\/comments?post=2221"}],"version-history":[{"count":11,"href":"https:\/\/semmelweis.hu\/laboratorium\/wp-json\/wp\/v2\/pages\/2221\/revisions"}],"predecessor-version":[{"id":4457,"href":"https:\/\/semmelweis.hu\/laboratorium\/wp-json\/wp\/v2\/pages\/2221\/revisions\/4457"}],"up":[{"embeddable":true,"href":"https:\/\/semmelweis.hu\/laboratorium\/wp-json\/wp\/v2\/pages\/99"}],"wp:attachment":[{"href":"https:\/\/semmelweis.hu\/laboratorium\/wp-json\/wp\/v2\/media?parent=2221"}],"wp:term":[{"taxonomy":"category","embeddable":true,"href":"https:\/\/semmelweis.hu\/laboratorium\/wp-json\/wp\/v2\/categories?post=2221"},{"taxonomy":"post_tag","embeddable":true,"href":"https:\/\/semmelweis.hu\/laboratorium\/wp-json\/wp\/v2\/tags?post=2221"}],"curies":[{"name":"wp","href":"https:\/\/api.w.org\/{rel}","templated":true}]}}