{"id":2128,"date":"2019-11-28T13:59:58","date_gmt":"2019-11-28T12:59:58","guid":{"rendered":"http:\/\/semmelweis.hu\/laboratorium\/?page_id=2128"},"modified":"2022-04-14T10:37:13","modified_gmt":"2022-04-14T08:37:13","slug":"szakdolgozok-asszisztensek-kepzese","status":"publish","type":"page","link":"https:\/\/semmelweis.hu\/laboratorium\/oktatas\/posztgradualis-kepzes\/szakdolgozok-asszisztensek-kepzese\/","title":{"rendered":"Szakdolgoz\u00f3k, asszisztensek k\u00e9pz\u00e9se"},"content":{"rendered":"<p style=\"text-align: justify\">A m\u0171k\u00f6d\u00e9si k\u00e1rtya lej\u00e1rata szerint kreditpontos k\u00e9pz\u00e9si sorrendet \u00e1ll\u00edtanak fel a laborat\u00f3riumok vezet\u0151 asszisztensei. Lehet\u0151s\u00e9g szerint ennek megfelel\u0151en \u2013 a folyamatos, min\u0151s\u00e9gi szakmai munk\u00e1t biztos\u00edtva \u2013, els\u0151sorban az ingyenes tov\u00e1bbk\u00e9pz\u00e9seket ig\u00e9nybe v\u00e9ve, a szakdolgoz\u00f3k a k\u00e9pz\u00e9seken folyamatosan vesznek r\u00e9szt.<\/p>\n<div class=\"responsive-tabs\">\n<h2 class=\"tabtitle\">Tanfolyam szakdolgoz\u00f3k sz\u00e1m\u00e1ra<\/h2>\n<div class=\"tabcontent\">\n\n<div class=\"entry-content\">\n<div class=\"download-attachments\">\n<ul class=\"da-attachments-list\">\n<li class=\"pdf\"><img decoding=\"async\" class=\"attachment-icon\" src=\"https:\/\/semmelweis.hu\/laboratorium\/wp-content\/plugins\/download-attachments\/images\/ext\/pdf.gif\" alt=\"pdf\" \/>\u00a0<a class=\"attachment-link\" href=\"https:\/\/semmelweis.hu\/laboratorium\/download-attachment\/948\" target=\"_blank\" rel=\"noopener\">Krist\u00f3f Katalin &#8211; Modern diagnosztikai elj\u00e1r\u00e1sok a klinikai mikrobiol\u00f3gi\u00e1ban<\/a><br \/>\n<span class=\"attachment-size\"><span class=\"attachment-label\">F\u00e1jl m\u00e9ret:<\/span>\u00a02 MB<\/span>\u00a0<span class=\"attachment-downloads\"><span class=\"attachment-label\">Let\u00f6lt\u00e9sek:<\/span>\u00a02759<\/span><\/li>\n<li class=\"pdf\"><img decoding=\"async\" class=\"attachment-icon\" src=\"https:\/\/semmelweis.hu\/laboratorium\/wp-content\/plugins\/download-attachments\/images\/ext\/pdf.gif\" alt=\"pdf\" \/>\u00a0<a class=\"attachment-link\" href=\"https:\/\/semmelweis.hu\/laboratorium\/download-attachment\/949\" target=\"_blank\" rel=\"noopener\">Dr. Imreh \u00c9va &#8211; Immunk\u00e9miai vizsg\u00e1latok<\/a><br \/>\n<span class=\"attachment-size\"><span class=\"attachment-label\">F\u00e1jl m\u00e9ret:<\/span>\u00a05 MB<\/span>\u00a0<span class=\"attachment-downloads\"><span class=\"attachment-label\">Let\u00f6lt\u00e9sek:<\/span>\u00a05800<\/span><\/li>\n<li class=\"pdf\"><img decoding=\"async\" class=\"attachment-icon\" src=\"https:\/\/semmelweis.hu\/laboratorium\/wp-content\/plugins\/download-attachments\/images\/ext\/pdf.gif\" alt=\"pdf\" \/>\u00a0<a class=\"attachment-link\" href=\"https:\/\/semmelweis.hu\/laboratorium\/download-attachment\/969\" target=\"_blank\" rel=\"noopener\">Forczig M\u00f3nika, Dr. Gad\u00f3 Kl\u00e1ra, Dr. Domj\u00e1n Gyula &#8211; Thrombosis-k\u00e9szs\u00e9get fokoz\u00f3 t\u00e9nyez\u0151k \u00e9s genetikai elv\u00e1ltoz\u00e1sok a thromboemboli\u00e1s megbeteged\u00e9sek h\u00e1tter\u00e9ben<\/a><br \/>\n<span class=\"attachment-size\"><span class=\"attachment-label\">F\u00e1jl m\u00e9ret:<\/span>\u00a0520 KB<\/span>\u00a0<span class=\"attachment-downloads\"><span class=\"attachment-label\">Let\u00f6lt\u00e9sek:<\/span>\u00a02006<\/span><\/li>\n<li class=\"pdf\"><img decoding=\"async\" class=\"attachment-icon\" src=\"https:\/\/semmelweis.hu\/laboratorium\/wp-content\/plugins\/download-attachments\/images\/ext\/pdf.gif\" alt=\"pdf\" \/>\u00a0<a class=\"attachment-link\" href=\"https:\/\/semmelweis.hu\/laboratorium\/download-attachment\/970\" target=\"_blank\" rel=\"noopener\">Dr. Karvaly Gell\u00e9rt Bal\u00e1zs &#8211; A t\u00f6megspektrometria alapjai \u00e9s alkalmaz\u00e1si k\u00f6re a laborat\u00f3riumi diagnosztik\u00e1ban<\/a><br \/>\n<span class=\"attachment-size\"><span class=\"attachment-label\">F\u00e1jl m\u00e9ret:<\/span>\u00a03 MB<\/span>\u00a0<span class=\"attachment-downloads\"><span class=\"attachment-label\">Let\u00f6lt\u00e9sek:<\/span>\u00a06376<\/span><\/li>\n<li class=\"pdf\"><img decoding=\"async\" class=\"attachment-icon\" src=\"https:\/\/semmelweis.hu\/laboratorium\/wp-content\/plugins\/download-attachments\/images\/ext\/pdf.gif\" alt=\"pdf\" \/>\u00a0<a class=\"attachment-link\" href=\"https:\/\/semmelweis.hu\/laboratorium\/download-attachment\/971\" target=\"_blank\" rel=\"noopener\">Dr. Kocsis Ibolya &#8211; Indik\u00e1torok alkalmaz\u00e1sa a labordiagnosztikai elj\u00e1r\u00e1sok min\u0151s\u00e9gbiztos\u00edt\u00e1s\u00e1ban<\/a><br \/>\n<span class=\"attachment-size\"><span class=\"attachment-label\">F\u00e1jl m\u00e9ret:<\/span>\u00a01 MB<\/span>\u00a0<span class=\"attachment-downloads\"><span class=\"attachment-label\">Let\u00f6lt\u00e9sek:<\/span>\u00a01831<\/span><\/li>\n<li class=\"pdf\"><img decoding=\"async\" class=\"attachment-icon\" src=\"https:\/\/semmelweis.hu\/laboratorium\/wp-content\/plugins\/download-attachments\/images\/ext\/pdf.gif\" alt=\"pdf\" \/>\u00a0<a class=\"attachment-link\" href=\"https:\/\/semmelweis.hu\/laboratorium\/download-attachment\/972\" target=\"_blank\" rel=\"noopener\">Dr. Feh\u00e9r Adrienne &#8211; Betegbiztons\u00e1g az orvosi laborat\u00f3riumban \u00e9s a transzfuziol\u00f3gia ter\u00fclet\u00e9n<\/a><br \/>\n<span class=\"attachment-size\"><span class=\"attachment-label\">F\u00e1jl m\u00e9ret:<\/span>\u00a01 MB<\/span>\u00a0<span class=\"attachment-downloads\"><span class=\"attachment-label\">Let\u00f6lt\u00e9sek:<\/span>\u00a02834<\/span><\/li>\n<li class=\"pdf\"><img decoding=\"async\" class=\"attachment-icon\" src=\"https:\/\/semmelweis.hu\/laboratorium\/wp-content\/plugins\/download-attachments\/images\/ext\/pdf.gif\" alt=\"pdf\" \/>\u00a0<a class=\"attachment-link\" href=\"https:\/\/semmelweis.hu\/laboratorium\/download-attachment\/973\" target=\"_blank\" rel=\"noopener\">Dr. Ostorh\u00e1zi Eszter &#8211; Szexu\u00e1lis \u00faton terjed\u0151 k\u00f3rokoz\u00f3k diagnosztik\u00e1j\u00e1nak saj\u00e1toss\u00e1gai<\/a><br \/>\n<span class=\"attachment-size\"><span class=\"attachment-label\">F\u00e1jl m\u00e9ret:<\/span>\u00a03 MB<\/span>\u00a0<span class=\"attachment-downloads\"><span class=\"attachment-label\">Let\u00f6lt\u00e9sek:<\/span>\u00a06381<\/span><\/li>\n<li class=\"pdf\"><img decoding=\"async\" class=\"attachment-icon\" src=\"https:\/\/semmelweis.hu\/laboratorium\/wp-content\/plugins\/download-attachments\/images\/ext\/pdf.gif\" alt=\"pdf\" \/>\u00a0<a class=\"attachment-link\" href=\"https:\/\/semmelweis.hu\/laboratorium\/download-attachment\/976\" target=\"_blank\" rel=\"noopener\">Dr. S\u00e1rv\u00e1ry Enik\u0151 &#8211; Szem\u00e9lyre szabott gy\u00f3gyszerel\u00e9s a gy\u00f3gyszerszint monitoroz\u00e1s f\u00fcggv\u00e9ny\u00e9ben<\/a><br \/>\n<span class=\"attachment-size\"><span class=\"attachment-label\">F\u00e1jl m\u00e9ret:<\/span>\u00a010 MB<\/span>\u00a0<span class=\"attachment-downloads\"><span class=\"attachment-label\">Let\u00f6lt\u00e9sek:<\/span>\u00a03058<\/span><\/li>\n<li class=\"pdf\"><img decoding=\"async\" class=\"attachment-icon\" src=\"https:\/\/semmelweis.hu\/laboratorium\/wp-content\/plugins\/download-attachments\/images\/ext\/pdf.gif\" alt=\"pdf\" \/>\u00a0<a class=\"attachment-link\" href=\"https:\/\/semmelweis.hu\/laboratorium\/download-attachment\/977\" target=\"_blank\" rel=\"noopener\">Dr. Varga Marina &#8211; Laborat\u00f3riumi diagnosztika szerepe a m\u00e1jbetegs\u00e9gekben<\/a><br \/>\n<span class=\"attachment-size\"><span class=\"attachment-label\">F\u00e1jl m\u00e9ret:<\/span>\u00a05 MB<\/span>\u00a0<span class=\"attachment-downloads\"><span class=\"attachment-label\">Let\u00f6lt\u00e9sek:<\/span>\u00a04529<\/span><\/li>\n<li class=\"pdf\"><img decoding=\"async\" class=\"attachment-icon\" src=\"https:\/\/semmelweis.hu\/laboratorium\/wp-content\/plugins\/download-attachments\/images\/ext\/pdf.gif\" alt=\"pdf\" \/>\u00a0<a class=\"attachment-link\" href=\"https:\/\/semmelweis.hu\/laboratorium\/download-attachment\/979\" target=\"_blank\" rel=\"noopener\">V\u00e1s\u00e1rhelyi Barna &#8211; Hemoglobin A1c \u00e9s frukt\u00f3zamin<\/a><br \/>\n<span class=\"attachment-size\"><span class=\"attachment-label\">F\u00e1jl m\u00e9ret:<\/span>\u00a01 MB<\/span>\u00a0<span class=\"attachment-downloads\"><span class=\"attachment-label\">Let\u00f6lt\u00e9sek:<\/span>\u00a03769<\/span><\/li>\n<\/ul>\n<\/div>\n<\/div>\n\n<\/div><h2 class=\"tabtitle\">Asszisztensi tov\u00e1bbk\u00e9pz\u00e9s<\/h2>\n<div class=\"tabcontent\">\n\n<div class=\"entry-content\">\n<div class=\"download-attachments\">\n<ul class=\"da-attachments-list\">\n<li class=\"pdf\"><img decoding=\"async\" class=\"attachment-icon\" src=\"https:\/\/semmelweis.hu\/laboratorium\/wp-content\/plugins\/download-attachments\/images\/ext\/pdf.gif\" alt=\"pdf\" \/>\u00a0<a class=\"attachment-link\" href=\"https:\/\/semmelweis.hu\/laboratorium\/download-attachment\/1232\" target=\"_blank\" rel=\"noopener\">Kocsis Ibolya &#8211; Sz\u00e9nhidr\u00e1tanyagcsere<\/a><br \/>\n<span class=\"attachment-size\"><span class=\"attachment-label\">F\u00e1jl m\u00e9ret:<\/span>\u00a01 MB<\/span>\u00a0<span class=\"attachment-downloads\"><span class=\"attachment-label\">Let\u00f6lt\u00e9sek:<\/span>\u00a01471<\/span><\/li>\n<li class=\"pdf\"><img decoding=\"async\" class=\"attachment-icon\" src=\"https:\/\/semmelweis.hu\/laboratorium\/wp-content\/plugins\/download-attachments\/images\/ext\/pdf.gif\" alt=\"pdf\" \/>\u00a0<a class=\"attachment-link\" href=\"https:\/\/semmelweis.hu\/laboratorium\/download-attachment\/1233\" target=\"_blank\" rel=\"noopener\">Kocsis Ibolya &#8211; Vas \u00e9s feh\u00e9rj\u00e9k<\/a><br \/>\n<span class=\"attachment-size\"><span class=\"attachment-label\">F\u00e1jl m\u00e9ret:<\/span>\u00a0714 KB<\/span>\u00a0<span class=\"attachment-downloads\"><span class=\"attachment-label\">Let\u00f6lt\u00e9sek:<\/span>\u00a02195<\/span><\/li>\n<li class=\"pdf\"><img decoding=\"async\" class=\"attachment-icon\" src=\"https:\/\/semmelweis.hu\/laboratorium\/wp-content\/plugins\/download-attachments\/images\/ext\/pdf.gif\" alt=\"pdf\" \/>\u00a0<a class=\"attachment-link\" href=\"https:\/\/semmelweis.hu\/laboratorium\/download-attachment\/1234\" target=\"_blank\" rel=\"noopener\">Kocsis Ibolya &#8211; Vizelet markerek SeptikusvsNonSzeptikus<\/a><br \/>\n<span class=\"attachment-size\"><span class=\"attachment-label\">F\u00e1jl m\u00e9ret:<\/span>\u00a01 MB<\/span>\u00a0<span class=\"attachment-downloads\"><span class=\"attachment-label\">Let\u00f6lt\u00e9sek:<\/span>\u00a01203<\/span><\/li>\n<li class=\"pdf\"><img decoding=\"async\" class=\"attachment-icon\" src=\"https:\/\/semmelweis.hu\/laboratorium\/wp-content\/plugins\/download-attachments\/images\/ext\/pdf.gif\" alt=\"pdf\" \/>\u00a0<a class=\"attachment-link\" href=\"https:\/\/semmelweis.hu\/laboratorium\/download-attachment\/1235\" target=\"_blank\" rel=\"noopener\">Feh\u00e9r Adrienne &#8211; A HEPARIN INDUK\u00c1LTA THROMBOCYTOPENIA (HIT)<\/a><br \/>\n<span class=\"attachment-size\"><span class=\"attachment-label\">F\u00e1jl m\u00e9ret:<\/span>\u00a03 MB<\/span>\u00a0<span class=\"attachment-downloads\"><span class=\"attachment-label\">Let\u00f6lt\u00e9sek:<\/span>\u00a03789<\/span><\/li>\n<li class=\"pdf\"><img decoding=\"async\" class=\"attachment-icon\" src=\"https:\/\/semmelweis.hu\/laboratorium\/wp-content\/plugins\/download-attachments\/images\/ext\/pdf.gif\" alt=\"pdf\" \/>\u00a0<a class=\"attachment-link\" href=\"https:\/\/semmelweis.hu\/laboratorium\/download-attachment\/1236\" target=\"_blank\" rel=\"noopener\">Feh\u00e9r Adrienne &#8211; LIQUOR CEREBROSPINALIS VIZSG\u00c1LATA<\/a><br \/>\n<span class=\"attachment-size\"><span class=\"attachment-label\">F\u00e1jl m\u00e9ret:<\/span>\u00a01 MB<\/span>\u00a0<span class=\"attachment-downloads\"><span class=\"attachment-label\">Let\u00f6lt\u00e9sek:<\/span>\u00a012282<\/span><\/li>\n<li class=\"pdf\"><img decoding=\"async\" class=\"attachment-icon\" src=\"https:\/\/semmelweis.hu\/laboratorium\/wp-content\/plugins\/download-attachments\/images\/ext\/pdf.gif\" alt=\"pdf\" \/>\u00a0<a class=\"attachment-link\" href=\"https:\/\/semmelweis.hu\/laboratorium\/download-attachment\/1239\" target=\"_blank\" rel=\"noopener\">Feh\u00e9r Adrienne &#8211; Thromb_fragmento<\/a><br \/>\n<span class=\"attachment-size\"><span class=\"attachment-label\">F\u00e1jl m\u00e9ret:<\/span>\u00a02 MB<\/span>\u00a0<span class=\"attachment-downloads\"><span class=\"attachment-label\">Let\u00f6lt\u00e9sek:<\/span>\u00a019342<\/span><\/li>\n<li class=\"pdf\"><img decoding=\"async\" class=\"attachment-icon\" src=\"https:\/\/semmelweis.hu\/laboratorium\/wp-content\/plugins\/download-attachments\/images\/ext\/pdf.gif\" alt=\"pdf\" \/>\u00a0<a class=\"attachment-link\" href=\"https:\/\/semmelweis.hu\/laboratorium\/download-attachment\/1242\" target=\"_blank\" rel=\"noopener\">Krist\u00f3f Katalin &#8211; Asszisztensi tov\u00e1bbk\u00e9pz\u0151<\/a><br \/>\n<span class=\"attachment-size\"><span class=\"attachment-label\">F\u00e1jl m\u00e9ret:<\/span>\u00a01 MB<\/span>\u00a0<span class=\"attachment-downloads\"><span class=\"attachment-label\">Let\u00f6lt\u00e9sek:<\/span>\u00a01211<\/span><\/li>\n<li class=\"pdf\"><img decoding=\"async\" class=\"attachment-icon\" src=\"https:\/\/semmelweis.hu\/laboratorium\/wp-content\/plugins\/download-attachments\/images\/ext\/pdf.gif\" alt=\"pdf\" \/>\u00a0<a class=\"attachment-link\" href=\"https:\/\/semmelweis.hu\/laboratorium\/download-attachment\/1247\" target=\"_blank\" rel=\"noopener\">Kiss Vir\u00e1g &#8211; A laborban tal\u00e1lhat\u00f3 gyorstesztek \u00e9rtelmez\u00e9se<\/a><br \/>\n<span class=\"attachment-size\"><span class=\"attachment-label\">F\u00e1jl m\u00e9ret:<\/span>\u00a01 MB<\/span>\u00a0<span class=\"attachment-downloads\"><span class=\"attachment-label\">Let\u00f6lt\u00e9sek:<\/span>\u00a03125<\/span><\/li>\n<li class=\"pdf\"><img decoding=\"async\" class=\"attachment-icon\" src=\"https:\/\/semmelweis.hu\/laboratorium\/wp-content\/plugins\/download-attachments\/images\/ext\/pdf.gif\" alt=\"pdf\" \/>\u00a0<a class=\"attachment-link\" href=\"https:\/\/semmelweis.hu\/laboratorium\/download-attachment\/1243\" target=\"_blank\" rel=\"noopener\">Kiss Vir\u00e1g &#8211; Clostridium difficile nozokomi\u00e1lis infekci\u00f3 jelent\u0151s\u00e9ge<\/a><br \/>\n<span class=\"attachment-size\"><span class=\"attachment-label\">F\u00e1jl m\u00e9ret:<\/span>\u00a0209 KB<\/span>\u00a0<span class=\"attachment-downloads\"><span class=\"attachment-label\">Let\u00f6lt\u00e9sek:<\/span>\u00a03495<\/span><\/li>\n<li class=\"pdf\"><img decoding=\"async\" class=\"attachment-icon\" src=\"https:\/\/semmelweis.hu\/laboratorium\/wp-content\/plugins\/download-attachments\/images\/ext\/pdf.gif\" alt=\"pdf\" \/>\u00a0<a class=\"attachment-link\" href=\"https:\/\/semmelweis.hu\/laboratorium\/download-attachment\/1241\" target=\"_blank\" rel=\"noopener\">Moln\u00e1r Vil\u00e1gos Gy\u00f6rgyi &#8211; Min\u0151s\u00e9gi indik\u00e1tor TAT<\/a><br \/>\n<span class=\"attachment-size\"><span class=\"attachment-label\">F\u00e1jl m\u00e9ret:<\/span>\u00a0345 KB<\/span>\u00a0<span class=\"attachment-downloads\"><span class=\"attachment-label\">Let\u00f6lt\u00e9sek:<\/span>\u00a0442<\/span><\/li>\n<li class=\"pdf\"><img decoding=\"async\" class=\"attachment-icon\" src=\"https:\/\/semmelweis.hu\/laboratorium\/wp-content\/plugins\/download-attachments\/images\/ext\/pdf.gif\" alt=\"pdf\" \/>\u00a0<a class=\"attachment-link\" href=\"https:\/\/semmelweis.hu\/laboratorium\/download-attachment\/1246\" target=\"_blank\" rel=\"noopener\">Szalay Bal\u00e1zs &#8211; Sav-b\u00e1zis egyens\u00faly<\/a><br \/>\n<span class=\"attachment-size\"><span class=\"attachment-label\">F\u00e1jl m\u00e9ret:<\/span>\u00a02 MB<\/span>\u00a0<span class=\"attachment-downloads\"><span class=\"attachment-label\">Let\u00f6lt\u00e9sek:<\/span>\u00a014329<\/span><\/li>\n<li class=\"pdf\"><img decoding=\"async\" class=\"attachment-icon\" src=\"https:\/\/semmelweis.hu\/laboratorium\/wp-content\/plugins\/download-attachments\/images\/ext\/pdf.gif\" alt=\"pdf\" \/>\u00a0<a class=\"attachment-link\" href=\"https:\/\/semmelweis.hu\/laboratorium\/download-attachment\/1244\" target=\"_blank\" rel=\"noopener\">A MIC \u00e9s MBC jelent\u0151s\u00e9ge<\/a><br \/>\n<span class=\"attachment-size\"><span class=\"attachment-label\">F\u00e1jl m\u00e9ret:<\/span>\u00a0266 KB<\/span>\u00a0<span class=\"attachment-downloads\"><span class=\"attachment-label\">Let\u00f6lt\u00e9sek:<\/span>\u00a04333<\/span><\/li>\n<li class=\"pdf\"><img decoding=\"async\" class=\"attachment-icon\" src=\"https:\/\/semmelweis.hu\/laboratorium\/wp-content\/plugins\/download-attachments\/images\/ext\/pdf.gif\" alt=\"pdf\" \/>\u00a0<a class=\"attachment-link\" href=\"https:\/\/semmelweis.hu\/laboratorium\/download-attachment\/1259\" target=\"_blank\" rel=\"noopener\">Iv\u00e1n Mikl\u00f3s \u00c1bel &#8211; Antibiotikum I-II<\/a><br \/>\n<span class=\"attachment-size\"><span class=\"attachment-label\">F\u00e1jl m\u00e9ret:<\/span>\u00a04 MB<\/span>\u00a0<span class=\"attachment-downloads\"><span class=\"attachment-label\">Let\u00f6lt\u00e9sek:<\/span>\u00a06018<\/span><\/li>\n<\/ul>\n<\/div>\n<\/div>\n<\/div><\/div>\n","protected":false},"excerpt":{"rendered":"<p>A m\u0171k\u00f6d\u00e9si k\u00e1rtya lej\u00e1rata szerint kreditpontos k\u00e9pz\u00e9si sorrendet \u00e1ll\u00edtanak fel a laborat\u00f3riumok vezet\u0151 asszisztensei. Lehet\u0151s\u00e9g szerint ennek megfelel\u0151en \u2013 a folyamatos, min\u0151s\u00e9gi szakmai munk\u00e1t biztos\u00edtva \u2013, els\u0151sorban az ingyenes tov\u00e1bbk\u00e9pz\u00e9seket ig\u00e9nybe v\u00e9ve, a szakdolgoz\u00f3k a k\u00e9pz\u00e9seken folyamatosan vesznek r\u00e9szt. \u00a0 <a class=\"attachment-link\" href=\"https:\/\/semmelweis.hu\/laboratorium\/download-attachment\/948\" target=\"_blank\" rel=\"noopener\">Krist\u00f3f Katalin &#8211; Modern diagnosztikai elj\u00e1r\u00e1sok a klinikai mikrobiol\u00f3gi\u00e1ban<\/a> F\u00e1jl m\u00e9ret:\u00a02 MB\u00a0Let\u00f6lt\u00e9sek:\u00a02759 \u00a0 <a class=\"attachment-link\" href=\"https:\/\/semmelweis.hu\/laboratorium\/download-attachment\/949\" target=\"_blank\" rel=\"noopener\">Dr. Imreh \u00c9va &#8211; Immunk\u00e9miai vizsg\u00e1latok<\/a> F\u00e1jl m\u00e9ret:\u00a05 MB\u00a0Let\u00f6lt\u00e9sek:\u00a05800 \u00a0 <a class=\"attachment-link\" href=\"https:\/\/semmelweis.hu\/laboratorium\/download-attachment\/969\" target=\"_blank\" rel=\"noopener\">Forczig M\u00f3nika, Dr. Gad\u00f3 Kl\u00e1ra, Dr. Domj\u00e1n Gyula &#8211; Thrombosis-k\u00e9szs\u00e9get fokoz\u00f3 t\u00e9nyez\u0151k \u00e9s genetikai elv\u00e1ltoz\u00e1sok a thromboemboli\u00e1s megbeteged\u00e9sek h\u00e1tter\u00e9ben<\/a> F\u00e1jl m\u00e9ret:\u00a0520 KB\u00a0Let\u00f6lt\u00e9sek:\u00a02006 \u00a0 <a class=\"attachment-link\" href=\"https:\/\/semmelweis.hu\/laboratorium\/download-attachment\/970\" target=\"_blank\" rel=\"noopener\">Dr. Karvaly Gell\u00e9rt Bal\u00e1zs &#8211; A t\u00f6megspektrometria alapjai \u00e9s alkalmaz\u00e1si k\u00f6re a laborat\u00f3riumi diagnosztik\u00e1ban<\/a> F\u00e1jl m\u00e9ret:\u00a03 MB\u00a0Let\u00f6lt\u00e9sek:\u00a06376 &hellip;<\/p>\n","protected":false},"author":275,"featured_media":0,"parent":2105,"menu_order":2,"comment_status":"closed","ping_status":"closed","template":"","meta":{"_acf_changed":false,"footnotes":""},"categories":[],"tags":[],"class_list":["post-2128","page","type-page","status-publish","hentry"],"acf":[],"_links":{"self":[{"href":"https:\/\/semmelweis.hu\/laboratorium\/wp-json\/wp\/v2\/pages\/2128","targetHints":{"allow":["GET"]}}],"collection":[{"href":"https:\/\/semmelweis.hu\/laboratorium\/wp-json\/wp\/v2\/pages"}],"about":[{"href":"https:\/\/semmelweis.hu\/laboratorium\/wp-json\/wp\/v2\/types\/page"}],"author":[{"embeddable":true,"href":"https:\/\/semmelweis.hu\/laboratorium\/wp-json\/wp\/v2\/users\/275"}],"replies":[{"embeddable":true,"href":"https:\/\/semmelweis.hu\/laboratorium\/wp-json\/wp\/v2\/comments?post=2128"}],"version-history":[{"count":6,"href":"https:\/\/semmelweis.hu\/laboratorium\/wp-json\/wp\/v2\/pages\/2128\/revisions"}],"predecessor-version":[{"id":3424,"href":"https:\/\/semmelweis.hu\/laboratorium\/wp-json\/wp\/v2\/pages\/2128\/revisions\/3424"}],"up":[{"embeddable":true,"href":"https:\/\/semmelweis.hu\/laboratorium\/wp-json\/wp\/v2\/pages\/2105"}],"wp:attachment":[{"href":"https:\/\/semmelweis.hu\/laboratorium\/wp-json\/wp\/v2\/media?parent=2128"}],"wp:term":[{"taxonomy":"category","embeddable":true,"href":"https:\/\/semmelweis.hu\/laboratorium\/wp-json\/wp\/v2\/categories?post=2128"},{"taxonomy":"post_tag","embeddable":true,"href":"https:\/\/semmelweis.hu\/laboratorium\/wp-json\/wp\/v2\/tags?post=2128"}],"curies":[{"name":"wp","href":"https:\/\/api.w.org\/{rel}","templated":true}]}}