{"id":2121,"date":"2019-11-28T13:51:30","date_gmt":"2019-11-28T12:51:30","guid":{"rendered":"http:\/\/semmelweis.hu\/laboratorium\/?page_id=2121"},"modified":"2025-04-01T12:20:00","modified_gmt":"2025-04-01T10:20:00","slug":"szakiranyu-szakkepzes","status":"publish","type":"page","link":"https:\/\/semmelweis.hu\/laboratorium\/oktatas\/posztgradualis-kepzes\/szakiranyu-szakkepzes\/","title":{"rendered":"Szakir\u00e1ny\u00fa szakk\u00e9pz\u00e9s"},"content":{"rendered":"<p style=\"text-align: justify\"><a href=\"https:\/\/semmelweis.hu\/laboratorium\/files\/2025\/04\/JELENLETI-IV-gyakorlaton-tortent-resztvetelt-igazolo-dokumentum.pdf\">JELENL\u00c9TI IV (gyakorlaton t\u00f6rt\u00e9nt r\u00e9sztv\u00e9telt igazol\u00f3 dokumentum)<\/a>A Semmelweis Egyetem \u00c1OK Laborat\u00f3riumi Medicina Int\u00e9zete akkredit\u00e1lt k\u00e9pz\u0151hely az orvosi laborat\u00f3riumi diagnosztikus szakorvos, mikrobiol\u00f3gus szakorvos, a klinikai biok\u00e9mikus, \u00e9s a klinikai mikrobiol\u00f3gus k\u00e9pz\u00e9sben a rezidens rendszer keret\u00e9ben, egyben r\u00e9szt vesz egy\u00e9b k\u00e9pz\u00e9sekben gyakorlati k\u00e9pz\u0151helyk\u00e9nt.<\/p>\n<div class=\"responsive-tabs\">\n<h2 class=\"tabtitle\">Gyakorlati id\u0151pontok rezidenseknek<\/h2>\n<div class=\"tabcontent\">\n\n<div class=\"fontos_div\">\n<div class=\"w-100 lead\" style=\"text-align: justify\">A laborl\u00e1togat\u00e1sra az al\u00e1bbi id\u0151pontok \u00e1llnak rendelkez\u00e9sre.<\/div>\n<div class=\"w-100\" style=\"text-align: justify\"><span style=\"text-decoration: underline\">K\u00e9rj\u00fck, hogy miel\u0151tt megjelennek felt\u00e9tlen\u00fcl jelezz\u00e9k az \u00e9rkez\u00e9si sz\u00e1nd\u00e9kukat a megadott munkat\u00e1rsaknak<\/span>. A munkat\u00e1rsak el\u00e9rhet\u0151s\u00e9g\u00e9t l\u00e1sd <a href=\"https:\/\/semmelweis.hu\/laboratorium\/intezetrol\/munkatarsaink\/\" target=\"_blank\" rel=\"noopener\">itt<\/a>.<\/div>\n<div class=\"w-100\" style=\"text-align: justify\">A jelenl\u00e9ti \u00edvet k\u00e9rj\u00fck, nyomtassa ki \u00e9s \u00edrassa al\u00e1 a megfelel\u0151 helyen. A gyakorlat elismer\u00e9s\u00e9re a k\u00e9rt id\u0151szakra a kit\u00f6lt\u00f6tt jelenl\u00e9ti \u00edv alapj\u00e1n ker\u00fcl sor.<\/div>\n<\/div>\n<div>\u00a0<\/div>\n<div class=\"lead\"><a href=\"https:\/\/semmelweis.hu\/laboratorium\/files\/2025\/04\/JELENLETI-IV-gyakorlaton-tortent-resztvetelt-igazolo-dokumentum.pdf\" target=\"_blank\" rel=\"noopener\"><strong>JELENL\u00c9TI (gyakorlaton t\u00f6rt\u00e9nt r\u00e9szv\u00e9telt igazol\u00f3 dokumentum)<\/strong><\/a><\/div>\n<p>&nbsp;<\/p>\n\n<table id=\"tablepress-24\" class=\"tablepress tablepress-id-24\">\n<thead>\n<tr class=\"row-1\">\n\t<th class=\"column-1\">Laborat\u00f3rium adatai<\/th><th class=\"column-2\">December (2025)<\/th><th class=\"column-3\">Janu\u00e1r (2026)<\/th><th class=\"column-4\">Febru\u00e1r (2026)<\/th><th class=\"column-5\">M\u00e1rcius (2026)<\/th><th class=\"column-6\">\u00c1prilis (2026)<\/th><th class=\"column-7\">M\u00e1jus (2026)<\/th>\n<\/tr>\n<\/thead>\n<tbody class=\"row-striping row-hover\">\n<tr class=\"row-2\">\n\t<td class=\"column-1\">K\u00f6zponti Labor Pest (dr. Feh\u00e9r Adrien, hemoszt\u00e1zis haematologia; v\u00e9rcsoport), 1082 Budapest, \u00dcll\u00f5i \u00fat 78\/A. 1 em. (Kezd\u00e9s: 9:30-t\u00f3l)<\/td><td class=\"column-2\">05.dec<\/td><td class=\"column-3\">20.jan<\/td><td class=\"column-4\">12.febr<\/td><td class=\"column-5\">05.m\u00e1rc<\/td><td class=\"column-6\">16.\u00e1pr<\/td><td class=\"column-7\">14.m\u00e1j<\/td>\n<\/tr>\n<tr class=\"row-3\">\n\t<td class=\"column-1\">K\u00f6zponti Labor Pest\u00a0 (dr. Kocsis Ibolya, rutin labor), 1082 Budapest, \u00dcll\u00f5i \u00fat 78\/A. 1 em. (Kezd\u00e9s: 9:30-t\u00f3l)<\/td><td class=\"column-2\">29.dec<\/td><td class=\"column-3\">22.jan<\/td><td class=\"column-4\">16.febr<\/td><td class=\"column-5\">19.m\u00e1rc<\/td><td class=\"column-6\">23.\u00e1pr<\/td><td class=\"column-7\">21.m\u00e1j<\/td>\n<\/tr>\n<tr class=\"row-4\">\n\t<td class=\"column-1\">Mikrobiol\u00f3gia Labor (dr. Krist\u00f3f Katalin), 1082 Budapest, \u00dcll\u00f5i \u00fat 78\/A. 1 em.\u00a0(Kezd\u00e9s: 9:30-t\u00f3l)<\/td><td class=\"column-2\">02.dec<\/td><td class=\"column-3\">27.jan<\/td><td class=\"column-4\">17.febr<\/td><td class=\"column-5\">24.m\u00e1rc<\/td><td class=\"column-6\">21.\u00e1pr<\/td><td class=\"column-7\">18.m\u00e1j<\/td>\n<\/tr>\n<tr class=\"row-5\">\n\t<td class=\"column-1\">Immunol\u00f3giai Labor (dr. Barab\u00e1s Eszter), 1082 Budapest, \u00dcll\u00f5i \u00fat 78\/A. 1 em. (Kezd\u00e9s: 9:30-t\u00f3l)<\/td><td class=\"column-2\"><\/td><td class=\"column-3\">13.jan<\/td><td class=\"column-4\">10.febr<\/td><td class=\"column-5\">10.m\u00e1rc<\/td><td class=\"column-6\">14.\u00e1pr<\/td><td class=\"column-7\">12.m\u00e1j<\/td>\n<\/tr>\n<tr class=\"row-6\">\n\t<td class=\"column-1\">Transzplant labor (dr. Varga Marina, hepatitis), 1082 Budapest, Baross u. 23-25. (Kezd\u00e9s: 10:00-t\u00f5l)<\/td><td class=\"column-2\"><\/td><td class=\"column-3\">15.jan<\/td><td class=\"column-4\">19.febr<\/td><td class=\"column-5\">12.m\u00e1rc<\/td><td class=\"column-6\">02.\u00e1pr<\/td><td class=\"column-7\"><\/td>\n<\/tr>\n<tr class=\"row-7\">\n\t<td class=\"column-1\">Transzplant labor (dr. S\u00e1rv\u00e1ry Enik\u00f5, gy\u00f3gyszerszint), 1082 Budapest, Baross u. 23-25. (Kezd\u00e9s: 10:00-t\u00f5l)<\/td><td class=\"column-2\"><\/td><td class=\"column-3\">08.jan<\/td><td class=\"column-4\">05.febr<\/td><td class=\"column-5\">06.m\u00e1rc<\/td><td class=\"column-6\">08.\u00e1pr<\/td><td class=\"column-7\">06.m\u00e1j<\/td>\n<\/tr>\n<tr class=\"row-8\">\n\t<td class=\"column-1\">R\u00f3kus kh. labor (dr. Imreh \u00c9va, elfo, vesek\u00f5, allergia), 1085 Budapest, Gyulai P\u00e1l u. 2. (Kezd\u00e9s: 9:00-t\u00f5l)<\/td><td class=\"column-2\">10.dec<\/td><td class=\"column-3\">28.jan<\/td><td class=\"column-4\">18.febr<\/td><td class=\"column-5\">18.m\u00e1rc<\/td><td class=\"column-6\">22.\u00e1pr<\/td><td class=\"column-7\">20.m\u00e1j<\/td>\n<\/tr>\n<tr class=\"row-9\">\n\t<td class=\"column-1\">T\u00f6megspektrometria (dr. Karvaly Gell\u00e9rt), 1089 Budapest, Nagyv\u00e1rad t\u00e9r 4. 14 emelet (Kezd\u00e9s: 9:00-t\u00f5l)<\/td><td class=\"column-2\"><\/td><td class=\"column-3\"><\/td><td class=\"column-4\"><\/td><td class=\"column-5\">27.m\u00e1rc<\/td><td class=\"column-6\"><\/td><td class=\"column-7\">29.m\u00e1j<\/td>\n<\/tr>\n<tr class=\"row-10\">\n\t<td class=\"column-1\">Genetika labor (dr. Pat\u00f3cs Attila), 1089 Budapest, Nagyv\u00e1rad t\u00e9r 4. 16 emelet (Kezd\u00e9s: 9:30-t\u00f3l)<\/td><td class=\"column-2\">11.dec<\/td><td class=\"column-3\">29.jan<\/td><td class=\"column-4\">26.febr<\/td><td class=\"column-5\">26.m\u00e1rc<\/td><td class=\"column-6\">30.\u00e1pr<\/td><td class=\"column-7\">28.m\u00e1j<\/td>\n<\/tr>\n<tr class=\"row-11\">\n\t<td class=\"column-1\">Idegseb\u00e9szeti \u00e9s Neurointervenci\u00f3s Klinika labor (G\u00e1l Anna), 1145 Budapest Amerikai \u00fat 57.  (megk\u00f6zel\u00edt\u00e9s: Laky-Adolf u.44-46.Diagnosztikai \u00e9p\u00fclet 3. emelet.) (Kezd\u00e9s: 10:00-t\u00f5l)<\/td><td class=\"column-2\">01.dec<\/td><td class=\"column-3\">09.jan<\/td><td class=\"column-4\">06.febr<\/td><td class=\"column-5\">13.m\u00e1rc<\/td><td class=\"column-6\">10.\u00e1pr<\/td><td class=\"column-7\">08.m\u00e1j<\/td>\n<\/tr>\n<tr class=\"row-12\">\n\t<td class=\"column-1\">RIK K\u00f6zponti laborat\u00f3rium (dr. Szederjesi Attila), 1023 Budapest, Frankel Le\u00f3 \u00fat 62\/B. (Kezd\u00e9s: 10:00-t\u00f5l)<\/td><td class=\"column-2\">04.dec<\/td><td class=\"column-3\">06.jan<\/td><td class=\"column-4\">03.febr<\/td><td class=\"column-5\">03.m\u00e1rc<\/td><td class=\"column-6\">07.\u00e1pr<\/td><td class=\"column-7\">05.m\u00e1j<\/td>\n<\/tr>\n<\/tbody>\n<\/table>\n<!-- #tablepress-24 from cache -->\n<p>&nbsp;<\/p>\n\n<\/div><h2 class=\"tabtitle\">Klinikai biok\u00e9mikus k\u00e9pz\u00e9s<\/h2>\n<div class=\"tabcontent\">\n\n<div class=\"entry-content\">\n<p style=\"text-align: justify\">Az European Communities Confederation of Clinical Chemistry and Laboratory Medicine (EC4), az European Federation of Clinical Chemistry and Laboratory Medicine (EFCC), valamint a hazai szakmai koll\u00e9giumok \u00e9s az orvosk\u00e9pz\u0151 egyetemek \u00f6sszehangolt tev\u00e9kenys\u00e9ge eredm\u00e9nyek\u00e9nt olyan szakemberek k\u00e9pz\u00e9se, akik a rutin laborat\u00f3rium szerte\u00e1gaz\u00f3 ter\u00fclet\u00e9n (klinikai k\u00e9mia, hematol\u00f3gia, hemosztazeol\u00f3gia, immunol\u00f3gia, endokrinol\u00f3gia,\u00a0molekul\u00e1ris biol\u00f3gia) eur\u00f3pai szint\u0171 elm\u00e9leti \u00e9s gyakorlati ismeretekkel\u00a0rendelkeznek.<\/p>\n<div style=\"text-align: justify\">\u00a0<\/div>\n<div style=\"text-align: justify\">A szakk\u00e9pz\u00e9st az orvosi laborat\u00f3riumokban dolgoz\u00f3 \u00fan. \u201enem orvos\u00a0diplom\u00e1sok\u201d (vegy\u00e9szek, vegy\u00e9szm\u00e9rn\u00f6k\u00f6k, biol\u00f3gusok) r\u00e9sz\u00e9re h\u00edvt\u00e1k \u00e9letre a\u00a041\/2005. (IX.22) E\u00fcM rendelet szerint. A rendelet a Magyar K\u00f6zl\u00f6ny 2005\/127.\u00a0sz\u00e1m 6835-6836 oldal\u00e1n tal\u00e1lhat\u00f3, ehhez kell igazodnunk.<\/div>\n<div style=\"text-align: justify\">\u00a0<\/div>\n<div>Tov\u00e1bbi inform\u00e1ci\u00f3k az al\u00e1bbi oldalon \u00e9rhet\u0151 el:<\/div>\n<div>\u00a0<\/div>\n<div><a href=\"https:\/\/semmelweis.hu\/szak-es-tovabbkepzes\/egyeb-egeszsegugyi-felsofoku-szakiranyu-szakkepzesek\/\" target=\"_blank\" rel=\"noopener noreferrer\">Jelentkez\u00e9s r\u00e9szletei<\/a><\/div>\n<\/div>\n\n<\/div><h2 class=\"tabtitle\">Oktat\u00e1si anyagok<\/h2>\n<div class=\"tabcontent\">\n\n<p><a href=\"https:\/\/semmelweis.hu\/laboratorium\/files\/2022\/06\/Kromatografia-es-tomegspektrometria_Klinikai-biokemikus-hallgatok-reszere.pdf\" target=\"_blank\" rel=\"noopener\">Kromatogr\u00e1fia \u00e9s t\u00f6megspektrometria_Klinikai biok\u00e9mikus hallgat\u00f3k r\u00e9sz\u00e9re<\/a><\/p>\n<\/div><\/div>\n","protected":false},"excerpt":{"rendered":"<p><a href=\"https:\/\/semmelweis.hu\/laboratorium\/files\/2025\/04\/JELENLETI-IV-gyakorlaton-tortent-resztvetelt-igazolo-dokumentum.pdf\">JELENL\u00c9TI IV (gyakorlaton t\u00f6rt\u00e9nt r\u00e9sztv\u00e9telt igazol\u00f3 dokumentum)<\/a> A Semmelweis Egyetem \u00c1OK Laborat\u00f3riumi Medicina Int\u00e9zete akkredit\u00e1lt k\u00e9pz\u0151hely az orvosi laborat\u00f3riumi diagnosztikus szakorvos, mikrobiol\u00f3gus szakorvos, a klinikai biok\u00e9mikus, \u00e9s a klinikai mikrobiol\u00f3gus k\u00e9pz\u00e9sben a rezidens rendszer keret\u00e9ben, egyben r\u00e9szt vesz egy\u00e9b k\u00e9pz\u00e9sekben gyakorlati k\u00e9pz\u0151helyk\u00e9nt. A laborl\u00e1togat\u00e1sra az al\u00e1bbi id\u0151pontok \u00e1llnak rendelkez\u00e9sre. K\u00e9rj\u00fck, hogy miel\u0151tt megjelennek felt\u00e9tlen\u00fcl jelezz\u00e9k az \u00e9rkez\u00e9si sz\u00e1nd\u00e9kukat a megadott munkat\u00e1rsaknak. A &hellip;<\/p>\n","protected":false},"author":101692,"featured_media":0,"parent":2105,"menu_order":3,"comment_status":"closed","ping_status":"closed","template":"","meta":{"_acf_changed":false,"footnotes":""},"categories":[],"tags":[],"class_list":["post-2121","page","type-page","status-publish","hentry"],"acf":[],"_links":{"self":[{"href":"https:\/\/semmelweis.hu\/laboratorium\/wp-json\/wp\/v2\/pages\/2121","targetHints":{"allow":["GET"]}}],"collection":[{"href":"https:\/\/semmelweis.hu\/laboratorium\/wp-json\/wp\/v2\/pages"}],"about":[{"href":"https:\/\/semmelweis.hu\/laboratorium\/wp-json\/wp\/v2\/types\/page"}],"author":[{"embeddable":true,"href":"https:\/\/semmelweis.hu\/laboratorium\/wp-json\/wp\/v2\/users\/101692"}],"replies":[{"embeddable":true,"href":"https:\/\/semmelweis.hu\/laboratorium\/wp-json\/wp\/v2\/comments?post=2121"}],"version-history":[{"count":10,"href":"https:\/\/semmelweis.hu\/laboratorium\/wp-json\/wp\/v2\/pages\/2121\/revisions"}],"predecessor-version":[{"id":4685,"href":"https:\/\/semmelweis.hu\/laboratorium\/wp-json\/wp\/v2\/pages\/2121\/revisions\/4685"}],"up":[{"embeddable":true,"href":"https:\/\/semmelweis.hu\/laboratorium\/wp-json\/wp\/v2\/pages\/2105"}],"wp:attachment":[{"href":"https:\/\/semmelweis.hu\/laboratorium\/wp-json\/wp\/v2\/media?parent=2121"}],"wp:term":[{"taxonomy":"category","embeddable":true,"href":"https:\/\/semmelweis.hu\/laboratorium\/wp-json\/wp\/v2\/categories?post=2121"},{"taxonomy":"post_tag","embeddable":true,"href":"https:\/\/semmelweis.hu\/laboratorium\/wp-json\/wp\/v2\/tags?post=2121"}],"curies":[{"name":"wp","href":"https:\/\/api.w.org\/{rel}","templated":true}]}}