{"id":2105,"date":"2019-11-28T13:31:44","date_gmt":"2019-11-28T12:31:44","guid":{"rendered":"http:\/\/semmelweis.hu\/laboratorium\/?page_id=2105"},"modified":"2022-04-13T19:47:45","modified_gmt":"2022-04-13T17:47:45","slug":"posztgradualis-kepzes","status":"publish","type":"page","link":"https:\/\/semmelweis.hu\/laboratorium\/oktatas\/posztgradualis-kepzes\/","title":{"rendered":"Posztgradu\u00e1lis k\u00e9pz\u00e9s"},"content":{"rendered":"<p style=\"text-align: justify\">A Laborat\u00f3riumi Medicina Int\u00e9zet munkat\u00e1rsai a Klinikai Orvostudom\u00e1nyok Doktori Iskol\u00e1ban vezetnek programot, illetve alprogramokat. Az Int\u00e9zetben r\u00e9szben vagy eg\u00e9sz\u00e9ben foly\u00f3 kutat\u00e1si t\u00e9m\u00e1kon jelenleg t\u00f6bb PhD hallgat\u00f3 dolgozik.<\/p>\n<p style=\"text-align: justify\">Az Int\u00e9zet akkredit\u00e1lt k\u00e9pz\u0151hely az orvosi laborat\u00f3riumi diagnosztikus szakorvos, mikrobiol\u00f3gus szakorvos, a klinikai biok\u00e9mikus, \u00e9s a klinikai mikrobiol\u00f3gus k\u00e9pz\u00e9sben a rezidens rendszer keret\u00e9ben, egyben r\u00e9szt vesz egy\u00e9b k\u00e9pz\u00e9sekben gyakorlati k\u00e9pz\u0151helyk\u00e9nt.<\/p>\n<p style=\"text-align: justify\">Az Int\u00e9zet munkat\u00e1rsai saj\u00e1t szervez\u00e9s\u0171 \u00e9s lebonyol\u00edt\u00e1s\u00fa tanfolyamokkal, valamint m\u00e1s int\u00e9zm\u00e9nyekkel \u00e9s akkredit\u00e1lt tanfolyam szervez\u0151kkel k\u00f6z\u00f6sen lebonyol\u00edt\u00e1sra ker\u00fcl\u0151 tanfolyamokon t\u00f6rt\u00e9n\u0151 oktat\u00f3i aktivit\u00e1ssal vesznek r\u00e9szt a szakir\u00e1ny\u00fa tov\u00e1bbk\u00e9pz\u00e9sben.<\/p>\n<p>&nbsp;<\/p>\n<p>&nbsp;<\/p>\n<p>&nbsp;<\/p>\n","protected":false},"excerpt":{"rendered":"<p>A Laborat\u00f3riumi Medicina Int\u00e9zet munkat\u00e1rsai a Klinikai Orvostudom\u00e1nyok Doktori Iskol\u00e1ban vezetnek programot, illetve alprogramokat. Az Int\u00e9zetben r\u00e9szben vagy eg\u00e9sz\u00e9ben foly\u00f3 kutat\u00e1si t\u00e9m\u00e1kon jelenleg t\u00f6bb PhD hallgat\u00f3 dolgozik. Az Int\u00e9zet akkredit\u00e1lt k\u00e9pz\u0151hely az orvosi laborat\u00f3riumi diagnosztikus szakorvos, mikrobiol\u00f3gus szakorvos, a klinikai biok\u00e9mikus, \u00e9s a klinikai mikrobiol\u00f3gus k\u00e9pz\u00e9sben a rezidens rendszer keret\u00e9ben, egyben r\u00e9szt vesz egy\u00e9b k\u00e9pz\u00e9sekben &hellip;<\/p>\n","protected":false},"author":275,"featured_media":0,"parent":285,"menu_order":2,"comment_status":"closed","ping_status":"closed","template":"","meta":{"_acf_changed":false,"footnotes":""},"categories":[],"tags":[],"class_list":["post-2105","page","type-page","status-publish","hentry"],"acf":[],"_links":{"self":[{"href":"https:\/\/semmelweis.hu\/laboratorium\/wp-json\/wp\/v2\/pages\/2105","targetHints":{"allow":["GET"]}}],"collection":[{"href":"https:\/\/semmelweis.hu\/laboratorium\/wp-json\/wp\/v2\/pages"}],"about":[{"href":"https:\/\/semmelweis.hu\/laboratorium\/wp-json\/wp\/v2\/types\/page"}],"author":[{"embeddable":true,"href":"https:\/\/semmelweis.hu\/laboratorium\/wp-json\/wp\/v2\/users\/275"}],"replies":[{"embeddable":true,"href":"https:\/\/semmelweis.hu\/laboratorium\/wp-json\/wp\/v2\/comments?post=2105"}],"version-history":[{"count":3,"href":"https:\/\/semmelweis.hu\/laboratorium\/wp-json\/wp\/v2\/pages\/2105\/revisions"}],"predecessor-version":[{"id":2323,"href":"https:\/\/semmelweis.hu\/laboratorium\/wp-json\/wp\/v2\/pages\/2105\/revisions\/2323"}],"up":[{"embeddable":true,"href":"https:\/\/semmelweis.hu\/laboratorium\/wp-json\/wp\/v2\/pages\/285"}],"wp:attachment":[{"href":"https:\/\/semmelweis.hu\/laboratorium\/wp-json\/wp\/v2\/media?parent=2105"}],"wp:term":[{"taxonomy":"category","embeddable":true,"href":"https:\/\/semmelweis.hu\/laboratorium\/wp-json\/wp\/v2\/categories?post=2105"},{"taxonomy":"post_tag","embeddable":true,"href":"https:\/\/semmelweis.hu\/laboratorium\/wp-json\/wp\/v2\/tags?post=2105"}],"curies":[{"name":"wp","href":"https:\/\/api.w.org\/{rel}","templated":true}]}}