{"id":2103,"date":"2019-11-28T13:30:39","date_gmt":"2019-11-28T12:30:39","guid":{"rendered":"http:\/\/semmelweis.hu\/laboratorium\/?page_id=2103"},"modified":"2023-01-19T08:02:21","modified_gmt":"2023-01-19T07:02:21","slug":"gradualis-kepzes-2","status":"publish","type":"page","link":"https:\/\/semmelweis.hu\/laboratorium\/oktatas\/gradualis-kepzes-2\/","title":{"rendered":"Gradu\u00e1lis k\u00e9pz\u00e9s"},"content":{"rendered":"<p style=\"text-align: justify\">A Laborat\u00f3riumi Medicina Int\u00e9zet az \u00c1ltal\u00e1nos Orvostudom\u00e1nyi Kar \u00e9s a Gy\u00f3gyszer\u00e9sztudom\u00e1nyi Kar hallgat\u00f3i sz\u00e1m\u00e1ra is megszervezte a laborat\u00f3riumi medicina gradu\u00e1lis k\u00e9pz\u00e9st.<\/p>\n<p style=\"text-align: justify\">A\u00a0<b><i>Laborat\u00f3riumi Medicina<\/i><\/b><b>\u00a0<\/b>t\u00e1rgy (<b>AOKLMI709_1M<\/b>) oktat\u00e1s\u00e1ra az \u00c1OK hallgat\u00f3k IV. \u00e9vfolyam\u00e1ban ker\u00fcl sor. A k\u00e9pz\u00e9s 21 \u00f3ra elm\u00e9leti el\u0151ad\u00e1sb\u00f3l \u00e9s 14 \u00f3ra gyakorlatb\u00f3l \u00e1ll. Az oktat\u00e1s minden hallgat\u00f3nak egy h\u00e9tig tart\u00f3 t\u00f6mbben\/ turnusban ker\u00fcl megszervez\u00e9sre. A hallgat\u00f3k a tan\u00e9v sor\u00e1n megszervezett 16 azonos turnus valamelyik\u00e9ben saj\u00e1t\u00edthatj\u00e1k el a Laborat\u00f3riumi Medicina tant\u00e1rgy \u00e1ltal k\u00f6zvet\u00edteni hivatott ismereteket.<\/p>\n<p style=\"text-align: justify\">A GYTK hallgat\u00f3i sz\u00e1m\u00e1ra szervezett <b><i>Klinikai <\/i><\/b><b><i>k\u00e9mia \u00e9s laborat\u00f3riumi <\/i><\/b><b><i>diagnosztika alapjai<\/i><\/b><b>\u00a0<\/b>t\u00e1rgy (<b>GYLMIKLDE1M<\/b>) oktat\u00e1s\u00e1t a III. \u00e9s IV. \u00e9vfolyamos hallgat\u00f3knak k\u00fcl\u00f6n-k\u00fcl\u00f6n is megszervezte az Int\u00e9zet. A k\u00e9pz\u00e9s 14 \u00f3ra elm\u00e9leti el\u0151ad\u00e1sb\u00f3l \u00e1ll.<\/p>\n<p style=\"text-align: justify\">Valamennyi, a kutat\u00e1si r\u00e9szben felsorolt tudom\u00e1nyos \u00e9s klinikai laborat\u00f3riumi ter\u00fcleten lehets\u00e9ges TDK munk\u00e1t v\u00e9gezni, illetve ezzel \u00f6sszef\u00fcgg\u00e9sben rektori p\u00e1lyamunka \u00edr\u00e1s\u00e1ra alkalmas t\u00e9m\u00e1t kiv\u00e1lasztani.<\/p>\n<p style=\"text-align: justify\">Minden diagnosztikai ter\u00fcleten van lehet\u0151s\u00e9g szakdolgozatok \u00edr\u00e1s\u00e1ra is.<\/p>\n<p>&nbsp;<\/p>\n<p>&nbsp;<\/p>\n<p>&nbsp;<\/p>\n","protected":false},"excerpt":{"rendered":"<p>A Laborat\u00f3riumi Medicina Int\u00e9zet az \u00c1ltal\u00e1nos Orvostudom\u00e1nyi Kar \u00e9s a Gy\u00f3gyszer\u00e9sztudom\u00e1nyi Kar hallgat\u00f3i sz\u00e1m\u00e1ra is megszervezte a laborat\u00f3riumi medicina gradu\u00e1lis k\u00e9pz\u00e9st. A\u00a0Laborat\u00f3riumi Medicina\u00a0t\u00e1rgy (AOKLMI709_1M) oktat\u00e1s\u00e1ra az \u00c1OK hallgat\u00f3k IV. \u00e9vfolyam\u00e1ban ker\u00fcl sor. A k\u00e9pz\u00e9s 21 \u00f3ra elm\u00e9leti el\u0151ad\u00e1sb\u00f3l \u00e9s 14 \u00f3ra gyakorlatb\u00f3l \u00e1ll. Az oktat\u00e1s minden hallgat\u00f3nak egy h\u00e9tig tart\u00f3 t\u00f6mbben\/ turnusban ker\u00fcl megszervez\u00e9sre. A &hellip;<\/p>\n","protected":false},"author":101692,"featured_media":0,"parent":285,"menu_order":1,"comment_status":"closed","ping_status":"closed","template":"","meta":{"_acf_changed":false,"footnotes":""},"categories":[],"tags":[],"class_list":["post-2103","page","type-page","status-publish","hentry"],"acf":[],"_links":{"self":[{"href":"https:\/\/semmelweis.hu\/laboratorium\/wp-json\/wp\/v2\/pages\/2103","targetHints":{"allow":["GET"]}}],"collection":[{"href":"https:\/\/semmelweis.hu\/laboratorium\/wp-json\/wp\/v2\/pages"}],"about":[{"href":"https:\/\/semmelweis.hu\/laboratorium\/wp-json\/wp\/v2\/types\/page"}],"author":[{"embeddable":true,"href":"https:\/\/semmelweis.hu\/laboratorium\/wp-json\/wp\/v2\/users\/101692"}],"replies":[{"embeddable":true,"href":"https:\/\/semmelweis.hu\/laboratorium\/wp-json\/wp\/v2\/comments?post=2103"}],"version-history":[{"count":6,"href":"https:\/\/semmelweis.hu\/laboratorium\/wp-json\/wp\/v2\/pages\/2103\/revisions"}],"predecessor-version":[{"id":3837,"href":"https:\/\/semmelweis.hu\/laboratorium\/wp-json\/wp\/v2\/pages\/2103\/revisions\/3837"}],"up":[{"embeddable":true,"href":"https:\/\/semmelweis.hu\/laboratorium\/wp-json\/wp\/v2\/pages\/285"}],"wp:attachment":[{"href":"https:\/\/semmelweis.hu\/laboratorium\/wp-json\/wp\/v2\/media?parent=2103"}],"wp:term":[{"taxonomy":"category","embeddable":true,"href":"https:\/\/semmelweis.hu\/laboratorium\/wp-json\/wp\/v2\/categories?post=2103"},{"taxonomy":"post_tag","embeddable":true,"href":"https:\/\/semmelweis.hu\/laboratorium\/wp-json\/wp\/v2\/tags?post=2103"}],"curies":[{"name":"wp","href":"https:\/\/api.w.org\/{rel}","templated":true}]}}