{"id":2091,"date":"2019-11-19T13:04:32","date_gmt":"2019-11-19T12:04:32","guid":{"rendered":"http:\/\/semmelweis.hu\/laboratorium\/?page_id=2091"},"modified":"2024-09-03T18:38:55","modified_gmt":"2024-09-03T16:38:55","slug":"klinikaknak","status":"publish","type":"page","link":"https:\/\/semmelweis.hu\/laboratorium\/klinikaknak\/","title":{"rendered":"Klinik\u00e1knak"},"content":{"rendered":"<h1>FONTOS TUDNI!<\/h1>\n<p><a href=\"https:\/\/semmelweis.hu\/laboratorium\/files\/2023\/05\/A-beta-laktam-antibiotikumok-gyogyszerszint-monitorozas-melletti-alkalmazasa_Hatter-indokoltsag-gyakorlati-szempontok_20230518.pdf\" target=\"_blank\" rel=\"noopener\"><span style=\"font-size: 18pt\">A b\u00e9ta-lakt\u00e1m antibiotikumok gy\u00f3gyszerszint monitoroz\u00e1s melletti alkalmaz\u00e1sa &#8211; H\u00e1tt\u00e9r, indokolts\u00e1g, gyakorlati szempontok<\/span><\/a><\/p>\n<p>Tov\u00e1bbi inform\u00e1ci\u00f3k\u00e9rt k\u00e9rj\u00fck keress\u00e9k Dr. Karvaly Gell\u00e9rt Bal\u00e1zst (tel.: 20\/825-9819; e-mail: karvaly.gellert.balazs@semmelweis.hu)<\/p>\n<hr \/>\n<h1>Oktat\u00e1s Klinik\u00e1knak<\/h1>\n<div class=\"keretes w-100\">\n<p><strong><span style=\"font-size: 14pt\">A legjobb gyakorlat \u2013 beteg\u00e1gy melletti v\u00e9rcsoport meghat\u00e1roz\u00e1s:<br \/>\n<\/span><\/strong>Az elm\u00falt h\u00f3napok tapasztalata azt mutatja, hogy sz\u00fcks\u00e9g van olyan gyakorlati \u00fatmutat\u00e1sra, amely sor\u00e1n a laborat\u00f3rium munkat\u00e1rsai megmutatj\u00e1k a klinik\u00e1kon dolgoz\u00f3 orvosoknak a klinik\u00e1kon haszn\u00e1lhat\u00f3, v\u00e9rcsoport meghat\u00e1roz\u00e1s\u00e1ra alkalmas k\u00e1rty\u00e1k (Serafol) helyes haszn\u00e1lat\u00e1t.<\/p>\n<\/div>\n<p><strong>Ehhez k\u00e9pz\u00e9si alkalmakat k\u00edn\u00e1lunk fel a klinik\u00e1k munkat\u00e1rsainak:<\/strong><\/p>\n<table style=\"width: 100%;border-collapse: collapse;height: 43px\">\n<thead>\n<tr style=\"height: 33px\">\n<td style=\"width: 33.3333%;height: 33px\"><strong>Id\u0151pont<\/strong><\/td>\n<td style=\"width: 33.3333%;height: 33px\"><strong>Helysz\u00edn<\/strong><\/td>\n<td style=\"width: 33.3333%;height: 33px\"><strong>\u00c1llapot<\/strong><\/td>\n<\/tr>\n<\/thead>\n<tbody>\n<tr style=\"height: 10px\">\n<td style=\"width: 33.3333%;height: 10px\">Megbesz\u00e9l\u00e9s szerint<\/td>\n<td style=\"width: 33.3333%;height: 10px\">Megbesz\u00e9l\u00e9s szerint<\/td>\n<td style=\"width: 33.3333%;height: 10px\">V\u00e1rjuk a jelentkez\u0151ket<\/td>\n<\/tr>\n<\/tbody>\n<\/table>\n<p>&nbsp;<\/p>\n<p>LMI oktat\u00f3 laborat\u00f3rium c\u00edme: 1083 Budapest, Ill\u00e9s utca 26.<br \/>\nEgy-egy alkalom 1 \u00f3r\u00e1t vesz ig\u00e9nybe. Minden alkalomra max. 5 f\u0151t v\u00e1runk.<br \/>\nK\u00e9rj\u00fck, hogy az al\u00e1bbi email c\u00edmre k\u00fcldj\u00e9k jelentkez\u00e9s\u00fcket: blaha.bela@semmelweis.hu<\/p>\n<p>\u00dcdv\u00f6zlettel:<\/p>\n<p>Dr. Feh\u00e9r Adrienne<br \/>\nR\u00e9szlegvezet\u0151<br \/>\nLMI hematol\u00f3giai, hemoszt\u00e1zis<br \/>\n\u00e9s v\u00e9rcsoport szerol\u00f3giai r\u00e9szleg<br \/>\nMobil: +36 20 663-2976<br \/>\nEmail: feher.adrienne@semmelweis.hu<\/p>\n<p>&nbsp;<\/p>\n","protected":false},"excerpt":{"rendered":"<p>FONTOS TUDNI! <a href=\"https:\/\/semmelweis.hu\/laboratorium\/files\/2023\/05\/A-beta-laktam-antibiotikumok-gyogyszerszint-monitorozas-melletti-alkalmazasa_Hatter-indokoltsag-gyakorlati-szempontok_20230518.pdf\" target=\"_blank\" rel=\"noopener\">A b\u00e9ta-lakt\u00e1m antibiotikumok gy\u00f3gyszerszint monitoroz\u00e1s melletti alkalmaz\u00e1sa &#8211; H\u00e1tt\u00e9r, indokolts\u00e1g, gyakorlati szempontok<\/a> Tov\u00e1bbi inform\u00e1ci\u00f3k\u00e9rt k\u00e9rj\u00fck keress\u00e9k Dr. Karvaly Gell\u00e9rt Bal\u00e1zst (tel.: 20\/825-9819; e-mail: karvaly.gellert.balazs@semmelweis.hu) Oktat\u00e1s Klinik\u00e1knak A legjobb gyakorlat \u2013 beteg\u00e1gy melletti v\u00e9rcsoport meghat\u00e1roz\u00e1s: Az elm\u00falt h\u00f3napok tapasztalata azt mutatja, hogy sz\u00fcks\u00e9g van olyan gyakorlati \u00fatmutat\u00e1sra, amely sor\u00e1n a laborat\u00f3rium munkat\u00e1rsai megmutatj\u00e1k a klinik\u00e1kon dolgoz\u00f3 orvosoknak a klinik\u00e1kon haszn\u00e1lhat\u00f3, v\u00e9rcsoport meghat\u00e1roz\u00e1s\u00e1ra alkalmas k\u00e1rty\u00e1k (Serafol) helyes &hellip;<\/p>\n","protected":false},"author":275,"featured_media":0,"parent":0,"menu_order":4,"comment_status":"closed","ping_status":"closed","template":"","meta":{"_acf_changed":false,"footnotes":""},"categories":[],"tags":[],"class_list":["post-2091","page","type-page","status-publish","hentry"],"acf":[],"_links":{"self":[{"href":"https:\/\/semmelweis.hu\/laboratorium\/wp-json\/wp\/v2\/pages\/2091","targetHints":{"allow":["GET"]}}],"collection":[{"href":"https:\/\/semmelweis.hu\/laboratorium\/wp-json\/wp\/v2\/pages"}],"about":[{"href":"https:\/\/semmelweis.hu\/laboratorium\/wp-json\/wp\/v2\/types\/page"}],"author":[{"embeddable":true,"href":"https:\/\/semmelweis.hu\/laboratorium\/wp-json\/wp\/v2\/users\/275"}],"replies":[{"embeddable":true,"href":"https:\/\/semmelweis.hu\/laboratorium\/wp-json\/wp\/v2\/comments?post=2091"}],"version-history":[{"count":11,"href":"https:\/\/semmelweis.hu\/laboratorium\/wp-json\/wp\/v2\/pages\/2091\/revisions"}],"predecessor-version":[{"id":4466,"href":"https:\/\/semmelweis.hu\/laboratorium\/wp-json\/wp\/v2\/pages\/2091\/revisions\/4466"}],"wp:attachment":[{"href":"https:\/\/semmelweis.hu\/laboratorium\/wp-json\/wp\/v2\/media?parent=2091"}],"wp:term":[{"taxonomy":"category","embeddable":true,"href":"https:\/\/semmelweis.hu\/laboratorium\/wp-json\/wp\/v2\/categories?post=2091"},{"taxonomy":"post_tag","embeddable":true,"href":"https:\/\/semmelweis.hu\/laboratorium\/wp-json\/wp\/v2\/tags?post=2091"}],"curies":[{"name":"wp","href":"https:\/\/api.w.org\/{rel}","templated":true}]}}