{"id":2,"date":"2012-03-13T06:39:47","date_gmt":"2012-03-13T05:39:47","guid":{"rendered":"http:\/\/semmelweis-egyetem.hu\/laboratoriumi-medicina\/?page_id=2"},"modified":"2025-12-11T23:00:10","modified_gmt":"2025-12-11T22:00:10","slug":"elerhetoseg","status":"publish","type":"page","link":"https:\/\/semmelweis.hu\/laboratorium\/intezetrol\/elerhetoseg\/","title":{"rendered":"El\u00e9rhet\u0151s\u00e9gek"},"content":{"rendered":"<p class=\"entry-title \"><strong>Sz\u00e9khely:<\/strong><\/p>\n<p>A sz\u00e9khelyen foglal helyet az igazgat\u00f3s\u00e1g \u00e9s oktat\u00e1si r\u00e9szleg.<br \/>\nC\u00edm: 1089 Budapest, Nagyv\u00e1rad t\u00e9r 4. 14. emelet<br \/>\nInt\u00e9zetigazgat\u00f3: Prof. Dr. V\u00e1s\u00e1rhelyi Barna<br \/>\ne-mail: vasarhelyi.barna@semmelweis.hu<br \/>\nLevelez\u00e9si c\u00edm: 1428 Pf. 2.<\/p>\n<p><strong>Telephelyek:<br \/>\n<\/strong>A laborat\u00f3rium diagnosztikai munka, a gyakorlati oktat\u00e1s \u00e9s kutat\u00e1s a telephelyeken zajlik.<\/p>\n<p>1. sz\u00e1m\u00fa telephely:<br \/>\n<strong>K\u00f6zponti Laborat\u00f3rium (Pest)<br \/>\n<\/strong>C\u00edm: 1082 Budapest, \u00dcll\u0151i \u00fat 78\/A. 1 em.<br \/>\nTelefon: 1\/459-1500; 62098<br \/>\nVezet\u0151: Dr. Kocsis Ibolya<br \/>\ne-mail: kocsis.ibolya@semmelweis.hu<\/p>\n<p>2. sz\u00e1m\u00fa telephely:<br \/>\n<strong>Immunol\u00f3giai Laborat\u00f3rium<br \/>\n<\/strong>C\u00edm: 1082 Budapest, \u00dcll\u0151i \u00fat 78\/A. 1 em.<br \/>\nTelefon: 1\/459-1500; 61845, 62088<br \/>\nFax: 1\/210-0278; 56563<br \/>\nVezet\u0151: Dr. Barab\u00e1s Eszter<br \/>\ne-mail: barabas.eszter@semmelweis.hu<\/p>\n<p>3. sz\u00e1m\u00fa telephely:<br \/>\n<strong>Mikrobiol\u00f3giai Laborat\u00f3rium<\/strong><br \/>\nC\u00edm: 1082 Budapest, \u00dcll\u0151i \u00fat 78\/A. 1 em.<br \/>\nTelefon: 1\/210-0278; 56316, 56211<br \/>\nFax: 1\/210-0278; 56316<br \/>\nVezet\u0151: Dr. Krist\u00f3f Katalin<br \/>\ne-mail: kristof.katalin@semmelweis.hu<\/p>\n<p>4. sz\u00e1m\u00fa telephely:<br \/>\n<strong>Klinikai genetikai \u00e9s endokrinol\u00f3giai laborat\u00f3rium<br \/>\n<\/strong>Telephely: 1089 Budapest, Nagyv\u00e1rad t\u00e9r 4. 16 emelet.<br \/>\nTelefon: 1\/459-1500 \/ 56495, 56149<br \/>\nVezet\u0151: Prof. Dr. Pat\u00f3cs Attila <br \/>\ne-mail: patocs.attila@semmelweis.hu<\/p>\n<p>5. sz\u00e1m\u00fa telephely:<br \/>\n<strong>T\u00f6megspektrometriai \u00e9s elv\u00e1laszt\u00e1stechnikai laborat\u00f3rium<\/strong><br \/>\nTelephely: 1089 Budapest, Nagyv\u00e1rad t\u00e9r 4. 14 emelet.<br \/>\nTelefon: 1\/210-0278; 56561<br \/>\nVezet\u0151: Dr. Karvaly Gell\u00e9rt Bal\u00e1zs<br \/>\ne-mail: karvaly.gellert.balazs@semmelweis.hu<\/p>\n<p>6. sz\u00e1m\u00fa telephely:<br \/>\n<strong>Transzplant\u00e1ci\u00f3s Laborat\u00f3rium (Bels\u0151 Klinikai T\u00f6mb) <\/strong><br \/>\nTelephely: 1082 Budapest, Baross u. 23-26.<br \/>\nVezet\u0151: Dr. Varga Marina<br \/>\ne-mail: varga.marina@semmelweis.hu<\/p>\n<p>7. sz\u00e1m\u00fa telephely:<br \/>\n<strong>K\u00f6zponti Laborat\u00f3rium (Szent R\u00f3kus Klinikai T\u00f6mb) <\/strong><br \/>\nC\u00edm: 1085 Budapest, Gyulai P\u00e1l u. 2.<br \/>\nTelefon: 1\/235-6500; 66310<br \/>\nVezet\u0151: Dr. Imreh \u00c9va<br \/>\ne-mail: imreh.eva@semmelweis.hu<\/p>\n<p>8. sz\u00e1m\u00fa telephely:<br \/>\n<strong>K\u00f6zponti Laborat\u00f3rium (Mer\u00e9nyi Klinikai T\u00f6mb) <\/strong><br \/>\nTelephely: 1097 Budapest, Gy\u00e1li \u00fat 17-19.<br \/>\nTelefon: <span data-olk-copy-source=\"MessageBody\">1\/4591500\/61032; 61033<\/span><br \/>\nVezet\u0151: Kov\u00e1cs Kriszti\u00e1n<br \/>\ne-mail: kovacs.krisztian1@semmelweis.hu<\/p>\n<p>9. sz\u00e1m\u00fa telephely:<br \/>\n<strong>K\u00f6zponti Laborat\u00f3rium (Idegseb\u00e9szeti \u00e9s Neurointervenci\u00f3s Klinika) <\/strong><br \/>\nTelephely: 1145 Budapest, Amerikai \u00fat 57.<br \/>\nEl\u00e9rhet\u0151s\u00e9ge: 1145. Budapest, Laky Adolf utca 44-46. D \u00e9p\u00fclet, III. emelet<br \/>\nVezet\u0151: G\u00e1l Anna<br \/>\ne-mail: gal.anna@semmelweis.hu<\/p>\n<p>10. sz\u00e1m\u00fa telephely:<br \/>\n<strong>K\u00f6zponti Laborat\u00f3rium (Reumatol\u00f3giai \u00e9s Immunol\u00f3giai Klinika)<\/strong><br \/>\nTelephely: 1023 Budapest, Frankel Le\u00f3 \u00fat 62\/B.<br \/>\nTelefon: 1\/4388300 \/ 1527; 1088 mell\u00e9k<br \/>\nVezet\u0151: Dr. Szederjesi Attila<br \/>\ne-mail: szederjesi.attila@semmelweis.hu<\/p>\n<p>11. sz\u00e1m\u00fa telephely:<br \/>\n<strong>K\u00f6zponti Laborat\u00f3rium (G\u00f6d\u00f6ll\u0151i Semmelweis Eg\u00e9szs\u00e9g\u00fcgyi K\u00f6zpont)<\/strong><br \/>\nTelephely: 2100 G\u00f6d\u00f6ll\u0151 Pet\u0151fi S\u00e1ndor utca 1-3.<br \/>\nTelefon: 70\/630-8367<br \/>\nVezet\u0151 asszisztens: N\u00e9meth Krisztina<br \/>\ne-mail: nemeth.krisztina3@semmelweis.hu<\/p>\n<p>12. sz\u00e1m\u00fa telephely:<br \/>\n<strong>Oktat\u00f3 laborat\u00f3rium<\/strong><br \/>\nTelephely: 1083 Budapest, Ill\u00e9s utca 26<\/p>\n<p>13. sz\u00e1m\u00fa telephely:<br \/>\n<strong>K\u00f6zponti rakt\u00e1r <\/strong><br \/>\nTelephely: 1083 Budapest, Ill\u00e9s utca 26<br \/>\nRakt\u00e1ros: Cs\u00e1sz\u00e1r Gerg\u0151<br \/>\ne-mail: csaszar.gergo@semmelweis.hu<\/p>\n<p>14. sz\u00e1m\u00fa telephely:<br \/>\n<strong>Gazdas\u00e1gi r\u00e9szleg\u00a0<\/strong><br \/>\nTelephely: 1096 Budapest, T\u0171zolt\u00f3 utca 59., Dobos H\u00e1z II. em.<br \/>\nGazdas\u00e1gi irodavezet\u0151: De\u00e1kn\u00e9 N\u00e9meth Edit Erzs\u00e9bet<br \/>\ne-mail: nemeth.edit@semmelweis.hu<\/p>\n<p>&nbsp;<\/p>\n<p>&nbsp;<\/p>\n","protected":false},"excerpt":{"rendered":"<p>Sz\u00e9khely: A sz\u00e9khelyen foglal helyet az igazgat\u00f3s\u00e1g \u00e9s oktat\u00e1si r\u00e9szleg. C\u00edm: 1089 Budapest, Nagyv\u00e1rad t\u00e9r 4. 14. emelet Int\u00e9zetigazgat\u00f3: Prof. Dr. V\u00e1s\u00e1rhelyi Barna e-mail: vasarhelyi.barna@semmelweis.hu Levelez\u00e9si c\u00edm: 1428 Pf. 2. Telephelyek: A laborat\u00f3rium diagnosztikai munka, a gyakorlati oktat\u00e1s \u00e9s kutat\u00e1s a telephelyeken zajlik. 1. sz\u00e1m\u00fa telephely: K\u00f6zponti Laborat\u00f3rium (Pest) C\u00edm: 1082 Budapest, \u00dcll\u0151i \u00fat 78\/A. &hellip;<\/p>\n","protected":false},"author":101692,"featured_media":0,"parent":71,"menu_order":2,"comment_status":"closed","ping_status":"closed","template":"","meta":{"_acf_changed":false,"footnotes":""},"categories":[],"tags":[],"class_list":["post-2","page","type-page","status-publish","hentry"],"acf":[],"_links":{"self":[{"href":"https:\/\/semmelweis.hu\/laboratorium\/wp-json\/wp\/v2\/pages\/2","targetHints":{"allow":["GET"]}}],"collection":[{"href":"https:\/\/semmelweis.hu\/laboratorium\/wp-json\/wp\/v2\/pages"}],"about":[{"href":"https:\/\/semmelweis.hu\/laboratorium\/wp-json\/wp\/v2\/types\/page"}],"author":[{"embeddable":true,"href":"https:\/\/semmelweis.hu\/laboratorium\/wp-json\/wp\/v2\/users\/101692"}],"replies":[{"embeddable":true,"href":"https:\/\/semmelweis.hu\/laboratorium\/wp-json\/wp\/v2\/comments?post=2"}],"version-history":[{"count":12,"href":"https:\/\/semmelweis.hu\/laboratorium\/wp-json\/wp\/v2\/pages\/2\/revisions"}],"predecessor-version":[{"id":5328,"href":"https:\/\/semmelweis.hu\/laboratorium\/wp-json\/wp\/v2\/pages\/2\/revisions\/5328"}],"up":[{"embeddable":true,"href":"https:\/\/semmelweis.hu\/laboratorium\/wp-json\/wp\/v2\/pages\/71"}],"wp:attachment":[{"href":"https:\/\/semmelweis.hu\/laboratorium\/wp-json\/wp\/v2\/media?parent=2"}],"wp:term":[{"taxonomy":"category","embeddable":true,"href":"https:\/\/semmelweis.hu\/laboratorium\/wp-json\/wp\/v2\/categories?post=2"},{"taxonomy":"post_tag","embeddable":true,"href":"https:\/\/semmelweis.hu\/laboratorium\/wp-json\/wp\/v2\/tags?post=2"}],"curies":[{"name":"wp","href":"https:\/\/api.w.org\/{rel}","templated":true}]}}