{"id":198,"date":"2014-03-27T10:35:05","date_gmt":"2014-03-27T09:35:05","guid":{"rendered":"http:\/\/semmelweis.hu\/laboratorium\/?page_id=198"},"modified":"2026-04-01T07:16:13","modified_gmt":"2026-04-01T05:16:13","slug":"szakmai-anyagok-korlevelek","status":"publish","type":"page","link":"https:\/\/semmelweis.hu\/laboratorium\/klinikaknak\/szakmai-anyagok-korlevelek\/","title":{"rendered":"K\u00f6rlevelek"},"content":{"rendered":"<h4><strong>Let\u00f6lthet\u0151 k\u00f6rlevelek:<\/strong><\/h4>\n<p><a href=\"https:\/\/semmelweis.hu\/laboratorium\/files\/2026\/04\/20260331-Korlevel-kapcsolt-vizsgalatok-es-troponin-I.pdf\" target=\"_blank\" rel=\"noopener\">20260331 Laborvizsg\u00e1latok &#8211; kapcsolt vizsg\u00e1latok \u00e9s troponin I<\/a><\/p>\n<p><a href=\"https:\/\/semmelweis.hu\/laboratorium\/files\/2026\/03\/20260317-Korlevel-ORFI-uj-tesztek.pdf\" target=\"_blank\" rel=\"noopener\">20260317 Laborvizsg\u00e1latok &#8211; RIK \u00faj tesztek<\/a><\/p>\n<p><a href=\"https:\/\/semmelweis.hu\/laboratorium\/files\/2026\/02\/20260227-Korlevel-Quantiferon.pdf\" target=\"_blank\" rel=\"noopener\">20260227 T\u00e1j\u00e9koztat\u00e1s &#8211; Quantiferon<\/a><\/p>\n<p><a href=\"https:\/\/semmelweis.hu\/laboratorium\/files\/2026\/01\/20260128-Korlevel.pdf\" target=\"_blank\" rel=\"noopener\">20260129 Laborvizsg\u00e1latok &#8211; v\u00e1ltoz\u00e1sok<\/a><\/p>\n<p><a href=\"https:\/\/semmelweis.hu\/laboratorium\/files\/2025\/10\/20251002-KORLEVEL-RIK-LMI-centralizalas-1.pdf\" target=\"_blank\" rel=\"noopener\">20251002 T\u00e1j\u00e9koztat\u00e1s &#8211; RIK &#8211; LMI centraliz\u00e1l\u00e1s<\/a><\/p>\n<p><a href=\"https:\/\/semmelweis.hu\/laboratorium\/files\/2025\/09\/20250916-Tajekoztatas-inzulin-lupus-mikrobi-es-egyebek.pdf\" target=\"_blank\" rel=\"noopener\">20250916 T\u00e1j\u00e9koztat\u00e1s<\/a><a href=\"https:\/\/semmelweis.hu\/laboratorium\/files\/2025\/09\/20250916-Tajekoztatas-inzulin-lupus-mikrobi-es-egyebek.pdf\" target=\"_blank\" rel=\"noopener\">\u00a0&#8211; inzulin, lupus, mikrobi \u00e9s egyebek<\/a><\/p>\n<p><a href=\"https:\/\/semmelweis.hu\/laboratorium\/files\/2025\/07\/20250728-Klinikak-szamara_-mikrobiologiai-mintaveteli-eszkoz-egysegesitese.pdf\" target=\"_blank\" rel=\"noopener\">20250728 Klinika\u0301k sz\u00e1m\u00e1ra &#8211; Mikrobiolo\u0301giai mintave\u0301teli eszko\u0308z egyse\u0301gesi\u0301te\u0301se<\/a><\/p>\n<p><a href=\"https:\/\/semmelweis.hu\/laboratorium\/files\/2025\/06\/20250610-Laborvizsgalatok-Szeklet-elasztaz-vizsgalat.pdf\" target=\"_blank\" rel=\"noopener\">20250610 Laborvizsgalatok-Szeklet-elasztaz-vizsgalat<\/a><\/p>\n<p><a href=\"https:\/\/semmelweis.hu\/laboratorium\/files\/2025\/05\/20250429-HbA1c-kerolap-valtozas-INR-ref-tartomany-hianya.pdf\" target=\"_blank\" rel=\"noopener\">20250429 HbA1c k\u00e9r\u0151lap v\u00e1ltoz\u00e1s &#8211; INR ref tartom\u00e1ny hi\u00e1nya<\/a><\/p>\n<p><a href=\"https:\/\/semmelweis.hu\/laboratorium\/files\/2025\/04\/20250404-FONTOS-Mikrobiologiai-molekularis-biologiai-vizsgalatok-valtozasa.pdf\" target=\"_blank\" rel=\"noopener\">20250404 FONTOS &#8211; Mikrobiol\u00f3giai molekul\u00e1ris biol\u00f3giai vizsg\u00e1latok v\u00e1ltoz\u00e1sa<\/a><\/p>\n<p><a href=\"https:\/\/semmelweis.hu\/laboratorium\/files\/2025\/04\/20250401-Laborvizsgalatok-EBV-kvantitativ-meres-bevezetese.pdf\" target=\"_blank\" rel=\"noopener\">20250401 Laborvizsg\u00e1latok &#8211; EBV kvantitat\u00edv m\u00e9r\u00e9s bevezet\u00e9se<\/a><\/p>\n<p><a href=\"https:\/\/semmelweis.hu\/laboratorium\/files\/2025\/04\/20250328-Laborvizsgalatok-CRP-reagens-valtas.pdf\" target=\"_blank\" rel=\"noopener\">20250328 Laborvizsg\u00e1latok -CRP reagens v\u00e1lt\u00e1s<\/a><\/p>\n<p><a href=\"https:\/\/semmelweis.hu\/laboratorium\/files\/2025\/02\/20250213-Laborvizsgalatok-Kreatininmeres_modszer-valtozsas-es-LTT_gyogyszer-vizsgalat-megszunik.pdf\" target=\"_blank\" rel=\"noopener\">20250213 Laborvizsg\u00e1latok &#8211; Kreatininm\u00e9r\u00e9s_m\u00f3dszer v\u00e1ltozs\u00e1s \u00e9s LTT_gy\u00f3gyszer vizsg\u00e1lat megsz\u0171nik<\/a><\/p>\n<p><a href=\"https:\/\/semmelweis.hu\/laboratorium\/files\/2024\/10\/20241015-Tajekoztatas-hemosztazis-vizsgalatok-preanalitikajarol.pdf\" target=\"_blank\" rel=\"noopener\">20241015 T\u00e1j\u00e9koztat\u00e1s hemoszt\u00e1zis vizsg\u00e1latok preanalitik\u00e1j\u00e1r\u00f3l<\/a><\/p>\n<p><a href=\"https:\/\/semmelweis.hu\/laboratorium\/files\/2024\/09\/20240830-Tajekoztatas-triptaz-vizsgalat-megszuneserol.pdf\" target=\"_blank\" rel=\"noopener\">20240830 T\u00e1j\u00e9koztat\u00e1s tript\u00e1z vizsg\u00e1lat megsz\u0171n\u00e9s\u00e9r\u0151l<\/a><\/p>\n<p><a href=\"https:\/\/semmelweis.hu\/laboratorium\/files\/2024\/08\/20240808-Tajekoztatas-reuma-faktor-vizsgalat-valtozasarol.pdf\" target=\"_blank\" rel=\"noopener\">20240808 T\u00e1j\u00e9koztat\u00e1s reuma faktor vizsg\u00e1lat v\u00e1ltoz\u00e1s\u00e1r\u00f3l<\/a><\/p>\n<p><a href=\"https:\/\/semmelweis.hu\/laboratorium\/files\/2024\/07\/20240730-Tajekoztatas-hsCRP-vizsgalat-bevezeteserol.pdf\" target=\"_blank\" rel=\"noopener\">20240730 T\u00e1j\u00e9koztat\u00e1s hsCRP vizsg\u00e1lat bevezet\u00e9s\u00e9r\u0151l<\/a><\/p>\n<p><a href=\"https:\/\/semmelweis.hu\/laboratorium\/files\/2024\/06\/20240604-Tajekoztatas-Nagyobb-TAT-ido-multiplex-leguti-PCR-szteroid-mertekegyseg.pdf\" target=\"_blank\" rel=\"noopener\">20240604 T\u00e1j\u00e9koztat\u00e1s &#8211; Nagyobb TAT id\u0151, multiplex l\u00e9g\u00fati PCR, szteroid m\u00e9rt\u00e9kegys\u00e9g<\/a><\/p>\n<p><a href=\"https:\/\/semmelweis.hu\/laboratorium\/files\/2024\/05\/20240527-Tajekoztatas-szerum-kolineszteraz-referencia-tartomanyrol.pdf\" target=\"_blank\" rel=\"noopener\">20240527 T\u00e1j\u00e9koztat\u00e1s sz\u00e9rum kolineszter\u00e1z referencia tartom\u00e1nyr\u00f3l<\/a><\/p>\n<p><a href=\"https:\/\/semmelweis.hu\/laboratorium\/files\/2024\/05\/20240517-Tajekoztatas-APTI-referencia-tartomanyrol-gyogyszerszint-meresekrol.pdf\" target=\"_blank\" rel=\"noopener\">20240517 T\u00e1j\u00e9koztat\u00e1s APTI referencia tartom\u00e1nyr\u00f3l &amp;amp; gy\u00f3gyszerszint-m\u00e9r\u00e9sekr\u0151l<\/a><\/p>\n<p><a href=\"https:\/\/semmelweis.hu\/laboratorium\/files\/2024\/04\/20240319-Laborvizsgalatok-Szerum-kalprotektin-es-klorid.pdf\" target=\"_blank\" rel=\"noopener\">20240319 Laborvizsg\u00e1latok -Sz\u00e9rum kalprotektin \u00e9s klorid<\/a><\/p>\n<p><a href=\"https:\/\/semmelweis.hu\/laboratorium\/files\/2024\/02\/20240212-Laborvizsgalatok-Allergologiai-vizsgalatok.pdf\" target=\"_blank\" rel=\"noopener\">20240212 Laborvizsg\u00e1latok &#8211; Allergol\u00f3giai vizsg\u00e1latok<\/a><\/p>\n<p><a href=\"https:\/\/semmelweis.hu\/laboratorium\/files\/2024\/01\/20240117-Laborvizsgalatok-Uj-gyogyszerszint-meresek.pdf\" target=\"_blank\" rel=\"noopener\">20240117 Laborvizsg\u00e1latok &#8211; \u00daj gy\u00f3gyszerszint m\u00e9r\u00e9sek<\/a><\/p>\n<p><a href=\"https:\/\/semmelweis.hu\/laboratorium\/files\/2023\/11\/20231117-Laborvizsgalatok-Uj-immunologiai-vizsgalatok-SSA-elleni-antitestek.pdf\" target=\"_blank\" rel=\"noopener\">20231117 Laborvizsg\u00e1latok &#8211; \u00daj immunol\u00f3giai vizsg\u00e1latok (SSA elleni antitestek)<\/a><\/p>\n","protected":false},"excerpt":{"rendered":"<p>Let\u00f6lthet\u0151 k\u00f6rlevelek:<br \/>\n<a href=\"https:\/\/semmelweis.hu\/laboratorium\/files\/2026\/04\/20260331-Korlevel-kapcsolt-vizsgalatok-es-troponin-I.pdf\" target=\"_blank\" rel=\"noopener\">20260331 Laborvizsg\u00e1latok &#8211; kapcsolt vizsg\u00e1latok \u00e9s troponin I<\/a><br \/>\n<a href=\"https:\/\/semmelweis.hu\/laboratorium\/files\/2026\/03\/20260317-Korlevel-ORFI-uj-tesztek.pdf\" target=\"_blank\" rel=\"noopener\">20260317 Laborvizsg\u00e1latok &#8211; RIK \u00faj tesztek<\/a><br \/>\n<a href=\"https:\/\/semmelweis.hu\/laboratorium\/files\/2026\/02\/20260227-Korlevel-Quantiferon.pdf\" target=\"_blank\" rel=\"noopener\">20260227 T\u00e1j\u00e9koztat\u00e1s &#8211; Quantiferon<\/a><br \/>\n<a href=\"https:\/\/semmelweis.hu\/laboratorium\/files\/2026\/01\/20260128-Korlevel.pdf\" target=\"_blank\" rel=\"noopener\">20260129 Laborvizsg\u00e1latok &#8211; v\u00e1ltoz\u00e1sok<\/a><br \/>\n<a href=\"https:\/\/semmelweis.hu\/laboratorium\/files\/2025\/10\/20251002-KORLEVEL-RIK-LMI-centralizalas-1.pdf\" target=\"_blank\" rel=\"noopener\">20251002 T\u00e1j\u00e9koztat\u00e1s &#8211; RIK &#8211; LMI centraliz\u00e1l\u00e1s<\/a><br \/>\n<a href=\"https:\/\/semmelweis.hu\/laboratorium\/files\/2025\/09\/20250916-Tajekoztatas-inzulin-lupus-mikrobi-es-egyebek.pdf\" target=\"_blank\" rel=\"noopener\">20250916 T\u00e1j\u00e9koztat\u00e1s<\/a><a href=\"https:\/\/semmelweis.hu\/laboratorium\/files\/2025\/09\/20250916-Tajekoztatas-inzulin-lupus-mikrobi-es-egyebek.pdf\" target=\"_blank\" rel=\"noopener\">\u00a0&#8211; inzulin, lupus, mikrobi \u00e9s egyebek<\/a><br \/>\n<a href=\"https:\/\/semmelweis.hu\/laboratorium\/files\/2025\/07\/20250728-Klinikak-szamara_-mikrobiologiai-mintaveteli-eszkoz-egysegesitese.pdf\" target=\"_blank\" rel=\"noopener\">20250728 Klinika\u0301k sz\u00e1m\u00e1ra &#8211; Mikrobiolo\u0301giai mintave\u0301teli eszko\u0308z egyse\u0301gesi\u0301te\u0301se<\/a><br \/>\n<a href=\"https:\/\/semmelweis.hu\/laboratorium\/files\/2025\/06\/20250610-Laborvizsgalatok-Szeklet-elasztaz-vizsgalat.pdf\" target=\"_blank\" rel=\"noopener\">20250610 Laborvizsgalatok-Szeklet-elasztaz-vizsgalat<\/a><br \/>\n<a href=\"https:\/\/semmelweis.hu\/laboratorium\/files\/2025\/05\/20250429-HbA1c-kerolap-valtozas-INR-ref-tartomany-hianya.pdf\" target=\"_blank\" rel=\"noopener\">20250429 HbA1c k\u00e9r\u0151lap v\u00e1ltoz\u00e1s &#8211; INR ref tartom\u00e1ny hi\u00e1nya<\/a><br \/>\n<a href=\"https:\/\/semmelweis.hu\/laboratorium\/files\/2025\/04\/20250404-FONTOS-Mikrobiologiai-molekularis-biologiai-vizsgalatok-valtozasa.pdf\" target=\"_blank\" rel=\"noopener\">20250404 FONTOS &#8211; Mikrobiol\u00f3giai molekul\u00e1ris biol\u00f3giai vizsg\u00e1latok v\u00e1ltoz\u00e1sa<\/a><br \/>\n<a href=\"https:\/\/semmelweis.hu\/laboratorium\/files\/2025\/04\/20250401-Laborvizsgalatok-EBV-kvantitativ-meres-bevezetese.pdf\" target=\"_blank\" rel=\"noopener\">20250401 Laborvizsg\u00e1latok &#8211; EBV kvantitat\u00edv m\u00e9r\u00e9s bevezet\u00e9se<\/a><br \/>\n<a href=\"https:\/\/semmelweis.hu\/laboratorium\/files\/2025\/04\/20250328-Laborvizsgalatok-CRP-reagens-valtas.pdf\" target=\"_blank\" rel=\"noopener\">20250328 Laborvizsg\u00e1latok -CRP reagens v\u00e1lt\u00e1s<\/a><br \/>\n<a href=\"https:\/\/semmelweis.hu\/laboratorium\/files\/2025\/02\/20250213-Laborvizsgalatok-Kreatininmeres_modszer-valtozsas-es-LTT_gyogyszer-vizsgalat-megszunik.pdf\" target=\"_blank\" rel=\"noopener\">20250213 Laborvizsg\u00e1latok &#8211; Kreatininm\u00e9r\u00e9s_m\u00f3dszer v\u00e1ltozs\u00e1s \u00e9s LTT_gy\u00f3gyszer vizsg\u00e1lat megsz\u0171nik<\/a><br \/>\n<a href=\"https:\/\/semmelweis.hu\/laboratorium\/files\/2024\/10\/20241015-Tajekoztatas-hemosztazis-vizsgalatok-preanalitikajarol.pdf\" target=\"_blank\" rel=\"noopener\">20241015 T\u00e1j\u00e9koztat\u00e1s hemoszt\u00e1zis vizsg\u00e1latok preanalitik\u00e1j\u00e1r\u00f3l<\/a><br \/>\n<a href=\"https:\/\/semmelweis.hu\/laboratorium\/files\/2024\/09\/20240830-Tajekoztatas-triptaz-vizsgalat-megszuneserol.pdf\" target=\"_blank\" rel=\"noopener\">20240830 T\u00e1j\u00e9koztat\u00e1s tript\u00e1z vizsg\u00e1lat megsz\u0171n\u00e9s\u00e9r\u0151l<\/a><br \/>\n<a href=\"https:\/\/semmelweis.hu\/laboratorium\/files\/2024\/08\/20240808-Tajekoztatas-reuma-faktor-vizsgalat-valtozasarol.pdf\" target=\"_blank\" rel=\"noopener\">20240808 T\u00e1j\u00e9koztat\u00e1s reuma faktor vizsg\u00e1lat v\u00e1ltoz\u00e1s\u00e1r\u00f3l<\/a><br \/>\n<a href=\"https:\/\/semmelweis.hu\/laboratorium\/files\/2024\/07\/20240730-Tajekoztatas-hsCRP-vizsgalat-bevezeteserol.pdf\" target=\"_blank\" rel=\"noopener\">20240730 T\u00e1j\u00e9koztat\u00e1s hsCRP vizsg\u00e1lat bevezet\u00e9s\u00e9r\u0151l<\/a><br \/>\n<a href=\"https:\/\/semmelweis.hu\/laboratorium\/files\/2024\/06\/20240604-Tajekoztatas-Nagyobb-TAT-ido-multiplex-leguti-PCR-szteroid-mertekegyseg.pdf\" target=\"_blank\" rel=\"noopener\">20240604 T\u00e1j\u00e9koztat\u00e1s &#8211; Nagyobb TAT id\u0151, multiplex l\u00e9g\u00fati PCR, szteroid m\u00e9rt\u00e9kegys\u00e9g<\/a><br \/>\n<a href=\"https:\/\/semmelweis.hu\/laboratorium\/files\/2024\/05\/20240527-Tajekoztatas-szerum-kolineszteraz-referencia-tartomanyrol.pdf\" target=\"_blank\" rel=\"noopener\">20240527 T\u00e1j\u00e9koztat\u00e1s sz\u00e9rum kolineszter\u00e1z referencia tartom\u00e1nyr\u00f3l<\/a><br \/>\n<a href=\"https:\/\/semmelweis.hu\/laboratorium\/files\/2024\/05\/20240517-Tajekoztatas-APTI-referencia-tartomanyrol-gyogyszerszint-meresekrol.pdf\" target=\"_blank\" rel=\"noopener\">20240517 T\u00e1j\u00e9koztat\u00e1s APTI referencia tartom\u00e1nyr\u00f3l &amp;amp; gy\u00f3gyszerszint-m\u00e9r\u00e9sekr\u0151l<\/a><br \/>\n<a href=\"https:\/\/semmelweis.hu\/laboratorium\/files\/2024\/04\/20240319-Laborvizsgalatok-Szerum-kalprotektin-es-klorid.pdf\" target=\"_blank\" rel=\"noopener\">20240319 Laborvizsg\u00e1latok -Sz\u00e9rum kalprotektin \u00e9s klorid<\/a><br \/>\n<a href=\"https:\/\/semmelweis.hu\/laboratorium\/files\/2024\/02\/20240212-Laborvizsgalatok-Allergologiai-vizsgalatok.pdf\" target=\"_blank\" rel=\"noopener\">20240212 Laborvizsg\u00e1latok &#8211; Allergol\u00f3giai vizsg\u00e1latok<\/a><br \/>\n<a href=\"https:\/\/semmelweis.hu\/laboratorium\/files\/2024\/01\/20240117-Laborvizsgalatok-Uj-gyogyszerszint-meresek.pdf\" target=\"_blank\" rel=\"noopener\">20240117 Laborvizsg\u00e1latok &#8211; \u00daj gy\u00f3gyszerszint m\u00e9r\u00e9sek<\/a><br \/>\n<a href=\"https:\/\/semmelweis.hu\/laboratorium\/files\/2023\/11\/20231117-Laborvizsgalatok-Uj-immunologiai-vizsgalatok-SSA-elleni-antitestek.pdf\" target=\"_blank\" rel=\"noopener\">20231117 Laborvizsg\u00e1latok &#8211; \u00daj immunol\u00f3giai vizsg\u00e1latok (SSA elleni antitestek)<\/a><\/p>\n","protected":false},"author":275,"featured_media":0,"parent":2091,"menu_order":1,"comment_status":"closed","ping_status":"closed","template":"","meta":{"_acf_changed":false,"footnotes":""},"categories":[],"tags":[],"class_list":["post-198","page","type-page","status-publish","hentry"],"acf":[],"_links":{"self":[{"href":"https:\/\/semmelweis.hu\/laboratorium\/wp-json\/wp\/v2\/pages\/198","targetHints":{"allow":["GET"]}}],"collection":[{"href":"https:\/\/semmelweis.hu\/laboratorium\/wp-json\/wp\/v2\/pages"}],"about":[{"href":"https:\/\/semmelweis.hu\/laboratorium\/wp-json\/wp\/v2\/types\/page"}],"author":[{"embeddable":true,"href":"https:\/\/semmelweis.hu\/laboratorium\/wp-json\/wp\/v2\/users\/275"}],"replies":[{"embeddable":true,"href":"https:\/\/semmelweis.hu\/laboratorium\/wp-json\/wp\/v2\/comments?post=198"}],"version-history":[{"count":10,"href":"https:\/\/semmelweis.hu\/laboratorium\/wp-json\/wp\/v2\/pages\/198\/revisions"}],"predecessor-version":[{"id":5454,"href":"https:\/\/semmelweis.hu\/laboratorium\/wp-json\/wp\/v2\/pages\/198\/revisions\/5454"}],"up":[{"embeddable":true,"href":"https:\/\/semmelweis.hu\/laboratorium\/wp-json\/wp\/v2\/pages\/2091"}],"wp:attachment":[{"href":"https:\/\/semmelweis.hu\/laboratorium\/wp-json\/wp\/v2\/media?parent=198"}],"wp:term":[{"taxonomy":"category","embeddable":true,"href":"https:\/\/semmelweis.hu\/laboratorium\/wp-json\/wp\/v2\/categories?post=198"},{"taxonomy":"post_tag","embeddable":true,"href":"https:\/\/semmelweis.hu\/laboratorium\/wp-json\/wp\/v2\/tags?post=198"}],"curies":[{"name":"wp","href":"https:\/\/api.w.org\/{rel}","templated":true}]}}