{"id":143,"date":"2014-03-24T13:51:30","date_gmt":"2014-03-24T12:51:30","guid":{"rendered":"http:\/\/semmelweis.hu\/laboratorium\/?page_id=143"},"modified":"2025-06-03T17:16:39","modified_gmt":"2025-06-03T15:16:39","slug":"kozponti-immunologiai-diagnosztikai-laboratorium","status":"publish","type":"page","link":"https:\/\/semmelweis.hu\/laboratorium\/reszlegek\/kozponti-immunologiai-diagnosztikai-laboratorium\/","title":{"rendered":"Immunol\u00f3giai Laborat\u00f3rium"},"content":{"rendered":"<div>\n<div class=\"responsive-tabs\">\n<h2 class=\"tabtitle\">Laborat\u00f3rium<\/h2>\n<div class=\"tabcontent\">\n\n<p style=\"text-align: justify\"><span style=\"font-size: 1rem;text-align: justify\">A laborat\u00f3rium f\u0151 profilja az autoimmun folyamatokhoz k\u00f6thet\u0151 elt\u00e9r\u00e9sek vizsg\u00e1lata. Klinikai immunol\u00f3giai laborat\u00f3riumi vizsg\u00e1latokat v\u00e9gz\u00fcnk els\u0151sorban autoimmun betegs\u00e9gek diagnosztik\u00e1j\u00e1nak \u00e9s monitoroz\u00e1s\u00e1nak c\u00e9lj\u00e1b\u00f3l. A k\u00fcl\u00f6nb\u00f6z\u0151 szerveket vagy az eg\u00e9sz szervezetet is \u00e9rint\u0151 elt\u00e9r\u00e9sekkel egy\u00fctt j\u00e1r\u00f3 k\u00f3ros autoantitestek sz\u00e9les sk\u00e1l\u00e1j\u00e1t vizsg\u00e1ljuk f\u0151k\u00e9nt v\u00e9rb\u0151l \u00e9s sz\u00fcks\u00e9g eset\u00e9n liquorb\u00f3l (lsd: vizsg\u00e1lati regiszter). Az orsz\u00e1gban legsz\u00e9lesebb k\u00f6rben itt \u00e9rhet\u0151ek el neuroimmunol\u00f3giai param\u00e9terek, melyeket az orsz\u00e1g sz\u00e1mos pontj\u00e1r\u00f3l k\u00e9rnek a kezel\u0151 orvosok betegeik sz\u00e1m\u00e1ra.<\/span><\/p>\n<p style=\"text-align: justify\"><span style=\"text-align: justify;font-size: 1rem\">Az autoantitestek kimutat\u00e1s\u00e1hoz t\u00f6bbf\u00e9le m\u00f3dszert haszn\u00e1lunk (pl. indirekt immunfluoreszcencia, ELISA, immunoblot), melyek nagy \u00e9rz\u00e9kenys\u00e9ggel \u00e9s specificit\u00e1ssal mutatj\u00e1k ki a keresett antitestet. Az el\u00e9rhet\u0151 modern technik\u00e1kat \u00e9s m\u0171szereket alkalmazva lehet\u0151s\u00e9g\u00fcnk van a kiemelked\u0151en nagy sz\u00e1m\u00fa vizsg\u00e1latunkat gyors lelet\u00e1tfordul\u00e1si id\u0151vel v\u00e9gezni.<\/span><\/p>\n<p style=\"text-align: justify\"><span style=\"text-align: justify;font-size: 1rem\">Az immunrendszer k\u00f3ros m\u0171k\u00f6d\u00e9s\u00e9re a k\u00fcl\u00f6nb\u00f6z\u0151 autoantitestek megjelen\u00e9s\u00e9n k\u00edv\u00fcl utalhatnak az immunsejtek sz\u00e1mbeli, vagy funkcion\u00e1lis elt\u00e9r\u00e9sei. Az allergi\u00e1s \u00e1llapotok diagnosztik\u00e1j\u00e1ra sejtfunkci\u00f3s vizsg\u00e1latokat haszn\u00e1lunk. Hasonl\u00f3 m\u00f3don (limfocita blasztos transzform\u00e1ci\u00f3) bizonyos immunhi\u00e1nyos \u00e1llapotok diagnosztik\u00e1j\u00e1t is seg\u00edtj\u00fck.<\/span><\/p>\n<p style=\"text-align: justify\"><span style=\"text-align: justify;font-size: 1rem\">Szint\u00e9n sejtes vizsg\u00e1lat a limfocit\u00e1k immunfenotipiz\u00e1l\u00e1sa, amivel hematol\u00f3giai \u00e9s immunol\u00f3giai betegek diagnosztik\u00e1j\u00e1t \u00e9s nyomon k\u00f6vet\u00e9s\u00e9t seg\u00edtj\u00fck.<\/span><\/p>\n<p style=\"text-align: justify\"><span style=\"text-align: justify;font-size: 1rem\">Az egyetemen zajl\u00f3 betegell\u00e1t\u00e1son k\u00edv\u00fcl laborat\u00f3riumunk az orsz\u00e1g m\u00e1s eg\u00e9szs\u00e9g\u00fcgyi int\u00e9zm\u00e9nyeib\u0151l is fogad vizsg\u00e1lati mint\u00e1kat (az \u00e9rv\u00e9nyes elj\u00e1r\u00e1si rend\u00fcnknek megfelel\u0151en).<\/span><\/p>\n<p style=\"text-align: justify\"><span style=\"text-align: justify;font-size: 1rem\">Rutin diagnosztikai munk\u00e1nk mellett r\u00e9szt vesz\u00fcnk gradu\u00e1lis \u00e9s postgradu\u00e1lis oktat\u00e1sban, illetve allergol\u00f3gia \u00e9s klinikai immunol\u00f3gia k\u00f6telez\u0151 immunol\u00f3giai laborat\u00f3riumi gyakorlatra, valamint laborat\u00f3riumi hematol\u00f3gia \u00e9s immunol\u00f3gia k\u00f6telez\u0151 immunol\u00f3giai laborat\u00f3riumi gyakorlatra is akkredit\u00e1lt k\u00e9pz\u0151hely vagyunk.<\/span><\/p>\n<p style=\"text-align: justify\"><span style=\"text-align: justify;font-size: 1rem\">Partnerek vagyunk kutat\u00e1si feladatokban, melyek az immunrendszer m\u0171k\u00f6d\u00e9s\u00e9t vizsg\u00e1lj\u00e1k klinikai k\u00f6r\u00fclm\u00e9nyek k\u00f6z\u00f6tt.<\/span><\/p>\n<div class=\"keretes w-100\">\n<p><strong style=\"font-size: 1rem;text-align: justify\">El\u00e9rhet\u0151s\u00e9gek<\/strong><\/p>\n<p><span style=\"text-align: justify;font-size: 1rem\"><strong>Telephely:<\/strong> 1083 Budapest \u00dcll\u0151i \u00fat 78\/a. 1 em.<\/span><\/p>\n<p><span style=\"text-align: justify;font-size: 1rem\"><strong>Laborvezet\u0151:<\/strong> Dr. Barab\u00e1s Eszter<\/span><\/p>\n<p><span style=\"text-align: justify;font-size: 1rem\"><strong>Email:<\/strong> barabas.eszter@semmelweis.hu<\/span><\/p>\n<p><span style=\"text-align: justify;font-size: 1rem\">A laborat\u00f3rium telefonos el\u00e9rhet\u0151s\u00e9ge: 1\/266-0926\/<\/span><\/p>\n<p><span style=\"text-align: justify;font-size: 1rem\">62085 mell\u00e9k: labor vezet\u0151<\/span><\/p>\n<p><span style=\"text-align: justify;font-size: 1rem\">61845, 62088 mell\u00e9k: immunol\u00f3gia labor\u00a0<\/span><\/p>\n<\/div>\n<p>\n<\/div><h2 class=\"tabtitle\">Munkat\u00e1rsak<\/h2>\n<div class=\"tabcontent\">\n \r\n<div id=\"telefonkonyv\">\r\n  <div class=\"tel-results col-12 px-0\">\r\n      <p class=\"desc mb-1\"><span>Ha hib\u00e1s, vagy hi\u00e1nyz\u00f3 adatot tal\u00e1l, k\u00e9rj\u00fck jelezze szervezeti egys\u00e9g\u00fcnk titk\u00e1rs\u00e1g\u00e1n.<\/span><\/p>\r\n      <p class=\"desc\"><em>A telefonk\u00f6nyvben tal\u00e1lhat\u00f3 adatok nem haszn\u00e1lhat\u00f3k fel az 1995. \u00e9vi CXIX. t\u00f6rv\u00e9ny szerinti kutat\u00e1s \u00e9s k\u00f6zvetlen \u00fczletszerz\u00e9s c\u00e9lj\u00e1ra.<\/em><\/p>\r\n                <div class=\"row mx-0 mt-3 mb-3 subunit-line text-uppercase font-weight-bold \r\n                    status-SZE\">\r\n                    <div class=\"col col-12 col-md-10 pl-2 pr-0\">\r\n                        <span>Laborat\u00f3riumi Medicina Int\u00e9zet<\/span>\r\n                    <\/div>\r\n                <\/div> \r\n                <div class=\"row mx-0 mt-3 mb-3 group-line text-uppercase font-weight-bold\">\r\n                    <div class=\"col col-12 col-md-10 pl-2 pr-0\">\r\n                        <span>Immunol\u00f3giai  Laborat\u00f3rium<\/span>\r\n                    <\/div>\r\n                <\/div> \r\n          <div class=\"row mx-0 py-2 result-line emp-leader\">\r\n            <div class=\"col col-12 px-0 \"><div class=\"row mx-0 pr-2 result-line-content align-items-center\">\r\n                        <div class=\"col-12 col-md-6 px-0 \">\r\n                            <a class=\"emp-name\" href=\"https:\/\/semmelweis.hu\/telefonkonyv?emp_id=7946\">Dr. Barab\u00e1s Eszter <\/a>\r\n                            <br \/><span class=\"emp-phone\">laborat\u00f3rium vezet\u0151<\/span><\/div>\r\n                        <div class=\"col-12 col-md-6 px-0\"><span class=\"emp-phone\"><i class=\"fa fa-phone\" aria-hidden=\"true\"><\/i>20\/663-2977, 62085<\/span><span class=\"emp-email\"><i class=\"fa fa-envelope-o\" aria-hidden=\"true\"><\/i>barabas.eszter<i class=\"fa fa-at m-0 text-body\"><\/i>semmelweis.hu<\/span>\r\n                        <\/div>\r\n                    <\/div>\r\n                \r\n            <\/div>\r\n\r\n                <div class=\"col-12 col-md-6 px-0 d-none\"><span class=\"emp-phone\"><i class=\"fa fa-phone\" aria-hidden=\"true\"><\/i>20\/663-2977, 62085<\/span><span class=\"emp-email\"><i class=\"fa fa-envelope-o\" aria-hidden=\"true\"><\/i>barabas.eszter<i class=\"fa fa-at m-0 text-body\"><\/i>semmelweis.hu<\/span>\r\n                <\/div>\r\n\r\n\r\n        <\/div>\r\n          <div class=\"row mx-0 py-2 result-line emp-leader\">\r\n            <div class=\"col col-12 px-0 \"><div class=\"row mx-0 pr-2 result-line-content align-items-center\">\r\n                        <div class=\"col-12 col-md-6 px-0 \">\r\n                            <a class=\"emp-name\" href=\"https:\/\/semmelweis.hu\/telefonkonyv?emp_id=7954\">Dr. Beleznay Zsuzsanna <\/a>\r\n                            <br \/><span class=\"emp-phone\">szaktan\u00e1csad\u00f3<\/span><\/div>\r\n                        <div class=\"col-12 col-md-6 px-0\"><span class=\"emp-phone\"><i class=\"fa fa-phone\" aria-hidden=\"true\"><\/i>20\/666-3161, 62085<\/span><span class=\"emp-email\"><i class=\"fa fa-envelope-o\" aria-hidden=\"true\"><\/i>beleznay.zsuzsanna<i class=\"fa fa-at m-0 text-body\"><\/i>semmelweis.hu<\/span>\r\n                        <\/div>\r\n                    <\/div>\r\n                \r\n            <\/div>\r\n\r\n                <div class=\"col-12 col-md-6 px-0 d-none\"><span class=\"emp-phone\"><i class=\"fa fa-phone\" aria-hidden=\"true\"><\/i>20\/666-3161, 62085<\/span><span class=\"emp-email\"><i class=\"fa fa-envelope-o\" aria-hidden=\"true\"><\/i>beleznay.zsuzsanna<i class=\"fa fa-at m-0 text-body\"><\/i>semmelweis.hu<\/span>\r\n                <\/div>\r\n\r\n\r\n        <\/div>\r\n          <div class=\"row mx-0 py-2 result-line \">\r\n            <div class=\"col col-12 px-0 \"><div class=\"row mx-0 pr-2 result-line-content align-items-center\">\r\n                        <div class=\"col-12 col-md-6 px-0 \">\r\n                            <a class=\"emp-name\" href=\"https:\/\/semmelweis.hu\/telefonkonyv?emp_id=8883\"> Czumbel Andrea <\/a>\r\n                            <br \/><span class=\"emp-phone\">szakasszisztens \u00e9s adminisztr\u00e1tor <\/span><\/div>\r\n                        <div class=\"col-12 col-md-6 px-0\"><span class=\"emp-phone\"><i class=\"fa fa-phone\" aria-hidden=\"true\"><\/i>62095, <\/span><span class=\"emp-email\"><i class=\"fa fa-envelope-o\" aria-hidden=\"true\"><\/i>czumbel.andrea<i class=\"fa fa-at m-0 text-body\"><\/i>semmelweis.hu<\/span>\r\n                        <\/div>\r\n                    <\/div>\r\n                \r\n            <\/div>\r\n\r\n                <div class=\"col-12 col-md-6 px-0 d-none\"><span class=\"emp-phone\"><i class=\"fa fa-phone\" aria-hidden=\"true\"><\/i>62095, <\/span><span class=\"emp-email\"><i class=\"fa fa-envelope-o\" aria-hidden=\"true\"><\/i>czumbel.andrea<i class=\"fa fa-at m-0 text-body\"><\/i>semmelweis.hu<\/span>\r\n                <\/div>\r\n\r\n\r\n        <\/div>\r\n          <div class=\"row mx-0 py-2 result-line \">\r\n            <div class=\"col col-12 px-0 \"><div class=\"row mx-0 pr-2 result-line-content align-items-center\">\r\n                        <div class=\"col-12 col-md-6 px-0 \">\r\n                            <a class=\"emp-name\" href=\"https:\/\/semmelweis.hu\/telefonkonyv?emp_id=23408\"> Fazekas \u00c1gnes <\/a>\r\n                            <br \/><span class=\"emp-phone\">orvos\u00edrnok<\/span><\/div>\r\n                        <div class=\"col-12 col-md-6 px-0\"><span class=\"emp-phone\"><i class=\"fa fa-phone\" aria-hidden=\"true\"><\/i>62095, <\/span><span class=\"emp-email\"><i class=\"fa fa-envelope-o\" aria-hidden=\"true\"><\/i>fazekas.agnes<i class=\"fa fa-at m-0 text-body\"><\/i>semmelweis.hu<\/span>\r\n                        <\/div>\r\n                    <\/div>\r\n                \r\n            <\/div>\r\n\r\n                <div class=\"col-12 col-md-6 px-0 d-none\"><span class=\"emp-phone\"><i class=\"fa fa-phone\" aria-hidden=\"true\"><\/i>62095, <\/span><span class=\"emp-email\"><i class=\"fa fa-envelope-o\" aria-hidden=\"true\"><\/i>fazekas.agnes<i class=\"fa fa-at m-0 text-body\"><\/i>semmelweis.hu<\/span>\r\n                <\/div>\r\n\r\n\r\n        <\/div>\r\n          <div class=\"row mx-0 py-2 result-line \">\r\n            <div class=\"col col-12 px-0 \"><div class=\"row mx-0 pr-2 result-line-content align-items-center\">\r\n                        <div class=\"col-12 col-md-6 px-0 \">\r\n                            <a class=\"emp-name\" href=\"https:\/\/semmelweis.hu\/telefonkonyv?emp_id=17856\"> Galambos T\u00edmea <\/a>\r\n                            <br \/><span class=\"emp-phone\">asszisztens<\/span><\/div>\r\n                        <div class=\"col-12 col-md-6 px-0\"><span class=\"emp-phone\"><i class=\"fa fa-phone\" aria-hidden=\"true\"><\/i>62088, <\/span><span class=\"emp-email\"><i class=\"fa fa-envelope-o\" aria-hidden=\"true\"><\/i>galambos.timea<i class=\"fa fa-at m-0 text-body\"><\/i>semmelweis.hu<\/span>\r\n                        <\/div>\r\n                    <\/div>\r\n                \r\n            <\/div>\r\n\r\n                <div class=\"col-12 col-md-6 px-0 d-none\"><span class=\"emp-phone\"><i class=\"fa fa-phone\" aria-hidden=\"true\"><\/i>62088, <\/span><span class=\"emp-email\"><i class=\"fa fa-envelope-o\" aria-hidden=\"true\"><\/i>galambos.timea<i class=\"fa fa-at m-0 text-body\"><\/i>semmelweis.hu<\/span>\r\n                <\/div>\r\n\r\n\r\n        <\/div>\r\n          <div class=\"row mx-0 py-2 result-line \">\r\n            <div class=\"col col-12 px-0 \"><div class=\"row mx-0 pr-2 result-line-content align-items-center\">\r\n                        <div class=\"col-12 col-md-6 px-0 \">\r\n                            <a class=\"emp-name\" href=\"https:\/\/semmelweis.hu\/telefonkonyv?emp_id=15988\"> Kara Andrea <\/a>\r\n                            <br \/><span class=\"emp-phone\">asszisztens<\/span><\/div>\r\n                        <div class=\"col-12 col-md-6 px-0\"><span class=\"emp-phone\"><i class=\"fa fa-phone\" aria-hidden=\"true\"><\/i>62088<\/span><span class=\"emp-email\"><i class=\"fa fa-envelope-o\" aria-hidden=\"true\"><\/i>kara.andrea<i class=\"fa fa-at m-0 text-body\"><\/i>semmelweis.hu<\/span>\r\n                        <\/div>\r\n                    <\/div>\r\n                \r\n            <\/div>\r\n\r\n                <div class=\"col-12 col-md-6 px-0 d-none\"><span class=\"emp-phone\"><i class=\"fa fa-phone\" aria-hidden=\"true\"><\/i>62088<\/span><span class=\"emp-email\"><i class=\"fa fa-envelope-o\" aria-hidden=\"true\"><\/i>kara.andrea<i class=\"fa fa-at m-0 text-body\"><\/i>semmelweis.hu<\/span>\r\n                <\/div>\r\n\r\n\r\n        <\/div>\r\n          <div class=\"row mx-0 py-2 result-line \">\r\n            <div class=\"col col-12 px-0 \"><div class=\"row mx-0 pr-2 result-line-content align-items-center\">\r\n                        <div class=\"col-12 col-md-6 px-0 \">\r\n                            <a class=\"emp-name\" href=\"https:\/\/semmelweis.hu\/telefonkonyv?emp_id=24351\"> Kind\u00e1k Val\u00e9ria <\/a>\r\n                            <br \/><span class=\"emp-phone\">asszisztens<\/span><\/div>\r\n                        <div class=\"col-12 col-md-6 px-0\"><span class=\"emp-phone\"><i class=\"fa fa-phone\" aria-hidden=\"true\"><\/i>61845, <\/span><span class=\"emp-email\"><i class=\"fa fa-envelope-o\" aria-hidden=\"true\"><\/i>kindak.valeria<i class=\"fa fa-at m-0 text-body\"><\/i>semmelweis.hu<\/span>\r\n                        <\/div>\r\n                    <\/div>\r\n                \r\n            <\/div>\r\n\r\n                <div class=\"col-12 col-md-6 px-0 d-none\"><span class=\"emp-phone\"><i class=\"fa fa-phone\" aria-hidden=\"true\"><\/i>61845, <\/span><span class=\"emp-email\"><i class=\"fa fa-envelope-o\" aria-hidden=\"true\"><\/i>kindak.valeria<i class=\"fa fa-at m-0 text-body\"><\/i>semmelweis.hu<\/span>\r\n                <\/div>\r\n\r\n\r\n        <\/div>\r\n          <div class=\"row mx-0 py-2 result-line \">\r\n            <div class=\"col col-12 px-0 \"><div class=\"row mx-0 pr-2 result-line-content align-items-center\">\r\n                        <div class=\"col-12 col-md-6 px-0 \">\r\n                            <a class=\"emp-name\" href=\"https:\/\/semmelweis.hu\/telefonkonyv?emp_id=15944\"> P\u00f3sa Zsolt <\/a>\r\n                            <br \/><span class=\"emp-phone\">szakasszisztens (vezet\u0151, vagyonv\u00e9delmi megb\u00edzott)<\/span><\/div>\r\n                        <div class=\"col-12 col-md-6 px-0\"><span class=\"emp-phone\"><i class=\"fa fa-phone\" aria-hidden=\"true\"><\/i>20\/666-3757, 62088<\/span><span class=\"emp-email\"><i class=\"fa fa-envelope-o\" aria-hidden=\"true\"><\/i>posa.zsolt<i class=\"fa fa-at m-0 text-body\"><\/i>semmelweis.hu<\/span>\r\n                        <\/div>\r\n                    <\/div>\r\n                \r\n            <\/div>\r\n\r\n                <div class=\"col-12 col-md-6 px-0 d-none\"><span class=\"emp-phone\"><i class=\"fa fa-phone\" aria-hidden=\"true\"><\/i>20\/666-3757, 62088<\/span><span class=\"emp-email\"><i class=\"fa fa-envelope-o\" aria-hidden=\"true\"><\/i>posa.zsolt<i class=\"fa fa-at m-0 text-body\"><\/i>semmelweis.hu<\/span>\r\n                <\/div>\r\n\r\n\r\n        <\/div>\r\n          <div class=\"row mx-0 py-2 result-line \">\r\n            <div class=\"col col-12 px-0 \"><div class=\"row mx-0 pr-2 result-line-content align-items-center\">\r\n                        <div class=\"col-12 col-md-6 px-0 \">\r\n                            <a class=\"emp-name\" href=\"https:\/\/semmelweis.hu\/telefonkonyv?emp_id=15942\">Dr. Szab\u00f3 Zs\u00f3fia <\/a>\r\n                            <br \/><span class=\"emp-phone\">szakgy\u00f3gyszer\u00e9sz<\/span><\/div>\r\n                        <div class=\"col-12 col-md-6 px-0\"><span class=\"emp-phone\"><i class=\"fa fa-phone\" aria-hidden=\"true\"><\/i>20\/825-8791, 62085<\/span><span class=\"emp-email\"><i class=\"fa fa-envelope-o\" aria-hidden=\"true\"><\/i>szabo.zsofia2<i class=\"fa fa-at m-0 text-body\"><\/i>semmelweis.hu<\/span>\r\n                        <\/div>\r\n                    <\/div>\r\n                \r\n            <\/div>\r\n\r\n                <div class=\"col-12 col-md-6 px-0 d-none\"><span class=\"emp-phone\"><i class=\"fa fa-phone\" aria-hidden=\"true\"><\/i>20\/825-8791, 62085<\/span><span class=\"emp-email\"><i class=\"fa fa-envelope-o\" aria-hidden=\"true\"><\/i>szabo.zsofia2<i class=\"fa fa-at m-0 text-body\"><\/i>semmelweis.hu<\/span>\r\n                <\/div>\r\n\r\n\r\n        <\/div>\r\n          <div class=\"row mx-0 py-2 result-line \">\r\n            <div class=\"col col-12 px-0 \"><div class=\"row mx-0 pr-2 result-line-content align-items-center\">\r\n                        <div class=\"col-12 col-md-6 px-0 \">\r\n                            <a class=\"emp-name\" href=\"https:\/\/semmelweis.hu\/telefonkonyv?emp_id=22431\"> Szegedi S\u00e1ndorn\u00e9 <\/a>\r\n                            <br \/><span class=\"emp-phone\">takar\u00edt\u00f3<\/span><\/div>\r\n                        <div class=\"col-12 col-md-6 px-0\"><span class=\"emp-email\"><i class=\"fa fa-envelope-o\" aria-hidden=\"true\"><\/i>szegedi.sandorne<i class=\"fa fa-at m-0 text-body\"><\/i>semmelweis.hu<\/span>\r\n                        <\/div>\r\n                    <\/div>\r\n                \r\n            <\/div>\r\n\r\n                <div class=\"col-12 col-md-6 px-0 d-none\"><span class=\"emp-email\"><i class=\"fa fa-envelope-o\" aria-hidden=\"true\"><\/i>szegedi.sandorne<i class=\"fa fa-at m-0 text-body\"><\/i>semmelweis.hu<\/span>\r\n                <\/div>\r\n\r\n\r\n        <\/div><\/div><\/div><\/p>\n<\/div><\/div>\n<\/div>\n<div class=\"keretes w-100\"><a href=\"https:\/\/semmelweis.hu\/laboratorium\/files\/2024\/10\/SE-AOK-LMI-MU-07_Veszforgatokonyv-labordiagnosztikai-szolgaltatas-leallasa-esetere_Immunologiai-laboratorium.pdf\" target=\"_blank\" rel=\"noopener\"><strong>V\u00e9szforgat\u00f3k\u00f6nyv labordiagnosztikai szolg\u00e1ltat\u00e1s le\u00e1ll\u00e1sa eset\u00e9re<\/strong><\/a><\/div>\n<p>&nbsp;<\/p>\n","protected":false},"excerpt":{"rendered":"<p>A laborat\u00f3rium f\u0151 profilja az autoimmun folyamatokhoz k\u00f6thet\u0151 elt\u00e9r\u00e9sek vizsg\u00e1lata. Klinikai immunol\u00f3giai laborat\u00f3riumi vizsg\u00e1latokat v\u00e9gz\u00fcnk els\u0151sorban autoimmun betegs\u00e9gek diagnosztik\u00e1j\u00e1nak \u00e9s monitoroz\u00e1s\u00e1nak c\u00e9lj\u00e1b\u00f3l. A k\u00fcl\u00f6nb\u00f6z\u0151 szerveket vagy az eg\u00e9sz szervezetet is \u00e9rint\u0151 elt\u00e9r\u00e9sekkel egy\u00fctt j\u00e1r\u00f3 k\u00f3ros autoantitestek sz\u00e9les sk\u00e1l\u00e1j\u00e1t vizsg\u00e1ljuk f\u0151k\u00e9nt v\u00e9rb\u0151l \u00e9s sz\u00fcks\u00e9g eset\u00e9n liquorb\u00f3l (lsd: vizsg\u00e1lati regiszter). Az orsz\u00e1gban legsz\u00e9lesebb k\u00f6rben itt \u00e9rhet\u0151ek el &hellip;<\/p>\n","protected":false},"author":275,"featured_media":0,"parent":1466,"menu_order":2,"comment_status":"closed","ping_status":"closed","template":"","meta":{"_acf_changed":false,"footnotes":""},"categories":[],"tags":[],"class_list":["post-143","page","type-page","status-publish","hentry"],"acf":[],"_links":{"self":[{"href":"https:\/\/semmelweis.hu\/laboratorium\/wp-json\/wp\/v2\/pages\/143","targetHints":{"allow":["GET"]}}],"collection":[{"href":"https:\/\/semmelweis.hu\/laboratorium\/wp-json\/wp\/v2\/pages"}],"about":[{"href":"https:\/\/semmelweis.hu\/laboratorium\/wp-json\/wp\/v2\/types\/page"}],"author":[{"embeddable":true,"href":"https:\/\/semmelweis.hu\/laboratorium\/wp-json\/wp\/v2\/users\/275"}],"replies":[{"embeddable":true,"href":"https:\/\/semmelweis.hu\/laboratorium\/wp-json\/wp\/v2\/comments?post=143"}],"version-history":[{"count":11,"href":"https:\/\/semmelweis.hu\/laboratorium\/wp-json\/wp\/v2\/pages\/143\/revisions"}],"predecessor-version":[{"id":4934,"href":"https:\/\/semmelweis.hu\/laboratorium\/wp-json\/wp\/v2\/pages\/143\/revisions\/4934"}],"up":[{"embeddable":true,"href":"https:\/\/semmelweis.hu\/laboratorium\/wp-json\/wp\/v2\/pages\/1466"}],"wp:attachment":[{"href":"https:\/\/semmelweis.hu\/laboratorium\/wp-json\/wp\/v2\/media?parent=143"}],"wp:term":[{"taxonomy":"category","embeddable":true,"href":"https:\/\/semmelweis.hu\/laboratorium\/wp-json\/wp\/v2\/categories?post=143"},{"taxonomy":"post_tag","embeddable":true,"href":"https:\/\/semmelweis.hu\/laboratorium\/wp-json\/wp\/v2\/tags?post=143"}],"curies":[{"name":"wp","href":"https:\/\/api.w.org\/{rel}","templated":true}]}}