{"id":133,"date":"2014-03-24T12:53:32","date_gmt":"2014-03-24T11:53:32","guid":{"rendered":"http:\/\/semmelweis.hu\/laboratorium\/?page_id=133"},"modified":"2025-06-03T17:28:31","modified_gmt":"2025-06-03T15:28:31","slug":"endokrin-laboratorium","status":"publish","type":"page","link":"https:\/\/semmelweis.hu\/laboratorium\/reszlegek\/endokrin-laboratorium\/","title":{"rendered":"Klinikai Genetikai \u00e9s Endokrinol\u00f3giai Laborat\u00f3rium"},"content":{"rendered":"<div class=\"responsive-tabs\">\n<h2 class=\"tabtitle\">Laborat\u00f3rium<\/h2>\n<div class=\"tabcontent\">\n\n<p style=\"text-align: justify\">A Semmelweis Egyetem Laborat\u00f3riumi Medicina Int\u00e9zet Klinikai Genetikai \u00e9s Endokrinol\u00f3giai Laborat\u00f3rium a Semmelweis Egyetem Nagyv\u00e1rad t\u00e9ri elm\u00e9leti t\u00f6mbj\u00e9ben m\u0171k\u00f6dik (1089 Budapest, Nagyv\u00e1rad t\u00e9r 4. 16 em.).<\/p>\n<p style=\"text-align: justify\">A Laborat\u00f3riumban\u00a0 hormonmeghat\u00e1roz\u00e1sok \u00e9s genetikai vizsg\u00e1latokat v\u00e9geznek a Semmelweis Egyetem K\u00fcls\u0151 \u00e9s Bels\u0151 Klinikai Telep Klinik\u00e1inak valamint k\u00fcls\u0151 k\u00e9r\u00e9seknek megfelel\u0151en. A hormonvizsg\u00e1latok k\u00f6z\u00fcl a Laborat\u00f3riumban v\u00e9gzett meghat\u00e1roz\u00e1sok seg\u00edtenek a mell\u00e9kvesebetegs\u00e9gek, a medd\u0151s\u00e9g \u00e9s hormonrendszeri daganatok kivizsg\u00e1l\u00e1s\u00e1ban \u00e9s az alkalmazott kezel\u00e9sek hat\u00e9konys\u00e1g\u00e1nak monitoriz\u00e1l\u00e1s\u00e1ban. A Genetikai r\u00e9szlegnek az endokrin k\u00f3rk\u00e9pek h\u00e1tter\u00e9ben fellelhet\u0151 genetikai elt\u00e9r\u00e9sek vizsg\u00e1lata jelenti a f\u0151 profilt.<\/p>\n<p style=\"text-align: justify\">A Laborat\u00f3riumban m\u0171k\u00f6dik az MTA-SE \u00d6r\u00f6kletes Daganatok Kutat\u00f3csoport, amelynek f\u0151 profilja az \u00f6r\u00f6kletes daganatok molekul\u00e1ris mechanizmusainak vizsg\u00e1lata. A kutat\u00f3csoportban molekul\u00e1ris \u00e9s klinikai genetikusok \u00e9s bioinformatikus dolgozik.<\/p>\n<p style=\"text-align: justify\">A Laborat\u00f3rium r\u00e9szt vesz az Egyetemi oktat\u00e1sban, a kutat\u00f3k\u00e9pz\u00e9sben \u00e9s t\u00f6bb hazai \u00e9s nemzetk\u00f6zi tudom\u00e1nyos projektben.<\/p>\n<div class=\"keretes w-100\">\n<p><strong>C\u00edm:<\/strong> 1089 Budapest, Nagyv\u00e1rad t\u00e9r 4. 16 em.<\/p>\n<p><strong>Laborvezet\u0151:<\/strong> Prof. Dr. Pat\u00f3cs Attila Ph.D., D.Sc., egyetemi tan\u00e1r<\/p>\n<p><strong>Email:<\/strong> patocs.attila@semmelweis.hu<\/p>\n<p><strong>Telefon:<\/strong> 1\/459-1500 \/ 56495, 56149<\/p>\n<\/div>\n<p>\n<\/div><h2 class=\"tabtitle\">Munkat\u00e1rsak<\/h2>\n<div class=\"tabcontent\">\n \r\n<div id=\"telefonkonyv\">\r\n  <div class=\"tel-results col-12 px-0\">\r\n      <p class=\"desc mb-1\"><span>Ha hib\u00e1s, vagy hi\u00e1nyz\u00f3 adatot tal\u00e1l, k\u00e9rj\u00fck jelezze szervezeti egys\u00e9g\u00fcnk titk\u00e1rs\u00e1g\u00e1n.<\/span><\/p>\r\n      <p class=\"desc\"><em>A telefonk\u00f6nyvben tal\u00e1lhat\u00f3 adatok nem haszn\u00e1lhat\u00f3k fel az 1995. \u00e9vi CXIX. t\u00f6rv\u00e9ny szerinti kutat\u00e1s \u00e9s k\u00f6zvetlen \u00fczletszerz\u00e9s c\u00e9lj\u00e1ra.<\/em><\/p>\r\n                <div class=\"row mx-0 mt-3 mb-3 subunit-line text-uppercase font-weight-bold \r\n                    status-SZE\">\r\n                    <div class=\"col col-12 col-md-10 pl-2 pr-0\">\r\n                        <span>Laborat\u00f3riumi Medicina Int\u00e9zet<\/span>\r\n                    <\/div>\r\n                <\/div> \r\n                <div class=\"row mx-0 mt-3 mb-3 group-line text-uppercase font-weight-bold\">\r\n                    <div class=\"col col-12 col-md-10 pl-2 pr-0\">\r\n                        <span>Klinikai Genetikai \u00e9s Endokrinol\u00f3giai Laborat\u00f3rium<\/span>\r\n                    <\/div>\r\n                <\/div> \r\n          <div class=\"row mx-0 py-2 result-line emp-leader\">\r\n            <div class=\"col col-12 px-0 \"><div class=\"row mx-0 pr-2 result-line-content align-items-center\">\r\n                        <div class=\"col-12 col-md-6 px-0 \">\r\n                            <a class=\"emp-name\" href=\"https:\/\/semmelweis.hu\/telefonkonyv?emp_id=7943\"> Prof. Dr. Pat\u00f3cs Attila <\/a>\r\n                            <br \/><span class=\"emp-phone\">laborat\u00f3rium vezet\u0151<\/span><\/div>\r\n                        <div class=\"col-12 col-md-6 px-0\"><span class=\"emp-phone\"><i class=\"fa fa-phone\" aria-hidden=\"true\"><\/i>20\/663-2596, 56495<\/span><span class=\"emp-email\"><i class=\"fa fa-envelope-o\" aria-hidden=\"true\"><\/i>patocs.attila<i class=\"fa fa-at m-0 text-body\"><\/i>semmelweis.hu<\/span>\r\n                        <\/div>\r\n                    <\/div>\r\n                \r\n            <\/div>\r\n\r\n                <div class=\"col-12 col-md-6 px-0 d-none\"><span class=\"emp-phone\"><i class=\"fa fa-phone\" aria-hidden=\"true\"><\/i>20\/663-2596, 56495<\/span><span class=\"emp-email\"><i class=\"fa fa-envelope-o\" aria-hidden=\"true\"><\/i>patocs.attila<i class=\"fa fa-at m-0 text-body\"><\/i>semmelweis.hu<\/span>\r\n                <\/div>\r\n\r\n\r\n        <\/div>\r\n          <div class=\"row mx-0 py-2 result-line \">\r\n            <div class=\"col col-12 px-0 \"><div class=\"row mx-0 pr-2 result-line-content align-items-center\">\r\n                        <div class=\"col-12 col-md-6 px-0 \">\r\n                            <a class=\"emp-name\" href=\"https:\/\/semmelweis.hu\/telefonkonyv?emp_id=15940\"> Benk\u0151 Mariann <\/a>\r\n                            <br \/><span class=\"emp-phone\">szakasszisztens (k\u00f6rnyezetv\u00e9delmi megb\u00edzott)<\/span><\/div>\r\n                        <div class=\"col-12 col-md-6 px-0\"><span class=\"emp-phone\"><i class=\"fa fa-phone\" aria-hidden=\"true\"><\/i>56495<\/span><span class=\"emp-email\"><i class=\"fa fa-envelope-o\" aria-hidden=\"true\"><\/i>benko.mariann<i class=\"fa fa-at m-0 text-body\"><\/i>semmelweis.hu<\/span>\r\n                        <\/div>\r\n                    <\/div>\r\n                \r\n            <\/div>\r\n\r\n                <div class=\"col-12 col-md-6 px-0 d-none\"><span class=\"emp-phone\"><i class=\"fa fa-phone\" aria-hidden=\"true\"><\/i>56495<\/span><span class=\"emp-email\"><i class=\"fa fa-envelope-o\" aria-hidden=\"true\"><\/i>benko.mariann<i class=\"fa fa-at m-0 text-body\"><\/i>semmelweis.hu<\/span>\r\n                <\/div>\r\n\r\n\r\n        <\/div>\r\n          <div class=\"row mx-0 py-2 result-line \">\r\n            <div class=\"col col-12 px-0 \"><div class=\"row mx-0 pr-2 result-line-content align-items-center\">\r\n                        <div class=\"col-12 col-md-6 px-0 \">\r\n                            <a class=\"emp-name\" href=\"https:\/\/semmelweis.hu\/telefonkonyv?emp_id=20963\">Dr. Butz Henriett <\/a>\r\n                            <br \/><span class=\"emp-phone\">szakorvos (\u00f6nk\u00e9ntes)<\/span><\/div>\r\n                        <div class=\"col-12 col-md-6 px-0\"><span class=\"emp-email\"><i class=\"fa fa-envelope-o\" aria-hidden=\"true\"><\/i>butz.henriett<i class=\"fa fa-at m-0 text-body\"><\/i>semmelweis.hu<\/span>\r\n                        <\/div>\r\n                    <\/div>\r\n                \r\n            <\/div>\r\n\r\n                <div class=\"col-12 col-md-6 px-0 d-none\"><span class=\"emp-email\"><i class=\"fa fa-envelope-o\" aria-hidden=\"true\"><\/i>butz.henriett<i class=\"fa fa-at m-0 text-body\"><\/i>semmelweis.hu<\/span>\r\n                <\/div>\r\n\r\n\r\n        <\/div>\r\n          <div class=\"row mx-0 py-2 result-line \">\r\n            <div class=\"col col-12 px-0 \"><div class=\"row mx-0 pr-2 result-line-content align-items-center\">\r\n                        <div class=\"col-12 col-md-6 px-0 \">\r\n                            <a class=\"emp-name\" href=\"https:\/\/semmelweis.hu\/telefonkonyv?emp_id=14760\"> Kocsis Evelin <\/a>\r\n                            <br \/><span class=\"emp-phone\">asszisztens<\/span><\/div>\r\n                        <div class=\"col-12 col-md-6 px-0\"><span class=\"emp-phone\"><i class=\"fa fa-phone\" aria-hidden=\"true\"><\/i>20\/666-3383, <\/span><span class=\"emp-email\"><i class=\"fa fa-envelope-o\" aria-hidden=\"true\"><\/i>kocsis.evelin<i class=\"fa fa-at m-0 text-body\"><\/i>semmelweis.hu<\/span>\r\n                        <\/div>\r\n                    <\/div>\r\n                \r\n            <\/div>\r\n\r\n                <div class=\"col-12 col-md-6 px-0 d-none\"><span class=\"emp-phone\"><i class=\"fa fa-phone\" aria-hidden=\"true\"><\/i>20\/666-3383, <\/span><span class=\"emp-email\"><i class=\"fa fa-envelope-o\" aria-hidden=\"true\"><\/i>kocsis.evelin<i class=\"fa fa-at m-0 text-body\"><\/i>semmelweis.hu<\/span>\r\n                <\/div>\r\n\r\n\r\n        <\/div>\r\n          <div class=\"row mx-0 py-2 result-line \">\r\n            <div class=\"col col-12 px-0 \"><div class=\"row mx-0 pr-2 result-line-content align-items-center\">\r\n                        <div class=\"col-12 col-md-6 px-0 \">\r\n                            <a class=\"emp-name\" href=\"https:\/\/semmelweis.hu\/telefonkonyv?emp_id=15941\"> Kov\u00e1cs Anna <\/a>\r\n                            <br \/><span class=\"emp-phone\">seg\u00e9dasszisztens<\/span><\/div>\r\n                        <div class=\"col-12 col-md-6 px-0\"><span class=\"emp-email\"><i class=\"fa fa-envelope-o\" aria-hidden=\"true\"><\/i>kovacs.anna<i class=\"fa fa-at m-0 text-body\"><\/i>semmelweis.hu<\/span>\r\n                        <\/div>\r\n                    <\/div>\r\n                \r\n            <\/div>\r\n\r\n                <div class=\"col-12 col-md-6 px-0 d-none\"><span class=\"emp-email\"><i class=\"fa fa-envelope-o\" aria-hidden=\"true\"><\/i>kovacs.anna<i class=\"fa fa-at m-0 text-body\"><\/i>semmelweis.hu<\/span>\r\n                <\/div>\r\n\r\n\r\n        <\/div>\r\n          <div class=\"row mx-0 py-2 result-line \">\r\n            <div class=\"col col-12 px-0 \"><div class=\"row mx-0 pr-2 result-line-content align-items-center\">\r\n                        <div class=\"col-12 col-md-6 px-0 \">\r\n                            <a class=\"emp-name\" href=\"https:\/\/semmelweis.hu\/telefonkonyv?emp_id=24835\"> Val\u00f3czki Melinda <\/a>\r\n                            <br \/><span class=\"emp-phone\">szakasszisztens<\/span><\/div>\r\n                        <div class=\"col-12 col-md-6 px-0\"><span class=\"emp-phone\"><i class=\"fa fa-phone\" aria-hidden=\"true\"><\/i>30\/4128125, <\/span><span class=\"emp-email\"><i class=\"fa fa-envelope-o\" aria-hidden=\"true\"><\/i>valoczki.melinda<i class=\"fa fa-at m-0 text-body\"><\/i>semmelweis.hu<\/span>\r\n                        <\/div>\r\n                    <\/div>\r\n                \r\n            <\/div>\r\n\r\n                <div class=\"col-12 col-md-6 px-0 d-none\"><span class=\"emp-phone\"><i class=\"fa fa-phone\" aria-hidden=\"true\"><\/i>30\/4128125, <\/span><span class=\"emp-email\"><i class=\"fa fa-envelope-o\" aria-hidden=\"true\"><\/i>valoczki.melinda<i class=\"fa fa-at m-0 text-body\"><\/i>semmelweis.hu<\/span>\r\n                <\/div>\r\n\r\n\r\n        <\/div><\/div><\/div><\/p>\n<\/div><\/div>\n<div class=\"keretes w-100\">\n<p><a href=\"https:\/\/semmelweis.hu\/laboratorium\/files\/2024\/10\/SE-AOK-LMI-MU-07_Veszforgatokonyv-labordiagnosztikai-szolgaltatas-leallasa-esetere_Klinikai-Genetika-es-Endokrin-Laboratorium.pdf\" target=\"_blank\" rel=\"noopener\"><strong>V\u00e9szforga<\/strong><strong>t\u00f3k\u00f6nyv labordiagnosztikai szolg\u00e1ltat\u00e1s le\u00e1ll\u00e1sa eset\u00e9re<\/strong><\/a><\/p>\n<\/div>\n<p><!--more--><\/p>\n","protected":false},"excerpt":{"rendered":"<p>A Semmelweis Egyetem Laborat\u00f3riumi Medicina Int\u00e9zet Klinikai Genetikai \u00e9s Endokrinol\u00f3giai Laborat\u00f3rium a Semmelweis Egyetem Nagyv\u00e1rad t\u00e9ri elm\u00e9leti t\u00f6mbj\u00e9ben m\u0171k\u00f6dik (1089 Budapest, Nagyv\u00e1rad t\u00e9r 4. 16 em.). A Laborat\u00f3riumban\u00a0 hormonmeghat\u00e1roz\u00e1sok \u00e9s genetikai vizsg\u00e1latokat v\u00e9geznek a Semmelweis Egyetem K\u00fcls\u0151 \u00e9s Bels\u0151 Klinikai Telep Klinik\u00e1inak valamint k\u00fcls\u0151 k\u00e9r\u00e9seknek megfelel\u0151en. A hormonvizsg\u00e1latok k\u00f6z\u00fcl a Laborat\u00f3riumban v\u00e9gzett meghat\u00e1roz\u00e1sok seg\u00edtenek a &hellip;<\/p>\n","protected":false},"author":275,"featured_media":0,"parent":1466,"menu_order":6,"comment_status":"closed","ping_status":"closed","template":"","meta":{"_acf_changed":false,"footnotes":""},"categories":[],"tags":[],"class_list":["post-133","page","type-page","status-publish","hentry"],"acf":[],"_links":{"self":[{"href":"https:\/\/semmelweis.hu\/laboratorium\/wp-json\/wp\/v2\/pages\/133","targetHints":{"allow":["GET"]}}],"collection":[{"href":"https:\/\/semmelweis.hu\/laboratorium\/wp-json\/wp\/v2\/pages"}],"about":[{"href":"https:\/\/semmelweis.hu\/laboratorium\/wp-json\/wp\/v2\/types\/page"}],"author":[{"embeddable":true,"href":"https:\/\/semmelweis.hu\/laboratorium\/wp-json\/wp\/v2\/users\/275"}],"replies":[{"embeddable":true,"href":"https:\/\/semmelweis.hu\/laboratorium\/wp-json\/wp\/v2\/comments?post=133"}],"version-history":[{"count":11,"href":"https:\/\/semmelweis.hu\/laboratorium\/wp-json\/wp\/v2\/pages\/133\/revisions"}],"predecessor-version":[{"id":4945,"href":"https:\/\/semmelweis.hu\/laboratorium\/wp-json\/wp\/v2\/pages\/133\/revisions\/4945"}],"up":[{"embeddable":true,"href":"https:\/\/semmelweis.hu\/laboratorium\/wp-json\/wp\/v2\/pages\/1466"}],"wp:attachment":[{"href":"https:\/\/semmelweis.hu\/laboratorium\/wp-json\/wp\/v2\/media?parent=133"}],"wp:term":[{"taxonomy":"category","embeddable":true,"href":"https:\/\/semmelweis.hu\/laboratorium\/wp-json\/wp\/v2\/categories?post=133"},{"taxonomy":"post_tag","embeddable":true,"href":"https:\/\/semmelweis.hu\/laboratorium\/wp-json\/wp\/v2\/tags?post=133"}],"curies":[{"name":"wp","href":"https:\/\/api.w.org\/{rel}","templated":true}]}}