{"id":117,"date":"2014-03-24T10:36:42","date_gmt":"2014-03-24T09:36:42","guid":{"rendered":"http:\/\/semmelweis.hu\/laboratorium\/?page_id=117"},"modified":"2025-06-18T12:22:49","modified_gmt":"2025-06-18T10:22:49","slug":"a-laboratoriumi-medicina-intezet-mukodesi-rendje","status":"publish","type":"page","link":"https:\/\/semmelweis.hu\/laboratorium\/intezetrol\/a-laboratoriumi-medicina-intezet-mukodesi-rendje\/","title":{"rendered":"M\u0171k\u00f6d\u00e9si rend"},"content":{"rendered":"<div class=\"lead\"><strong>Ez az oldal a Laborat\u00f3riumi Medicina Int\u00e9zet m\u0171k\u00f6d\u00e9s\u00e9vel kapcsolatos inform\u00e1ci\u00f3kat tartalmazza.<\/strong><\/div>\n<div class=\"keretes w-100\">\n<p>A Laborat\u00f3riumi Medicina Int\u00e9zet <a href=\"https:\/\/semmelweis.hu\/laboratorium\/files\/2024\/11\/SE-LMI-AOK-FK_Felhasznaloi-Kezikonyv_20241007.pdf\" target=\"_blank\" rel=\"noopener\">FELHASZN\u00c1L\u00d3I K\u00c9ZIK\u00d6NYVE<\/a><\/p>\n<\/div>\n<div class=\"w-100 keretes\">A Laborat\u00f3riumi Medicina Int\u00e9zet <a href=\"https:\/\/semmelweis.hu\/laboratorium\/files\/2025\/04\/SE-LMI-organogram.pdf\" target=\"_blank\" rel=\"noopener\">ORGANOGRAMJA<\/a><\/div>\n<div>\u00a0<\/div>\n<div class=\"lead\">Az LMI laborat\u00f3riumainak v\u00e9szforgat\u00f3k\u00f6nyvei labordiagnosztikai szolg\u00e1ltat\u00e1s le\u00e1ll\u00e1sa eset\u00e9re:<\/div>\n<ul>\n<li style=\"list-style-type: none\">\n<ul>\n<li><span style=\"color: #000000\"><a href=\"https:\/\/semmelweis.hu\/laboratorium\/files\/2024\/10\/SE-AOK-LMI-MU-07_Veszforgatokonyv-labordiagnosztikai-szolgaltatas-leallasa-esetere_KPLA.pdf\" target=\"_blank\" rel=\"noopener\"><strong>K\u00f6zponti Laborat\u00f3rium (Pest)<\/strong><\/a><\/span><\/li>\n<li class=\"page_item page-item-143 current_page_item\"><span style=\"color: #000000\"><a href=\"https:\/\/semmelweis.hu\/laboratorium\/files\/2024\/10\/SE-AOK-LMI-MU-07_Veszforgatokonyv-labordiagnosztikai-szolgaltatas-leallasa-esetere_Immunologiai-laboratorium.pdf\" target=\"_blank\" rel=\"noopener\"><strong>Immunol\u00f3giai Laborat\u00f3rium<\/strong><\/a><\/span><\/li>\n<li><span style=\"color: #000000\"><a href=\"https:\/\/semmelweis.hu\/laboratorium\/files\/2024\/10\/SE-AOK-LMI-MU-07_Veszforgatokonyv-labordiagnosztikai-szolgaltatas-leallasa-esetere_Mikrobiologiai-laboratorium.pdf\" target=\"_blank\" rel=\"noopener\"><strong>Mikrobiol\u00f3giai Laborat\u00f3rium<\/strong><\/a><\/span><\/li>\n<li><span style=\"color: #000000\"><strong><a href=\"https:\/\/semmelweis.hu\/laboratorium\/files\/2024\/10\/SE-AOK-LMI-MU-07_Veszforgatokonyv-labordiagnosztikai-szolgaltatas-leallasa-esetere_TRLA.pdf\" target=\"_blank\" rel=\"noopener\">K\u00f6zponti Laborat\u00f3rium (Transzplant\u00e1ci\u00f3s \u00e9s Seb\u00e9szeti Klinika)<\/a><\/strong><\/span><\/li>\n<li class=\"page_item page-item-866 current_page_item\"><span style=\"color: #000000\"><a href=\"https:\/\/semmelweis.hu\/laboratorium\/files\/2024\/10\/SE-AOK-LMI-MU-07_Veszforgatokonyv-labordiagnosztikai-szolgaltatas-leallasa-esetere_RKDL.pdf\" target=\"_blank\" rel=\"noopener\"><strong>K\u00f6zponti Laborat\u00f3rium (Szent R\u00f3kus Klinikai T\u00f6mb)<\/strong><\/a><\/span><\/li>\n<li><span style=\"color: #000000\"><a href=\"https:\/\/semmelweis.hu\/laboratorium\/files\/2024\/10\/SE-AOK-LMI-MU-07_Veszforgatokonyv-labordiagnosztikai-szolgaltatas-leallasa-esetere_Klinikai-Genetika-es-Endokrin-Laboratorium.pdf\" target=\"_blank\" rel=\"noopener\"><strong>Klinikai Genetikai \u00e9s Endokrinol\u00f3giai Laborat\u00f3rium<\/strong><\/a><\/span><\/li>\n<li class=\"page_item page-item-1438\"><span style=\"color: #000000\"><a href=\"https:\/\/semmelweis.hu\/laboratorium\/files\/2024\/10\/SE-AOK-LMI-MU-07_Veszforgatokonyv-labordiagnosztikai-szolgaltatas-leallasa-esetere_MS-laboratorium.pdf\" target=\"_blank\" rel=\"noopener\"><strong>T\u00f6megspektrometriai \u00e9s Elv\u00e1laszt\u00e1stechnikai Laborat\u00f3rium<\/strong><\/a><\/span><\/li>\n<li class=\"page_item page-item-4208\"><span style=\"color: #000000\"><a href=\"https:\/\/semmelweis.hu\/laboratorium\/files\/2024\/10\/SE-AOK-LMI-MU-07_Veszforgatokonyv-labordiagnosztikai-szolgaltatas-leallasa-esetere_MELA.pdf\" target=\"_blank\" rel=\"noopener\"><strong>K\u00f6zponti Laborat\u00f3rium (Mer\u00e9nyi Klinikai T\u00f6mb)<\/strong><\/a><\/span><\/li>\n<li class=\"page_item page-item-4629\"><strong><a href=\"https:\/\/semmelweis.hu\/laboratorium\/files\/2025\/06\/SE-AOK-LMI-MU-07_Veszforgatokonyv-SE-LMI-ISLA.pdf\" target=\"_blank\" rel=\"noopener\">K\u00f6zponti Laborat\u00f3rium (Idegseb\u00e9szeti \u00e9s Neurointervenci\u00f3s Klinika)<\/a><\/strong><\/li>\n<li class=\"page_item page-item-4688\"><a href=\"https:\/\/semmelweis.hu\/laboratorium\/files\/2025\/06\/SE-AOK-LMI-MU-07_Veszforgatokonyv-SE-LMI-RIK-20250618.pdf\" target=\"_blank\" rel=\"noopener\"><strong>K\u00f6zponti Laborat\u00f3rium (Reumatol\u00f3giai \u00e9s Immunol\u00f3giai Klinika)<\/strong><\/a><\/li>\n<\/ul>\n<\/li>\n<\/ul>\n<p>&nbsp;<\/p>\n<p>&nbsp;<\/p>\n","protected":false},"excerpt":{"rendered":"<p>Ez az oldal a Laborat\u00f3riumi Medicina Int\u00e9zet m\u0171k\u00f6d\u00e9s\u00e9vel kapcsolatos inform\u00e1ci\u00f3kat tartalmazza.<\/p>\n<p>A Laborat\u00f3riumi Medicina Int\u00e9zet <a href=\"https:\/\/semmelweis.hu\/laboratorium\/files\/2024\/11\/SE-LMI-AOK-FK_Felhasznaloi-Kezikonyv_20241007.pdf\" target=\"_blank\" rel=\"noopener\">FELHASZN\u00c1L\u00d3I K\u00c9ZIK\u00d6NYVE<\/a><\/p>\n<p>A Laborat\u00f3riumi Medicina Int\u00e9zet <a href=\"https:\/\/semmelweis.hu\/laboratorium\/files\/2025\/04\/SE-LMI-organogram.pdf\" target=\"_blank\" rel=\"noopener\">ORGANOGRAMJA<\/a><br \/>\n\u00a0<br \/>\nAz LMI laborat\u00f3riumainak v\u00e9szforgat\u00f3k\u00f6nyvei labordiagnosztikai szolg\u00e1ltat\u00e1s le\u00e1ll\u00e1sa eset\u00e9re:<\/p>\n<p><a href=\"https:\/\/semmelweis.hu\/laboratorium\/files\/2024\/10\/SE-AOK-LMI-MU-07_Veszforgatokonyv-labordiagnosztikai-szolgaltatas-leallasa-esetere_KPLA.pdf\" target=\"_blank\" rel=\"noopener\">K\u00f6zponti Laborat\u00f3rium (Pest)<\/a><br \/>\n<a href=\"https:\/\/semmelweis.hu\/laboratorium\/files\/2024\/10\/SE-AOK-LMI-MU-07_Veszforgatokonyv-labordiagnosztikai-szolgaltatas-leallasa-esetere_Immunologiai-laboratorium.pdf\" target=\"_blank\" rel=\"noopener\">Immunol\u00f3giai Laborat\u00f3rium<\/a><br \/>\n<a href=\"https:\/\/semmelweis.hu\/laboratorium\/files\/2024\/10\/SE-AOK-LMI-MU-07_Veszforgatokonyv-labordiagnosztikai-szolgaltatas-leallasa-esetere_Mikrobiologiai-laboratorium.pdf\" target=\"_blank\" rel=\"noopener\">Mikrobiol\u00f3giai Laborat\u00f3rium<\/a><br \/>\n<a href=\"https:\/\/semmelweis.hu\/laboratorium\/files\/2024\/10\/SE-AOK-LMI-MU-07_Veszforgatokonyv-labordiagnosztikai-szolgaltatas-leallasa-esetere_TRLA.pdf\" target=\"_blank\" rel=\"noopener\">K\u00f6zponti Laborat\u00f3rium (Transzplant\u00e1ci\u00f3s \u00e9s Seb\u00e9szeti Klinika)<\/a><br \/>\n<a href=\"https:\/\/semmelweis.hu\/laboratorium\/files\/2024\/10\/SE-AOK-LMI-MU-07_Veszforgatokonyv-labordiagnosztikai-szolgaltatas-leallasa-esetere_RKDL.pdf\" target=\"_blank\" rel=\"noopener\">K\u00f6zponti Laborat\u00f3rium (Szent R\u00f3kus Klinikai T\u00f6mb)<\/a><br \/>\n<a href=\"https:\/\/semmelweis.hu\/laboratorium\/files\/2024\/10\/SE-AOK-LMI-MU-07_Veszforgatokonyv-labordiagnosztikai-szolgaltatas-leallasa-esetere_Klinikai-Genetika-es-Endokrin-Laboratorium.pdf\" target=\"_blank\" rel=\"noopener\">Klinikai Genetikai \u00e9s Endokrinol\u00f3giai Laborat\u00f3rium<\/a><br \/>\n<a href=\"https:\/\/semmelweis.hu\/laboratorium\/files\/2024\/10\/SE-AOK-LMI-MU-07_Veszforgatokonyv-labordiagnosztikai-szolgaltatas-leallasa-esetere_MS-laboratorium.pdf\" target=\"_blank\" rel=\"noopener\">T\u00f6megspektrometriai \u00e9s Elv\u00e1laszt\u00e1stechnikai Laborat\u00f3rium<\/a><br \/>\n<a href=\"https:\/\/semmelweis.hu\/laboratorium\/files\/2024\/10\/SE-AOK-LMI-MU-07_Veszforgatokonyv-labordiagnosztikai-szolgaltatas-leallasa-esetere_MELA.pdf\" target=\"_blank\" rel=\"noopener\">K\u00f6zponti Laborat\u00f3rium (Mer\u00e9nyi Klinikai T\u00f6mb)<\/a><br \/>\n<a href=\"https:\/\/semmelweis.hu\/laboratorium\/files\/2025\/06\/SE-AOK-LMI-MU-07_Veszforgatokonyv-SE-LMI-ISLA.pdf\" target=\"_blank\" rel=\"noopener\">K\u00f6zponti Laborat\u00f3rium (Idegseb\u00e9szeti \u00e9s Neurointervenci\u00f3s Klinika)<\/a><br \/>\n<a href=\"https:\/\/semmelweis.hu\/laboratorium\/files\/2025\/06\/SE-AOK-LMI-MU-07_Veszforgatokonyv-SE-LMI-RIK-20250618.pdf\" target=\"_blank\" rel=\"noopener\">K\u00f6zponti Laborat\u00f3rium (Reumatol\u00f3giai \u00e9s Immunol\u00f3giai Klinika)<\/a><\/p>\n<p>&nbsp;<br \/>\n&nbsp;<\/p>\n","protected":false},"author":275,"featured_media":0,"parent":71,"menu_order":4,"comment_status":"open","ping_status":"closed","template":"","meta":{"_acf_changed":false,"footnotes":""},"categories":[],"tags":[],"class_list":["post-117","page","type-page","status-publish","hentry"],"acf":[],"_links":{"self":[{"href":"https:\/\/semmelweis.hu\/laboratorium\/wp-json\/wp\/v2\/pages\/117","targetHints":{"allow":["GET"]}}],"collection":[{"href":"https:\/\/semmelweis.hu\/laboratorium\/wp-json\/wp\/v2\/pages"}],"about":[{"href":"https:\/\/semmelweis.hu\/laboratorium\/wp-json\/wp\/v2\/types\/page"}],"author":[{"embeddable":true,"href":"https:\/\/semmelweis.hu\/laboratorium\/wp-json\/wp\/v2\/users\/275"}],"replies":[{"embeddable":true,"href":"https:\/\/semmelweis.hu\/laboratorium\/wp-json\/wp\/v2\/comments?post=117"}],"version-history":[{"count":11,"href":"https:\/\/semmelweis.hu\/laboratorium\/wp-json\/wp\/v2\/pages\/117\/revisions"}],"predecessor-version":[{"id":5153,"href":"https:\/\/semmelweis.hu\/laboratorium\/wp-json\/wp\/v2\/pages\/117\/revisions\/5153"}],"up":[{"embeddable":true,"href":"https:\/\/semmelweis.hu\/laboratorium\/wp-json\/wp\/v2\/pages\/71"}],"wp:attachment":[{"href":"https:\/\/semmelweis.hu\/laboratorium\/wp-json\/wp\/v2\/media?parent=117"}],"wp:term":[{"taxonomy":"category","embeddable":true,"href":"https:\/\/semmelweis.hu\/laboratorium\/wp-json\/wp\/v2\/categories?post=117"},{"taxonomy":"post_tag","embeddable":true,"href":"https:\/\/semmelweis.hu\/laboratorium\/wp-json\/wp\/v2\/tags?post=117"}],"curies":[{"name":"wp","href":"https:\/\/api.w.org\/{rel}","templated":true}]}}