{"id":92,"date":"2016-01-08T00:00:00","date_gmt":"2016-01-07T23:00:00","guid":{"rendered":"http:\/\/semmelweis.hu\/kutlab\/122-46522\/"},"modified":"2025-07-30T10:28:03","modified_gmt":"2025-07-30T08:28:03","slug":"122-46522","status":"publish","type":"page","link":"https:\/\/semmelweis.hu\/kutlab\/en\/co-workers\/122-46522\/","title":{"rendered":"Kert\u00e9sz L\u00e1szl\u00f3n\u00e9"},"content":{"rendered":"<div class=\"contacts_list\"><a class=\"contact_pic\" href=\"122-46522\"><img decoding=\"async\" src=\"\/kutlab\/files\/2016\/01\/Kertszn_Erika.JPG.jpg\" width=\"79\" \/><\/a><\/p>\n<table border=\"0\" cellspacing=\"0\" cellpadding=\"0\">\n<tbody>\n<tr>\n<td style=\"padding-right: 10px\">Beoszt\u00e1s:<\/td>\n<td>Laboratory Assistant<\/td>\n<\/tr>\n<tr>\n<td style=\"padding-right: 10px\">V\u00e9gzetts\u00e9g:<\/td>\n<td>&nbsp;<\/td>\n<\/tr>\n<tr>\n<td style=\"padding-right: 10px\">Telefon:<\/td>\n<td>+36 20\/947-5646<\/td>\n<\/tr>\n<tr>\n<td style=\"padding-right: 10px\">E-mail:<\/td>\n<td><a href=\"mailto:kertesz.laszlone@med.semmelweis-univ.hu\">kertesz.laszlone@med.semmelweis-univ.hu<\/a><\/td>\n<\/tr>\n<\/tbody>\n<\/table>\n<div class=\"cv\">\n<div>\u00a0<\/div>\n<\/div>\n<\/div>\n","protected":false},"excerpt":{"rendered":"<p><a class=\"contact_pic\" href=\"122-46522\"><\/a><\/p>\n<p>Beoszt\u00e1s:<br \/>\nLaboratory Assistant<\/p>\n<p>V\u00e9gzetts\u00e9g:<br \/>\n&nbsp;<\/p>\n<p>Telefon:<br \/>\n+36 20\/947-5646<\/p>\n<p>E-mail:<br \/>\n<a href=\"mailto:kertesz.laszlone@med.semmelweis-univ.hu\">kertesz.laszlone@med.semmelweis-univ.hu<\/a><\/p>\n<p>\u00a0<\/p>\n","protected":false},"author":1,"featured_media":0,"parent":33,"menu_order":8,"comment_status":"closed","ping_status":"closed","template":"","meta":{"_acf_changed":false,"footnotes":""},"categories":[],"tags":[],"class_list":["post-92","page","type-page","status-publish","hentry"],"acf":[],"_links":{"self":[{"href":"https:\/\/semmelweis.hu\/kutlab\/wp-json\/wp\/v2\/pages\/92","targetHints":{"allow":["GET"]}}],"collection":[{"href":"https:\/\/semmelweis.hu\/kutlab\/wp-json\/wp\/v2\/pages"}],"about":[{"href":"https:\/\/semmelweis.hu\/kutlab\/wp-json\/wp\/v2\/types\/page"}],"author":[{"embeddable":true,"href":"https:\/\/semmelweis.hu\/kutlab\/wp-json\/wp\/v2\/users\/1"}],"replies":[{"embeddable":true,"href":"https:\/\/semmelweis.hu\/kutlab\/wp-json\/wp\/v2\/comments?post=92"}],"version-history":[{"count":3,"href":"https:\/\/semmelweis.hu\/kutlab\/wp-json\/wp\/v2\/pages\/92\/revisions"}],"predecessor-version":[{"id":2230,"href":"https:\/\/semmelweis.hu\/kutlab\/wp-json\/wp\/v2\/pages\/92\/revisions\/2230"}],"up":[{"embeddable":true,"href":"https:\/\/semmelweis.hu\/kutlab\/wp-json\/wp\/v2\/pages\/33"}],"wp:attachment":[{"href":"https:\/\/semmelweis.hu\/kutlab\/wp-json\/wp\/v2\/media?parent=92"}],"wp:term":[{"taxonomy":"category","embeddable":true,"href":"https:\/\/semmelweis.hu\/kutlab\/wp-json\/wp\/v2\/categories?post=92"},{"taxonomy":"post_tag","embeddable":true,"href":"https:\/\/semmelweis.hu\/kutlab\/wp-json\/wp\/v2\/tags?post=92"}],"curies":[{"name":"wp","href":"https:\/\/api.w.org\/{rel}","templated":true}]}}