{"id":87,"date":"2016-01-08T00:00:00","date_gmt":"2016-01-07T23:00:00","guid":{"rendered":"http:\/\/semmelweis.hu\/kutlab\/122-45794\/"},"modified":"2016-01-14T10:33:21","modified_gmt":"2016-01-14T09:33:21","slug":"122-45794","status":"publish","type":"page","link":"https:\/\/semmelweis.hu\/kutlab\/en\/co-workers\/122-45794\/","title":{"rendered":"D\u00f3czy Andr\u00e1sn\u00e9"},"content":{"rendered":"\n<div class=\"contacts_list\"> <a href=\"122-45794\" class=\"contact_pic\"><img decoding=\"async\" src=\"\/kutlab\/files\/2016\/01\/Dczyn_Mrti.JPG.jpg\" width=\"79\"><\/a>   <\/p>\n<table cellpadding=\"0\" cellspacing=\"0\" border=\"0\">\n<tr>\n<td style=\"padding-right:10px\">Beoszt\u00e1s:<\/td>\n<td>Laboratory Assistant<\/td>\n<\/tr>\n<tr>\n<td style=\"padding-right:10px\">V\u00e9gzetts\u00e9g:<\/td>\n<td>Laboratory Assistant<\/td>\n<\/tr>\n<tr>\n<td style=\"padding-right:10px\">Telefon:<\/td>\n<td>06(20)8250702<\/td>\n<\/tr>\n<tr>\n<td style=\"padding-right:10px\">E-mail:<\/td>\n<td><a href=\"mailto:marti@kut.sote.hu\">marti@kut.sote.hu<\/a><\/td>\n<\/tr>\n<\/table>\n<div class=\"cv\">\n<div> <\/div>\n<\/p><\/div>\n<\/td>\n<\/tr>\n","protected":false},"excerpt":{"rendered":"<p> <a href=\"122-45794\" class=\"contact_pic\"><\/a>   <\/p>\n<p>Beoszt\u00e1s:<br \/>\nLaboratory Assistant<\/p>\n<p>V\u00e9gzetts\u00e9g:<br \/>\nLaboratory Assistant<\/p>\n<p>Telefon:<br \/>\n06(20)8250702<\/p>\n<p>E-mail:<br \/>\n<a href=\"mailto:marti@kut.sote.hu\">marti@kut.sote.hu<\/a><\/p>\n","protected":false},"author":1,"featured_media":0,"parent":33,"menu_order":4,"comment_status":"closed","ping_status":"closed","template":"","meta":{"_acf_changed":false,"footnotes":""},"categories":[],"tags":[],"class_list":["post-87","page","type-page","status-publish","hentry"],"acf":[],"_links":{"self":[{"href":"https:\/\/semmelweis.hu\/kutlab\/wp-json\/wp\/v2\/pages\/87","targetHints":{"allow":["GET"]}}],"collection":[{"href":"https:\/\/semmelweis.hu\/kutlab\/wp-json\/wp\/v2\/pages"}],"about":[{"href":"https:\/\/semmelweis.hu\/kutlab\/wp-json\/wp\/v2\/types\/page"}],"author":[{"embeddable":true,"href":"https:\/\/semmelweis.hu\/kutlab\/wp-json\/wp\/v2\/users\/1"}],"replies":[{"embeddable":true,"href":"https:\/\/semmelweis.hu\/kutlab\/wp-json\/wp\/v2\/comments?post=87"}],"version-history":[{"count":2,"href":"https:\/\/semmelweis.hu\/kutlab\/wp-json\/wp\/v2\/pages\/87\/revisions"}],"predecessor-version":[{"id":642,"href":"https:\/\/semmelweis.hu\/kutlab\/wp-json\/wp\/v2\/pages\/87\/revisions\/642"}],"up":[{"embeddable":true,"href":"https:\/\/semmelweis.hu\/kutlab\/wp-json\/wp\/v2\/pages\/33"}],"wp:attachment":[{"href":"https:\/\/semmelweis.hu\/kutlab\/wp-json\/wp\/v2\/media?parent=87"}],"wp:term":[{"taxonomy":"category","embeddable":true,"href":"https:\/\/semmelweis.hu\/kutlab\/wp-json\/wp\/v2\/categories?post=87"},{"taxonomy":"post_tag","embeddable":true,"href":"https:\/\/semmelweis.hu\/kutlab\/wp-json\/wp\/v2\/tags?post=87"}],"curies":[{"name":"wp","href":"https:\/\/api.w.org\/{rel}","templated":true}]}}