{"id":83,"date":"2016-01-08T00:00:00","date_gmt":"2016-01-07T23:00:00","guid":{"rendered":"http:\/\/semmelweis.hu\/kutlab\/122-29612\/"},"modified":"2023-07-28T13:32:13","modified_gmt":"2023-07-28T11:32:13","slug":"phd","status":"publish","type":"page","link":"https:\/\/semmelweis.hu\/kutlab\/oktatas\/phd\/","title":{"rendered":"PhD Iskola"},"content":{"rendered":"<p>A kutat\u00f3laborban a Semmelweis Egyetem Doktori Iskol\u00e1j\u00e1ban van lehet\u0151s\u00e9g doktori tanulm\u00e1nyok folytat\u00e1s\u00e1ra a kutat\u00f3labor munkat\u00e1rsainak t\u00e9mavezet\u00e9s\u00e9vel:<\/p>\n<p>I. <a href=\"https:\/\/semmelweis.hu\/phd\/doktori-iskolak\/elmeleti-orvostudomanyok\/\">Elem\u00e9leti \u00e9s Transzl\u00e1ci\u00f3s Doktori Iskola,\u00a0 5: Vaszkul\u00e1ris patofiziol\u00f3gia \/ atherosclerosis Program<\/a><\/p>\n<p>Programvezet\u0151: Dr. Proh\u00e1szka Zolt\u00e1n<\/p>\n<p>T\u00e9mavezet\u0151k: Dr. Proh\u00e1szka Zolt\u00e1n, Dr. Farkas Henriette, Dr. Cervenak L\u00e1szl\u00f3, Dr. Csuka Dorottya, Dr. Sinkovits Gy\u00f6rgy, Dr. Szil\u00e1gyi \u00c1gnes<\/p>\n<p>A t\u00e9mak\u00edr\u00e1sokr\u00f3l r\u00e9szletesen a <a href=\"http:\/\/www.phd.sote.hu\/\">Doktori Iskola <\/a>\u00e9s a <a href=\"https:\/\/semmelweis.hu\/phd\/doktori-iskolak\/elmeleti-orvostudomanyok\/\">program<\/a> honlapj\u00e1n t\u00e1j\u00e9koz\u00f3dhat.<\/p>\n","protected":false},"excerpt":{"rendered":"<p>A kutat\u00f3laborban a Semmelweis Egyetem Doktori Iskol\u00e1j\u00e1ban van lehet\u0151s\u00e9g doktori tanulm\u00e1nyok folytat\u00e1s\u00e1ra a kutat\u00f3labor munkat\u00e1rsainak t\u00e9mavezet\u00e9s\u00e9vel:<br \/>\nI. <a href=\"https:\/\/semmelweis.hu\/phd\/doktori-iskolak\/elmeleti-orvostudomanyok\/\">Elem\u00e9leti \u00e9s Transzl\u00e1ci\u00f3s Doktori Iskola,\u00a0 5: Vaszkul\u00e1ris patofiziol\u00f3gia \/ atherosclerosis Program<\/a><br \/>\nProgramvezet\u0151: Dr. Proh\u00e1szka Zolt\u00e1n<br \/>\nT\u00e9mavezet\u0151k: Dr. Proh\u00e1szka Zolt\u00e1n, Dr. Farkas Henriette, Dr. Cervenak L\u00e1szl\u00f3, Dr. Csuka Dorottya, Dr. Sinkovits Gy\u00f6rgy, Dr. Szil\u00e1gyi \u00c1gnes<br \/>\nA t\u00e9mak\u00edr\u00e1sokr\u00f3l r\u00e9szletesen a <a href=\"http:\/\/www.phd.sote.hu\/\">Doktori Iskola <\/a>\u00e9s a <a href=\"https:\/\/semmelweis.hu\/phd\/doktori-iskolak\/elmeleti-orvostudomanyok\/\">program<\/a> honlapj\u00e1n t\u00e1j\u00e9koz\u00f3dhat.<\/p>\n","protected":false},"author":158,"featured_media":0,"parent":26,"menu_order":6,"comment_status":"closed","ping_status":"closed","template":"","meta":{"_acf_changed":false,"footnotes":""},"categories":[],"tags":[],"class_list":["post-83","page","type-page","status-publish","hentry"],"acf":[],"_links":{"self":[{"href":"https:\/\/semmelweis.hu\/kutlab\/wp-json\/wp\/v2\/pages\/83","targetHints":{"allow":["GET"]}}],"collection":[{"href":"https:\/\/semmelweis.hu\/kutlab\/wp-json\/wp\/v2\/pages"}],"about":[{"href":"https:\/\/semmelweis.hu\/kutlab\/wp-json\/wp\/v2\/types\/page"}],"author":[{"embeddable":true,"href":"https:\/\/semmelweis.hu\/kutlab\/wp-json\/wp\/v2\/users\/158"}],"replies":[{"embeddable":true,"href":"https:\/\/semmelweis.hu\/kutlab\/wp-json\/wp\/v2\/comments?post=83"}],"version-history":[{"count":7,"href":"https:\/\/semmelweis.hu\/kutlab\/wp-json\/wp\/v2\/pages\/83\/revisions"}],"predecessor-version":[{"id":1814,"href":"https:\/\/semmelweis.hu\/kutlab\/wp-json\/wp\/v2\/pages\/83\/revisions\/1814"}],"up":[{"embeddable":true,"href":"https:\/\/semmelweis.hu\/kutlab\/wp-json\/wp\/v2\/pages\/26"}],"wp:attachment":[{"href":"https:\/\/semmelweis.hu\/kutlab\/wp-json\/wp\/v2\/media?parent=83"}],"wp:term":[{"taxonomy":"category","embeddable":true,"href":"https:\/\/semmelweis.hu\/kutlab\/wp-json\/wp\/v2\/categories?post=83"},{"taxonomy":"post_tag","embeddable":true,"href":"https:\/\/semmelweis.hu\/kutlab\/wp-json\/wp\/v2\/tags?post=83"}],"curies":[{"name":"wp","href":"https:\/\/api.w.org\/{rel}","templated":true}]}}