{"id":79,"date":"2016-01-08T00:00:00","date_gmt":"2016-01-07T23:00:00","guid":{"rendered":"http:\/\/semmelweis.hu\/kutlab\/oktatas\/"},"modified":"2023-07-27T11:03:09","modified_gmt":"2023-07-27T09:03:09","slug":"eloadasok","status":"publish","type":"page","link":"https:\/\/semmelweis.hu\/kutlab\/oktatas\/eloadasok\/","title":{"rendered":"El\u0151ad\u00e1sok"},"content":{"rendered":"<p><strong>Bevezet\u00e9s a klinikai biostatisztik\u00e1ba-<\/strong> TDK hallgat\u00f3knak (2019-10-31) <a href=\"https:\/\/semmelweis.hu\/kutlab\/files\/2019\/11\/Biostat_TDK_Bevezet\u0151.pdf\">Biostat_TDK_Bevezet\u0151<\/a><\/p>\n<p style=\"margin: 0cm;margin-bottom: .0001pt\"><strong>Az ellenanyagok orvos-biol\u00f3giai alkalmaz\u00e1sa <\/strong>&#8211; PhD kurzus<\/p>\n<p style=\"margin: 0cm;margin-bottom: .0001pt\"><a href=\"https:\/\/semmelweis.hu\/kutlab\/files\/2023\/07\/Ellenanyag-kurzus_CL_2022.pdf\" target=\"_blank\" rel=\"noopener\">Ellenanyag kurzus tematik\u00e1ja (2022)<\/a><\/p>\n<p style=\"margin: 0cm;margin-bottom: .0001pt\">Az aktu\u00e1lis verzi\u00f3 a kurzussal p\u00e1rhuzamosan friss\u00fcl!<\/p>\n<p>&nbsp;<\/p>\n<p>&nbsp;<\/p>\n<p>&nbsp;<\/p>\n<p>&nbsp;<\/p>\n","protected":false},"excerpt":{"rendered":"<p>Bevezet\u00e9s a klinikai biostatisztik\u00e1ba- TDK hallgat\u00f3knak (2019-10-31) <a href=\"https:\/\/semmelweis.hu\/kutlab\/files\/2019\/11\/Biostat_TDK_Bevezet\u0151.pdf\">Biostat_TDK_Bevezet\u0151<\/a><br \/>\nAz ellenanyagok orvos-biol\u00f3giai alkalmaz\u00e1sa &#8211; PhD kurzus<br \/>\n<a href=\"https:\/\/semmelweis.hu\/kutlab\/files\/2023\/07\/Ellenanyag-kurzus_CL_2022.pdf\" target=\"_blank\" rel=\"noopener\">Ellenanyag kurzus tematik\u00e1ja (2022)<\/a><br \/>\nAz aktu\u00e1lis verzi\u00f3 a kurzussal p\u00e1rhuzamosan friss\u00fcl!<br \/>\n&nbsp;<br \/>\n&nbsp;<br \/>\n&nbsp;<br \/>\n&nbsp;<\/p>\n","protected":false},"author":158,"featured_media":0,"parent":26,"menu_order":2,"comment_status":"closed","ping_status":"closed","template":"","meta":{"_acf_changed":false,"footnotes":""},"categories":[],"tags":[],"class_list":["post-79","page","type-page","status-publish","hentry"],"acf":[],"_links":{"self":[{"href":"https:\/\/semmelweis.hu\/kutlab\/wp-json\/wp\/v2\/pages\/79","targetHints":{"allow":["GET"]}}],"collection":[{"href":"https:\/\/semmelweis.hu\/kutlab\/wp-json\/wp\/v2\/pages"}],"about":[{"href":"https:\/\/semmelweis.hu\/kutlab\/wp-json\/wp\/v2\/types\/page"}],"author":[{"embeddable":true,"href":"https:\/\/semmelweis.hu\/kutlab\/wp-json\/wp\/v2\/users\/158"}],"replies":[{"embeddable":true,"href":"https:\/\/semmelweis.hu\/kutlab\/wp-json\/wp\/v2\/comments?post=79"}],"version-history":[{"count":10,"href":"https:\/\/semmelweis.hu\/kutlab\/wp-json\/wp\/v2\/pages\/79\/revisions"}],"predecessor-version":[{"id":1637,"href":"https:\/\/semmelweis.hu\/kutlab\/wp-json\/wp\/v2\/pages\/79\/revisions\/1637"}],"up":[{"embeddable":true,"href":"https:\/\/semmelweis.hu\/kutlab\/wp-json\/wp\/v2\/pages\/26"}],"wp:attachment":[{"href":"https:\/\/semmelweis.hu\/kutlab\/wp-json\/wp\/v2\/media?parent=79"}],"wp:term":[{"taxonomy":"category","embeddable":true,"href":"https:\/\/semmelweis.hu\/kutlab\/wp-json\/wp\/v2\/categories?post=79"},{"taxonomy":"post_tag","embeddable":true,"href":"https:\/\/semmelweis.hu\/kutlab\/wp-json\/wp\/v2\/tags?post=79"}],"curies":[{"name":"wp","href":"https:\/\/api.w.org\/{rel}","templated":true}]}}