{"id":76,"date":"2016-01-08T00:00:00","date_gmt":"2016-01-07T23:00:00","guid":{"rendered":"http:\/\/semmelweis.hu\/kutlab\/122-29608\/"},"modified":"2023-07-28T12:42:22","modified_gmt":"2023-07-28T10:42:22","slug":"minta-kuldes","status":"publish","type":"page","link":"https:\/\/semmelweis.hu\/kutlab\/betegellatas\/minta-kuldes\/","title":{"rendered":"Vizsg\u00e1lati minta k\u00fcld\u00e9se"},"content":{"rendered":"<p style=\"text-align: justify;\"><span style=\"font-size: 14pt;\"><strong>Mintak\u00fcld\u00e9si c\u00edm :<\/strong><\/span><\/p>\n<p style=\"text-align: justify;\"><span style=\"font-size: 14pt;\"><strong>Belgy\u00f3gy\u00e1szati \u00e9s Hematol\u00f3giai Klinika, A \u00e9p\u00fclet I. emelet<span style=\"color: #000000; font-family: 'Times New Roman';\"><br \/>\n<\/span>Budapest 1088, Szentkir\u00e1lyi utca 46.\u00a0<\/strong><\/span><\/p>\n<p style=\"text-align: justify;\"><span style=\"font-size: 14pt;\"><strong>Mintafogad\u00e1si id\u0151: H\u00e9tf\u0151t\u0151l p\u00e9ntekig 8 \u00e9s 14 \u00f3ra k\u00f6z\u00f6tt<\/strong><\/span><\/p>\n<p style=\"text-align: justify;\"><strong>Mintak\u00fcld\u00e9s HANO gyan\u00fa eset\u00e9n:<\/strong> A vizsg\u00e1latokhoz egy cs\u0151 nat\u00edv v\u00e9r sz\u00fcks\u00e9ges, melyet a mintav\u00e9tel napj\u00e1n kell a fenti helyre eljuttatni. Amennyiben erre nincs lehet\u0151s\u00e9g az 1 cs\u0151 nat\u00edv v\u00e9r centrifug\u00e1l\u00e1sa ut\u00e1n a nyert sav\u00f3t -20 C\u00b0-ra kell fagyasztani, \u00e9s \u00edgy t\u00e1rolni. A fagyasztott sav\u00f3t j\u00e9g k\u00f6z\u00f6tt kell sz\u00e1ll\u00edtani a komplement laborat\u00f3riumba.<\/p>\n<p style=\"text-align: justify;\"><strong>Mintak\u00fcld\u00e9s HUS\/TTP kivizsg\u00e1l\u00e1s eset\u00e9n<\/strong>: L\u00e1sd a <a href=\"https:\/\/semmelweis.hu\/kutlab\/files\/2022\/11\/Mintaveteli-szallitasi-utmutato-BHK-Kutlab.pdf\">r\u00e9szletes mintav\u00e9teli \u00e9s el\u0151k\u00e9sz\u00edt\u00e9si \u00fatmutat\u00f3t<\/a> itt<\/p>\n<p style=\"text-align: justify;\">A Kutat\u00f3laborban k\u00f6zfinansz\u00edrozott hazai, valamint k\u00fclf\u00f6ldi- \u00e9s meg\u00e1llapod\u00e1s alapj\u00e1n v\u00e9gzett betegell\u00e1t\u00e1si (diagnosztikai) tev\u00e9kenys\u00e9g is t\u00f6rt\u00e9nik.<\/p>\n","protected":false},"excerpt":{"rendered":"<p>Mintak\u00fcld\u00e9si c\u00edm : Belgy\u00f3gy\u00e1szati \u00e9s Hematol\u00f3giai Klinika, A \u00e9p\u00fclet I. emelet Budapest 1088, Szentkir\u00e1lyi utca 46.\u00a0 Mintafogad\u00e1si id\u0151: H\u00e9tf\u0151t\u0151l p\u00e9ntekig 8 \u00e9s 14 \u00f3ra k\u00f6z\u00f6tt Mintak\u00fcld\u00e9s HANO gyan\u00fa eset\u00e9n: A vizsg\u00e1latokhoz egy cs\u0151 nat\u00edv v\u00e9r sz\u00fcks\u00e9ges, melyet a mintav\u00e9tel napj\u00e1n kell a fenti helyre eljuttatni. Amennyiben erre nincs lehet\u0151s\u00e9g az 1 cs\u0151 nat\u00edv v\u00e9r centrifug\u00e1l\u00e1sa &hellip;<\/p>\n","protected":false},"author":158,"featured_media":0,"parent":25,"menu_order":0,"comment_status":"closed","ping_status":"closed","template":"","meta":{"_acf_changed":false,"footnotes":""},"categories":[],"tags":[],"class_list":["post-76","page","type-page","status-publish","hentry"],"acf":[],"_links":{"self":[{"href":"https:\/\/semmelweis.hu\/kutlab\/wp-json\/wp\/v2\/pages\/76","targetHints":{"allow":["GET"]}}],"collection":[{"href":"https:\/\/semmelweis.hu\/kutlab\/wp-json\/wp\/v2\/pages"}],"about":[{"href":"https:\/\/semmelweis.hu\/kutlab\/wp-json\/wp\/v2\/types\/page"}],"author":[{"embeddable":true,"href":"https:\/\/semmelweis.hu\/kutlab\/wp-json\/wp\/v2\/users\/158"}],"replies":[{"embeddable":true,"href":"https:\/\/semmelweis.hu\/kutlab\/wp-json\/wp\/v2\/comments?post=76"}],"version-history":[{"count":10,"href":"https:\/\/semmelweis.hu\/kutlab\/wp-json\/wp\/v2\/pages\/76\/revisions"}],"predecessor-version":[{"id":1685,"href":"https:\/\/semmelweis.hu\/kutlab\/wp-json\/wp\/v2\/pages\/76\/revisions\/1685"}],"up":[{"embeddable":true,"href":"https:\/\/semmelweis.hu\/kutlab\/wp-json\/wp\/v2\/pages\/25"}],"wp:attachment":[{"href":"https:\/\/semmelweis.hu\/kutlab\/wp-json\/wp\/v2\/media?parent=76"}],"wp:term":[{"taxonomy":"category","embeddable":true,"href":"https:\/\/semmelweis.hu\/kutlab\/wp-json\/wp\/v2\/categories?post=76"},{"taxonomy":"post_tag","embeddable":true,"href":"https:\/\/semmelweis.hu\/kutlab\/wp-json\/wp\/v2\/tags?post=76"}],"curies":[{"name":"wp","href":"https:\/\/api.w.org\/{rel}","templated":true}]}}