{"id":75,"date":"2016-01-08T00:00:00","date_gmt":"2016-01-07T23:00:00","guid":{"rendered":"http:\/\/semmelweis.hu\/kutlab\/122-29609\/"},"modified":"2023-07-28T13:22:11","modified_gmt":"2023-07-28T11:22:11","slug":"ttp","status":"publish","type":"page","link":"https:\/\/semmelweis.hu\/kutlab\/betegellatas\/ttp\/","title":{"rendered":"TTP: Trombotikus trombocitop\u00e9ni\u00e1s purpura"},"content":{"rendered":"<h4><strong>A TTP-r\u0151l orvosoknak<\/strong>:<\/h4>\n<ul>\n<li><a href=\"https:\/\/semmelweis.hu\/kutlab\/betegellatas\/ttp\/ttp-orvosoknak\/\">R\u00e9szletes t\u00e1j\u00e9koztat\u00f3 orvosoknak\u00a0<\/a><\/li>\n<\/ul>\n<p><strong style=\"color: #313b40; font-family: Montserrat, sans-serif; font-size: 22px; text-transform: uppercase;\">A TTP\/HUS-r\u00f3l betegeknek<\/strong><span style=\"color: #313b40; font-family: Montserrat, sans-serif; font-size: 22px; text-transform: uppercase;\">:<\/span><\/p>\n<ul>\n<li>\n<p><a href=\"https:\/\/semmelweis.hu\/kutlab\/betegellatas\/ttp\/ttp-hus-tma-szomagyarazat\/\">TTP, HUS, TMA: Sz\u00f3magyar\u00e1zat betegek r\u00e9sz\u00e9re<\/a><\/p>\n<\/li>\n<li>\n<p><a href=\"https:\/\/semmelweis.hu\/kutlab\/betegellatas\/ttp\/\">A TTP \u00e9s HUS k\u00f3rk\u00e9pek oka, kezel\u00e9se \u00e9s kimenetele \u00e9rthet\u0151en<\/a><a id=\"hasznos\"><\/a><\/p>\n<\/li>\n<\/ul>\n<div class=\"keretes w-100\">\n<h4><strong>Hasznos linkek Orvosoknak \u00e9s TTP-s betegeknek<\/strong><\/h4>\n<ul>\n<li><a href=\"http:\/\/www.ncbi.nlm.nih.gov\/omim\/604134\" target=\"_blank\" rel=\"noopener\">ADAMTS13 az OMIM adatb\u00e1zisban<\/a><\/li>\n<li><a href=\"http:\/\/www.ncbi.nlm.nih.gov\/omim\/274150\" target=\"_blank\" rel=\"noopener\">UPSHAW-SCHULMAN SYNDROME (Congenitalis TTP) az OMIM adatb\u00e1zisban<\/a><\/li>\n<li><a href=\"http:\/\/www.ttpdatabase.org\/\" target=\"_blank\" rel=\"noopener\">TTP honlap<\/a><\/li>\n<li><a href=\"http:\/\/www.facebook.com\/pages\/Thrombotic-Thrombocytopenic-Purpura-Association\/118200754414\" target=\"_blank\" rel=\"noopener\">TTP-s betegek Facebook-os k\u00f6z\u00f6ss\u00e9ge<\/a><\/li>\n<\/ul>\n<\/div>\n","protected":false},"excerpt":{"rendered":"<p>A TTP-r\u0151l orvosoknak:<\/p>\n<p><a href=\"https:\/\/semmelweis.hu\/kutlab\/betegellatas\/ttp\/ttp-orvosoknak\/\">R\u00e9szletes t\u00e1j\u00e9koztat\u00f3 orvosoknak\u00a0<\/a><\/p>\n<p>A TTP\/HUS-r\u00f3l betegeknek:<\/p>\n<p><a href=\"https:\/\/semmelweis.hu\/kutlab\/betegellatas\/ttp\/ttp-hus-tma-szomagyarazat\/\">TTP, HUS, TMA: Sz\u00f3magyar\u00e1zat betegek r\u00e9sz\u00e9re<\/a><\/p>\n<p><a href=\"https:\/\/semmelweis.hu\/kutlab\/betegellatas\/ttp\/\">A TTP \u00e9s HUS k\u00f3rk\u00e9pek oka, kezel\u00e9se \u00e9s kimenetele \u00e9rthet\u0151en<\/a><a id=\"hasznos\"><\/a><\/p>\n<p>Hasznos linkek Orvosoknak \u00e9s TTP-s betegeknek<\/p>\n<p><a href=\"http:\/\/www.ncbi.nlm.nih.gov\/omim\/604134\" target=\"_blank\" rel=\"noopener\">ADAMTS13 az OMIM adatb\u00e1zisban<\/a><br \/>\n<a href=\"http:\/\/www.ncbi.nlm.nih.gov\/omim\/274150\" target=\"_blank\" rel=\"noopener\">UPSHAW-SCHULMAN SYNDROME (Congenitalis TTP) az OMIM adatb\u00e1zisban<\/a><br \/>\n<a href=\"http:\/\/www.ttpdatabase.org\/\" target=\"_blank\" rel=\"noopener\">TTP honlap<\/a><br \/>\n<a href=\"http:\/\/www.facebook.com\/pages\/Thrombotic-Thrombocytopenic-Purpura-Association\/118200754414\" target=\"_blank\" rel=\"noopener\">TTP-s betegek Facebook-os k\u00f6z\u00f6ss\u00e9ge<\/a><\/p>\n","protected":false},"author":158,"featured_media":0,"parent":25,"menu_order":5,"comment_status":"closed","ping_status":"closed","template":"","meta":{"_acf_changed":false,"footnotes":""},"categories":[],"tags":[],"class_list":["post-75","page","type-page","status-publish","hentry"],"acf":[],"_links":{"self":[{"href":"https:\/\/semmelweis.hu\/kutlab\/wp-json\/wp\/v2\/pages\/75","targetHints":{"allow":["GET"]}}],"collection":[{"href":"https:\/\/semmelweis.hu\/kutlab\/wp-json\/wp\/v2\/pages"}],"about":[{"href":"https:\/\/semmelweis.hu\/kutlab\/wp-json\/wp\/v2\/types\/page"}],"author":[{"embeddable":true,"href":"https:\/\/semmelweis.hu\/kutlab\/wp-json\/wp\/v2\/users\/158"}],"replies":[{"embeddable":true,"href":"https:\/\/semmelweis.hu\/kutlab\/wp-json\/wp\/v2\/comments?post=75"}],"version-history":[{"count":11,"href":"https:\/\/semmelweis.hu\/kutlab\/wp-json\/wp\/v2\/pages\/75\/revisions"}],"predecessor-version":[{"id":1803,"href":"https:\/\/semmelweis.hu\/kutlab\/wp-json\/wp\/v2\/pages\/75\/revisions\/1803"}],"up":[{"embeddable":true,"href":"https:\/\/semmelweis.hu\/kutlab\/wp-json\/wp\/v2\/pages\/25"}],"wp:attachment":[{"href":"https:\/\/semmelweis.hu\/kutlab\/wp-json\/wp\/v2\/media?parent=75"}],"wp:term":[{"taxonomy":"category","embeddable":true,"href":"https:\/\/semmelweis.hu\/kutlab\/wp-json\/wp\/v2\/categories?post=75"},{"taxonomy":"post_tag","embeddable":true,"href":"https:\/\/semmelweis.hu\/kutlab\/wp-json\/wp\/v2\/tags?post=75"}],"curies":[{"name":"wp","href":"https:\/\/api.w.org\/{rel}","templated":true}]}}