{"id":74,"date":"2016-01-08T00:00:00","date_gmt":"2016-01-07T23:00:00","guid":{"rendered":"http:\/\/semmelweis.hu\/kutlab\/122-29610\/"},"modified":"2023-07-28T13:26:40","modified_gmt":"2023-07-28T11:26:40","slug":"hemolitikus-uremia","status":"publish","type":"page","link":"https:\/\/semmelweis.hu\/kutlab\/betegellatas\/hemolitikus-uremia\/","title":{"rendered":"HUS: Hemolitikus ur\u00e9mi\u00e1s szindr\u00f3ma"},"content":{"rendered":"<p><strong>Let\u00f6lthet\u0151 pdf:<\/strong> <a href=\"http:\/\/www.kozlonyok.hu\/kozlonyok\/Kozlonyok\/6\/PDF\/2022\/18.pdf\">Eg\u00e9szs\u00e9g\u00fcgyi szakmai ir\u00e1nyelv \u2013 A thromboticus thrombocytopeni\u00e1s purpura (TTP) \u00e9s a haemolyticus uraemi\u00e1s syndroma (HUS) kezel\u00e9s\u00e9r\u0151l<\/a><\/p>\n<h4><strong>Honlapunkon el\u00e9rhet\u0151 ismertet\u0151k:<\/strong><\/h4>\n<ul>\n<li>\n<p><a href=\"122-32427\">A HUS-r\u00f3l orvosoknak<\/a><\/p>\n<\/li>\n<li>\n<p><a href=\"122-32426\">A TTP\/HUS-r\u00f3l betegeknek<\/a><\/p>\n<\/li>\n<\/ul>\n<div class=\"keretes w-100\">\n<h4><strong>Hasznos linkek betegeknek \u00e9s orvosoknak<\/strong><\/h4>\n<ul>\n<li><a href=\"http:\/\/www.ncbi.nlm.nih.gov\/omim\/235400\" target=\"_blank\" rel=\"noopener\">At\u00edpusos HUS az OMIM adatb\u00e1zisban<\/a><\/li>\n<li><a href=\"https:\/\/www.orpha.net\/consor\/cgi-bin\/Disease_Search.php?lng=EN&amp;data_id=779&amp;Disease_Disease_Search_diseaseGroup=atypical-hus&amp;Disease_Disease_Search_diseaseType=Pat&amp;Disease(s)\/group%20of%20diseases=Atypical-hemolytic-uremic-syndrome&amp;title=Atypical%20hemolytic%20uremic%20syndrome&amp;search=Disease_Search_Simple\" target=\"_blank\" rel=\"noopener\">At\u00edpusos HUS az OrphaNet adatb\u00e1zisban<\/a><\/li>\n<li><span style=\"color: #000000;\"><a href=\"http:\/\/www.atypicalhus.org\/\" target=\"_blank\" rel=\"noopener\">The Foundation for Children with atypical HUS<\/a><\/span><\/li>\n<\/ul>\n<\/div>\n<p>&nbsp;<\/p>\n","protected":false},"excerpt":{"rendered":"<p>Let\u00f6lthet\u0151 pdf: <a href=\"http:\/\/www.kozlonyok.hu\/kozlonyok\/Kozlonyok\/6\/PDF\/2022\/18.pdf\">Eg\u00e9szs\u00e9g\u00fcgyi szakmai ir\u00e1nyelv \u2013 A thromboticus thrombocytopeni\u00e1s purpura (TTP) \u00e9s a haemolyticus uraemi\u00e1s syndroma (HUS) kezel\u00e9s\u00e9r\u0151l<\/a><br \/>\nHonlapunkon el\u00e9rhet\u0151 ismertet\u0151k:<\/p>\n<p><a href=\"122-32427\">A HUS-r\u00f3l orvosoknak<\/a><\/p>\n<p><a href=\"122-32426\">A TTP\/HUS-r\u00f3l betegeknek<\/a><\/p>\n<p>Hasznos linkek betegeknek \u00e9s orvosoknak<\/p>\n<p><a href=\"http:\/\/www.ncbi.nlm.nih.gov\/omim\/235400\" target=\"_blank\" rel=\"noopener\">At\u00edpusos HUS az OMIM adatb\u00e1zisban<\/a><br \/>\n<a href=\"https:\/\/www.orpha.net\/consor\/cgi-bin\/Disease_Search.php?lng=EN&amp;data_id=779&amp;Disease_Disease_Search_diseaseGroup=atypical-hus&amp;Disease_Disease_Search_diseaseType=Pat&amp;Disease(s)\/group%20of%20diseases=Atypical-hemolytic-uremic-syndrome&amp;title=Atypical%20hemolytic%20uremic%20syndrome&amp;search=Disease_Search_Simple\" target=\"_blank\" rel=\"noopener\">At\u00edpusos HUS az OrphaNet adatb\u00e1zisban<\/a><br \/>\n<a href=\"http:\/\/www.atypicalhus.org\/\" target=\"_blank\" rel=\"noopener\">The Foundation for Children with atypical HUS<\/a><\/p>\n<p>&nbsp;<\/p>\n","protected":false},"author":158,"featured_media":0,"parent":25,"menu_order":4,"comment_status":"closed","ping_status":"closed","template":"","meta":{"_acf_changed":false,"footnotes":""},"categories":[],"tags":[],"class_list":["post-74","page","type-page","status-publish","hentry"],"acf":[],"_links":{"self":[{"href":"https:\/\/semmelweis.hu\/kutlab\/wp-json\/wp\/v2\/pages\/74","targetHints":{"allow":["GET"]}}],"collection":[{"href":"https:\/\/semmelweis.hu\/kutlab\/wp-json\/wp\/v2\/pages"}],"about":[{"href":"https:\/\/semmelweis.hu\/kutlab\/wp-json\/wp\/v2\/types\/page"}],"author":[{"embeddable":true,"href":"https:\/\/semmelweis.hu\/kutlab\/wp-json\/wp\/v2\/users\/158"}],"replies":[{"embeddable":true,"href":"https:\/\/semmelweis.hu\/kutlab\/wp-json\/wp\/v2\/comments?post=74"}],"version-history":[{"count":8,"href":"https:\/\/semmelweis.hu\/kutlab\/wp-json\/wp\/v2\/pages\/74\/revisions"}],"predecessor-version":[{"id":1808,"href":"https:\/\/semmelweis.hu\/kutlab\/wp-json\/wp\/v2\/pages\/74\/revisions\/1808"}],"up":[{"embeddable":true,"href":"https:\/\/semmelweis.hu\/kutlab\/wp-json\/wp\/v2\/pages\/25"}],"wp:attachment":[{"href":"https:\/\/semmelweis.hu\/kutlab\/wp-json\/wp\/v2\/media?parent=74"}],"wp:term":[{"taxonomy":"category","embeddable":true,"href":"https:\/\/semmelweis.hu\/kutlab\/wp-json\/wp\/v2\/categories?post=74"},{"taxonomy":"post_tag","embeddable":true,"href":"https:\/\/semmelweis.hu\/kutlab\/wp-json\/wp\/v2\/tags?post=74"}],"curies":[{"name":"wp","href":"https:\/\/api.w.org\/{rel}","templated":true}]}}