{"id":72,"date":"2016-01-08T00:00:00","date_gmt":"2016-01-07T23:00:00","guid":{"rendered":"http:\/\/semmelweis.hu\/kutlab\/122-29611\/"},"modified":"2023-07-28T10:34:04","modified_gmt":"2023-07-28T08:34:04","slug":"publikaciok","status":"publish","type":"page","link":"https:\/\/semmelweis.hu\/kutlab\/kutatas\/publikaciok\/","title":{"rendered":"Publik\u00e1ci\u00f3k"},"content":{"rendered":"<p>A Kutat\u00f3laborat\u00f3rium munkat\u00e1rsai folyamatos publik\u00e1ci\u00f3s tev\u00e9kenys\u00e9get folytatnak. R\u00e9szletes, szem\u00e9lyekre bontott publik\u00e1ci\u00f3s adatokat a szem\u00e9lyes bemutatkoz\u00e1s oldalakon tal\u00e1l<\/p>\n<p><a class=\"button\" href=\"https:\/\/semmelweis.hu\/kutlab\/munkatarsak\/\" target=\"_self\" rel=\"noopener\">Tov\u00e1bb a munkat\u00e1rsakhoz<\/a>\u00a0<\/p>\n","protected":false},"excerpt":{"rendered":"<p>A Kutat\u00f3laborat\u00f3rium munkat\u00e1rsai folyamatos publik\u00e1ci\u00f3s tev\u00e9kenys\u00e9get folytatnak. R\u00e9szletes, szem\u00e9lyekre bontott publik\u00e1ci\u00f3s adatokat a szem\u00e9lyes bemutatkoz\u00e1s oldalakon tal\u00e1l<br \/>\n<a class=\"button\" href=\"https:\/\/semmelweis.hu\/kutlab\/munkatarsak\/\" target=\"_self\" rel=\"noopener\">Tov\u00e1bb a munkat\u00e1rsakhoz<\/a>\u00a0<\/p>\n","protected":false},"author":1,"featured_media":0,"parent":24,"menu_order":3,"comment_status":"closed","ping_status":"closed","template":"","meta":{"_acf_changed":false,"footnotes":""},"categories":[],"tags":[],"class_list":["post-72","page","type-page","status-publish","hentry"],"acf":[],"_links":{"self":[{"href":"https:\/\/semmelweis.hu\/kutlab\/wp-json\/wp\/v2\/pages\/72","targetHints":{"allow":["GET"]}}],"collection":[{"href":"https:\/\/semmelweis.hu\/kutlab\/wp-json\/wp\/v2\/pages"}],"about":[{"href":"https:\/\/semmelweis.hu\/kutlab\/wp-json\/wp\/v2\/types\/page"}],"author":[{"embeddable":true,"href":"https:\/\/semmelweis.hu\/kutlab\/wp-json\/wp\/v2\/users\/1"}],"replies":[{"embeddable":true,"href":"https:\/\/semmelweis.hu\/kutlab\/wp-json\/wp\/v2\/comments?post=72"}],"version-history":[{"count":5,"href":"https:\/\/semmelweis.hu\/kutlab\/wp-json\/wp\/v2\/pages\/72\/revisions"}],"predecessor-version":[{"id":1683,"href":"https:\/\/semmelweis.hu\/kutlab\/wp-json\/wp\/v2\/pages\/72\/revisions\/1683"}],"up":[{"embeddable":true,"href":"https:\/\/semmelweis.hu\/kutlab\/wp-json\/wp\/v2\/pages\/24"}],"wp:attachment":[{"href":"https:\/\/semmelweis.hu\/kutlab\/wp-json\/wp\/v2\/media?parent=72"}],"wp:term":[{"taxonomy":"category","embeddable":true,"href":"https:\/\/semmelweis.hu\/kutlab\/wp-json\/wp\/v2\/categories?post=72"},{"taxonomy":"post_tag","embeddable":true,"href":"https:\/\/semmelweis.hu\/kutlab\/wp-json\/wp\/v2\/tags?post=72"}],"curies":[{"name":"wp","href":"https:\/\/api.w.org\/{rel}","templated":true}]}}