{"id":71,"date":"2016-01-08T00:00:00","date_gmt":"2016-01-07T23:00:00","guid":{"rendered":"http:\/\/semmelweis.hu\/kutlab\/122-29606\/"},"modified":"2023-09-29T11:10:00","modified_gmt":"2023-09-29T09:10:00","slug":"palyazatok","status":"publish","type":"page","link":"https:\/\/semmelweis.hu\/kutlab\/kutatas\/palyazatok\/","title":{"rendered":"P\u00e1ly\u00e1zatok"},"content":{"rendered":"<h4><strong>Jelenleg fut\u00f3 p\u00e1ly\u00e1zataink:<\/strong><\/h4>\n<ul>\n<li>\n<p><a href=\"https:\/\/www.corvos.eu\/content\/home\/\">EU HORIZON 2020 &#8222;CORVOS&#8221;\u00a0<\/a><\/p>\n<\/li>\n<li>\n<p><a href=\"https:\/\/www.tolerate-horizon.eu\/\">EU MSCA ITN &#8222;TOLERATE&#8221;<\/a><\/p>\n<\/li>\n<li>\n<p>HUN-REN-SE Immunol\u00f3giai \u00e9s Hematol\u00f3giai Kutat\u00f3csoport<\/p>\n<\/li>\n<li>\n<p><a href=\"https:\/\/semmelweis.hu\/innovacio\/palyazat\/kiemelt-projektek\/temateruleti-kivalosagi-program-tkp2021\/tkp-2021-egeszseg-alprogram-molekularis-biologia-molekularis-orvostudomanyi-kivalosagi-kutatasok-a-semmelweis-egyetemen\/\" target=\"_blank\" rel=\"noopener\">MOLORKIV<\/a><\/p>\n<\/li>\n<li>\n<p>STIA-KFI 2022<\/p>\n<\/li>\n<li>\n<p>Richter T\u00e9map\u00e1ly\u00e1zat 2023<\/p>\n<\/li>\n<\/ul>\n","protected":false},"excerpt":{"rendered":"<p>Jelenleg fut\u00f3 p\u00e1ly\u00e1zataink:<\/p>\n<p><a href=\"https:\/\/www.corvos.eu\/content\/home\/\">EU HORIZON 2020 &#8222;CORVOS&#8221;\u00a0<\/a><\/p>\n<p><a href=\"https:\/\/www.tolerate-horizon.eu\/\">EU MSCA ITN &#8222;TOLERATE&#8221;<\/a><\/p>\n<p>HUN-REN-SE Immunol\u00f3giai \u00e9s Hematol\u00f3giai Kutat\u00f3csoport<\/p>\n<p><a href=\"https:\/\/semmelweis.hu\/innovacio\/palyazat\/kiemelt-projektek\/temateruleti-kivalosagi-program-tkp2021\/tkp-2021-egeszseg-alprogram-molekularis-biologia-molekularis-orvostudomanyi-kivalosagi-kutatasok-a-semmelweis-egyetemen\/\" target=\"_blank\" rel=\"noopener\">MOLORKIV<\/a><\/p>\n<p>STIA-KFI 2022<\/p>\n<p>Richter T\u00e9map\u00e1ly\u00e1zat 2023<\/p>\n","protected":false},"author":1,"featured_media":0,"parent":24,"menu_order":2,"comment_status":"closed","ping_status":"closed","template":"","meta":{"_acf_changed":false,"footnotes":""},"categories":[],"tags":[],"class_list":["post-71","page","type-page","status-publish","hentry"],"acf":[],"_links":{"self":[{"href":"https:\/\/semmelweis.hu\/kutlab\/wp-json\/wp\/v2\/pages\/71","targetHints":{"allow":["GET"]}}],"collection":[{"href":"https:\/\/semmelweis.hu\/kutlab\/wp-json\/wp\/v2\/pages"}],"about":[{"href":"https:\/\/semmelweis.hu\/kutlab\/wp-json\/wp\/v2\/types\/page"}],"author":[{"embeddable":true,"href":"https:\/\/semmelweis.hu\/kutlab\/wp-json\/wp\/v2\/users\/1"}],"replies":[{"embeddable":true,"href":"https:\/\/semmelweis.hu\/kutlab\/wp-json\/wp\/v2\/comments?post=71"}],"version-history":[{"count":10,"href":"https:\/\/semmelweis.hu\/kutlab\/wp-json\/wp\/v2\/pages\/71\/revisions"}],"predecessor-version":[{"id":1828,"href":"https:\/\/semmelweis.hu\/kutlab\/wp-json\/wp\/v2\/pages\/71\/revisions\/1828"}],"up":[{"embeddable":true,"href":"https:\/\/semmelweis.hu\/kutlab\/wp-json\/wp\/v2\/pages\/24"}],"wp:attachment":[{"href":"https:\/\/semmelweis.hu\/kutlab\/wp-json\/wp\/v2\/media?parent=71"}],"wp:term":[{"taxonomy":"category","embeddable":true,"href":"https:\/\/semmelweis.hu\/kutlab\/wp-json\/wp\/v2\/categories?post=71"},{"taxonomy":"post_tag","embeddable":true,"href":"https:\/\/semmelweis.hu\/kutlab\/wp-json\/wp\/v2\/tags?post=71"}],"curies":[{"name":"wp","href":"https:\/\/api.w.org\/{rel}","templated":true}]}}