{"id":70,"date":"2016-01-08T00:00:00","date_gmt":"2016-01-07T23:00:00","guid":{"rendered":"http:\/\/semmelweis.hu\/kutlab\/122-29605\/"},"modified":"2023-07-28T10:54:52","modified_gmt":"2023-07-28T08:54:52","slug":"modszerek-muszerek","status":"publish","type":"page","link":"https:\/\/semmelweis.hu\/kutlab\/kutatas\/modszerek-muszerek\/","title":{"rendered":"M\u0171szerek"},"content":{"rendered":"<h4><strong>Nagym\u0171szereink<\/strong><\/h4>\n<ul>\n<li>\n<p>Multifunkcion\u00e1lis lemezleolvas\u00f3 &#8211;\u00a0<a href=\"https:\/\/semmelweis.hu\/kutlab\/files\/2023\/07\/Tecan_Journal_01_08_page16-17.pdf\" target=\"_blank\" rel=\"noopener\">Tecan Infinite M1000 Pro<\/a><\/p>\n<\/li>\n<li>\n<p>Multifunkcion\u00e1lis lemezleolvas\u00f3 &#8211;\u00a0<a href=\"https:\/\/www.agilent.com\/en\/product\/microplate-instrumentation\/microplate-readers\/multimode-microplate-readers\/biotek-synergy-htx-multimode-reader-1623207?Product_Interest_Source=Marketing%20Campaign&amp;source=Marketing%20Campaign&amp;Lead_Campaign_Source=7015Y000002uboQ&amp;Campaign_Source=7015Y000002uboQ&amp;utm_source=biotek&amp;utm_medium=cpc&amp;utm_campaign=7015Y000002uboQ&amp;gad=1&amp;gclid=EAIaIQobChMIu7ja0u2ugAMV9JaDBx2FnA1dEAAYAiAAEgJWx_D_BwE&amp;gclsrc=aw.ds\" target=\"_blank\" rel=\"noopener\">BioTek Synergy HTX<\/a><\/p>\n<\/li>\n<li>\n<p>Imaging system &#8211; <a href=\"https:\/\/www.bio-rad.com\/en-hu\/product\/chemidoc-xrs-system?ID=NINJHRKG4\" target=\"_blank\" rel=\"noopener\">BioRad ChemiDoc MP<\/a><\/p>\n<\/li>\n<li>\n<p>qPCR &#8211; <a href=\"https:\/\/semmelweis.hu\/kutlab\/files\/2023\/07\/Rotor-Gene-Q-Pure-Detection-1.pdf\" target=\"_blank\" rel=\"noopener\">Qiagen RotorGene Q<\/a><\/p>\n<\/li>\n<li>\n<p>Klinikai nefelom\u00e9ter &#8211; <a href=\"https:\/\/www.siemens-healthineers.com\/hu\/plasma-protein\/systems\/bn-ii-system\" target=\"_blank\" rel=\"noopener\">Siemens BN II<\/a><\/p>\n<\/li>\n<li>\n<p>Fluoreszcens mikroszk\u00f3p &#8211; <a href=\"https:\/\/semmelweis.hu\/kutlab\/files\/2023\/07\/ix81.pdf\" target=\"_blank\" rel=\"noopener\">Olympus IX81<\/a><\/p>\n<\/li>\n<li>\n<p>Hollowfiber alap\u00fa bioreaktor &#8211; <a href=\"https:\/\/www.terumobct.com\/quantum\" target=\"_blank\" rel=\"noopener\">Terumo BCT Quantum<\/a><\/p>\n<\/li>\n<li>\n<p>\u00c1raml\u00e1si citofluorim\u00e9ter &#8211; <a href=\"https:\/\/www.beckman.com\/flow-cytometry\/research-flow-cytometers\/cytoflex\" target=\"_blank\" rel=\"noopener\">Beckman Coulter CytoFlex<\/a><\/p>\n<\/li>\n<li>\n<p>Automata folyad\u00e9kkezel\u0151 rendszer &#8211; <a href=\"https:\/\/www.eppendorf.com\/us-en\/eShop-Products\/Automated-Pipetting\/Liquid-Handler\/epMotion-5070-p-PF-68886\" target=\"_blank\" rel=\"noopener\">Eppendorf Epmotion 5070<\/a><\/p>\n<\/li>\n<\/ul>\n","protected":false},"excerpt":{"rendered":"<p>Nagym\u0171szereink<\/p>\n<p>Multifunkcion\u00e1lis lemezleolvas\u00f3 &#8211;\u00a0<a href=\"https:\/\/semmelweis.hu\/kutlab\/files\/2023\/07\/Tecan_Journal_01_08_page16-17.pdf\" target=\"_blank\" rel=\"noopener\">Tecan Infinite M1000 Pro<\/a><\/p>\n<p>Multifunkcion\u00e1lis lemezleolvas\u00f3 &#8211;\u00a0<a href=\"https:\/\/www.agilent.com\/en\/product\/microplate-instrumentation\/microplate-readers\/multimode-microplate-readers\/biotek-synergy-htx-multimode-reader-1623207?Product_Interest_Source=Marketing%20Campaign&amp;source=Marketing%20Campaign&amp;Lead_Campaign_Source=7015Y000002uboQ&amp;Campaign_Source=7015Y000002uboQ&amp;utm_source=biotek&amp;utm_medium=cpc&amp;utm_campaign=7015Y000002uboQ&amp;gad=1&amp;gclid=EAIaIQobChMIu7ja0u2ugAMV9JaDBx2FnA1dEAAYAiAAEgJWx_D_BwE&amp;gclsrc=aw.ds\" target=\"_blank\" rel=\"noopener\">BioTek Synergy HTX<\/a><\/p>\n<p>Imaging system &#8211; <a href=\"https:\/\/www.bio-rad.com\/en-hu\/product\/chemidoc-xrs-system?ID=NINJHRKG4\" target=\"_blank\" rel=\"noopener\">BioRad ChemiDoc MP<\/a><\/p>\n<p>qPCR &#8211; <a href=\"https:\/\/semmelweis.hu\/kutlab\/files\/2023\/07\/Rotor-Gene-Q-Pure-Detection-1.pdf\" target=\"_blank\" rel=\"noopener\">Qiagen RotorGene Q<\/a><\/p>\n<p>Klinikai nefelom\u00e9ter &#8211; <a href=\"https:\/\/www.siemens-healthineers.com\/hu\/plasma-protein\/systems\/bn-ii-system\" target=\"_blank\" rel=\"noopener\">Siemens BN II<\/a><\/p>\n<p>Fluoreszcens mikroszk\u00f3p &#8211; <a href=\"https:\/\/semmelweis.hu\/kutlab\/files\/2023\/07\/ix81.pdf\" target=\"_blank\" rel=\"noopener\">Olympus IX81<\/a><\/p>\n<p>Hollowfiber alap\u00fa bioreaktor &#8211; <a href=\"https:\/\/www.terumobct.com\/quantum\" target=\"_blank\" rel=\"noopener\">Terumo BCT Quantum<\/a><\/p>\n<p>\u00c1raml\u00e1si citofluorim\u00e9ter &#8211; <a href=\"https:\/\/www.beckman.com\/flow-cytometry\/research-flow-cytometers\/cytoflex\" target=\"_blank\" rel=\"noopener\">Beckman Coulter CytoFlex<\/a><\/p>\n<p>Automata folyad\u00e9kkezel\u0151 rendszer &#8211; <a href=\"https:\/\/www.eppendorf.com\/us-en\/eShop-Products\/Automated-Pipetting\/Liquid-Handler\/epMotion-5070-p-PF-68886\" target=\"_blank\" rel=\"noopener\">Eppendorf Epmotion 5070<\/a><\/p>\n","protected":false},"author":1,"featured_media":0,"parent":24,"menu_order":1,"comment_status":"closed","ping_status":"closed","template":"","meta":{"_acf_changed":false,"footnotes":""},"categories":[],"tags":[],"class_list":["post-70","page","type-page","status-publish","hentry"],"acf":[],"_links":{"self":[{"href":"https:\/\/semmelweis.hu\/kutlab\/wp-json\/wp\/v2\/pages\/70","targetHints":{"allow":["GET"]}}],"collection":[{"href":"https:\/\/semmelweis.hu\/kutlab\/wp-json\/wp\/v2\/pages"}],"about":[{"href":"https:\/\/semmelweis.hu\/kutlab\/wp-json\/wp\/v2\/types\/page"}],"author":[{"embeddable":true,"href":"https:\/\/semmelweis.hu\/kutlab\/wp-json\/wp\/v2\/users\/1"}],"replies":[{"embeddable":true,"href":"https:\/\/semmelweis.hu\/kutlab\/wp-json\/wp\/v2\/comments?post=70"}],"version-history":[{"count":10,"href":"https:\/\/semmelweis.hu\/kutlab\/wp-json\/wp\/v2\/pages\/70\/revisions"}],"predecessor-version":[{"id":1700,"href":"https:\/\/semmelweis.hu\/kutlab\/wp-json\/wp\/v2\/pages\/70\/revisions\/1700"}],"up":[{"embeddable":true,"href":"https:\/\/semmelweis.hu\/kutlab\/wp-json\/wp\/v2\/pages\/24"}],"wp:attachment":[{"href":"https:\/\/semmelweis.hu\/kutlab\/wp-json\/wp\/v2\/media?parent=70"}],"wp:term":[{"taxonomy":"category","embeddable":true,"href":"https:\/\/semmelweis.hu\/kutlab\/wp-json\/wp\/v2\/categories?post=70"},{"taxonomy":"post_tag","embeddable":true,"href":"https:\/\/semmelweis.hu\/kutlab\/wp-json\/wp\/v2\/tags?post=70"}],"curies":[{"name":"wp","href":"https:\/\/api.w.org\/{rel}","templated":true}]}}