{"id":64,"date":"2016-01-08T00:00:00","date_gmt":"2016-01-07T23:00:00","guid":{"rendered":"http:\/\/semmelweis.hu\/kutlab\/122-32472\/"},"modified":"2025-07-30T11:06:34","modified_gmt":"2025-07-30T09:06:34","slug":"122-32472","status":"publish","type":"page","link":"https:\/\/semmelweis.hu\/kutlab\/munkatarsak\/122-32472\/","title":{"rendered":"Dr. Varga Lilian \u00c1gnes"},"content":{"rendered":"<div class=\"contacts_list\">\n<p><a class=\"contact_pic\" href=\"122-32472\"><img decoding=\"async\" src=\"\/kutlab\/files\/2016\/01\/35521.jpg\" alt=\"\" width=\"79\" \/><\/a><\/p>\n<table border=\"0\" cellspacing=\"0\" cellpadding=\"0\">\n<tbody>\n<tr>\n<td style=\"padding-right: 10px\">Beoszt\u00e1s:<\/td>\n<td>Tudom\u00e1nyos f\u0151munkat\u00e1rs<\/td>\n<\/tr>\n<tr>\n<td style=\"padding-right: 10px\">V\u00e9gzetts\u00e9g:<\/td>\n<td>Biol\u00f3gus (MSc)<\/td>\n<\/tr>\n<tr>\n<td style=\"padding-right: 10px\">Telefon:<\/td>\n<td>3251481<\/td>\n<\/tr>\n<tr>\n<td style=\"padding-right: 10px\">E-mail:<\/td>\n<td><a href=\"mailto:lvarga@kut.sote.hu\">lvarga@kut.sote.hu<\/a><\/td>\n<\/tr>\n<\/tbody>\n<\/table>\n<div class=\"cv\">\n<p>&nbsp;<\/p>\n<p class=\"Normlzoli\"><span lang=\"EN-US\">Els\u0151 munkahelyemen, a Phylaxia Olt\u00f3anyagtermel\u0151 V\u00e1llalat Immunk\u00e9miai Laborat\u00f3rium\u00e1ban \u00e1llati feh\u00e9rj\u00e9ket prepar\u00e1ltunk, \u00e9s ezekkel nyulakat, kecsk\u00e9ket immuniz\u00e1lva tiszt\u00edtott immunglobulin reagenseket k\u00e9sz\u00edtett\u00fcnk \u00e1llatgy\u00f3gy\u00e1szati kutat\u00e1sok c\u00e9lj\u00e1b\u00f3l. K\u00e9s\u0151bb a V\u00edrusvakcina Oszt\u00e1lyon r\u00e9szt vehettem egy korszer\u0171bb, sejtvonalon el\u0151\u00e1ll\u00edtott veszetts\u00e9g elleni vakcina kifejleszt\u00e9s\u00e9ben. Ezeket a tapasztalatokat nagyon j\u00f3l tudtam hasznos\u00edtani, amikor \u00f6t \u00e9vvel az egyetem elv\u00e9gz\u00e9se ut\u00e1n az Orsz\u00e1gos Hematol\u00f3giai Immunol\u00f3giai \u00e9s V\u00e9rtranszf\u00fazi\u00f3s Int\u00e9zet Immunk\u00e9miai Laborat\u00f3rium\u00e1ban F\u00fcst Gy\u00f6rgy \u00e1ltal vezetett csoportban a komplementrendszer kutat\u00e1s\u00e1ba bekapcsol\u00f3dtam. \u201cA komplement \u00e9s immunkomplex vizsg\u00e1latok klinikai \u00e9rt\u00e9ke kr\u00f3nikus limfoid leuk\u00e9mi\u00e1s (CLL) \u00e9s csontvel\u0151transzplant\u00e1lt betegekben\u201d c. kandid\u00e1tusi disszert\u00e1ci\u00f3m is ebben a t\u00e9mak\u00f6rben sz\u00fcletett. A Semmelweis Egyetem III. Sz. Belgy\u00f3gy\u00e1szati Klinik\u00e1j\u00e1n a komplementdeficienci\u00e1k k\u00f6z\u00fcl kiemeltem kezdtem foglalkozni a C1-inhibitor hi\u00e1nyhoz t\u00e1rsul\u00f3 klinikai k\u00f3rk\u00e9pekkel. A klinikai komplementkutat\u00e1s mellett a kutat\u00e1sban alkalmazott m\u00f3dszerek bevon\u00e1s\u00e1val \u00e9s sz\u00e9lesebb k\u00f6rben val\u00f3 alkalmaz\u00e1s\u00e1val a komplementdiagnosztika kib\u0151v\u00edt\u00e9s\u00e9t \u00e9s fejleszt\u00e9s\u00e9t is fontos c\u00e9lomnak tekintem.<\/span><\/p>\n<p class=\"Normlzoli\">\u00a0<\/p>\n<\/div>\n<\/div>\n","protected":false},"excerpt":{"rendered":"<p><a class=\"contact_pic\" href=\"122-32472\"><\/a> Beoszt\u00e1s: Tudom\u00e1nyos f\u0151munkat\u00e1rs V\u00e9gzetts\u00e9g: Biol\u00f3gus (MSc) Telefon: 3251481 E-mail: <a href=\"mailto:lvarga@kut.sote.hu\">lvarga@kut.sote.hu<\/a> &nbsp; Els\u0151 munkahelyemen, a Phylaxia Olt\u00f3anyagtermel\u0151 V\u00e1llalat Immunk\u00e9miai Laborat\u00f3rium\u00e1ban \u00e1llati feh\u00e9rj\u00e9ket prepar\u00e1ltunk, \u00e9s ezekkel nyulakat, kecsk\u00e9ket immuniz\u00e1lva tiszt\u00edtott immunglobulin reagenseket k\u00e9sz\u00edtett\u00fcnk \u00e1llatgy\u00f3gy\u00e1szati kutat\u00e1sok c\u00e9lj\u00e1b\u00f3l. K\u00e9s\u0151bb a V\u00edrusvakcina Oszt\u00e1lyon r\u00e9szt vehettem egy korszer\u0171bb, sejtvonalon el\u0151\u00e1ll\u00edtott veszetts\u00e9g elleni vakcina kifejleszt\u00e9s\u00e9ben. Ezeket a tapasztalatokat nagyon j\u00f3l tudtam hasznos\u00edtani, amikor &hellip;<\/p>\n","protected":false},"author":1,"featured_media":0,"parent":19,"menu_order":25,"comment_status":"closed","ping_status":"closed","template":"","meta":{"_acf_changed":false,"footnotes":""},"categories":[],"tags":[],"class_list":["post-64","page","type-page","status-publish","hentry"],"acf":[],"_links":{"self":[{"href":"https:\/\/semmelweis.hu\/kutlab\/wp-json\/wp\/v2\/pages\/64","targetHints":{"allow":["GET"]}}],"collection":[{"href":"https:\/\/semmelweis.hu\/kutlab\/wp-json\/wp\/v2\/pages"}],"about":[{"href":"https:\/\/semmelweis.hu\/kutlab\/wp-json\/wp\/v2\/types\/page"}],"author":[{"embeddable":true,"href":"https:\/\/semmelweis.hu\/kutlab\/wp-json\/wp\/v2\/users\/1"}],"replies":[{"embeddable":true,"href":"https:\/\/semmelweis.hu\/kutlab\/wp-json\/wp\/v2\/comments?post=64"}],"version-history":[{"count":3,"href":"https:\/\/semmelweis.hu\/kutlab\/wp-json\/wp\/v2\/pages\/64\/revisions"}],"predecessor-version":[{"id":2235,"href":"https:\/\/semmelweis.hu\/kutlab\/wp-json\/wp\/v2\/pages\/64\/revisions\/2235"}],"up":[{"embeddable":true,"href":"https:\/\/semmelweis.hu\/kutlab\/wp-json\/wp\/v2\/pages\/19"}],"wp:attachment":[{"href":"https:\/\/semmelweis.hu\/kutlab\/wp-json\/wp\/v2\/media?parent=64"}],"wp:term":[{"taxonomy":"category","embeddable":true,"href":"https:\/\/semmelweis.hu\/kutlab\/wp-json\/wp\/v2\/categories?post=64"},{"taxonomy":"post_tag","embeddable":true,"href":"https:\/\/semmelweis.hu\/kutlab\/wp-json\/wp\/v2\/tags?post=64"}],"curies":[{"name":"wp","href":"https:\/\/api.w.org\/{rel}","templated":true}]}}