{"id":61,"date":"2016-01-08T00:00:00","date_gmt":"2016-01-07T23:00:00","guid":{"rendered":"http:\/\/semmelweis.hu\/kutlab\/122-32480\/"},"modified":"2025-07-30T11:08:42","modified_gmt":"2025-07-30T09:08:42","slug":"122-32480","status":"publish","type":"page","link":"https:\/\/semmelweis.hu\/kutlab\/munkatarsak\/122-32480\/","title":{"rendered":"Dr. Szil\u00e1gyi \u00c1gnes"},"content":{"rendered":"<div class=\"contacts_list\">\n<p><a class=\"contact_pic\" href=\"122-32480\"><img decoding=\"async\" src=\"\/kutlab\/files\/2016\/01\/ASz.jpg\" alt=\"\" width=\"79\" \/><\/a><\/p>\n<table style=\"width: 100%;height: 96px\" border=\"0\" cellspacing=\"0\" cellpadding=\"0\">\n<tbody>\n<tr style=\"height: 24px\">\n<td style=\"padding-right: 10px;height: 24px\">Beoszt\u00e1s:<\/td>\n<td style=\"height: 24px\">Tudom\u00e1nyos f\u0151munkat\u00e1rs<\/td>\n<\/tr>\n<tr style=\"height: 24px\">\n<td style=\"padding-right: 10px;height: 24px\">V\u00e9gzetts\u00e9g:<\/td>\n<td style=\"height: 24px\">Biol\u00f3gus (MSc)<\/td>\n<\/tr>\n<tr style=\"height: 24px\">\n<td style=\"padding-right: 10px;height: 24px\">Telefon:<\/td>\n<td style=\"height: 24px\">+36-20-825-0961<\/td>\n<\/tr>\n<tr style=\"height: 24px\">\n<td style=\"padding-right: 10px;height: 24px\">E-mail:<\/td>\n<td style=\"height: 24px\"><a href=\"mailto:szilagyi.agnes@semmelweis.hu\">szilagyi.agnes@semmelweis.hu<\/a><\/td>\n<\/tr>\n<\/tbody>\n<\/table>\n<div class=\"cv\">\n<p><strong>Bemutatkoz\u00e1s<\/strong><\/p>\n<p>Egyetemi tanulm\u00e1nyaimat az E\u00f6tv\u00f6s Lor\u00e1nd Tudom\u00e1nyegyetem biol\u00f3gus szak\u00e1n folytattam, \u00e9s mint tudom\u00e1nyos di\u00e1kk\u00f6r\u00f6s csatlakoztam az akkori Orsz\u00e1gos Hematol\u00f3giai \u00e9s Immunol\u00f3giai Int\u00e9zet Dr. F\u00f6ldi J\u00e1nos vezette csoportj\u00e1hoz, ahol a BCR g\u00e9n b2 exonj\u00e1nak egy polimorfizmus\u00e1t \u00e9s annak klinikai alkalmazhat\u00f3s\u00e1g\u00e1t vizsg\u00e1ltam. 2002-ben szereztem meg a biol\u00f3gusi diplom\u00e1t a molekul\u00e1ris biol\u00f3gia szakir\u00e1ny molekul\u00e1ris genetika alszakir\u00e1ny\u00e1n.<\/p>\n<p>PhD munk\u00e1mat a Semmelweis Egyetem, Farmakol\u00f3giai \u00e9s Farmakoter\u00e1pi\u00e1s Int\u00e9zet\u00e9ben Dr. Kal\u00e1sz Huba t\u00e9mavezet\u00e9s\u00e9vel \u00e9s Dr. Sasv\u00e1ri M\u00e1ria (Orvosi Vegytani, Molekul\u00e1ris Biol\u00f3giai \u00e9s Patobiok\u00e9miai Int\u00e9zet) ir\u00e1ny\u00edt\u00e1s\u00e1val v\u00e9geztem. Doktori munk\u00e1m t\u00e9m\u00e1ja k\u00fcl\u00f6nb\u00f6z\u0151 polimorfizmusok \u00e9s haplot\u00edpusok klinikai vonatkoz\u00e1sainak vizsg\u00e1lata volt.<\/p>\n<p>2006-ban egy 11 h\u00f3napos k\u00fclf\u00f6ldi tanulm\u00e1ny\u00faton vettem r\u00e9szt az innsbrucki Horv\u00e1th Laborat\u00f3riumban (Horv\u00e1th Laboratory of Bioseparation Sciences, Leopold-Franzens Egyetem, Innsbruck, Ausztria) Dr. Guttman Andr\u00e1s ir\u00e1ny\u00edt\u00e1sa alatt.<\/p>\n<p>Doktori munk\u00e1m sor\u00e1n a C4-es komplement feh\u00e9rj\u00e9t k\u00f3dol\u00f3 g\u00e9nek vizsg\u00e1lat\u00e1ra alkalmas m\u00f3dszereket fejlesztett\u00fcnk az akkori III. sz Belgy\u00f3gy\u00e1szati Klinika (most Belgy\u00f3gy\u00e1szati \u00e9s Hematol\u00f3giai Klinika) kutat\u00f3laborat\u00f3rium\u00e1nak munkat\u00e1rsaival kollabor\u00e1ci\u00f3ban, majd 2007 m\u00e1rcius\u00e1t\u00f3l csatlakoztam a kutat\u00f3laborat\u00f3rium csapat\u00e1hoz. Jelenleg a kutat\u00f3laborat\u00f3rium komplementgenetikai munkacsoportj\u00e1t vezetem.<\/p>\n<p><strong>\u00c9rdekl\u0151d\u00e9si ter\u00fclet<\/strong><\/p>\n<p>Monog\u00e9nes \u00e9s multifaktori\u00e1lis betegs\u00e9gek h\u00e1tter\u00e9ben \u00e1ll\u00f3 genetikai faktorok, valamint ezek funkcion\u00e1lis jelent\u0151s\u00e9ge; A komplement rendszer \u00f6r\u00f6kl\u00f6tt \u00e9s szerzett vari\u00e1ci\u00f3inak szerepe k\u00fcl\u00f6nb\u00f6z\u0151 k\u00f3rk\u00e9pekben; K\u00f3piasz\u00e1m vari\u00e1ci\u00f3k \u00e9s g\u00e9n\u00e1trendez\u0151d\u00e9sek<\/p>\n<p><a href=\"http:\/\/www.researcherid.com\/rid\/F-2337-2010\" target=\"_blank\" rel=\"noopener\"><span style=\"font-weight: bold\">Publik\u00e1ci\u00f3k<\/span><\/a><\/p>\n<div>\u00a0<\/div>\n<\/div>\n<\/div>\n","protected":false},"excerpt":{"rendered":"<p><a class=\"contact_pic\" href=\"122-32480\"><\/a> Beoszt\u00e1s: Tudom\u00e1nyos f\u0151munkat\u00e1rs V\u00e9gzetts\u00e9g: Biol\u00f3gus (MSc) Telefon: +36-20-825-0961 E-mail: <a href=\"mailto:szilagyi.agnes@semmelweis.hu\">szilagyi.agnes@semmelweis.hu<\/a> Bemutatkoz\u00e1s Egyetemi tanulm\u00e1nyaimat az E\u00f6tv\u00f6s Lor\u00e1nd Tudom\u00e1nyegyetem biol\u00f3gus szak\u00e1n folytattam, \u00e9s mint tudom\u00e1nyos di\u00e1kk\u00f6r\u00f6s csatlakoztam az akkori Orsz\u00e1gos Hematol\u00f3giai \u00e9s Immunol\u00f3giai Int\u00e9zet Dr. F\u00f6ldi J\u00e1nos vezette csoportj\u00e1hoz, ahol a BCR g\u00e9n b2 exonj\u00e1nak egy polimorfizmus\u00e1t \u00e9s annak klinikai alkalmazhat\u00f3s\u00e1g\u00e1t vizsg\u00e1ltam. 2002-ben szereztem meg a biol\u00f3gusi diplom\u00e1t &hellip;<\/p>\n","protected":false},"author":1,"featured_media":0,"parent":19,"menu_order":2,"comment_status":"closed","ping_status":"closed","template":"","meta":{"_acf_changed":false,"footnotes":""},"categories":[],"tags":[],"class_list":["post-61","page","type-page","status-publish","hentry"],"acf":[],"_links":{"self":[{"href":"https:\/\/semmelweis.hu\/kutlab\/wp-json\/wp\/v2\/pages\/61","targetHints":{"allow":["GET"]}}],"collection":[{"href":"https:\/\/semmelweis.hu\/kutlab\/wp-json\/wp\/v2\/pages"}],"about":[{"href":"https:\/\/semmelweis.hu\/kutlab\/wp-json\/wp\/v2\/types\/page"}],"author":[{"embeddable":true,"href":"https:\/\/semmelweis.hu\/kutlab\/wp-json\/wp\/v2\/users\/1"}],"replies":[{"embeddable":true,"href":"https:\/\/semmelweis.hu\/kutlab\/wp-json\/wp\/v2\/comments?post=61"}],"version-history":[{"count":10,"href":"https:\/\/semmelweis.hu\/kutlab\/wp-json\/wp\/v2\/pages\/61\/revisions"}],"predecessor-version":[{"id":2026,"href":"https:\/\/semmelweis.hu\/kutlab\/wp-json\/wp\/v2\/pages\/61\/revisions\/2026"}],"up":[{"embeddable":true,"href":"https:\/\/semmelweis.hu\/kutlab\/wp-json\/wp\/v2\/pages\/19"}],"wp:attachment":[{"href":"https:\/\/semmelweis.hu\/kutlab\/wp-json\/wp\/v2\/media?parent=61"}],"wp:term":[{"taxonomy":"category","embeddable":true,"href":"https:\/\/semmelweis.hu\/kutlab\/wp-json\/wp\/v2\/categories?post=61"},{"taxonomy":"post_tag","embeddable":true,"href":"https:\/\/semmelweis.hu\/kutlab\/wp-json\/wp\/v2\/tags?post=61"}],"curies":[{"name":"wp","href":"https:\/\/api.w.org\/{rel}","templated":true}]}}