{"id":51,"date":"2016-01-08T00:00:00","date_gmt":"2016-01-07T23:00:00","guid":{"rendered":"http:\/\/semmelweis.hu\/kutlab\/122-32479\/"},"modified":"2025-05-14T10:01:36","modified_gmt":"2025-05-14T08:01:36","slug":"122-32479","status":"publish","type":"page","link":"https:\/\/semmelweis.hu\/kutlab\/munkatarsak\/122-32479\/","title":{"rendered":"Dr. Kajd\u00e1csi Erika"},"content":{"rendered":"<div class=\"contacts_list\">\n<p><img loading=\"lazy\" decoding=\"async\" class=\"wp-image-1981 alignleft\" src=\"https:\/\/semmelweis.hu\/kutlab\/files\/2024\/04\/KajdacsiE-scaled.jpg\" alt=\"\" width=\"146\" height=\"219\" srcset=\"https:\/\/semmelweis.hu\/kutlab\/files\/2024\/04\/KajdacsiE-scaled.jpg 1707w, https:\/\/semmelweis.hu\/kutlab\/files\/2024\/04\/KajdacsiE-267x400.jpg 267w, https:\/\/semmelweis.hu\/kutlab\/files\/2024\/04\/KajdacsiE-683x1024.jpg 683w, https:\/\/semmelweis.hu\/kutlab\/files\/2024\/04\/KajdacsiE-768x1152.jpg 768w, https:\/\/semmelweis.hu\/kutlab\/files\/2024\/04\/KajdacsiE-1024x1536.jpg 1024w, https:\/\/semmelweis.hu\/kutlab\/files\/2024\/04\/KajdacsiE-1365x2048.jpg 1365w, https:\/\/semmelweis.hu\/kutlab\/files\/2024\/04\/KajdacsiE-753x1130.jpg 753w\" sizes=\"auto, (max-width: 146px) 100vw, 146px\" \/>V\u00e9gzetts\u00e9g: Biol\u00f3gus (MSc)<\/p>\n<p>Fokozat: PhD (Elm\u00e9leti Orvostudom\u00e1nyok, SE-\u00c1OK, 2016)<\/p>\n<p>Beoszt\u00e1s: Tudom\u00e1nyos f\u0151munkat\u00e1rs<\/p>\n<p>Munkak\u00f6r:<span style=\"color: #000000\"> Hemopoetikus \u0150ssejt-ter\u00e1pi\u00e1s <\/span>munkacsoportvezet\u0151<\/p>\n<p>E-mail: <a href=\"mailto:kajdacsi.erika@semmelweis.hu\">kajdacsi.erika@semmelweis.hu<\/a><\/p>\n<p>&nbsp;<\/p>\n<p><strong>Tudom\u00e1nyos \u00e9rdekl\u0151d\u00e9si ter\u00fcletek:<\/strong> A komplement rendszer szerin-prote\u00e1zainak g\u00e1tl\u00e1sa, a C1-inhib\u00edtor \u00e9s szerin-prote\u00e1zokkal alkotott komplexeinek szerepe a herediter angio\u00f6d\u00e9ma pathomechanizmus\u00e1ban; endot\u00e9lsejt fiziol\u00f3gia\/patofiziol\u00f3gia; mezenchim\u00e1lis \u0151ssejtek immunmodul\u00e1l\u00f3 hat\u00e1s\u00e1nak vizsg\u00e1lata; \u0151ssejt-transzplant\u00e1ci\u00f3 gyakorlati vonatkoz\u00e1sai<a href=\"https:\/\/semmelweis.hu\/kutlab\/munkatarsak-122-32479-modszerek-sumeg\/\">.<\/a> <\/p>\n<p><strong>Pubik\u00e1ci\u00f3k<\/strong>:<a href=\"https:\/\/www.scopus.com\/authid\/detail.uri?authorId=26635179900\" target=\"_blank\" rel=\"noopener\"> Kajd\u00e1csi Erika publik\u00e1ci\u00f3s list\u00e1ja (Scopus)<\/a>\u00a0<br \/>\n\u00a0\u00a0\u00a0\u00a0\u00a0\u00a0\u00a0\u00a0\u00a0\u00a0\u00a0\u00a0\u00a0\u00a0\u00a0\u00a0\u00a0\u00a0\u00a0 \u00a0 \u00a0 <a href=\"https:\/\/m2.mtmt.hu\/api\/publication?cond=publicationRole;eq;CORE&amp;cond=authorships.author;eq;10040542&amp;cond=fullPublication;eq;true&amp;page=1\" target=\"_blank\" rel=\"noopener\">Kajd\u00e1csi Erika publik\u00e1ci\u00f3s list\u00e1ja (MTMT2)<\/a><\/p>\n<p><strong>Orcid ID: <\/strong><a href=\"https:\/\/orcid.org\/0000-0003-0739-2193\" target=\"_blank\" rel=\"noopener\">0000-0003-0739-2193<\/a><\/div>\n","protected":false},"excerpt":{"rendered":"<p>V\u00e9gzetts\u00e9g: Biol\u00f3gus (MSc) Fokozat: PhD (Elm\u00e9leti Orvostudom\u00e1nyok, SE-\u00c1OK, 2016) Beoszt\u00e1s: Tudom\u00e1nyos f\u0151munkat\u00e1rs Munkak\u00f6r: Hemopoetikus \u0150ssejt-ter\u00e1pi\u00e1s munkacsoportvezet\u0151 E-mail: <a href=\"mailto:kajdacsi.erika@semmelweis.hu\">kajdacsi.erika@semmelweis.hu<\/a> &nbsp; Tudom\u00e1nyos \u00e9rdekl\u0151d\u00e9si ter\u00fcletek: A komplement rendszer szerin-prote\u00e1zainak g\u00e1tl\u00e1sa, a C1-inhib\u00edtor \u00e9s szerin-prote\u00e1zokkal alkotott komplexeinek szerepe a herediter angio\u00f6d\u00e9ma pathomechanizmus\u00e1ban; endot\u00e9lsejt fiziol\u00f3gia\/patofiziol\u00f3gia; mezenchim\u00e1lis \u0151ssejtek immunmodul\u00e1l\u00f3 hat\u00e1s\u00e1nak vizsg\u00e1lata; \u0151ssejt-transzplant\u00e1ci\u00f3 gyakorlati vonatkoz\u00e1sai <a href=\"https:\/\/semmelweis.hu\/kutlab\/munkatarsak-122-32479-modszerek-sumeg\/\">.<\/a> Pubik\u00e1ci\u00f3k: <a href=\"https:\/\/www.scopus.com\/authid\/detail.uri?authorId=26635179900\" target=\"_blank\" rel=\"noopener\"> Kajd\u00e1csi Erika publik\u00e1ci\u00f3s list\u00e1ja (Scopus)<\/a> \u00a0 \u00a0\u00a0\u00a0\u00a0\u00a0\u00a0\u00a0\u00a0\u00a0\u00a0\u00a0\u00a0\u00a0\u00a0\u00a0\u00a0\u00a0\u00a0\u00a0 \u00a0 \u00a0 <a href=\"https:\/\/m2.mtmt.hu\/api\/publication?cond=publicationRole;eq;CORE&amp;cond=authorships.author;eq;10040542&amp;cond=fullPublication;eq;true&amp;page=1\" target=\"_blank\" rel=\"noopener\">Kajd\u00e1csi Erika publik\u00e1ci\u00f3s list\u00e1ja (MTMT2)<\/a> Orcid ID: &hellip;<\/p>\n","protected":false},"author":1,"featured_media":0,"parent":19,"menu_order":9,"comment_status":"closed","ping_status":"closed","template":"","meta":{"_acf_changed":false,"footnotes":""},"categories":[],"tags":[],"class_list":["post-51","page","type-page","status-publish","hentry"],"acf":[],"_links":{"self":[{"href":"https:\/\/semmelweis.hu\/kutlab\/wp-json\/wp\/v2\/pages\/51","targetHints":{"allow":["GET"]}}],"collection":[{"href":"https:\/\/semmelweis.hu\/kutlab\/wp-json\/wp\/v2\/pages"}],"about":[{"href":"https:\/\/semmelweis.hu\/kutlab\/wp-json\/wp\/v2\/types\/page"}],"author":[{"embeddable":true,"href":"https:\/\/semmelweis.hu\/kutlab\/wp-json\/wp\/v2\/users\/1"}],"replies":[{"embeddable":true,"href":"https:\/\/semmelweis.hu\/kutlab\/wp-json\/wp\/v2\/comments?post=51"}],"version-history":[{"count":10,"href":"https:\/\/semmelweis.hu\/kutlab\/wp-json\/wp\/v2\/pages\/51\/revisions"}],"predecessor-version":[{"id":2161,"href":"https:\/\/semmelweis.hu\/kutlab\/wp-json\/wp\/v2\/pages\/51\/revisions\/2161"}],"up":[{"embeddable":true,"href":"https:\/\/semmelweis.hu\/kutlab\/wp-json\/wp\/v2\/pages\/19"}],"wp:attachment":[{"href":"https:\/\/semmelweis.hu\/kutlab\/wp-json\/wp\/v2\/media?parent=51"}],"wp:term":[{"taxonomy":"category","embeddable":true,"href":"https:\/\/semmelweis.hu\/kutlab\/wp-json\/wp\/v2\/categories?post=51"},{"taxonomy":"post_tag","embeddable":true,"href":"https:\/\/semmelweis.hu\/kutlab\/wp-json\/wp\/v2\/tags?post=51"}],"curies":[{"name":"wp","href":"https:\/\/api.w.org\/{rel}","templated":true}]}}