{"id":48,"date":"2016-01-08T00:00:00","date_gmt":"2016-01-07T23:00:00","guid":{"rendered":"http:\/\/semmelweis.hu\/kutlab\/122-32451\/"},"modified":"2025-01-15T13:55:34","modified_gmt":"2025-01-15T12:55:34","slug":"holeczky-rudolfne","status":"publish","type":"page","link":"https:\/\/semmelweis.hu\/kutlab\/munkatarsak\/holeczky-rudolfne\/","title":{"rendered":"Holeczky Rudolfn\u00e9"},"content":{"rendered":"<p><img decoding=\"async\" class=\"alignleft\" src=\"\/kutlab\/files\/2016\/01\/35481.jpg\" width=\"79\" \/><\/p>\n<p>Beoszt\u00e1s: vezet\u0151i asszisztens<br \/>\nTelefon: +36 20\/826-0697<br \/>\nE-mail: <a href=\"mailto:holeczky.rudolfne@semmelweis.hu\">holeczky.rudolfne@semmelweis.hu<\/a><\/p>\n<div class=\"cv\">\n<h4 style=\"text-align: left\"><b>Iskol\u00e1k<\/b><\/h4>\n<ul>\n<li>1962-1974 Budapest, \u00c1ltal\u00e1nos iskola<\/li>\n<li>1970-1974 Budapest, Zr\u00ednyi Ilona Gimn\u00e1zium Angol tagozat.<\/li>\n<li>1983. KSH NEMZETK\u00d6ZI SZ\u00c1M\u00cdT\u00c1STECHNIKAI OKTAT\u00d3 K\u00d6ZPONT<\/li>\n<li>Sz\u00e1m\u00edt\u00f3g\u00e9p-kezel\u0151i szakvizsga<\/li>\n<li>1992. CONTROLL RT. OKTAT\u00d3K\u00d6ZPONT<\/li>\n<li>DOS-NOVELLalapoz\u00f3<\/li>\n<li>NOVELL SUPERVISOR<\/li>\n<\/ul>\n<h4><b>Munkahelyek<\/b><\/h4>\n<ul>\n<li>2005.-mai napig Semmelweis Egyetem, Belgy\u00f3gy\u00e1szati \u00e9s Hematol\u00f3giai Klinika Kutat\u00f3labor<\/li>\n<li>Beoszt\u00e1s: adminisztr\u00e1tor<\/li>\n<li>Feladatom: P\u00e1ly\u00e1zatok p\u00e9nz\u00fcgyi feladatainak ell\u00e1t\u00e1sa<\/li>\n<li>1998-2005. 100 CLASSIC Kereskedelmi Kft.<\/li>\n<li>1974-1998. Chemolimpex Magyar Vegyi\u00e1ru K\u00fclkereskedelmi V\u00e1llalat, k\u00e9s\u0151bb Chemol RT.<\/li>\n<\/ul>\n<div>\u00a0<\/div>\n<\/div>\n","protected":false},"excerpt":{"rendered":"<p>Beoszt\u00e1s: vezet\u0151i asszisztens Telefon: +36 20\/826-0697 E-mail: <a href=\"mailto:holeczky.rudolfne@semmelweis.hu\">holeczky.rudolfne@semmelweis.hu<\/a> Iskol\u00e1k 1962-1974 Budapest, \u00c1ltal\u00e1nos iskola 1970-1974 Budapest, Zr\u00ednyi Ilona Gimn\u00e1zium Angol tagozat. 1983. KSH NEMZETK\u00d6ZI SZ\u00c1M\u00cdT\u00c1STECHNIKAI OKTAT\u00d3 K\u00d6ZPONT Sz\u00e1m\u00edt\u00f3g\u00e9p-kezel\u0151i szakvizsga 1992. CONTROLL RT. OKTAT\u00d3K\u00d6ZPONT DOS-NOVELLalapoz\u00f3 NOVELL SUPERVISOR Munkahelyek 2005.-mai napig Semmelweis Egyetem, Belgy\u00f3gy\u00e1szati \u00e9s Hematol\u00f3giai Klinika Kutat\u00f3labor Beoszt\u00e1s: adminisztr\u00e1tor Feladatom: P\u00e1ly\u00e1zatok p\u00e9nz\u00fcgyi feladatainak ell\u00e1t\u00e1sa 1998-2005. 100 CLASSIC Kereskedelmi &hellip;<\/p>\n","protected":false},"author":1,"featured_media":0,"parent":19,"menu_order":6,"comment_status":"closed","ping_status":"closed","template":"","meta":{"_acf_changed":false,"footnotes":""},"categories":[],"tags":[],"class_list":["post-48","page","type-page","status-publish","hentry"],"acf":[],"_links":{"self":[{"href":"https:\/\/semmelweis.hu\/kutlab\/wp-json\/wp\/v2\/pages\/48","targetHints":{"allow":["GET"]}}],"collection":[{"href":"https:\/\/semmelweis.hu\/kutlab\/wp-json\/wp\/v2\/pages"}],"about":[{"href":"https:\/\/semmelweis.hu\/kutlab\/wp-json\/wp\/v2\/types\/page"}],"author":[{"embeddable":true,"href":"https:\/\/semmelweis.hu\/kutlab\/wp-json\/wp\/v2\/users\/1"}],"replies":[{"embeddable":true,"href":"https:\/\/semmelweis.hu\/kutlab\/wp-json\/wp\/v2\/comments?post=48"}],"version-history":[{"count":8,"href":"https:\/\/semmelweis.hu\/kutlab\/wp-json\/wp\/v2\/pages\/48\/revisions"}],"predecessor-version":[{"id":2082,"href":"https:\/\/semmelweis.hu\/kutlab\/wp-json\/wp\/v2\/pages\/48\/revisions\/2082"}],"up":[{"embeddable":true,"href":"https:\/\/semmelweis.hu\/kutlab\/wp-json\/wp\/v2\/pages\/19"}],"wp:attachment":[{"href":"https:\/\/semmelweis.hu\/kutlab\/wp-json\/wp\/v2\/media?parent=48"}],"wp:term":[{"taxonomy":"category","embeddable":true,"href":"https:\/\/semmelweis.hu\/kutlab\/wp-json\/wp\/v2\/categories?post=48"},{"taxonomy":"post_tag","embeddable":true,"href":"https:\/\/semmelweis.hu\/kutlab\/wp-json\/wp\/v2\/tags?post=48"}],"curies":[{"name":"wp","href":"https:\/\/api.w.org\/{rel}","templated":true}]}}