{"id":47,"date":"2016-01-08T00:00:00","date_gmt":"2016-01-07T23:00:00","guid":{"rendered":"http:\/\/semmelweis.hu\/kutlab\/122-32685\/"},"modified":"2025-07-30T11:07:35","modified_gmt":"2025-07-30T09:07:35","slug":"farkas-henriette","status":"publish","type":"page","link":"https:\/\/semmelweis.hu\/kutlab\/munkatarsak\/farkas-henriette\/","title":{"rendered":"Dr. Farkas Henriette"},"content":{"rendered":"<div class=\"contacts_list\">\n<p><img loading=\"lazy\" decoding=\"async\" class=\"alignnone  wp-image-746\" src=\"https:\/\/semmelweis.hu\/kutlab\/files\/2016\/01\/Farkas_Henriette-1-213x300.jpg\" alt=\"Farkas_Henriette\" width=\"89\" height=\"126\" srcset=\"https:\/\/semmelweis.hu\/kutlab\/files\/2016\/01\/Farkas_Henriette-1-213x300.jpg 213w, https:\/\/semmelweis.hu\/kutlab\/files\/2016\/01\/Farkas_Henriette-1.jpg 402w\" sizes=\"auto, (max-width: 89px) 100vw, 89px\" \/><\/p>\n<table border=\"0\" cellspacing=\"0\" cellpadding=\"0\">\n<tbody>\n<tr>\n<td style=\"padding-right: 10px\">Beoszt\u00e1s:<\/td>\n<td>egyetemi\u00a0tan\u00e1r<\/td>\n<\/tr>\n<tr>\n<td style=\"padding-right: 10px\">V\u00e9gzetts\u00e9g:<\/td>\n<td>F\u00fcl-orr-g\u00e9g\u00e9sz, klinikai immunol\u00f3gus, allergol\u00f3gus szakorvos<\/td>\n<\/tr>\n<tr>\n<td style=\"padding-right: 10px\">Telefon:<\/td>\n<td>+36208250922<\/td>\n<\/tr>\n<tr>\n<td style=\"padding-right: 10px\">E-mail:<\/td>\n<td><a href=\"mailto:farkash@kut.sote.hu\">farkas.henriette@med.semmelweis-univ.hu<\/a><\/td>\n<\/tr>\n<\/tbody>\n<\/table>\n<div class=\"cv\">\n<h4><strong>Bemutatkoz\u00e1s<\/strong><\/h4>\n<p class=\"Normlzoli\" style=\"margin-left: 18pt;line-height: 150%\">A m\u0171v\u00e9szeteket (irodalom, \u00e9nek, versmond\u00e1s, rajzol\u00e1s) nagyon szerettem \u00e9s m\u0171veltem, m\u00e9gis \u00e1ltal\u00e1nos iskol\u00e1s koromt\u00f3l az orvosi p\u00e1lya vonzott \u00e9s fel sem mer\u00fclt bennem, hogy m\u00e1s hivat\u00e1st v\u00e1lasszak. 1976-ban a budapesti D\u00f3zsa Gy\u00f6rgy Gimn\u00e1ziumban \u00e9retts\u00e9giztem \u00e9s m\u00e9g ebben az \u00e9vben felvettek a Semmelweis Orvostudom\u00e1nyi Egyetemre. Az Orsz\u00e1gos Reuma \u00e9s Fizioter\u00e1pi\u00e1s Int\u00e9zet ORFI F\u00fcl-orr-g\u00e9g\u00e9szeti Oszt\u00e1ly\u00e1n kezdtem dolgozni, ahol n\u00e9h\u00e1ny herediter angioneuroticus oed\u00e9m\u00e1s beteg akut ell\u00e1t\u00e1s\u00e1ban \u00e9n is rendszeresen r\u00e9szt vettem. Nagyon \u00e9rdekesnek tal\u00e1ltam a k\u00f3rk\u00e9pet, ugyanakkor megind\u00edtott a betegek szomor\u00fa \u00e9s neh\u00e9z helyzete is, amely mag\u00e1n viselte a ritka k\u00f3rk\u00e9pek minden egyes negat\u00edv jegy\u00e9t. B\u00e1r nagyon szerettem oper\u00e1lni, m\u00e9gis \u00fagy d\u00f6nt\u00f6ttem, hogy a klinikai immunol\u00f3gi\u00e1n bel\u00fcl ezzel a k\u00fcl\u00f6n\u00f6s betegs\u00e9ggel fogok foglalkozni, ez\u00e9rt adtam fel 18 \u00e9v ut\u00e1n a m\u0171t\u00e9ti szakm\u00e1t \u00e9s kezdtem \u00faj fejezetet a K\u00fatv\u00f6lgyi Klinikai T\u00f6mbben, ahol rengeteg seg\u00edts\u00e9get kaptam t\u00e9mavezet\u0151mt\u0151l \u00e9s mesteremt\u0151l, F\u00fcst Gy\u00f6rgy professzor \u00fart\u00f3l, aki megtan\u00edtotta \u00e9s megszerettette velem a kutat\u00f3munk\u00e1t, valamint Varga Liliant\u00f3l, akivel a tov\u00e1bbiakban a k\u00f6z\u00f6s munka mellett igazi bar\u00e1ts\u00e1gba is ker\u00fcltem. Az elm\u00falt 15 \u00e9v alatt siker\u00fclt egy nemzetk\u00f6zi viszonylatban is modell\u00e9rt\u00e9k\u0171nek mondhat\u00f3 Angio\u00f6d\u00e9ma K\u00f6zpontot l\u00e9trehoznunk, elind\u00edtanunk egy Nemzetk\u00f6zi Konferenciasorozatot amelynek f\u0151 t\u00e9m\u00e1ja a C1-inhibitor hi\u00e1ny, \u00e9s amelyet 1999 \u00f3ta k\u00e9t\u00e9vente mi szervezn\u00fcnk. Kialak\u00edtottunk egy nemzetk\u00f6zi Tov\u00e1bbk\u00e9pz\u0151 H\u00e1l\u00f3zatot, HAENETWORK Programot, amely a k\u00fcl\u00f6nb\u00f6z\u0151 orsz\u00e1gok saj\u00e1t nemzeti HANO K\u00f6zpontjainak kialak\u00edt\u00e1s\u00e1t c\u00e9lozza, \u00e9s kezdem\u00e9nyezt\u00fck, illetve r\u00e9szt vett\u00fcnk a nemzetk\u00f6zi HANO konszenzusok kialak\u00edt\u00e1s\u00e1ban is. Szerencs\u00e9s ember vagyok, mert a munk\u00e1m a hobbim, amely rendk\u00edv\u00fcl soksz\u00edn\u0171, v\u00e1ltozatos, \u00e9rdekes tudom\u00e1nyos, szervez\u0151i , oktat\u00f3i \u00e9s klinikai munka.<b><i><br \/>\n<\/i><\/b><\/p>\n<p class=\"Normlzoli\" style=\"margin-left: 18pt;line-height: 150%\"><b style=\"font-weight: bold\"><i>\u00c9rdekl\u0151d\u00e9si k\u00f6r\u00f6k<\/i><\/b><i style=\"font-weight: bold\">:<\/i> angioedema \u00e9s a hum\u00e1n komplement rendszer, C1-INH hi\u00e1ny, a komplement rendszer szerepe az allegi\u00e1s folyamatokban, a HANO patogenezise<\/p>\n<h4><strong>Fut\u00f3 \u00e9s lez\u00e1rt p\u00e1ly\u00e1zatok:<\/strong><\/h4>\n<ul>\n<li>ETT 1997-1999, \u201eA herediter angioneuroticus oedema klinikai \u00f6sszef\u00fcgg\u00e9seinek vizsg\u00e1lata I.\u201d, t\u00e9mavezet\u0151<\/li>\n<li>OMFB P\u00e1ly\u00e1zat 1999, 1st European C1-INH Deficiency Workshop megrendez\u00e9s\u00e9hez egyszeri t\u00e1mogat\u00e1s.<\/li>\n<li>ETT 2000-2002, \u201eA herediter angioneuroticus oedema klinikai \u00f6sszef\u00fcgg\u00e9seinek vizsg\u00e1lata II.\u201d, t\u00e9mavezet\u0151<\/li>\n<li>Eur\u00f3pai Uni\u00f3s P\u00e1ly\u00e1zat 5 keretprogram 2003-2005, \u201eNovel methods for predicting preventing and treating attacks in patients with HAE\u201d, magyarorsz\u00e1gi centrum vezet\u0151je<\/li>\n<li>ETT 2003-2005, \u201eA herediter angioneuroticus oedema klinikai \u00f6sszef\u00fcgg\u00e9seinek vizsg\u00e1lata III.\u201d, t\u00e9mavezet\u0151<\/li>\n<li>Biotechnol\u00f3giai P\u00e1ly\u00e1zat, 2003, \u201c\u00c9lelmiszer-adal\u00e9kok intoleranci\u00e1t okoz\u00f3 kock\u00e1zat\u00e1nak sz\u0171r\u00e9s\u00e9re alkalmas in vitro model kifejleszt\u00e9se\u201d vizsg\u00e1lati centrumvezet\u0151<\/li>\n<\/ul>\n<h4><strong>Tudom\u00e1nyos t\u00e1rsas\u00e1gi tags\u00e1gok, aktivit\u00e1sok:<\/strong><\/h4>\n<p>&#8211; European Hereditary Angioedema Work Group alap\u00edt\u00f3<\/p>\n<p>&#8211; European HAE Board vezet\u0151s\u00e9gi tag<\/p>\n<p>&#8211; International HAE Patients&#8217; Association szakmai tan\u00e1csad\u00f3 test\u00fcleti tag<\/p>\n<p>&#8211; Magyar Immunol\u00f3giai T\u00e1rsas\u00e1g\/Magyar Gyermekgy\u00f3gy\u00e1sz T\u00e1rsas\u00e1g Gyermek\u00adimmunol\u00f3giai Szekci\u00f3 vezet\u0151s\u00e9gi tag<\/p>\n<p>&#8211; Magyar Allergol\u00f3giai \u00e9s Klinikai Immunol\u00f3giai T\u00e1rsas\u00e1g, vezet\u0151s\u00e9gi tag<\/p>\n<p>&#8211; 2009-t\u0151l Az Allergol\u00f3giai \u00e9s Klinikai Immunol\u00f3giai Szakmai Koll\u00e9gium tagja<\/p>\n<p>&#8211; Member of Steering Committee of World Allergy Organization for Angioedema<\/p>\n<p>&#8211; Liaison Officier of European Hospital and Healthcare Federation 2006-t\u00f3l<\/p>\n<p>&#8211; Akad\u00e9miai Klub Egyes\u00fclet<\/p>\n<p>&#8211; Magyar Orvost\u00e1rsas\u00e1gok \u00e9s Egyes\u00fcletek Sz\u00f6vets\u00e9ge<\/p>\n<p>&#8211; Magyar F\u00fcl-orr-g\u00e9georvosok Egyes\u00fclete<\/p>\n<p>&#8211; Magyar Belgy\u00f3gy\u00e1sz T\u00e1rsas\u00e1g<\/p>\n<p>&#8211; Magyar Gasztroenterol\u00f3giai T\u00e1rsas\u00e1g<\/p>\n<p>&#8211; Magyar Reumatol\u00f3gusok Egyes\u00fclete<\/p>\n<p>&#8211; A NEKIFUT projekt el\u0151 tudom\u00e1nyok munkacsoport tagja<\/p>\n<h4><strong>Oktat\u00e1s<\/strong><\/h4>\n<h5>TDK hallgat\u00f3k:<\/h5>\n<p>Visy Be\u00e1ta, B\u0171di Tam\u00e1s, Koll\u00e1r T\u00edmea, N\u00e9meth \u00c9va, Felvinci R\u00e9ka, Kelemen Zsuzsa, Czaller Ibolya, Csuka Dorottya, Zotter Zsuzsanna, Szab\u00f3 Erika<\/p>\n<h5>PhD hallgat\u00f3k:<\/h5>\n<p>Sz\u00e9plaki G\u00e1bor, Csuka Dorottya<\/p>\n<h5>Oktat\u00e1si tev\u00e9kenys\u00e9g:<\/h5>\n<ul>\n<li>1995- t\u0151l gradu\u00e1lis k\u00e9pz\u00e9s, tantermi el\u0151ad\u00e1s magyarul, angolul (F\u00fcl-orr-g\u00e9ge \u00e9s Fej-nyakseb\u00e9szeti Klinika, III. sz. Belgy\u00f3gy\u00e1szati Klinika)<\/li>\n<li>1995-t\u0151l \u201eKlinikai immunol\u00f3gia \u00e9s al\u00adler\u00adgol\u00f3gia\u201d c\u00edm\u0171 posztgradu\u00e1lis \u00e9s Ph.D. tanfolyam (Immunol\u00f3giai Tansz\u00e9k, Budapest)<\/li>\n<li>Szakvizsga vagy szakk\u00e9pes\u00edt\u00e9sre val\u00f3 felk\u00e9sz\u00edt\u00e9sben r\u00e9szv\u00e9tel: Allergol\u00f3gia \u00e9s Klinikai immunol\u00f3gia szakvizsg\u00e1ra val\u00f3 felk\u00e9sz\u00edt\u00e9s<\/li>\n<li>1995-t\u0151l \u201eF\u00fcl-orr-g\u00e9g\u00e9szeti allergi\u00e1s megbeteged\u00e9sek elm\u00e9lete \u00e9s kli\u00adni\u00adkuma\u201d posztgradu\u00e1lis tanfolyam, f\u00fcl-orr-g\u00e9g\u00e9sz szakorvos jel\u00f6ltek \u00e9s szakorvosok r\u00e9\u00adsz\u00e9re, OGYK.<\/li>\n<li>1998-t\u00f3l H\u00e1ziorvosi Tov\u00e1bbk\u00e9pz\u0151 Tanfolyam<\/li>\n<li>1999: Tanfolyam vezet\u0151 belgy\u00f3gy\u00e1szok r\u00e9sz\u00e9re (HIETE)<\/li>\n<li>1999: Tov\u00e1bbk\u00e9pz\u0151 tanfolyam gyermekgy\u00f3gy\u00e1sz szakorvosok sz\u00e1m\u00e1ra (Madar\u00e1sz utcai Gyermekk\u00f3rh\u00e1z, Budapest)<\/li>\n<li>1999: \u201eAz autoimmun betegs\u00e9gek diagnosztik\u00e1ja \u00e9s kezel\u00e9se\u201d, posztgradu\u00e1lis tanfolyam, Semmelweis Egyetem III. Belgy\u00f3gy\u00e1szati Klinika<\/li>\n<li>1999: Asthman\u0151v\u00e9r k\u00e9pz\u00e9s, Budapest<\/li>\n<li>2000: Speci\u00e1lis tov\u00e1bbk\u00e9pz\u0151 tanfolyam laborszakorvos jel\u00f6ltek r\u00e9sz\u00e9re (HIETE)<\/li>\n<li>2000-t\u0151l \u201ePrimer immundefektusok molekul\u00e1ris patomechanizmusa \u00e9s klinikuma\u201d kurzus (DEOEC Immunol\u00f3giai Ph.D. program)<\/li>\n<li>2000-2001: \u201eTerm\u00e9szetes immunit\u00e1s \u00e9s akut f\u00e1zis reakci\u00f3\u201d tantermi el\u0151ad\u00e1s, konzult\u00e1ci\u00f3 (ELTE Doktori Iskola Immunol\u00f3gia program)<\/li>\n<li>2001-t\u0151l MAKIT \u201eKlinikai immunol\u00f3gia \u00e9s allergol\u00f3gia\u201d tov\u00e1bbk\u00e9pz\u0151 tanfolyam<\/li>\n<li>2001: Ady Endre Ny\u00e1ri Akad\u00e9mia, Orvosi Szekci\u00f3, Debrecen, 2001<\/li>\n<li>2002: B\u00f3kay D\u00e9lut\u00e1n el\u0151ad\u00e1ssorozat, Semmelweis Egyetem I. Sz. Gyermekklinika, Budapest, Gy\u0151r<\/li>\n<li>2001-2002: Semmelweis Egyetem K\u00fatv\u00f6lgyi Klinikai T\u00f6mb N\u0151v\u00e9rk\u00e9pz\u00e9s<\/li>\n<li>2003-t\u00f3l \u201eF\u00fcl-orr-g\u00e9g\u00e9szeti allergi\u00e1s megbeteged\u00e9sek elm\u00e9lete \u00e9s klini\u00adkuma\u201d PhD \u00e9s posztgradu\u00e1lis tov\u00e1bbk\u00e9pz\u0151 tanfolyam (Semmelweis Egyetem F\u00fcl-Orr-G\u00e9g\u00e9szeti \u00e9s Fej-Nyakseb\u00e9szeti Klinika)<\/li>\n<li>2004: Tov\u00e1bbk\u00e9pz\u00f5 tanfolyam gyermekgy\u00f3gy\u00e1sz szakorvosok sz\u00e1m\u00e1ra (Budai Gyermekk\u00f3rh\u00e1z, Budapest)<\/li>\n<li>2006-2008:<\/li>\n<\/ul>\n<p>Csal\u00e1dorvosi Tansz\u00e9k posztgradu\u00e1lis k\u00e9pz\u00e9s<\/p>\n<p>\u201eF\u00fcl-orr-g\u00e9g\u00e9szeti allergi\u00e1s k\u00f3rk\u00e9pek\u201d PhD \u00e9s posztgradu\u00e1lis tov\u00e1bbk\u00e9pz\u00e9s<\/p>\n<p>(Budapest)<\/p>\n<p>Allergia Napok, posztgradu\u00e1lis k\u00e9pz\u00e9s (P\u00e9cs)<\/p>\n<ul>\n<li>2010: Debreceni Allergia Napok posztgradu\u00e1lis k\u00e9pz\u00e9s<\/li>\n<li>2010: Budapesti Allergia Napok, posztgradu\u00e1lis k\u00e9pz\u00e9s<\/li>\n<li>2010: Corvinus Egyetem Foglalkoz\u00e1s Eg\u00e9szs\u00e9g\u00fcgyi Szakmai Tov\u00e1bbk\u00e9pz\u00e9s<\/li>\n<li>2010. <em>\u201eS\u00fcrg\u0151ss\u00e9gi ell\u00e1t\u00e1s speci\u00e1lis helyzetekben\u201d <\/em>c. tant\u00e1rgy keretein bel\u00fcl, 5. \u00e9ves k\u00fclf\u00f6ldi orvostanhallgat\u00f3k r\u00e9sz\u00e9re (P\u00e9csi Tudom\u00e1nyegyetem)<\/li>\n<\/ul>\n<h5>K\u00fclf\u00f6ldi oktat\u00e1s:<\/h5>\n<ul>\n<li>2006-t\u00f3l a Marosv\u00e1s\u00e1rhelyi Orvostudom\u00e1nyi Egyetemen gradu\u00e1lis \u00e9s posztgradu\u00e1lis k\u00e9pz\u00e9sben megh\u00edvott el\u0151ad\u00f3k\u00e9nt tantermi el\u0151ad\u00e1s<\/li>\n<li>Brnoi Orvostudom\u00e1nyi Egyetemen posztgradu\u00e1lis kurzus<\/li>\n<li>Krakk\u00f3i Orvostudom\u00e1nyi Egyetemen posztgradu\u00e1lis kurzus<\/li>\n<li>HAENETWORK kurzusok szervez\u00e9se \u00e9s el\u0151ad\u00e1sok tart\u00e1sa<\/li>\n<li>2010: Odense, European Angioedema Postgradual Course<\/li>\n<li>2004: Gargnano posztgradu\u00e1lis kurzus<\/li>\n<li>2006: EAACI SAM Tov\u00e1bbk\u00e9pz\u00e9s<\/li>\n<\/ul>\n<h4><span style=\"font-weight: bold\">Szcientometriai mutat\u00f3k\u00a0<\/span><\/h4>\n<ul>\n<li>Magyar \u00e9s angol nyelven lektor\u00e1lt szakmai foly\u00f3iratokban 125 cikkem jelent meg<\/li>\n<li>Kumulat\u00edv impakt faktor:<\/li>\n<li>A cikkekre kapott \u00f6sszes f\u00fcggetlen hivatkoz\u00e1sok sz\u00e1ma:<\/li>\n<li>Hirsch-index:<\/li>\n<li>4 k\u00f6nyvfejezetnek vagyok szerz\u0151je, illetve t\u00e1rsszerz\u0151je<\/li>\n<\/ul>\n<h4><b>Foly\u00f3iratokkal kapcsolatos tev\u00e9kenys\u00e9gek<\/b><\/h4>\n<ul>\n<li>Csal\u00e1dorvosi F\u00f3rum: k\u00fcls\u0151 szerkeszt\u0151<\/li>\n<li><span dir=\"LTR\">Gyermekorvos Tov\u00e1bbk\u00e9pz\u00e9s: <\/span>szerkeszt\u0151 bizotts\u00e1gi tag<\/li>\n<li><span lang=\"EN-US\">Journal of Allergy and Clinical Immunology: <\/span><span lang=\"EN-US\">vend\u00e9gszerkeszt\u0151<\/span><\/li>\n<li><span dir=\"LTR\">Journal of the Romanian Society of Allergology and Clinical Immunology: <\/span>szerkeszt\u0151 bizotts\u00e1gi tag<\/li>\n<li><span dir=\"LTR\">The Open Autoimmunity Journal: <\/span>szerkeszt\u0151 bizotts\u00e1gi tag<\/li>\n<li><span dir=\"LTR\">Central European Journal of Immunology<span style=\"text-decoration: underline\">:<\/span><u> <\/u>szerkeszt\u0151 bizotts\u00e1gi tag<\/span><\/li>\n<li><span dir=\"LTR\">Angioedema Journal: szerkeszt\u0151 bizotts\u00e1gi tag<\/span><\/li>\n<\/ul>\n<h4><strong>Lektor\u00e1l\u00e1s<\/strong><\/h4>\n<ul>\n<li><span lang=\"EN-US\">New England Journal of Medicine<\/span><\/li>\n<li><span lang=\"EN-US\">Lancet<\/span><\/li>\n<li><span lang=\"EN-US\">The American Journal of the Medical Sciences<\/span><\/li>\n<li>Gyermekorvos tov\u00e1bbk\u00e9pz\u00e9s<span style=\"font-style: italic\"><br \/>\n<\/span><\/li>\n<li><i><\/i>Digestive Diseases and Sciences<\/li>\n<li>Neurology<\/li>\n<li>Expert Review of Clinical Immunology<\/li>\n<li>Expert Opinion on Pharmacotherapy<\/li>\n<li>European Journal of Endocinology<\/li>\n<li>Clinical Therapeutics<\/li>\n<li>BioDrugs<\/li>\n<li>Adis Children<\/li>\n<li>Allergy<\/li>\n<\/ul>\n<h4><b>Nyelvismeret<\/b><\/h4>\n<p style=\"padding-left: 30px\">Szakmai anyaggal b\u0151v\u00edtett k\u00f6z\u00e9pfok\u00fa angol C t\u00edpus\u00fa nyelvvizsga, 1992<\/p>\n<h4><strong>Kit\u00fcntet\u00e9sek, d\u00edjak<\/strong><\/h4>\n<p style=\"padding-left: 30px\">1981\/1982 tan\u00e9vekben<b> N\u00e9pk\u00f6zt\u00e1rsas\u00e1gi \u00d6szt\u00f6nd\u00edj<\/b><\/p>\n<p style=\"padding-left: 30px\">2005 <b>Semmelweis Egyetem Jendrassik D\u00edja<\/b><\/p>\n<h4><strong>Egy\u00e9b szakmai tev\u00e9kenys\u00e9gek<\/strong><\/h4>\n<h5>Kongresszus, konferencia vagy tudom\u00e1nyos \u00fcl\u00e9s rendez\u00e9se, szervez\u00e9se, egy\u00e9b aktivit\u00e1s:<\/h5>\n<ul>\n<li>1-7. European C1-INH deficiency Workshop (1999, 2001, 2003, 2005, 2007, 2009, 2011, Budapest)<\/li>\n<li><span dir=\"LTR\">Magyar Immunol\u00f3giai T\u00e1rsas\u00e1g, Magyar Gyermekgy\u00f3gy\u00e1sz T\u00e1rsas\u00e1g, Gyermekimmunol\u00f3giai Munkacsoport \u00fcl\u00e9se<\/span><\/li>\n<li><span dir=\"LTR\">HAENETWORK Nemzetk\u00f6zi Projekt l\u00e9trehoz\u00e1sa \u00e9s vezet\u00e9se, el\u0151ad\u00e1ssorozatok tart\u00e1sa, k\u00fclf\u00f6ldi HANO Szimp\u00f3ziumok szervez\u00e9se (Ukrajna, Maced\u00f3nia, Szerbia, Bulg\u00e1ria, Rom\u00e1nia, K\u00edna)<\/span><\/li>\n<li><span dir=\"LTR\">Eur\u00f3pai Nemzetk\u00f6zi HANO tov\u00e1bbk\u00e9pz\u0151 tanfolyam szakmai programj\u00e1nak kialak\u00edt\u00e1s\u00e1ban val\u00f3 akt\u00edv r\u00e9szv\u00e9tel<\/span><\/li>\n<li><span dir=\"LTR\">www.haenet.hu honlap kialak\u00edt\u00e1sa, nemzetk\u00f6zi tev\u00e9kenys\u00e9g<\/span><\/li>\n<li><span dir=\"LTR\">HOPE program \u00e9s konferencia szervez\u00e9se<\/span><\/li>\n<\/ul>\n<h5>Alap\u00edtv\u00e1nyi tev\u00e9kenys\u00e9gek<\/h5>\n<p>1998 \u00f3ta: &#8222;Alap\u00edv\u00e1ny az Angio-oedem\u00e1s Betegs\u00e9gek Megel\u0151z\u00e9s\u00e9re \u00e9s Kezel\u00e9s\u00e9re&#8221; Kurat\u00f3rium\u00e1nak eln\u00f6ke<\/p>\n<p>2006 \u00f3ta: &#8222;Magyar Immunol\u00f3gia Halad\u00e1s\u00e1\u00e9rt Alap\u00edtv\u00e1ny&#8221;kurat\u00f3rium\u00e1nak tagja<\/p>\n<h5>Opponensi tev\u00e9kenys\u00e9g<\/h5>\n<p>2004. Andr\u00e1sfalvy M\u00e1rton Ph.D.<\/p>\n<p>2005. B\u00e1nyai Anik\u00f3 Ph.D.<\/p>\n<p>2006. Tarpataki No\u00e9mi<\/p>\n<p>2007. L\u00e1ng Orsolya<\/p>\n<h4><span style=\"font-weight: bold\">Szem\u00e9lyi adatok<\/span><\/h4>\n<p><span style=\"font-weight: bold\">Sz\u00fclet\u00e9si hely \u00e9s id\u0151:<\/span> Budapest, 1958. okt\u00f3ber 15.<br \/>\n<span style=\"font-weight: bold\">\u00c9retts\u00e9gi:<\/span> D\u00f3zsa Gy\u00f6rgy Gimn\u00e1zium, 1976<br \/>\n<span style=\"font-weight: bold\">Egyetemi tanulm\u00e1nyok:<\/span> Semmelweis Orvostudom\u00e1nyi Egyetem, \u00c1ltal\u00e1nos Orvostudom\u00e1nyi Kar, 1976-1982<b><br \/>\n<\/b><\/p>\n<p><b>Posztgradu\u00e1lis<\/b> <b>k\u00e9pz\u00e9s<\/b>:<\/p>\n<ul>\n<li>1987 <strong><span style=\"font-weight: normal\">F\u00fcl-orr-g\u00e9g\u00e9szet<\/span><\/strong><\/li>\n<li>1992 Allergol\u00f3gia \u00e9s Klinikai Immunol\u00f3gia<\/li>\n<\/ul>\n<p><b>Munkahelyek:<\/b><b><\/b><\/p>\n<p>1982-1999: ORFI, F\u00fcl-orr-g\u00e9g\u00e9szeti Oszt\u00e1ly, f\u0151orvos<\/p>\n<p>2002-t\u0151l: Semmelweis Egyetem, III.sz. Belgy\u00f3gy\u00e1szati Klinika, egyetemi docens<\/p>\n<p><b>Tudom\u00e1nyos fokozatok<\/b><b>:<\/b><b><i><\/i><\/b><\/p>\n<p>1998: PhD thesis<\/p>\n<p class=\"Normlzoli\" style=\"text-indent: 35.45pt;line-height: 150%\">2004: habilit\u00e1ci\u00f3, Semmelweis Egyetem<\/p>\n<p class=\"Normlzoli\" style=\"text-indent: 35.45pt;line-height: 150%\">2006: MTA doktora (DSc)<\/p>\n<p class=\"Normlzoli\" style=\"text-indent: 35.45pt;line-height: 150%\"><b>Tanulm\u00e1nyutak:<\/b><b><\/b><\/p>\n<p class=\"Normlzoli\" style=\"margin-left: 35.4pt;line-height: 150%\">1996: Amsterdam, CLB, egy h\u00e9t<\/p>\n<p class=\"Normlzoli\" style=\"margin-left: 35.4pt;line-height: 150%\">1997: Mil\u00e1n\u00f3i Orvostudom\u00e1nyi Egyetem, 3 nap<\/p>\n<p class=\"Normlzoli\" style=\"margin-left: 35.4pt;line-height: 150%\"><span lang=\"EN-GB\">1998: Mil\u00e1n\u00f3i Orvostudom\u00e1nyi Egyetem, 1 h\u00e9t<\/span><\/p>\n<p class=\"Normlzoli\" style=\"margin-left: 35.4pt;text-indent: 0.05pt;line-height: 150%\"><span lang=\"EN-GB\">2002: St<\/span><span lang=\"EN-GB\"> Bartholomew Hospital, London Chest Hospital, Royal National Throat, Nose and Ear Hospital, 1 h\u00f3nap<\/span><span lang=\"EN-GB\">\u00a0<\/span><\/p>\n<p><span lang=\"EN-GB\"><span style=\"font-weight: bold\">Szakdolgozatok, rektori p\u00e1ly\u00e1zatok:<\/span><span style=\"font-weight: normal\"><br \/>\n<\/span><\/span><\/p>\n<p><span lang=\"EN-GB\"><span style=\"font-weight: normal\">Visy Be\u00e1ta, B\u0171di Tam\u00e1s, Koll\u00e1r T\u00edmea, N\u00e9meth \u00c9va, Felvinci R\u00e9ka, Kelemen Zsuzsa, Czaller Ibolya, Varga Judit, G\u0151g\u00f6s Katalin<\/span><\/span><\/p>\n<\/div>\n<\/div>\n","protected":false},"excerpt":{"rendered":"<p>Beoszt\u00e1s: egyetemi\u00a0tan\u00e1r V\u00e9gzetts\u00e9g: F\u00fcl-orr-g\u00e9g\u00e9sz, klinikai immunol\u00f3gus, allergol\u00f3gus szakorvos Telefon: +36208250922 E-mail: <a href=\"mailto:farkash@kut.sote.hu\">farkas.henriette@med.semmelweis-univ.hu<\/a> Bemutatkoz\u00e1s A m\u0171v\u00e9szeteket (irodalom, \u00e9nek, versmond\u00e1s, rajzol\u00e1s) nagyon szerettem \u00e9s m\u0171veltem, m\u00e9gis \u00e1ltal\u00e1nos iskol\u00e1s koromt\u00f3l az orvosi p\u00e1lya vonzott \u00e9s fel sem mer\u00fclt bennem, hogy m\u00e1s hivat\u00e1st v\u00e1lasszak. 1976-ban a budapesti D\u00f3zsa Gy\u00f6rgy Gimn\u00e1ziumban \u00e9retts\u00e9giztem \u00e9s m\u00e9g ebben az \u00e9vben felvettek a Semmelweis Orvostudom\u00e1nyi &hellip;<\/p>\n","protected":false},"author":158,"featured_media":0,"parent":19,"menu_order":2,"comment_status":"closed","ping_status":"closed","template":"","meta":{"_acf_changed":false,"footnotes":""},"categories":[],"tags":[],"class_list":["post-47","page","type-page","status-publish","hentry"],"acf":[],"_links":{"self":[{"href":"https:\/\/semmelweis.hu\/kutlab\/wp-json\/wp\/v2\/pages\/47","targetHints":{"allow":["GET"]}}],"collection":[{"href":"https:\/\/semmelweis.hu\/kutlab\/wp-json\/wp\/v2\/pages"}],"about":[{"href":"https:\/\/semmelweis.hu\/kutlab\/wp-json\/wp\/v2\/types\/page"}],"author":[{"embeddable":true,"href":"https:\/\/semmelweis.hu\/kutlab\/wp-json\/wp\/v2\/users\/158"}],"replies":[{"embeddable":true,"href":"https:\/\/semmelweis.hu\/kutlab\/wp-json\/wp\/v2\/comments?post=47"}],"version-history":[{"count":8,"href":"https:\/\/semmelweis.hu\/kutlab\/wp-json\/wp\/v2\/pages\/47\/revisions"}],"predecessor-version":[{"id":2232,"href":"https:\/\/semmelweis.hu\/kutlab\/wp-json\/wp\/v2\/pages\/47\/revisions\/2232"}],"up":[{"embeddable":true,"href":"https:\/\/semmelweis.hu\/kutlab\/wp-json\/wp\/v2\/pages\/19"}],"wp:attachment":[{"href":"https:\/\/semmelweis.hu\/kutlab\/wp-json\/wp\/v2\/media?parent=47"}],"wp:term":[{"taxonomy":"category","embeddable":true,"href":"https:\/\/semmelweis.hu\/kutlab\/wp-json\/wp\/v2\/categories?post=47"},{"taxonomy":"post_tag","embeddable":true,"href":"https:\/\/semmelweis.hu\/kutlab\/wp-json\/wp\/v2\/tags?post=47"}],"curies":[{"name":"wp","href":"https:\/\/api.w.org\/{rel}","templated":true}]}}