{"id":46,"date":"2016-01-08T00:00:00","date_gmt":"2016-01-07T23:00:00","guid":{"rendered":"http:\/\/semmelweis.hu\/kutlab\/122-32469\/"},"modified":"2016-01-12T15:02:55","modified_gmt":"2016-01-12T14:02:55","slug":"doczy-andrasne","status":"publish","type":"page","link":"https:\/\/semmelweis.hu\/kutlab\/munkatarsak\/doczy-andrasne\/","title":{"rendered":"D\u00f3czy Andr\u00e1sn\u00e9"},"content":{"rendered":"\n<div class=\"contacts_list\"> <a href=\"122-32469\" class=\"contact_pic\"><img decoding=\"async\" src=\"\/kutlab\/files\/2016\/01\/Dczyn_Mrti.JPG.jpg\" width=\"79\"><\/a>   <\/p>\n<table cellpadding=\"0\" cellspacing=\"0\" border=\"0\">\n<tr>\n<td style=\"padding-right:10px\">Beoszt\u00e1s:<\/td>\n<td>laborasszisztens<\/td>\n<\/tr>\n<tr>\n<td style=\"padding-right:10px\">V\u00e9gzetts\u00e9g:<\/td>\n<td><\/td>\n<\/tr>\n<tr>\n<td style=\"padding-right:10px\">Telefon:<\/td>\n<td>06(20)8250702<\/td>\n<\/tr>\n<tr>\n<td style=\"padding-right:10px\">E-mail:<\/td>\n<td><a href=\"mailto:marti@kut.sote.hu\">marti@kut.sote.hu<\/a><\/td>\n<\/tr>\n<\/table>\n<div class=\"cv\">\n<p><p><span lang=\"EN-US\">\u00d6n\u00e9letrajz:<\/span><\/p>\n<p><b><span lang=\"EN-US\"> Csal\u00e1di \u00e1llapot<\/span><\/b><span lang=\"EN-US\">: F\u00e9rjezett. <\/span><\/p>\n<p><span lang=\"EN-US\"><span>                             <\/span>2 gyermekem van ,akik 1992-ben sz\u00fclettek.<\/span><\/p>\n<p><span lang=\"EN-US\"><span><\/span><\/span><b><span lang=\"EN-US\">Kor:<span>           <\/span><span>      <\/span><\/span><\/b><span lang=\"EN-US\">44 \u00e9v<\/span><\/p>\n<p><b><span lang=\"EN-US\"><\/span><\/b><span lang=\"EN-US\"><span><\/span><\/span><b><span lang=\"EN-US\">TANULM\u00c1NYOK<\/span><\/b><\/p>\n<p><span lang=\"EN-US\"><span> <\/span>1984<span>         <\/span><span>      <\/span>A Budapesti E\u00f6tv\u00f6s J\u00f3zsef Gimn\u00e1ziumban \u00e9retts\u00e9giztem<\/span><\/p>\n<p><span lang=\"EN-US\">1987-1989<span>     <\/span>\u00c1ltal\u00e1nos laborat\u00f3riumi asszisztensi v\u00e9gzetts\u00e9g megszerz\u00e9se<span>                                <\/span>jeles eredm\u00e9nnyel<\/span><\/p>\n<p><span lang=\"EN-US\">1991<span>               <\/span>A hematol\u00f3giai asszisztensi min\u0151s\u00edt\u0151 vizsga megszerz\u00e9se <span>                                <\/span>kit\u0171n\u0151<span>        <\/span>min\u0151s\u00edt\u00e9ssel<span>                                                                                                            <\/span><\/span><\/p>\n<p><b><span lang=\"EN-US\"> MUNKAHELYEK<\/span><\/b><\/p>\n<p><span lang=\"EN-US\">2002-<span>        <\/span>Semmelweis Egyetem III.Belgy\u00f3gy\u00e1szati Klinika, Kutat\u00f3laborat\u00f3rium- Laborat\u00f3riumi asszisztens<\/span><\/p>\n<p><span lang=\"EN-US\">A laborat\u00f3riumban<span>  <\/span>komplement diagnosztik\u00e1val foglalkozom rutinszer\u0171en. T\u00f6bbf\u00e9le metodik\u00e1t v\u00e9gzek, melyek els\u0151sorban manu\u00e1lis technik\u00e1k. Ide tartozik az Elisa m\u00f3dszer, mellyel t\u00f6bbf\u00e9le komplement feh\u00e9rj\u00e9t illetve antitestet mutatunk ki, a Manchini m\u00f3dszer \u00e9s a komplement rendszer eg\u00e9sz\u00e9t vizsg\u00e1l\u00f3 haemol\u00edtikus \u00f6sszkomplement metodika. <\/span><\/p>\n<p><span lang=\"EN-US\">Ezenk\u00edv\u00fcl 3 \u00e9vvel ezel\u0151tt bekapcsol\u00f3dtam a genetikai laborat\u00f3rium munk\u00e1j\u00e1ba is, ahol els\u0151sorban a DNS szepar\u00e1l\u00e1s illetve a Leiden \u00e9s HFE rutindiagnosztika elv\u00e9gz\u00e9se a feladatom, de<\/span><\/p>\n<p><span lang=\"EN-US\">term\u00e9szetesen r\u00e9szt veszek a laborat\u00f3riumban l\u00e9v\u0151 kutat\u00e1si projektek elv\u00e9gz\u00e9s\u00e9ben<span>  <\/span>is.<\/span><\/p>\n<p><span lang=\"EN-US\"><br \/><\/span><\/p>\n<p><span lang=\"EN-US\">1986-2002<span>     <\/span>Orsz\u00e1gos Gy\u00f3gyint\u00e9zeti K\u00f6zpont- Laborat\u00f3riumi asszisztens<\/span><\/p>\n<p><span lang=\"EN-US\">1986-ban az int\u00e9zetet m\u00e9g Orsz\u00e1gos Haematol\u00f3giai \u00e9s Immunol\u00f3giai Int\u00e9zetnek h\u00edvt\u00e1k, itt az Immunpathol\u00f3giai Oszt\u00e1lyra ker\u00fcltem ahol Dr F\u00fcst Gy\u00f6rgy volt a vezet\u0151. Ebben a laborban tanultam meg a labormunka alapjait. Itt ker\u00fcltem el\u0151sz\u00f6r a komplement laborat\u00f3rat\u00f3riumba \u00e9s v\u00e9geztem a fenti vizsg\u00e1latokat, ezenk\u00edv\u00fcl immunglobulin meghat\u00e1roz\u00e1st nephelom\u00e9terrel, elfo \u00e9s immunelfo m\u00e9r\u00e9st illetve autoimmun (pl: ANF,RF-latex) vizsg\u00e1latokat.<\/span><\/p>\n<\/p>\n<div> <\/div>\n<\/p><\/div>\n<\/td>\n<\/tr>\n","protected":false},"excerpt":{"rendered":"<p><a href=\"122-32469\" class=\"contact_pic\"><\/a> Beoszt\u00e1s: laborasszisztens V\u00e9gzetts\u00e9g: Telefon: 06(20)8250702 E-mail: <a href=\"mailto:marti@kut.sote.hu\">marti@kut.sote.hu<\/a> \u00d6n\u00e9letrajz: Csal\u00e1di \u00e1llapot: F\u00e9rjezett. 2 gyermekem van ,akik 1992-ben sz\u00fclettek. Kor: 44 \u00e9v TANULM\u00c1NYOK 1984 A Budapesti E\u00f6tv\u00f6s J\u00f3zsef Gimn\u00e1ziumban \u00e9retts\u00e9giztem 1987-1989 \u00c1ltal\u00e1nos laborat\u00f3riumi asszisztensi v\u00e9gzetts\u00e9g megszerz\u00e9se jeles eredm\u00e9nnyel 1991 A hematol\u00f3giai asszisztensi min\u0151s\u00edt\u0151 vizsga megszerz\u00e9se kit\u0171n\u0151 min\u0151s\u00edt\u00e9ssel MUNKAHELYEK 2002- Semmelweis Egyetem III.Belgy\u00f3gy\u00e1szati Klinika, Kutat\u00f3laborat\u00f3rium- Laborat\u00f3riumi asszisztens A laborat\u00f3riumban &hellip;<\/p>\n","protected":false},"author":1,"featured_media":0,"parent":19,"menu_order":4,"comment_status":"closed","ping_status":"closed","template":"","meta":{"_acf_changed":false,"footnotes":""},"categories":[],"tags":[],"class_list":["post-46","page","type-page","status-publish","hentry"],"acf":[],"_links":{"self":[{"href":"https:\/\/semmelweis.hu\/kutlab\/wp-json\/wp\/v2\/pages\/46","targetHints":{"allow":["GET"]}}],"collection":[{"href":"https:\/\/semmelweis.hu\/kutlab\/wp-json\/wp\/v2\/pages"}],"about":[{"href":"https:\/\/semmelweis.hu\/kutlab\/wp-json\/wp\/v2\/types\/page"}],"author":[{"embeddable":true,"href":"https:\/\/semmelweis.hu\/kutlab\/wp-json\/wp\/v2\/users\/1"}],"replies":[{"embeddable":true,"href":"https:\/\/semmelweis.hu\/kutlab\/wp-json\/wp\/v2\/comments?post=46"}],"version-history":[{"count":2,"href":"https:\/\/semmelweis.hu\/kutlab\/wp-json\/wp\/v2\/pages\/46\/revisions"}],"predecessor-version":[{"id":424,"href":"https:\/\/semmelweis.hu\/kutlab\/wp-json\/wp\/v2\/pages\/46\/revisions\/424"}],"up":[{"embeddable":true,"href":"https:\/\/semmelweis.hu\/kutlab\/wp-json\/wp\/v2\/pages\/19"}],"wp:attachment":[{"href":"https:\/\/semmelweis.hu\/kutlab\/wp-json\/wp\/v2\/media?parent=46"}],"wp:term":[{"taxonomy":"category","embeddable":true,"href":"https:\/\/semmelweis.hu\/kutlab\/wp-json\/wp\/v2\/categories?post=46"},{"taxonomy":"post_tag","embeddable":true,"href":"https:\/\/semmelweis.hu\/kutlab\/wp-json\/wp\/v2\/tags?post=46"}],"curies":[{"name":"wp","href":"https:\/\/api.w.org\/{rel}","templated":true}]}}