{"id":44,"date":"2016-01-08T00:00:00","date_gmt":"2016-01-07T23:00:00","guid":{"rendered":"http:\/\/semmelweis.hu\/kutlab\/122-32477\/"},"modified":"2025-07-30T11:04:00","modified_gmt":"2025-07-30T09:04:00","slug":"csuka-dorottya","status":"publish","type":"page","link":"https:\/\/semmelweis.hu\/kutlab\/munkatarsak\/csuka-dorottya\/","title":{"rendered":"Dr. Csuka Dorottya"},"content":{"rendered":"<p><img decoding=\"async\" class=\"alignleft\" src=\"\/kutlab\/files\/2016\/01\/35694.jpg\" width=\"79\" \/><\/p>\n<p><strong>Beoszt\u00e1s:<\/strong> Tudom\u00e1nyos munkat\u00e1rs<br \/>\n<strong>V\u00e9gzetts\u00e9g:<\/strong> Molekul\u00e1ris biol\u00f3gus (MSc)<br \/>\n<strong>Telefon:<\/strong>+36-20-825-0693<br \/>\n<strong>E-mail: <\/strong><a href=\"mailto:csuka.dorottya@med.semmelweis-univ.hu\">csuka.dorottya@med.semmelweis-univ.hu<\/a><\/p>\n<h4><strong>Bemutatkoz\u00e1s<\/strong><\/h4>\n<p>1986-ban sz\u00fclettem Veszpr\u00e9mben, ahol \u00e1ltal\u00e1nos iskolai, majd gimn\u00e1ziumi tanulm\u00e1nyaimat v\u00e9geztem. 2004-ben \u00e9retts\u00e9giztem a Lovassy L\u00e1szl\u00f3 Gimn\u00e1zium N\u00e9met Nemzetis\u00e9gi Tagozat\u00e1n, majd felv\u00e9telt nyertem az E\u00f6tv\u00f6s Lor\u00e1nd Tudom\u00e1nyegyetem biol\u00f3gus szak\u00e1ra. 2005-2008 k\u00f6z\u00f6tt tudom\u00e1nyos di\u00e1kk\u00f6r\u00f6sk\u00e9nt az ELTE Immunol\u00f3giai Tansz\u00e9k\u00e9n, a Jel\u00e1tviteli Laborban Dr. S\u00e1rmay Gabriella ir\u00e1ny\u00edt\u00e1s\u00e1val a B-limfocit\u00e1kban t\u00f6rt\u00e9n\u0151 szign\u00e1lintegr\u00e1ci\u00f3t, azon bel\u00fcl a Gab2 adaptor feh\u00e9rje funkci\u00f3j\u00e1t vizsg\u00e1ltam. K\u00e9s\u0151bb \u00e9rdekl\u0151d\u00e9sem a klinikai immunol\u00f3giai fel\u00e9 fordult, \u00edgy 2008 tavasz\u00e1t\u00f3l a Semmelweis Egyetem, 3.sz. Belgy\u00f3gy\u00e1szati Klinika Kutat\u00f3laborat\u00f3rium\u00e1ban folytattam TDK-munk\u00e1m, Dr. Varga Lilian \u00e9s Dr. Farkas Henriette ir\u00e1ny\u00edt\u00e1s\u00e1val. Az itteni kutat\u00e1sokb\u00f3l sz\u00fcletett szakdolgozatom, melynek c\u00edme \u201eA komplement-vizsg\u00e1latok jelent\u0151s\u00e9ge herediter angio\u00f6d\u00e9m\u00e1ban\u201d. 2009-ben szereztem meg a biol\u00f3gusi diplom\u00e1t az ELTE molekul\u00e1ris biol\u00f3gia szakir\u00e1ny\u00e1n, \u00e9s ugyanebben az \u00e9vben felv\u00e9telt nyertem a Semmelweis Egyetem Elm\u00e9leti Orvostudom\u00e1nyi Doktori Iskol\u00e1j\u00e1ba. Dr. Farkas Henriette \u00e9s Dr. Proh\u00e1szka Zolt\u00e1n ir\u00e1ny\u00edt\u00e1sa alatt dolgozom PhD-munk\u00e1mon melynek t\u00e9m\u00e1ja a komplement lektin-\u00fat aktiv\u00e1l\u00f3d\u00e1s\u00e1nak jelent\u0151s\u00e9ge gyullad\u00e1sos k\u00f3rk\u00e9pekben \u00e9s herediter angio\u00f6d\u00e9m\u00e1ban, emellett r\u00e9szt veszek a Magyar Herediter Angio\u00f6d\u00e9ma K\u00f6zpont munk\u00e1j\u00e1ban.<\/p>\n<h4><strong>\u00c9rdekl\u0151d\u00e9si ter\u00fcletek: <\/strong><\/h4>\n<ul type=\"disc\">\n<li>A herediter angio\u00f6d\u00e9ma h\u00e1tter\u00e9ben szerepet j\u00e1tsz\u00f3 immunol\u00f3giai folyamatok<\/li>\n<li>A komplement aktiv\u00e1l\u00f3d\u00e1s, illetve az Epstein-Barr v\u00edrus szerepe multifaktori\u00e1lis betegs\u00e9gekben<\/li>\n<li>Komplement laborat\u00f3riumi vizsg\u00e1latok kifejleszt\u00e9se<\/li>\n<\/ul>\n<h4><strong>Tanulm\u00e1nyok<\/strong><\/h4>\n<p>1998-2004 Lovassy L\u00e1szl\u00f3 Gimn\u00e1zium, Magyar-N\u00e9met K\u00e9ttannyelv\u0171 Tagozat, Veszpr\u00e9m<br \/>\n2004-2009 E\u00f6tv\u00f6s Lor\u00e1nd Tudom\u00e1nyegyetem, biol\u00f3gus hallgat\u00f3 <br \/>\n2009- Semmelweis Egyetem, Elm\u00e9leti Orvostudom\u00e1nyok Doktori Iskola, \u00f6szt\u00f6nd\u00edjas PhD-hallgat\u00f3<br \/>\n2009- Mantra Alternat\u00edv Term\u00e9szettudom\u00e1nyi Szabadegyetem (term\u00e9szetgy\u00f3gy\u00e1szat)<\/p>\n<h4><strong>V\u00e9gzetts\u00e9g: <\/strong><\/h4>\n<p>Biol\u00f3gus, MSc (ELTE, 2009)<\/p>\n<h4><strong>Tudom\u00e1nyos munk\u00e1ss\u00e1g<\/strong><\/h4>\n<p>9 angol nyelven megjelent, impakt faktorral rendelkez\u0151 publik\u00e1ci\u00f3, 2 magyar nyelv\u0171 k\u00f6zlem\u00e9ny, valamint t\u00f6bb mint 40 angol ill. magyar nyelv\u0171 konferencia el\u0151ad\u00e1s \u00e9s poszter szerz\u0151je\/t\u00e1rsszerz\u0151je.<\/p>\n<h4><strong>R\u00e9szv\u00e9tel konferenci\u00e1k szervez\u00e9s\u00e9ben:<\/strong><\/h4>\n<ul>\n<li>6th International C1-INH Deficiency Workshop, Budapest, 2009.05.22-24.<\/li>\n<li>12th European Meeting on Complement in Human Disease, Visegr\u00e1d, 2009.09.05-08.<\/li>\n<li>7th International C1-INH Deficiency Workshop, Budapest, 2011.05.20-22.<\/li>\n<\/ul>\n<h4><b>Kit\u00fcntet\u00e9sek, d\u00edjak, \u00f6szt\u00f6nd\u00edjak: <\/b><\/h4>\n<ul>\n<li>2010 &#8211; XXIX. Congress of the European Academy of Allergy and Clinical Immunology, London, Egyes\u00fclt Kir\u00e1lys\u00e1g, poszter d\u00edj<\/li>\n<li>2010 &#8211; XXIII. International Complement Workshop, New York, USA, travel grant<\/li>\n<\/ul>\n<h4><b>T\u00e1rsas\u00e1gi tags\u00e1gok: <\/b><\/h4>\n<ul>\n<li>Magyar Immunol\u00f3giai T\u00e1rsas\u00e1g<\/li>\n<li>Magyar Allergol\u00f3giai \u00e9s Klinikai Immunol\u00f3giai T\u00e1rsas\u00e1g<\/li>\n<li>European Complement Network<\/li>\n<li>International Complement Society<\/li>\n<li>European Academy of Allergy and Clinical Immunology<\/li>\n<li>HAENETWORK<\/li>\n<\/ul>\n<h4><a href=\"http:\/\/www.researcherid.com\/rid\/F-2224-2010\" target=\"_blank\" rel=\"noopener\">Publik\u00e1ci\u00f3k \u2192<\/a><\/h4>\n<div>\u00a0<\/div>\n","protected":false},"excerpt":{"rendered":"<p>Beoszt\u00e1s: Tudom\u00e1nyos munkat\u00e1rs V\u00e9gzetts\u00e9g: Molekul\u00e1ris biol\u00f3gus (MSc) Telefon:+36-20-825-0693 E-mail: <a href=\"mailto:csuka.dorottya@med.semmelweis-univ.hu\">csuka.dorottya@med.semmelweis-univ.hu<\/a> Bemutatkoz\u00e1s 1986-ban sz\u00fclettem Veszpr\u00e9mben, ahol \u00e1ltal\u00e1nos iskolai, majd gimn\u00e1ziumi tanulm\u00e1nyaimat v\u00e9geztem. 2004-ben \u00e9retts\u00e9giztem a Lovassy L\u00e1szl\u00f3 Gimn\u00e1zium N\u00e9met Nemzetis\u00e9gi Tagozat\u00e1n, majd felv\u00e9telt nyertem az E\u00f6tv\u00f6s Lor\u00e1nd Tudom\u00e1nyegyetem biol\u00f3gus szak\u00e1ra. 2005-2008 k\u00f6z\u00f6tt tudom\u00e1nyos di\u00e1kk\u00f6r\u00f6sk\u00e9nt az ELTE Immunol\u00f3giai Tansz\u00e9k\u00e9n, a Jel\u00e1tviteli Laborban Dr. S\u00e1rmay Gabriella ir\u00e1ny\u00edt\u00e1s\u00e1val a B-limfocit\u00e1kban &hellip;<\/p>\n","protected":false},"author":1,"featured_media":0,"parent":19,"menu_order":24,"comment_status":"closed","ping_status":"closed","template":"","meta":{"_acf_changed":false,"footnotes":""},"categories":[],"tags":[],"class_list":["post-44","page","type-page","status-publish","hentry"],"acf":[],"_links":{"self":[{"href":"https:\/\/semmelweis.hu\/kutlab\/wp-json\/wp\/v2\/pages\/44","targetHints":{"allow":["GET"]}}],"collection":[{"href":"https:\/\/semmelweis.hu\/kutlab\/wp-json\/wp\/v2\/pages"}],"about":[{"href":"https:\/\/semmelweis.hu\/kutlab\/wp-json\/wp\/v2\/types\/page"}],"author":[{"embeddable":true,"href":"https:\/\/semmelweis.hu\/kutlab\/wp-json\/wp\/v2\/users\/1"}],"replies":[{"embeddable":true,"href":"https:\/\/semmelweis.hu\/kutlab\/wp-json\/wp\/v2\/comments?post=44"}],"version-history":[{"count":10,"href":"https:\/\/semmelweis.hu\/kutlab\/wp-json\/wp\/v2\/pages\/44\/revisions"}],"predecessor-version":[{"id":2233,"href":"https:\/\/semmelweis.hu\/kutlab\/wp-json\/wp\/v2\/pages\/44\/revisions\/2233"}],"up":[{"embeddable":true,"href":"https:\/\/semmelweis.hu\/kutlab\/wp-json\/wp\/v2\/pages\/19"}],"wp:attachment":[{"href":"https:\/\/semmelweis.hu\/kutlab\/wp-json\/wp\/v2\/media?parent=44"}],"wp:term":[{"taxonomy":"category","embeddable":true,"href":"https:\/\/semmelweis.hu\/kutlab\/wp-json\/wp\/v2\/categories?post=44"},{"taxonomy":"post_tag","embeddable":true,"href":"https:\/\/semmelweis.hu\/kutlab\/wp-json\/wp\/v2\/tags?post=44"}],"curies":[{"name":"wp","href":"https:\/\/api.w.org\/{rel}","templated":true}]}}