{"id":43,"date":"2016-01-08T00:00:00","date_gmt":"2016-01-07T23:00:00","guid":{"rendered":"http:\/\/semmelweis.hu\/kutlab\/prohaszka_zoltan\/"},"modified":"2024-03-25T08:00:06","modified_gmt":"2024-03-25T07:00:06","slug":"prohaszka_zoltan","status":"publish","type":"page","link":"https:\/\/semmelweis.hu\/kutlab\/munkatarsak\/prohaszka_zoltan\/","title":{"rendered":"Dr. Proh\u00e1szka Zolt\u00e1n"},"content":{"rendered":"<div class=\"contacts_list\">\n<p><a class=\"contact_pic\" href=\"prohaszka_zoltan\"><img decoding=\"async\" src=\"\/kutlab\/files\/2016\/01\/newPZ3.jpg\" width=\"79\" \/><\/a><\/p>\n<table border=\"0\" cellspacing=\"0\" cellpadding=\"0\">\n<tbody>\n<tr>\n<td style=\"padding-right: 10px\">Beoszt\u00e1s:<\/td>\n<td>Egyetemi tan\u00e1r, laborat\u00f3rium vezet\u0151<\/td>\n<\/tr>\n<tr>\n<td style=\"padding-right: 10px\">V\u00e9gzetts\u00e9g:<\/td>\n<td>\n<p>\u00c1ltal\u00e1nos orvos,<\/p>\n<p>Orvosi laborat\u00f3riumi vizsg\u00e1latok (2005) \u00e9s<\/p>\n<p>klinikai laborat\u00f3riumi genetika (2023) szakorvosa<\/p>\n<\/td>\n<\/tr>\n<tr>\n<td style=\"padding-right: 10px\">Telefon:<\/td>\n<td>+3620-8250962<\/td>\n<\/tr>\n<tr>\n<td style=\"padding-right: 10px\">E-mail:<\/td>\n<td><a href=\"mailto:prohaszka.zoltan@med.semmelweis-univ.hu\">prohaszka.zoltan@semmelweis.hu<\/a><\/td>\n<\/tr>\n<\/tbody>\n<\/table>\n<div class=\"cv\">\n<p>A Semmelweis Orvostudom\u00e1nyi Egyetemen 1995-ben summa cum laude min\u0151s\u00edt\u00e9ssel avatt\u00e1k \u00e1ltal\u00e1nos orvoss\u00e1, 2000-ben PhD fokozatot, 2006-ban MTA Doktora c\u00edmet szerzett. Az orvosi laborat\u00f3riumi vizsg\u00e1latok \u00e9s a klinikai laborat\u00f3riumi genetika szakorvosa. 2012 \u00f3ta a Semmelweis Egyetem Belgy\u00f3gy\u00e1szati \u00e9s Hematol\u00f3giai Klinika tudom\u00e1nyos igazgat\u00f3helyettese, a F\u00fcst Gy\u00f6rgy Komplement Diagnosztikai Laborat\u00f3rium vezet\u0151je. Munkat\u00e1rsaival az elm\u00falt \u00e9vekben k\u00f6vetkezetes fejleszt\u0151 munk\u00e1t hajtottak v\u00e9gre, melynek eredm\u00e9nyek\u00e9nt a laborat\u00f3rium a komplementfunkci\u00f3 feh\u00e9rjek\u00e9miai \u00e9s genetikai diagnosztikai vizsg\u00e1latainak teljes spektrum\u00e1t ny\u00fajtja. Az Eur\u00f3pai Uni\u00f3 hat\u00e1rokon \u00e1tny\u00fal\u00f3 ell\u00e1t\u00e1si finansz\u00edroz\u00e1sa \u00e9s ipari egy\u00fcttm\u0171k\u00f6d\u00e9sek lehet\u0151v\u00e9 teszik, hogy a F\u00fcst Gy\u00f6rgy Komplement Diagnosztikai Laborat\u00f3rium a k\u00f6rnyez\u0151 orsz\u00e1gok klinikai k\u00f6zpontjait is ki tudja szolg\u00e1lni ezen a szakter\u00fcleten.<\/p>\n<p>&nbsp;<\/p>\n<p>Dr. Proh\u00e1szka Zolt\u00e1n szakmai munk\u00e1ss\u00e1g\u00e1t t\u00f6bb kit\u00fcntet\u00e9ssel ismert\u00e9k el, sz\u00e1mos hazai \u00e9s nemzetk\u00f6zi kutat\u00e1si ply\u00e1zat t\u00e9mavezet\u0151je vagy r\u00e9sztvev\u0151je, nemzetk\u00f6zi, lektor\u00e1lt foly\u00f3iratokban megjelent k\u00f6zlem\u00e9nyeinek sz\u00e1ma 323, ezekre kapott f\u00fcggetlen id\u00e9zetek sz\u00e1ma 7684.<\/p>\n<p>1999 \u00f3ta vesz r\u00e9szt az orvosk\u00e9pz\u00e9sben, a szakorvosk\u00e9pz\u00e9sben \u00e9s szakorvos tov\u00e1bbk\u00e9pz\u00e9sben gyakorlatok \u00e9s el\u0151ad\u00e1sok megtart\u00e1s\u00e1val belgy\u00f3gy\u00e1szat, immunol\u00f3gia, hematol\u00f3gia \u00e9s biostatisztika t\u00e9mak\u00f6r\u00f6kben. 2009 \u00f3ta a Semmelweis Egyetem Elm\u00e9leti Doktori Iskol\u00e1ban programvezet\u0151, ir\u00e1ny\u00edt\u00e1s\u00e1val eddig 14 PhD hallgat\u00f3 szerzett fokozatot, jelenleg 2 PhD hallgat\u00f3 dolgozik ir\u00e1ny\u00edt\u00e1s\u00e1val.<\/p>\n<p>A Magyar Immunol\u00f3giai T\u00e1rsas\u00e1g \u00e9s a Magyar Tudom\u00e1nyos Akad\u00e9mia Immunol\u00f3giai Oszt\u00e1lyk\u00f6zi Bizotts\u00e1g\u00e1nak kor\u00e1bbi eln\u00f6ke, tov\u00e1bbi hazai \u00e9s nemzetk\u00f6zi tudom\u00e1nyos t\u00e1rsas\u00e1gok tagja. Az International Complement Society vezet\u0151s\u00e9g\u00e9nek tagja \u00e9s titk\u00e1ra, a Komplement Diagnosztikai Laborat\u00f3riumok nemzetk\u00f6zi, k\u00fcls\u0151 min\u0151s\u00e9gbiztos\u00edt\u00e1s\u00e1s\u00e1\u00e9rt felel\u0151s program igazgat\u00f3ja.<\/p>\n<\/div>\n<\/div>\n","protected":false},"excerpt":{"rendered":"<p><a class=\"contact_pic\" href=\"prohaszka_zoltan\"><\/a> Beoszt\u00e1s: Egyetemi tan\u00e1r, laborat\u00f3rium vezet\u0151 V\u00e9gzetts\u00e9g: \u00c1ltal\u00e1nos orvos, Orvosi laborat\u00f3riumi vizsg\u00e1latok (2005) \u00e9s klinikai laborat\u00f3riumi genetika (2023) szakorvosa Telefon: +3620-8250962 E-mail: <a href=\"mailto:prohaszka.zoltan@med.semmelweis-univ.hu\">prohaszka.zoltan@semmelweis.hu<\/a> A Semmelweis Orvostudom\u00e1nyi Egyetemen 1995-ben summa cum laude min\u0151s\u00edt\u00e9ssel avatt\u00e1k \u00e1ltal\u00e1nos orvoss\u00e1, 2000-ben PhD fokozatot, 2006-ban MTA Doktora c\u00edmet szerzett. Az orvosi laborat\u00f3riumi vizsg\u00e1latok \u00e9s a klinikai laborat\u00f3riumi genetika szakorvosa. 2012 \u00f3ta a Semmelweis &hellip;<\/p>\n","protected":false},"author":1,"featured_media":0,"parent":19,"menu_order":1,"comment_status":"closed","ping_status":"closed","template":"","meta":{"_acf_changed":false,"footnotes":""},"categories":[],"tags":[],"class_list":["post-43","page","type-page","status-publish","hentry"],"acf":[],"_links":{"self":[{"href":"https:\/\/semmelweis.hu\/kutlab\/wp-json\/wp\/v2\/pages\/43","targetHints":{"allow":["GET"]}}],"collection":[{"href":"https:\/\/semmelweis.hu\/kutlab\/wp-json\/wp\/v2\/pages"}],"about":[{"href":"https:\/\/semmelweis.hu\/kutlab\/wp-json\/wp\/v2\/types\/page"}],"author":[{"embeddable":true,"href":"https:\/\/semmelweis.hu\/kutlab\/wp-json\/wp\/v2\/users\/1"}],"replies":[{"embeddable":true,"href":"https:\/\/semmelweis.hu\/kutlab\/wp-json\/wp\/v2\/comments?post=43"}],"version-history":[{"count":9,"href":"https:\/\/semmelweis.hu\/kutlab\/wp-json\/wp\/v2\/pages\/43\/revisions"}],"predecessor-version":[{"id":1963,"href":"https:\/\/semmelweis.hu\/kutlab\/wp-json\/wp\/v2\/pages\/43\/revisions\/1963"}],"up":[{"embeddable":true,"href":"https:\/\/semmelweis.hu\/kutlab\/wp-json\/wp\/v2\/pages\/19"}],"wp:attachment":[{"href":"https:\/\/semmelweis.hu\/kutlab\/wp-json\/wp\/v2\/media?parent=43"}],"wp:term":[{"taxonomy":"category","embeddable":true,"href":"https:\/\/semmelweis.hu\/kutlab\/wp-json\/wp\/v2\/categories?post=43"},{"taxonomy":"post_tag","embeddable":true,"href":"https:\/\/semmelweis.hu\/kutlab\/wp-json\/wp\/v2\/tags?post=43"}],"curies":[{"name":"wp","href":"https:\/\/api.w.org\/{rel}","templated":true}]}}