{"id":26,"date":"2016-01-08T00:00:00","date_gmt":"2016-01-07T23:00:00","guid":{"rendered":"http:\/\/semmelweis.hu\/kutlab\/122-29483\/"},"modified":"2023-07-28T13:33:26","modified_gmt":"2023-07-28T11:33:26","slug":"oktatas","status":"publish","type":"page","link":"https:\/\/semmelweis.hu\/kutlab\/oktatas\/","title":{"rendered":"Oktat\u00e1s"},"content":{"rendered":"<p>Ezen a fel\u00fcleten a Kutat\u00f3labor munkat\u00e1rsainak legfrissebb el\u0151ad\u00e1sait \u00e9s a meghirdetett ter\u00fcletek kutat\u00e1si t\u00e9m\u00e1it tekinthetik \u00e1t. A honlapon tal\u00e1lhat\u00f3 el\u0151ad\u00e1sok oktat\u00e1si c\u00e9lt szolg\u00e1lnak, azokat csak az \u00e9rintett hallgat\u00f3 t\u00f6lthetik le egy p\u00e9ld\u00e1nyban, tanul\u00e1si c\u00e9llal. <em>K\u00e9rj\u00fck, ha m\u00e1s c\u00e9lb\u00f3l szeretn\u00e9 felhaszn\u00e1lni az el\u0151ad\u00e1s b\u00e1rmely r\u00e9sz\u00e9t, akkor ehhez a szerz\u0151t\u0151l el\u0151re k\u00e9rjen enged\u00e9lyt!<\/em><\/p>\n<ul>\n<li class=\"page_item page-item-79\"><a href=\"https:\/\/semmelweis.hu\/kutlab\/oktatas\/eloadasok\/\">El\u0151ad\u00e1sok<\/a><\/li>\n<li class=\"page_item page-item-80\"><a href=\"https:\/\/semmelweis.hu\/kutlab\/oktatas\/tdk\/\">TDK munka<\/a><\/li>\n<li class=\"page_item page-item-81\"><a href=\"https:\/\/semmelweis.hu\/kutlab\/oktatas\/szakdolgozat\/\">Szakdolgozat<\/a><\/li>\n<li class=\"page_item page-item-82\"><a href=\"https:\/\/semmelweis.hu\/kutlab\/oktatas\/122-29613\/\">Rektori p\u00e1lyam\u0171 t\u00e9m\u00e1k<\/a><\/li>\n<li class=\"page_item page-item-83\"><a href=\"https:\/\/semmelweis.hu\/kutlab\/oktatas\/phd\/\">PhD Iskola<\/a><\/li>\n<\/ul>\n<p>A meghirdetett kutat\u00e1si-, szakdolgozat- \u00e9s TDK t\u00e9m\u00e1k mellett m\u00e1s, a profilunkba v\u00e1g\u00f3 ter\u00fcleteken is van lehet\u0151s\u00e9g egy\u00fcttm\u0171k\u00f6d\u00e9sre, k\u00e9rj\u00fck, hogy konkr\u00e9t javaslat\u00e1val keressen meg benn\u00fcnket!<\/p>\n","protected":false},"excerpt":{"rendered":"<p>Ezen a fel\u00fcleten a Kutat\u00f3labor munkat\u00e1rsainak legfrissebb el\u0151ad\u00e1sait \u00e9s a meghirdetett ter\u00fcletek kutat\u00e1si t\u00e9m\u00e1it tekinthetik \u00e1t. A honlapon tal\u00e1lhat\u00f3 el\u0151ad\u00e1sok oktat\u00e1si c\u00e9lt szolg\u00e1lnak, azokat csak az \u00e9rintett hallgat\u00f3 t\u00f6lthetik le egy p\u00e9ld\u00e1nyban, tanul\u00e1si c\u00e9llal. K\u00e9rj\u00fck, ha m\u00e1s c\u00e9lb\u00f3l szeretn\u00e9 felhaszn\u00e1lni az el\u0151ad\u00e1s b\u00e1rmely r\u00e9sz\u00e9t, akkor ehhez a szerz\u0151t\u0151l el\u0151re k\u00e9rjen enged\u00e9lyt! <a href=\"https:\/\/semmelweis.hu\/kutlab\/oktatas\/eloadasok\/\">El\u0151ad\u00e1sok<\/a> <a href=\"https:\/\/semmelweis.hu\/kutlab\/oktatas\/tdk\/\">TDK munka<\/a> <a href=\"https:\/\/semmelweis.hu\/kutlab\/oktatas\/szakdolgozat\/\">Szakdolgozat<\/a> <a href=\"https:\/\/semmelweis.hu\/kutlab\/oktatas\/122-29613\/\">Rektori p\u00e1lyam\u0171 t\u00e9m\u00e1k<\/a> <a href=\"https:\/\/semmelweis.hu\/kutlab\/oktatas\/phd\/\">PhD Iskola<\/a> A meghirdetett kutat\u00e1si-, szakdolgozat- &hellip;<\/p>\n","protected":false},"author":1,"featured_media":0,"parent":0,"menu_order":0,"comment_status":"closed","ping_status":"closed","template":"","meta":{"_acf_changed":false,"footnotes":""},"categories":[],"tags":[],"class_list":["post-26","page","type-page","status-publish","hentry"],"acf":[],"_links":{"self":[{"href":"https:\/\/semmelweis.hu\/kutlab\/wp-json\/wp\/v2\/pages\/26","targetHints":{"allow":["GET"]}}],"collection":[{"href":"https:\/\/semmelweis.hu\/kutlab\/wp-json\/wp\/v2\/pages"}],"about":[{"href":"https:\/\/semmelweis.hu\/kutlab\/wp-json\/wp\/v2\/types\/page"}],"author":[{"embeddable":true,"href":"https:\/\/semmelweis.hu\/kutlab\/wp-json\/wp\/v2\/users\/1"}],"replies":[{"embeddable":true,"href":"https:\/\/semmelweis.hu\/kutlab\/wp-json\/wp\/v2\/comments?post=26"}],"version-history":[{"count":6,"href":"https:\/\/semmelweis.hu\/kutlab\/wp-json\/wp\/v2\/pages\/26\/revisions"}],"predecessor-version":[{"id":1815,"href":"https:\/\/semmelweis.hu\/kutlab\/wp-json\/wp\/v2\/pages\/26\/revisions\/1815"}],"wp:attachment":[{"href":"https:\/\/semmelweis.hu\/kutlab\/wp-json\/wp\/v2\/media?parent=26"}],"wp:term":[{"taxonomy":"category","embeddable":true,"href":"https:\/\/semmelweis.hu\/kutlab\/wp-json\/wp\/v2\/categories?post=26"},{"taxonomy":"post_tag","embeddable":true,"href":"https:\/\/semmelweis.hu\/kutlab\/wp-json\/wp\/v2\/tags?post=26"}],"curies":[{"name":"wp","href":"https:\/\/api.w.org\/{rel}","templated":true}]}}