{"id":24,"date":"2016-01-08T00:00:00","date_gmt":"2016-01-07T23:00:00","guid":{"rendered":"http:\/\/semmelweis.hu\/kutlab\/kutatas\/"},"modified":"2023-07-28T12:41:05","modified_gmt":"2023-07-28T10:41:05","slug":"kutatas","status":"publish","type":"page","link":"https:\/\/semmelweis.hu\/kutlab\/kutatas\/","title":{"rendered":"Kutat\u00e1si tev\u00e9kenys\u00e9g\u00fcnk"},"content":{"rendered":"<p style=\"text-align: justify;\">Ezen a fel\u00fcleten a Kutat\u00f3laborban m\u0171k\u00f6d\u0151 \u00f6n\u00e1ll\u00f3 munkacsoportok bemutatkoz\u00e1s\u00e1t, j\u00e1rtass\u00e1gait, m\u0171szerezetts\u00e9g\u00e9t, p\u00e1ly\u00e1zatait \u00e9s publik\u00e1ci\u00f3it tal\u00e1hatj\u00e1k. Az \u00e1ttekinthet\u0151s\u00e9g kedv\u00e9\u00e9rt csak az aktu\u00e1lis, fut\u00f3 t\u00e9m\u00e1kat \u00e9s feladatokat foglaltuk \u00f6ssze, a kor\u00e1bbi eredm\u00e9nyek, p\u00e1ly\u00e1zatok \u00e9s publik\u00e1ci\u00f3k felsorol\u00e1s\u00e1t a munkacsoportok tagjainak bemutatkoz\u00e1s\u00e1ban tal\u00e1lj\u00e1k.<\/p>\n<h4><strong>Kutat\u00f3laborat\u00f3riumunkban t\u00f6bb \u00f6n\u00e1ll\u00f3 munkacsoport m\u0171k\u00f6dik:<\/strong><\/h4>\n<ul>\n<li>\n<p><a href=\"https:\/\/semmelweis.hu\/kutlab\/kutatas\/hae\/\">HAE munkacsoport<\/a><\/p>\n<\/li>\n<li><a href=\"https:\/\/semmelweis.hu\/kutlab\/kutatas\/elkh-se-immunologiai-es-hematologiai-kutatocsoport\/\">Immunol\u00f3giai \u00e9s Hematol\u00f3giai Kutat\u00f3csoport (ELKH-SE)<\/a><\/li>\n<li>\n<p><a href=\"https:\/\/semmelweis.hu\/kutlab\/kutatas\/genetika\/\">Komplementgenetikai munkacsoport<\/a><\/p>\n<\/li>\n<li>\n<p><a href=\"https:\/\/semmelweis.hu\/kutlab\/kutatas\/sejtbiologiai-es-sejtterapias-csoport\/\">Sejtbiol\u00f3giai \u00e9s Sejtter\u00e1pi\u00e1s Csoport<\/a><\/p>\n<\/li>\n<li><a href=\"https:\/\/semmelweis.hu\/kutlab\/kutatas\/tma-munkacsoport\/\">Trombotikus mikroangiop\u00e1ti\u00e1k munkacsoport<\/a><\/li>\n<\/ul>\n","protected":false},"excerpt":{"rendered":"<p>Ezen a fel\u00fcleten a Kutat\u00f3laborban m\u0171k\u00f6d\u0151 \u00f6n\u00e1ll\u00f3 munkacsoportok bemutatkoz\u00e1s\u00e1t, j\u00e1rtass\u00e1gait, m\u0171szerezetts\u00e9g\u00e9t, p\u00e1ly\u00e1zatait \u00e9s publik\u00e1ci\u00f3it tal\u00e1hatj\u00e1k. Az \u00e1ttekinthet\u0151s\u00e9g kedv\u00e9\u00e9rt csak az aktu\u00e1lis, fut\u00f3 t\u00e9m\u00e1kat \u00e9s feladatokat foglaltuk \u00f6ssze, a kor\u00e1bbi eredm\u00e9nyek, p\u00e1ly\u00e1zatok \u00e9s publik\u00e1ci\u00f3k felsorol\u00e1s\u00e1t a munkacsoportok tagjainak bemutatkoz\u00e1s\u00e1ban tal\u00e1lj\u00e1k.<br \/>\nKutat\u00f3laborat\u00f3riumunkban t\u00f6bb \u00f6n\u00e1ll\u00f3 munkacsoport m\u0171k\u00f6dik:<\/p>\n<p><a href=\"https:\/\/semmelweis.hu\/kutlab\/kutatas\/hae\/\">HAE munkacsoport<\/a><\/p>\n<p><a href=\"https:\/\/semmelweis.hu\/kutlab\/kutatas\/elkh-se-immunologiai-es-hematologiai-kutatocsoport\/\">Immunol\u00f3giai \u00e9s Hematol\u00f3giai Kutat\u00f3csoport (ELKH-SE)<\/a><\/p>\n<p><a href=\"https:\/\/semmelweis.hu\/kutlab\/kutatas\/genetika\/\">Komplementgenetikai munkacsoport<\/a><\/p>\n<p><a href=\"https:\/\/semmelweis.hu\/kutlab\/kutatas\/sejtbiologiai-es-sejtterapias-csoport\/\">Sejtbiol\u00f3giai \u00e9s Sejtter\u00e1pi\u00e1s Csoport<\/a><\/p>\n<p><a href=\"https:\/\/semmelweis.hu\/kutlab\/kutatas\/tma-munkacsoport\/\">Trombotikus mikroangiop\u00e1ti\u00e1k munkacsoport<\/a><\/p>\n","protected":false},"author":1,"featured_media":0,"parent":0,"menu_order":2,"comment_status":"closed","ping_status":"closed","template":"","meta":{"_acf_changed":false,"footnotes":""},"categories":[],"tags":[],"class_list":["post-24","page","type-page","status-publish","hentry"],"acf":[],"_links":{"self":[{"href":"https:\/\/semmelweis.hu\/kutlab\/wp-json\/wp\/v2\/pages\/24","targetHints":{"allow":["GET"]}}],"collection":[{"href":"https:\/\/semmelweis.hu\/kutlab\/wp-json\/wp\/v2\/pages"}],"about":[{"href":"https:\/\/semmelweis.hu\/kutlab\/wp-json\/wp\/v2\/types\/page"}],"author":[{"embeddable":true,"href":"https:\/\/semmelweis.hu\/kutlab\/wp-json\/wp\/v2\/users\/1"}],"replies":[{"embeddable":true,"href":"https:\/\/semmelweis.hu\/kutlab\/wp-json\/wp\/v2\/comments?post=24"}],"version-history":[{"count":7,"href":"https:\/\/semmelweis.hu\/kutlab\/wp-json\/wp\/v2\/pages\/24\/revisions"}],"predecessor-version":[{"id":1769,"href":"https:\/\/semmelweis.hu\/kutlab\/wp-json\/wp\/v2\/pages\/24\/revisions\/1769"}],"wp:attachment":[{"href":"https:\/\/semmelweis.hu\/kutlab\/wp-json\/wp\/v2\/media?parent=24"}],"wp:term":[{"taxonomy":"category","embeddable":true,"href":"https:\/\/semmelweis.hu\/kutlab\/wp-json\/wp\/v2\/categories?post=24"},{"taxonomy":"post_tag","embeddable":true,"href":"https:\/\/semmelweis.hu\/kutlab\/wp-json\/wp\/v2\/tags?post=24"}],"curies":[{"name":"wp","href":"https:\/\/api.w.org\/{rel}","templated":true}]}}