{"id":23,"date":"2016-01-08T00:00:00","date_gmt":"2016-01-07T23:00:00","guid":{"rendered":"http:\/\/semmelweis.hu\/kutlab\/122-29540\/"},"modified":"2023-07-28T13:48:27","modified_gmt":"2023-07-28T11:48:27","slug":"kapcsolat","status":"publish","type":"page","link":"https:\/\/semmelweis.hu\/kutlab\/kapcsolat\/","title":{"rendered":"Kapcsolat"},"content":{"rendered":"<div class=\"keretes w-100\">\n<p><strong>C\u00edm\u00fcnk<\/strong>: 1088 Budapest, Szentkir\u00e1lyi utca 46.<br \/>\n<strong>F\u00fcst Gy\u00f6rgy Komplement Diagnosztikai Laborat\u00f3rium:<\/strong> +36 30 016 4194<br \/>\n<strong>Adminisztr\u00e1ci\u00f3:<\/strong> +36 30 016 4195<\/p>\n<\/div>\n<h4>A \u00e9p\u00fclet I emelet:<\/h4>\n<ul>\n<li>F\u00fcst Gy\u00f6rgy Komplement Diagnosztikai Laborat\u00f3rium<\/li>\n<li>Endothelsejt Laborat\u00f3rium<\/li>\n<\/ul>\n<h4>A \u00e9p\u00fclet II. emelet:<\/h4>\n<ul>\n<li>Kutat\u00f3laborat\u00f3rium, Irod\u00e1k<\/li>\n<li>Haemopoetikus \u0150ssejt aborat\u00f3rium, MSC \u0150ssejt Laborat\u00f3rium<\/li>\n<\/ul>\n<p><a href=\"https:\/\/semmelweis.hu\/telefonkonyv\/\"><strong>Semmelweis Egyetem telefonk\u00f6nyv<\/strong><\/a><\/p>\n\n<!-- iframe plugin v.4.9 wordpress.org\/plugins\/iframe\/ -->\n<iframe src=\"https:\/\/www.google.com\/maps\/embed?pb=!1m18!1m12!1m3!1d2696.0637421311644!2d19.0675191!3d47.488671599999996!2m3!1f0!2f0!3f0!3m2!1i1024!2i768!4f13.1!3m3!1m2!1s0x4741dc5977d8222d%3A0x260af27030faec99!2sBudapest%2C%20Szentkir%C3%A1lyi%20u.%2046%2C%201088!5e0!3m2!1shu!2shu!4v1690544871978!5m2!1shu!2shu\" width=\"100%\" height=\"450\" style=\"border:0;\" allowfullscreen loading=\"lazy\" referrerpolicy=\"no-referrer-when-downgrade\" scrolling=\"yes\" class=\"iframe-class\" frameborder=\"0\"><\/iframe>\n\n","protected":false},"excerpt":{"rendered":"<p>C\u00edm\u00fcnk: 1088 Budapest, Szentkir\u00e1lyi utca 46.<br \/>\nF\u00fcst Gy\u00f6rgy Komplement Diagnosztikai Laborat\u00f3rium: +36 30 016 4194<br \/>\nAdminisztr\u00e1ci\u00f3: +36 30 016 4195<\/p>\n<p>A \u00e9p\u00fclet I emelet:<\/p>\n<p>F\u00fcst Gy\u00f6rgy Komplement Diagnosztikai Laborat\u00f3rium<br \/>\nEndothelsejt Laborat\u00f3rium<\/p>\n<p>A \u00e9p\u00fclet II. emelet:<\/p>\n<p>Kutat\u00f3laborat\u00f3rium, Irod\u00e1k<br \/>\nHaemopoetikus \u0150ssejt aborat\u00f3rium, MSC \u0150ssejt Laborat\u00f3rium<\/p>\n<p><a href=\"https:\/\/semmelweis.hu\/telefonkonyv\/\">Semmelweis Egyetem telefonk\u00f6nyv<\/a><\/p>\n","protected":false},"author":1,"featured_media":0,"parent":0,"menu_order":8,"comment_status":"closed","ping_status":"closed","template":"","meta":{"_acf_changed":false,"footnotes":""},"categories":[],"tags":[],"class_list":["post-23","page","type-page","status-publish","hentry"],"acf":[],"_links":{"self":[{"href":"https:\/\/semmelweis.hu\/kutlab\/wp-json\/wp\/v2\/pages\/23","targetHints":{"allow":["GET"]}}],"collection":[{"href":"https:\/\/semmelweis.hu\/kutlab\/wp-json\/wp\/v2\/pages"}],"about":[{"href":"https:\/\/semmelweis.hu\/kutlab\/wp-json\/wp\/v2\/types\/page"}],"author":[{"embeddable":true,"href":"https:\/\/semmelweis.hu\/kutlab\/wp-json\/wp\/v2\/users\/1"}],"replies":[{"embeddable":true,"href":"https:\/\/semmelweis.hu\/kutlab\/wp-json\/wp\/v2\/comments?post=23"}],"version-history":[{"count":9,"href":"https:\/\/semmelweis.hu\/kutlab\/wp-json\/wp\/v2\/pages\/23\/revisions"}],"predecessor-version":[{"id":1821,"href":"https:\/\/semmelweis.hu\/kutlab\/wp-json\/wp\/v2\/pages\/23\/revisions\/1821"}],"wp:attachment":[{"href":"https:\/\/semmelweis.hu\/kutlab\/wp-json\/wp\/v2\/media?parent=23"}],"wp:term":[{"taxonomy":"category","embeddable":true,"href":"https:\/\/semmelweis.hu\/kutlab\/wp-json\/wp\/v2\/categories?post=23"},{"taxonomy":"post_tag","embeddable":true,"href":"https:\/\/semmelweis.hu\/kutlab\/wp-json\/wp\/v2\/tags?post=23"}],"curies":[{"name":"wp","href":"https:\/\/api.w.org\/{rel}","templated":true}]}}