{"id":2252,"date":"2026-04-23T11:15:06","date_gmt":"2026-04-23T09:15:06","guid":{"rendered":"https:\/\/semmelweis.hu\/kutlab\/?page_id=2252"},"modified":"2026-04-24T12:36:32","modified_gmt":"2026-04-24T10:36:32","slug":"voloncs-mindszenthy-lili","status":"publish","type":"page","link":"https:\/\/semmelweis.hu\/kutlab\/munkatarsak\/voloncs-mindszenthy-lili\/","title":{"rendered":"Dr. Voloncs-Mindszenthy Lili"},"content":{"rendered":"<p><a class=\"contact_pic\" href=\"122-46520\"><img loading=\"lazy\" decoding=\"async\" class=\"\" src=\"https:\/\/semmelweis.hu\/kutlab\/files\/2026\/04\/Lili-korhaz-kep.jpg\" width=\"172\" height=\"190\" \/><\/a><\/p>\n<div class=\"contacts_list\">\n<table style=\"width: 49.1288%;height: 184px\" border=\"0\" cellspacing=\"0\" cellpadding=\"0\">\n<tbody>\n<tr style=\"height: 31px\">\n<td style=\"padding-right: 10px;width: 27.5211%;height: 31px\">Beoszt\u00e1s:<\/td>\n<td style=\"width: 168.887%;height: 31px\">PhD hallgat\u00f3<\/td>\n<\/tr>\n<tr style=\"height: 31px\">\n<td style=\"padding-right: 10px;width: 27.5211%;height: 31px\">V\u00e9gzetts\u00e9g:<\/td>\n<td style=\"width: 168.887%;height: 31px\">\u00c1ltal\u00e1nos orvos<\/td>\n<\/tr>\n<tr style=\"height: 31px\">\n<td style=\"padding-right: 10px;width: 27.5211%;height: 31px\">Telefon:<\/td>\n<td style=\"width: 168.887%;height: 31px\">&#8211;<\/td>\n<\/tr>\n<tr style=\"height: 31px\">\n<td style=\"padding-right: 10px;width: 27.5211%;height: 31px\">E-mail:<\/td>\n<td style=\"width: 168.887%;height: 31px\">lili.voloncs@stud.semmelweis.hu<\/td>\n<\/tr>\n<tr style=\"height: 29px\">\n<td style=\"padding-right: 10px;width: 27.5211%;height: 29px\">Tudom\u00e1nyos \u00e9rdekl\u0151d\u00e9si ter\u00fcletek:<\/td>\n<td style=\"width: 168.887%;height: 29px\">Angio\u00f6d\u00e9m\u00e1s betegs\u00e9gek, kiemelten a herediter angio\u00f6d\u00e9ma (HAE\/HANO). Belgy\u00f3gy\u00e1szat, immunol\u00f3gia.<\/td>\n<\/tr>\n<tr style=\"height: 31px\">\n<td style=\"padding-right: 10px;width: 27.5211%;height: 31px\">ORCID:<\/td>\n<td style=\"width: 168.887%;height: 31px\">https:\/\/orcid.org\/0009-0005-2636-9740<\/td>\n<\/tr>\n<\/tbody>\n<\/table>\n<div class=\"cv\">\n<div>\u00a0<\/div>\n<\/div>\n<\/div>\n","protected":false},"excerpt":{"rendered":"<p><a class=\"contact_pic\" href=\"122-46520\"><\/a><\/p>\n<p>Beoszt\u00e1s:<br \/>\nPhD hallgat\u00f3<\/p>\n<p>V\u00e9gzetts\u00e9g:<br \/>\n\u00c1ltal\u00e1nos orvos<\/p>\n<p>Telefon:<br \/>\n&#8211;<\/p>\n<p>E-mail:<br \/>\nlili.voloncs@stud.semmelweis.hu<\/p>\n<p>Tudom\u00e1nyos \u00e9rdekl\u0151d\u00e9si ter\u00fcletek:<br \/>\nAngio\u00f6d\u00e9m\u00e1s betegs\u00e9gek, kiemelten a herediter angio\u00f6d\u00e9ma (HAE\/HANO). Belgy\u00f3gy\u00e1szat, immunol\u00f3gia.<\/p>\n<p>ORCID:<br \/>\nhttps:\/\/orcid.org\/0009-0005-2636-9740<\/p>\n<p>\u00a0<\/p>\n","protected":false},"author":101097,"featured_media":0,"parent":19,"menu_order":24,"comment_status":"closed","ping_status":"closed","template":"","meta":{"_acf_changed":false,"footnotes":""},"categories":[],"tags":[],"class_list":["post-2252","page","type-page","status-publish","hentry"],"acf":[],"_links":{"self":[{"href":"https:\/\/semmelweis.hu\/kutlab\/wp-json\/wp\/v2\/pages\/2252","targetHints":{"allow":["GET"]}}],"collection":[{"href":"https:\/\/semmelweis.hu\/kutlab\/wp-json\/wp\/v2\/pages"}],"about":[{"href":"https:\/\/semmelweis.hu\/kutlab\/wp-json\/wp\/v2\/types\/page"}],"author":[{"embeddable":true,"href":"https:\/\/semmelweis.hu\/kutlab\/wp-json\/wp\/v2\/users\/101097"}],"replies":[{"embeddable":true,"href":"https:\/\/semmelweis.hu\/kutlab\/wp-json\/wp\/v2\/comments?post=2252"}],"version-history":[{"count":3,"href":"https:\/\/semmelweis.hu\/kutlab\/wp-json\/wp\/v2\/pages\/2252\/revisions"}],"predecessor-version":[{"id":2272,"href":"https:\/\/semmelweis.hu\/kutlab\/wp-json\/wp\/v2\/pages\/2252\/revisions\/2272"}],"up":[{"embeddable":true,"href":"https:\/\/semmelweis.hu\/kutlab\/wp-json\/wp\/v2\/pages\/19"}],"wp:attachment":[{"href":"https:\/\/semmelweis.hu\/kutlab\/wp-json\/wp\/v2\/media?parent=2252"}],"wp:term":[{"taxonomy":"category","embeddable":true,"href":"https:\/\/semmelweis.hu\/kutlab\/wp-json\/wp\/v2\/categories?post=2252"},{"taxonomy":"post_tag","embeddable":true,"href":"https:\/\/semmelweis.hu\/kutlab\/wp-json\/wp\/v2\/tags?post=2252"}],"curies":[{"name":"wp","href":"https:\/\/api.w.org\/{rel}","templated":true}]}}