{"id":20,"date":"2016-01-08T00:00:00","date_gmt":"2016-01-07T23:00:00","guid":{"rendered":"http:\/\/semmelweis.hu\/kutlab\/122-29538\/"},"modified":"2025-02-11T16:36:44","modified_gmt":"2025-02-11T15:36:44","slug":"alumni","status":"publish","type":"page","link":"https:\/\/semmelweis.hu\/kutlab\/alumni\/","title":{"rendered":"Alumni"},"content":{"rendered":"<div class=\"keretes w-100\">\n<p><b>Az elm\u00falt \u00e9vekben laborat\u00f3riumunkban doktori tanulm\u00e1nyokat folytatott \u00e9s kutat\u00f3munk\u00e1t v\u00e9gzett, PhD fokozatot szerzett hallgat\u00f3k n\u00e9vsora: <\/b><\/p>\n<\/div>\n<ul>\n<li>Horv\u00e1th Laura<\/li>\n<li>Horv\u00e1th Anna<\/li>\n<li>Veres Amarilla<\/li>\n<li>Vatay \u00c1gnes<\/li>\n<li>B\u00edr\u00f3 Adrienn<\/li>\n<li>Kocsis Judit<\/li>\n<li>Rugonfalvi-Kiss Szabolcs<\/li>\n<li>Oroszl\u00e1n Melinda<\/li>\n<li>Molvarec Attila<\/li>\n<li>Sz\u00e9plaki G\u00e1bor<\/li>\n<li>Laki Judit<\/li>\n<li>Kiszel Petra<\/li>\n<li>Mak\u00f3 Veronika<\/li>\n<li>Gombos T\u00edmea<\/li>\n<li>B\u00e1nlaki Zs\u00f3fia<\/li>\n<li>Aladzsity Istv\u00e1n<\/li>\n<li>Mad\u00e1ch Krisztina<\/li>\n<li>Keltai Katalin<\/li>\n<li>Csuka Dorottya<\/li>\n<li>Jani P\u00e9ter<\/li>\n<li>Jenei Zsigmond<\/li>\n<li>Szarvas N\u00f3ra\u00a0<\/li>\n<li>Pozsonyi Zolt\u00e1n<\/li>\n<li>Kajd\u00e1csi Erika<\/li>\n<li>Szegedi R\u00f3bert<\/li>\n<li>Zotter Zsuzsanna<\/li>\n<li>Czaller Ibolya<\/li>\n<li>K\u00e1d\u00e1r Katalin Eszter<\/li>\n<li>Mikes B\u00e1lint<\/li>\n<li>Veszeli N\u00f3ra<\/li>\n<li>K\u0151halmi Kinga Vikt\u00f3ria<\/li>\n<li>Schwaner Endre<\/li>\n<li>Sinkovits Gy\u00f6rgy<\/li>\n<li>Trojn\u00e1r Eszter<\/li>\n<li>Garam N\u00f3ra<\/li>\n<li><a href=\"https:\/\/doktori.hu\/index.php?menuid=193&amp;lang=HU&amp;vid=25226\">F\u00f6rh\u00e9cz Zsolt<\/a><\/li>\n<li><a href=\"https:\/\/doktori.hu\/index.php?menuid=193&amp;lang=HU&amp;vid=25480\">Balla Zsuzsanna<\/a><\/li>\n<li><a href=\"https:\/\/doktori.hu\/index.php?menuid=193&amp;lang=HU&amp;vid=24990\">Debreczeni M\u00e1rta L\u00eddia<\/a><\/li>\n<li><a href=\"https:\/\/doktori.hu\/index.php?menuid=193&amp;lang=HU&amp;vid=26177\">R\u00e9ti Marienn<\/a><\/li>\n<li><a href=\"https:\/\/doktori.hu\/index.php?menuid=193&amp;lang=HU&amp;vid=26813\">P\u00f3lai Zs\u00f3fia<\/a><\/li>\n<li><a href=\"https:\/\/doktori.hu\/index.php?menuid=193&amp;lang=HU&amp;vid=26786\">Hurler Lisa<\/a><\/li>\n<li>N\u00e9meth Zsuzsanna<\/li>\n<\/ul>\n","protected":false},"excerpt":{"rendered":"<p>Az elm\u00falt \u00e9vekben laborat\u00f3riumunkban doktori tanulm\u00e1nyokat folytatott \u00e9s kutat\u00f3munk\u00e1t v\u00e9gzett, PhD fokozatot szerzett hallgat\u00f3k n\u00e9vsora: Horv\u00e1th Laura Horv\u00e1th Anna Veres Amarilla Vatay \u00c1gnes B\u00edr\u00f3 Adrienn Kocsis Judit Rugonfalvi-Kiss Szabolcs Oroszl\u00e1n Melinda Molvarec Attila Sz\u00e9plaki G\u00e1bor Laki Judit Kiszel Petra Mak\u00f3 Veronika Gombos T\u00edmea B\u00e1nlaki Zs\u00f3fia Aladzsity Istv\u00e1n Mad\u00e1ch Krisztina Keltai Katalin Csuka Dorottya Jani P\u00e9ter &hellip;<\/p>\n","protected":false},"author":1,"featured_media":0,"parent":0,"menu_order":7,"comment_status":"closed","ping_status":"closed","template":"","meta":{"_acf_changed":false,"footnotes":""},"categories":[],"tags":[],"class_list":["post-20","page","type-page","status-publish","hentry"],"acf":[],"_links":{"self":[{"href":"https:\/\/semmelweis.hu\/kutlab\/wp-json\/wp\/v2\/pages\/20","targetHints":{"allow":["GET"]}}],"collection":[{"href":"https:\/\/semmelweis.hu\/kutlab\/wp-json\/wp\/v2\/pages"}],"about":[{"href":"https:\/\/semmelweis.hu\/kutlab\/wp-json\/wp\/v2\/types\/page"}],"author":[{"embeddable":true,"href":"https:\/\/semmelweis.hu\/kutlab\/wp-json\/wp\/v2\/users\/1"}],"replies":[{"embeddable":true,"href":"https:\/\/semmelweis.hu\/kutlab\/wp-json\/wp\/v2\/comments?post=20"}],"version-history":[{"count":7,"href":"https:\/\/semmelweis.hu\/kutlab\/wp-json\/wp\/v2\/pages\/20\/revisions"}],"predecessor-version":[{"id":2135,"href":"https:\/\/semmelweis.hu\/kutlab\/wp-json\/wp\/v2\/pages\/20\/revisions\/2135"}],"wp:attachment":[{"href":"https:\/\/semmelweis.hu\/kutlab\/wp-json\/wp\/v2\/media?parent=20"}],"wp:term":[{"taxonomy":"category","embeddable":true,"href":"https:\/\/semmelweis.hu\/kutlab\/wp-json\/wp\/v2\/categories?post=20"},{"taxonomy":"post_tag","embeddable":true,"href":"https:\/\/semmelweis.hu\/kutlab\/wp-json\/wp\/v2\/tags?post=20"}],"curies":[{"name":"wp","href":"https:\/\/api.w.org\/{rel}","templated":true}]}}