{"id":1856,"date":"2023-12-06T16:28:49","date_gmt":"2023-12-06T15:28:49","guid":{"rendered":"https:\/\/semmelweis.hu\/kutlab\/?page_id=1856"},"modified":"2023-12-09T12:10:45","modified_gmt":"2023-12-09T11:10:45","slug":"hano-laboratoriumok","status":"publish","type":"page","link":"https:\/\/semmelweis.hu\/kutlab\/betegellatas\/angiodema-kozpont\/hano-laboratoriumok\/","title":{"rendered":"Laborat\u00f3riumok"},"content":{"rendered":"<h2><a href=\"https:\/\/semmelweis.hu\/kutlab\/kapcsolat\/\">F\u00fcst Gy\u00f6rgy Komplement Diagnosztikai Laborat\u00f3rium<\/a><\/h2>\n<div class=\"keretes w-100\">\n<p><strong>Szervezeti egys\u00e9g:<\/strong> Semmelweis Egyetem Budapest, Belgy\u00f3gy\u00e1szati \u00e9s Hematol\u00f3giai Klinika, Kutat\u00f3laborat\u00f3rium<br \/>\n<strong>Klinika igazgat\u00f3:<\/strong> Prof. Dr. Masszi Tam\u00e1s PhD, DSc.<br \/>\n<strong>A Kutat\u00f3laborat\u00f3rium vezet\u0151je:<\/strong> Prof. Dr. Proh\u00e1szka Zolt\u00e1n PhD, DSc<br \/>\n<strong>Helye:<\/strong> Semmelweis Egyetem, Bels\u0151 Klinikai T\u00f6mb, A \u00e9p\u00fclet I. emelet<br \/>\n<strong>C\u00edm:<\/strong> 1088 Budapest, Szentkir\u00e1lyi utca 46.<br \/>\n<strong>Tel:<\/strong> +36-30-016-41-94 (labor)<br \/>\n\u00a0\u00a0\u00a0\u00a0\u00a0\u00a0\u00a0 +36-30-016-41-95 (iroda)<br \/>\n<strong>A Komplementdiagnosztikai Laborat\u00f3rium vezet\u0151je:<\/strong> Dr. Sinkovits Gy\u00f6rgy (e-mail: <a href=\"mailto:gysinkovits@gmail.com\">gysinkovits@gmail.com<\/a>)<br \/>\n<strong>Asszisztensek:<\/strong> D\u00f3czy Andr\u00e1sn\u00e9, Kert\u00e9sz L\u00e1szl\u00f3n\u00e9, Szendrei Zsuzsanna \u00c9va<\/p>\n<\/div>\n<p>A Komplementdiagnosztikai Laborat\u00f3rium feladata a komplement rendszer rendelleness\u00e9geinek diagnosztiz\u00e1l\u00e1sa, ezek k\u00f6z\u00f6tt kiemelkedik jelent\u0151s\u00e9g\u00e9ben az Angio\u00f6d\u00e9ma Szakambulanci\u00e1r\u00f3l, valamint az orsz\u00e1g minden r\u00e9sz\u00e9b\u0151l \u00e9rkez\u0151 ismeretlen eredet\u0171 angio\u00f6d\u00e9m\u00e1s betegek v\u00e9rmint\u00e1j\u00e1nak vizsg\u00e1lata, a HAE laborat\u00f3riumi diagnosztiz\u00e1l\u00e1sa, tov\u00e1bb\u00e1 a laborat\u00f3riumi diagnosztikai elj\u00e1r\u00e1sok korszer\u0171s\u00edt\u00e9se, kutat\u00e1sa.<\/p>\n<h2><a href=\"https:\/\/semmelweis.hu\/kutlab\/kutatas\/genetika\/\">Molekul\u00e1ris genetikai laborat\u00f3rium<\/a><\/h2>\n<div class=\"keretes w-100\">\n<p><strong>Szervezeti egys\u00e9g:<\/strong> Semmelweis Egyetem Budapest, Belgy\u00f3gy\u00e1szati \u00e9s Hematol\u00f3giai Klinika, Kutat\u00f3laborat\u00f3rium<br \/>\n<strong>Klinika igazgat\u00f3:<\/strong> Prof. Dr. Masszi Tam\u00e1s PhD, DSc.<br \/>\n<strong>A Kutat\u00f3laborat\u00f3rium vezet\u0151je:<\/strong> Prof. Dr. Proh\u00e1szka Zolt\u00e1n PhD, DSc<br \/>\n<strong>A molekul\u00e1ris genetikai laborat\u00f3rium vezet\u0151je:<\/strong> Dr. Szil\u00e1gyi \u00c1gnes, PhD (email: <a href=\"mailto:szilagyi.agnes@med.semmelweis-univ.hu\">szilagyi.agnes@med.semmelweis-univ.hu<\/a>)<br \/>\n<strong>C\u00edm:<\/strong> 1088 Budapest, Szentkir\u00e1lyi utca 46.<br \/>\n<strong>Tel:<\/strong> +36 1 459-1500<\/p>\n<\/div>\n<p>A Molekul\u00e1ris genetikai laborat\u00f3riumban t\u00f6rt\u00e9nik a HAE-s betegek genetikai vizsg\u00e1lata.<\/p>\n<h2><a href=\"https:\/\/semmelweis.hu\/kutlab\/betegellatas\/minta-kuldes\/\">Mintak\u00fcld\u00e9s<\/a><\/h2>\n<p>Az Orsz\u00e1gos Angio\u00f6d\u00e9ma Referencia \u00e9s Kiv\u00e1l\u00f3s\u00e1gi K\u00f6zpont r\u00e9szek\u00e9nt a F\u00fcst Gy\u00f6rgy Komplementdiagnosztikai Laborat\u00f3rium lehet\u0151s\u00e9get ny\u00fajt a herediter angio\u00f6d\u00e9ma (HANO) diagn\u00f3zis\u00e1hoz elengedhetetlen komplement- \u00e9s esetleges genetikai vizsg\u00e1latok elv\u00e9gz\u00e9s\u00e9re. A vizsg\u00e1latokat a Nemzeti Eg\u00e9szs\u00e9gbiztos\u00edt\u00e1si Alapkezel\u0151 (NEAK) finansz\u00edrozza.<\/p>\n<p>A megfelel\u0151en kit\u00f6lt\u00f6tt vizsg\u00e1latk\u00e9r\u0151 lapot \u00e9s a vizsg\u00e1lati mint\u00e1kat a komplement laborat\u00f3rium vezet\u0151j\u00e9hez, Dr. Sinkovits Gy\u00f6rgyh\u00f6z kell eljuttatni az al\u00e1bbi c\u00edmre:<\/p>\n<div class=\"keretes w-100\">\n<p><strong>Semmelweis Egyetem Budapest,\u00a0<\/strong><strong>Belgy\u00f3gy\u00e1szati \u00e9s Hematol\u00f3giai Klinika,\u00a0<\/strong><strong>Kutat\u00f3laborat\u00f3rium<\/strong><br \/>\n1088 Budapest, Szentkir\u00e1lyi utca 46, A \u00e9p\u00fclet I. emelet<br \/>\nTel: +36-30-016-41-94 (labor)<br \/>\n\u00a0\u00a0\u00a0\u00a0\u00a0\u00a0\u00a0 +36-30-016-41-95 (iroda)<br \/>\nE-mail: gysinkovits@gmail.com<br \/>\n<strong>Fogad\u00e1si id\u0151: h\u00e9tf\u0151t\u0151l-p\u00e9ntekig 8-14 \u00f3r\u00e1ig<\/strong><\/p>\n<\/div>\n<h3>Mintav\u00e9tel<\/h3>\n<p>A vizsg\u00e1latokhoz egy cs\u0151 nat\u00edv v\u00e9r sz\u00fcks\u00e9ges, melyet a mintav\u00e9tel napj\u00e1n kell a fenti helyre eljuttatni. Amennyiben erre nincs lehet\u0151s\u00e9g, az 1 cs\u0151 nat\u00edv v\u00e9r centrifug\u00e1l\u00e1sa ut\u00e1n a nyert sav\u00f3t -20 C\u00b0-ra kell fagyasztani \u00e9s \u00edgy t\u00e1rolni. A fagyasztott sav\u00f3t j\u00e9g k\u00f6z\u00f6tt kell sz\u00e1ll\u00edtani a komplement laborat\u00f3riumba.<\/p>\n<p><strong>A nem megfelel\u0151en t\u00e1rolt \u00e9s sz\u00e1ll\u00edtott mint\u00e1kb\u00f3l a vizsg\u00e1lat nem v\u00e9gezhet\u0151 el!<\/strong><\/p>\n<h3>A leletek \u00e9rt\u00e9kel\u00e9se<\/h3>\n<p>A vizsg\u00e1lat a minta \u00e1tv\u00e9tel\u00e9t\u0151l sz\u00e1m\u00edtott kb. 2 h\u00e9t ut\u00e1n z\u00e1rul le. A v\u00e9gleges, sz\u00f6veges v\u00e9lem\u00e9nyt is tartalmaz\u00f3 leletek az EESZT-be ker\u00fclnek fel \u00e9s postai \u00faton juttatjuk el \u0151ket a vizsg\u00e1lat k\u00e9r\u0151j\u00e9nek.<\/p>\n<p>A beteg \u00dcgyf\u00e9lkapu azonos\u00edt\u00f3ja (felhaszn\u00e1l\u00f3n\u00e9v + jelsz\u00f3) birtok\u00e1ban, a TAJ-sz\u00e1m megad\u00e1sa ut\u00e1n az <a href=\"https:\/\/www.eeszt.gov.hu\/hu\/nyito-oldal\" target=\"_blank\" rel=\"noopener\">EESZT Lakoss\u00e1gi Port\u00e1lon<\/a> hozz\u00e1f\u00e9rhet eg\u00e9szs\u00e9g\u00fcgyi dokumentumaihoz, \u00edgy a komplement diagnosztikai eredm\u00e9nyeit is megtal\u00e1lhatja az Ell\u00e1t\u00e1sok\/Eg\u00e9szs\u00e9g\u00fcgyi dokumentumok men\u00fcpont alatt.<\/p>\n","protected":false},"excerpt":{"rendered":"<p><a href=\"https:\/\/semmelweis.hu\/kutlab\/kapcsolat\/\">F\u00fcst Gy\u00f6rgy Komplement Diagnosztikai Laborat\u00f3rium<\/a> Szervezeti egys\u00e9g: Semmelweis Egyetem Budapest, Belgy\u00f3gy\u00e1szati \u00e9s Hematol\u00f3giai Klinika, Kutat\u00f3laborat\u00f3rium Klinika igazgat\u00f3: Prof. Dr. Masszi Tam\u00e1s PhD, DSc. A Kutat\u00f3laborat\u00f3rium vezet\u0151je: Prof. Dr. Proh\u00e1szka Zolt\u00e1n PhD, DSc Helye: Semmelweis Egyetem, Bels\u0151 Klinikai T\u00f6mb, A \u00e9p\u00fclet I. emelet C\u00edm: 1088 Budapest, Szentkir\u00e1lyi utca 46. Tel: +36-30-016-41-94 (labor) \u00a0\u00a0\u00a0\u00a0\u00a0\u00a0\u00a0 +36-30-016-41-95 (iroda) A Komplementdiagnosztikai Laborat\u00f3rium vezet\u0151je: Dr. Sinkovits &hellip;<\/p>\n","protected":false},"author":102149,"featured_media":0,"parent":1851,"menu_order":6,"comment_status":"closed","ping_status":"closed","template":"","meta":{"_acf_changed":false,"footnotes":""},"categories":[],"tags":[],"class_list":["post-1856","page","type-page","status-publish","hentry"],"acf":[],"_links":{"self":[{"href":"https:\/\/semmelweis.hu\/kutlab\/wp-json\/wp\/v2\/pages\/1856","targetHints":{"allow":["GET"]}}],"collection":[{"href":"https:\/\/semmelweis.hu\/kutlab\/wp-json\/wp\/v2\/pages"}],"about":[{"href":"https:\/\/semmelweis.hu\/kutlab\/wp-json\/wp\/v2\/types\/page"}],"author":[{"embeddable":true,"href":"https:\/\/semmelweis.hu\/kutlab\/wp-json\/wp\/v2\/users\/102149"}],"replies":[{"embeddable":true,"href":"https:\/\/semmelweis.hu\/kutlab\/wp-json\/wp\/v2\/comments?post=1856"}],"version-history":[{"count":6,"href":"https:\/\/semmelweis.hu\/kutlab\/wp-json\/wp\/v2\/pages\/1856\/revisions"}],"predecessor-version":[{"id":1943,"href":"https:\/\/semmelweis.hu\/kutlab\/wp-json\/wp\/v2\/pages\/1856\/revisions\/1943"}],"up":[{"embeddable":true,"href":"https:\/\/semmelweis.hu\/kutlab\/wp-json\/wp\/v2\/pages\/1851"}],"wp:attachment":[{"href":"https:\/\/semmelweis.hu\/kutlab\/wp-json\/wp\/v2\/media?parent=1856"}],"wp:term":[{"taxonomy":"category","embeddable":true,"href":"https:\/\/semmelweis.hu\/kutlab\/wp-json\/wp\/v2\/categories?post=1856"},{"taxonomy":"post_tag","embeddable":true,"href":"https:\/\/semmelweis.hu\/kutlab\/wp-json\/wp\/v2\/tags?post=1856"}],"curies":[{"name":"wp","href":"https:\/\/api.w.org\/{rel}","templated":true}]}}